{"id":9932,"date":"2025-11-13T08:40:18","date_gmt":"2025-11-13T08:40:18","guid":{"rendered":"https:\/\/planinlux.lu\/?page_id=9932"},"modified":"2025-11-13T09:33:46","modified_gmt":"2025-11-13T09:33:46","slug":"communication-evenementiel","status":"publish","type":"page","link":"https:\/\/planinlux.lu\/fr\/solutions\/communication-evenementiel\/","title":{"rendered":"Communication &amp; \u00c9v\u00e9nementiel"},"content":{"rendered":"<div class=\"wpb-content-wrapper\"><p>[vc_row padding_top_multiplier=\u00a0\u00bb6x\u00a0\u00bb padding_bottom_multiplier=\u00a0\u00bb3x\u00a0\u00bb][vc_column width=\u00a0\u00bb5\/12&Prime; tablet_sm_width=\u00a0\u00bb1&Prime;]<h6 class=\"eut-element eut-title eut-align-left eut-animated-item eut-fade-in-left eut-duration-normal eut-h4\" style=\"\" data-delay=\"200\"><span>Communication &amp; \u00e9v\u00e9nementiel.<\/span><\/h6><div class=\"eut-empty-space eut-height-2x\" style=\"\"><\/div>[\/vc_column][vc_column width=\u00a0\u00bb7\/12&Prime; tablet_sm_width=\u00a0\u00bb1&Prime;][vc_column_text css=\u00a0\u00bb\u00a0\u00bb text_style=\u00a0\u00bbleader-text\u00a0\u00bb animation=\u00a0\u00bbeut-fade-in-right\u00a0\u00bb]<\/p>\n<p data-start=\"245\" data-end=\"572\">Chez Planinlux, nous accompagnons les organisations au Luxembourg avec des solutions de communication professionnelles, flexibles et adapt\u00e9es. Que vous ayez besoin d\u2019un nouveau site web, d\u2019un soutien digital continu, de l\u2019organisation d\u2019un \u00e9v\u00e9nement, de la configuration de comptes e-mail professionnels ou de l\u2019externalisation compl\u00e8te de votre communication, nous vous aidons \u00e0 optimiser vos activit\u00e9s et \u00e0 renforcer votre pr\u00e9sence.<\/p>\n<p>[\/vc_column_text]<div class=\"eut-element eut-divider eut-animated-item eut-fade-in-right eut-duration-normal eut-align-left\" style=\"padding-top: 30px;padding-bottom: 36px;\" data-delay=\"400\"><span class=\"eut-custom-divider eut-bg-primary-1\" style=\"width: 96px;height: 2px;\"><\/span><\/div>[vc_column_text css=\u00a0\u00bb\u00a0\u00bb animation=\u00a0\u00bbeut-fade-in-right\u00a0\u00bb animation_delay=\u00a0\u00bb600&Prime;]Nos services s\u2019adressent aux PME, filiales, succursales, associations et entrepreneurs qui recherchent un partenaire fiable et efficace pour g\u00e9rer leurs activit\u00e9s digitales et de communication.[\/vc_column_text][\/vc_column][\/vc_row][vc_row padding_top_multiplier=\u00a0\u00bb\u00a0\u00bb padding_bottom_multiplier=\u00a0\u00bb\u00a0\u00bb][vc_column]<div class=\"eut-empty-space eut-height-1x\" style=\"\"><\/div><h6 class=\"eut-element eut-title eut-align-center eut-animated-item eut-fade-in eut-duration-normal eut-h4\" style=\"\" data-delay=\"200\"><span>D\u00e9couvrez ci-dessous nos services en communication et \u00e9v\u00e9nementiel.<\/span><\/h6>[\/vc_column][vc_column css=\u00a0\u00bb.vc_custom_1753448118488{padding-bottom: 75px !important;}\u00a0\u00bb][vc_raw_html]JTVCc2VydmljZWJveF9zYyUyMGlkJTNEOTkyOSU1RA==[\/vc_raw_html][\/vc_column][\/vc_row]<\/p>\n<\/div>","protected":false},"excerpt":{"rendered":"<p>Nous proposons des services de conseil, notamment en mati\u00e8re de cr\u00e9ation d&rsquo;entreprise, de d\u00e9veloppement commercial, de solutions en mati\u00e8re de propri\u00e9t\u00e9 intellectuelle, d&rsquo;assistance aux proc\u00e9dures administratives, de strat\u00e9gie RSE et d&rsquo;internationalisation, parmi d&rsquo;autres. <\/p>\n","protected":false},"author":3,"featured_media":8570,"parent":4945,"menu_order":0,"comment_status":"closed","ping_status":"closed","template":"","meta":{"footnotes":""},"class_list":["post-9932","page","type-page","status-publish","has-post-thumbnail","hentry"],"yoast_head":"<!-- This site is optimized with the Yoast SEO plugin v27.4 - https:\/\/yoast.com\/product\/yoast-seo-wordpress\/ -->\n<title>Communication &amp; \u00c9v\u00e9nementiel | Votre partenaire de confiance pour la communication au Luxembourg<\/title>\n<meta name=\"description\" content=\"D\u00e9veloppement de Sites Web | Organisation d\u00e9v\u00e9nements | Maintenance et support Wordpress | Configuration de comptes e-mail professionnels | Externalisation des services de communication\" \/>\n<meta name=\"robots\" content=\"index, follow, max-snippet:-1, max-image-preview:large, max-video-preview:-1\" \/>\n<link rel=\"canonical\" href=\"https:\/\/planinlux.lu\/fr\/solutions\/communication-evenementiel\/\" \/>\n<meta property=\"og:locale\" content=\"fr_FR\" \/>\n<meta property=\"og:type\" content=\"article\" \/>\n<meta property=\"og:title\" content=\"Communication &amp; \u00c9v\u00e9nementiel | PlaninLux | solutions durables\" \/>\n<meta property=\"og:description\" content=\"Nous proposons des services de conseil, couvrant la strat\u00e9gie RSE, la mise en \u0153uvre, la gestion du changement, l&#039;internationalisation et la labellisation.\" \/>\n<meta property=\"og:url\" content=\"https:\/\/planinlux.lu\/fr\/solutions\/communication-evenementiel\/\" \/>\n<meta property=\"og:site_name\" content=\"PlaninLux\" \/>\n<meta property=\"article:modified_time\" content=\"2025-11-13T09:33:46+00:00\" \/>\n<meta property=\"og:image\" content=\"https:\/\/planinlux.lu\/wp-content\/uploads\/2020\/10\/Planinlux-Sustainable-Consulting-TRANSPARENTE.png\" \/>\n<meta name=\"twitter:card\" content=\"summary_large_image\" \/>\n<meta name=\"twitter:title\" content=\"Communication &amp; \u00c9v\u00e9nementiel | PlaninLux | solutions durables\" \/>\n<meta name=\"twitter:description\" content=\"Nous proposons des services de conseil, couvrant la strat\u00e9gie RSE, la mise en \u0153uvre, la gestion du changement, l&#039;internationalisation et la labellisation.\" \/>\n<meta name=\"twitter:image\" content=\"https:\/\/planinlux.lu\/wp-content\/uploads\/2020\/10\/Planinlux-Sustainable-Consulting-TRANSPARENTE.png\" \/>\n<meta name=\"twitter:label1\" content=\"Dur\u00e9e de lecture estim\u00e9e\" \/>\n\t<meta name=\"twitter:data1\" content=\"1 minute\" \/>\n<script type=\"application\/ld+json\" class=\"yoast-schema-graph\">{\"@context\":\"https:\\\/\\\/schema.org\",\"@graph\":[{\"@type\":\"WebPage\",\"@id\":\"https:\\\/\\\/planinlux.lu\\\/fr\\\/solutions\\\/communication-evenementiel\\\/\",\"url\":\"https:\\\/\\\/planinlux.lu\\\/fr\\\/solutions\\\/communication-evenementiel\\\/\",\"name\":\"Communication &amp; \u00c9v\u00e9nementiel | Votre partenaire de confiance pour la communication au Luxembourg\",\"isPartOf\":{\"@id\":\"https:\\\/\\\/planinlux.lu\\\/fr\\\/#website\"},\"primaryImageOfPage\":{\"@id\":\"https:\\\/\\\/planinlux.lu\\\/fr\\\/solutions\\\/communication-evenementiel\\\/#primaryimage\"},\"image\":{\"@id\":\"https:\\\/\\\/planinlux.lu\\\/fr\\\/solutions\\\/communication-evenementiel\\\/#primaryimage\"},\"thumbnailUrl\":\"https:\\\/\\\/planinlux.lu\\\/wp-content\\\/uploads\\\/2023\\\/09\\\/Web-Development.png\",\"datePublished\":\"2025-11-13T08:40:18+00:00\",\"dateModified\":\"2025-11-13T09:33:46+00:00\",\"description\":\"D\u00e9veloppement de Sites Web | Organisation d\u00e9v\u00e9nements | Maintenance et support Wordpress | Configuration de comptes e-mail professionnels | Externalisation des services de communication\",\"breadcrumb\":{\"@id\":\"https:\\\/\\\/planinlux.lu\\\/fr\\\/solutions\\\/communication-evenementiel\\\/#breadcrumb\"},\"inLanguage\":\"fr-FR\",\"potentialAction\":[{\"@type\":\"ReadAction\",\"target\":[\"https:\\\/\\\/planinlux.lu\\\/fr\\\/solutions\\\/communication-evenementiel\\\/\"]}]},{\"@type\":\"ImageObject\",\"inLanguage\":\"fr-FR\",\"@id\":\"https:\\\/\\\/planinlux.lu\\\/fr\\\/solutions\\\/communication-evenementiel\\\/#primaryimage\",\"url\":\"https:\\\/\\\/planinlux.lu\\\/wp-content\\\/uploads\\\/2023\\\/09\\\/Web-Development.png\",\"contentUrl\":\"https:\\\/\\\/planinlux.lu\\\/wp-content\\\/uploads\\\/2023\\\/09\\\/Web-Development.png\",\"width\":900,\"height\":400},{\"@type\":\"BreadcrumbList\",\"@id\":\"https:\\\/\\\/planinlux.lu\\\/fr\\\/solutions\\\/communication-evenementiel\\\/#breadcrumb\",\"itemListElement\":[{\"@type\":\"ListItem\",\"position\":1,\"name\":\"Home\",\"item\":\"https:\\\/\\\/planinlux.lu\\\/fr\\\/home\\\/\"},{\"@type\":\"ListItem\",\"position\":2,\"name\":\"Solutions\",\"item\":\"https:\\\/\\\/planinlux.lu\\\/fr\\\/solutions\\\/\"},{\"@type\":\"ListItem\",\"position\":3,\"name\":\"Communication &amp; \u00c9v\u00e9nementiel\"}]},{\"@type\":\"WebSite\",\"@id\":\"https:\\\/\\\/planinlux.lu\\\/fr\\\/#website\",\"url\":\"https:\\\/\\\/planinlux.lu\\\/fr\\\/\",\"name\":\"PlaninLux\",\"description\":\"Business Solutions\",\"publisher\":{\"@id\":\"https:\\\/\\\/planinlux.lu\\\/fr\\\/#organization\"},\"potentialAction\":[{\"@type\":\"SearchAction\",\"target\":{\"@type\":\"EntryPoint\",\"urlTemplate\":\"https:\\\/\\\/planinlux.lu\\\/fr\\\/?s={search_term_string}\"},\"query-input\":{\"@type\":\"PropertyValueSpecification\",\"valueRequired\":true,\"valueName\":\"search_term_string\"}}],\"inLanguage\":\"fr-FR\"},{\"@type\":\"Organization\",\"@id\":\"https:\\\/\\\/planinlux.lu\\\/fr\\\/#organization\",\"name\":\"PlaninLux\",\"url\":\"https:\\\/\\\/planinlux.lu\\\/fr\\\/\",\"logo\":{\"@type\":\"ImageObject\",\"inLanguage\":\"fr-FR\",\"@id\":\"https:\\\/\\\/planinlux.lu\\\/fr\\\/#\\\/schema\\\/logo\\\/image\\\/\",\"url\":\"\",\"contentUrl\":\"\",\"caption\":\"PlaninLux\"},\"image\":{\"@id\":\"https:\\\/\\\/planinlux.lu\\\/fr\\\/#\\\/schema\\\/logo\\\/image\\\/\"},\"sameAs\":[\"https:\\\/\\\/www.linkedin.com\\\/company\\\/planinlux\\\/\"]}]}<\/script>\n<!-- \/ Yoast SEO plugin. -->","yoast_head_json":{"title":"Communication &amp; \u00c9v\u00e9nementiel | Votre partenaire de confiance pour la communication au Luxembourg","description":"D\u00e9veloppement de Sites Web | Organisation d\u00e9v\u00e9nements | Maintenance et support Wordpress | Configuration de comptes e-mail professionnels | Externalisation des services de communication","robots":{"index":"index","follow":"follow","max-snippet":"max-snippet:-1","max-image-preview":"max-image-preview:large","max-video-preview":"max-video-preview:-1"},"canonical":"https:\/\/planinlux.lu\/fr\/solutions\/communication-evenementiel\/","og_locale":"fr_FR","og_type":"article","og_title":"Communication &amp; \u00c9v\u00e9nementiel | PlaninLux | solutions durables","og_description":"Nous proposons des services de conseil, couvrant la strat\u00e9gie RSE, la mise en \u0153uvre, la gestion du changement, l'internationalisation et la labellisation.","og_url":"https:\/\/planinlux.lu\/fr\/solutions\/communication-evenementiel\/","og_site_name":"PlaninLux","article_modified_time":"2025-11-13T09:33:46+00:00","og_image":[{"url":"https:\/\/planinlux.lu\/wp-content\/uploads\/2020\/10\/Planinlux-Sustainable-Consulting-TRANSPARENTE.png","type":"","width":"","height":""}],"twitter_card":"summary_large_image","twitter_title":"Communication &amp; \u00c9v\u00e9nementiel | PlaninLux | solutions durables","twitter_description":"Nous proposons des services de conseil, couvrant la strat\u00e9gie RSE, la mise en \u0153uvre, la gestion du changement, l'internationalisation et la labellisation.","twitter_image":"https:\/\/planinlux.lu\/wp-content\/uploads\/2020\/10\/Planinlux-Sustainable-Consulting-TRANSPARENTE.png","twitter_misc":{"Dur\u00e9e de lecture estim\u00e9e":"1 minute"},"schema":{"@context":"https:\/\/schema.org","@graph":[{"@type":"WebPage","@id":"https:\/\/planinlux.lu\/fr\/solutions\/communication-evenementiel\/","url":"https:\/\/planinlux.lu\/fr\/solutions\/communication-evenementiel\/","name":"Communication &amp; \u00c9v\u00e9nementiel | Votre partenaire de confiance pour la communication au Luxembourg","isPartOf":{"@id":"https:\/\/planinlux.lu\/fr\/#website"},"primaryImageOfPage":{"@id":"https:\/\/planinlux.lu\/fr\/solutions\/communication-evenementiel\/#primaryimage"},"image":{"@id":"https:\/\/planinlux.lu\/fr\/solutions\/communication-evenementiel\/#primaryimage"},"thumbnailUrl":"https:\/\/planinlux.lu\/wp-content\/uploads\/2023\/09\/Web-Development.png","datePublished":"2025-11-13T08:40:18+00:00","dateModified":"2025-11-13T09:33:46+00:00","description":"D\u00e9veloppement de Sites Web | Organisation d\u00e9v\u00e9nements | Maintenance et support Wordpress | Configuration de comptes e-mail professionnels | Externalisation des services de communication","breadcrumb":{"@id":"https:\/\/planinlux.lu\/fr\/solutions\/communication-evenementiel\/#breadcrumb"},"inLanguage":"fr-FR","potentialAction":[{"@type":"ReadAction","target":["https:\/\/planinlux.lu\/fr\/solutions\/communication-evenementiel\/"]}]},{"@type":"ImageObject","inLanguage":"fr-FR","@id":"https:\/\/planinlux.lu\/fr\/solutions\/communication-evenementiel\/#primaryimage","url":"https:\/\/planinlux.lu\/wp-content\/uploads\/2023\/09\/Web-Development.png","contentUrl":"https:\/\/planinlux.lu\/wp-content\/uploads\/2023\/09\/Web-Development.png","width":900,"height":400},{"@type":"BreadcrumbList","@id":"https:\/\/planinlux.lu\/fr\/solutions\/communication-evenementiel\/#breadcrumb","itemListElement":[{"@type":"ListItem","position":1,"name":"Home","item":"https:\/\/planinlux.lu\/fr\/home\/"},{"@type":"ListItem","position":2,"name":"Solutions","item":"https:\/\/planinlux.lu\/fr\/solutions\/"},{"@type":"ListItem","position":3,"name":"Communication &amp; \u00c9v\u00e9nementiel"}]},{"@type":"WebSite","@id":"https:\/\/planinlux.lu\/fr\/#website","url":"https:\/\/planinlux.lu\/fr\/","name":"PlaninLux","description":"Business Solutions","publisher":{"@id":"https:\/\/planinlux.lu\/fr\/#organization"},"potentialAction":[{"@type":"SearchAction","target":{"@type":"EntryPoint","urlTemplate":"https:\/\/planinlux.lu\/fr\/?s={search_term_string}"},"query-input":{"@type":"PropertyValueSpecification","valueRequired":true,"valueName":"search_term_string"}}],"inLanguage":"fr-FR"},{"@type":"Organization","@id":"https:\/\/planinlux.lu\/fr\/#organization","name":"PlaninLux","url":"https:\/\/planinlux.lu\/fr\/","logo":{"@type":"ImageObject","inLanguage":"fr-FR","@id":"https:\/\/planinlux.lu\/fr\/#\/schema\/logo\/image\/","url":"","contentUrl":"","caption":"PlaninLux"},"image":{"@id":"https:\/\/planinlux.lu\/fr\/#\/schema\/logo\/image\/"},"sameAs":["https:\/\/www.linkedin.com\/company\/planinlux\/"]}]}},"_links":{"self":[{"href":"https:\/\/planinlux.lu\/fr\/wp-json\/wp\/v2\/pages\/9932","targetHints":{"allow":["GET"]}}],"collection":[{"href":"https:\/\/planinlux.lu\/fr\/wp-json\/wp\/v2\/pages"}],"about":[{"href":"https:\/\/planinlux.lu\/fr\/wp-json\/wp\/v2\/types\/page"}],"author":[{"embeddable":true,"href":"https:\/\/planinlux.lu\/fr\/wp-json\/wp\/v2\/users\/3"}],"replies":[{"embeddable":true,"href":"https:\/\/planinlux.lu\/fr\/wp-json\/wp\/v2\/comments?post=9932"}],"version-history":[{"count":12,"href":"https:\/\/planinlux.lu\/fr\/wp-json\/wp\/v2\/pages\/9932\/revisions"}],"predecessor-version":[{"id":9964,"href":"https:\/\/planinlux.lu\/fr\/wp-json\/wp\/v2\/pages\/9932\/revisions\/9964"}],"up":[{"embeddable":true,"href":"https:\/\/planinlux.lu\/fr\/wp-json\/wp\/v2\/pages\/4945"}],"wp:featuredmedia":[{"embeddable":true,"href":"https:\/\/planinlux.lu\/fr\/wp-json\/wp\/v2\/media\/8570"}],"wp:attachment":[{"href":"https:\/\/planinlux.lu\/fr\/wp-json\/wp\/v2\/media?parent=9932"}],"curies":[{"name":"wp","href":"https:\/\/api.w.org\/{rel}","templated":true}]}}