{"id":9651,"date":"2025-07-25T12:31:25","date_gmt":"2025-07-25T12:31:25","guid":{"rendered":"https:\/\/planinlux.lu\/?page_id=9651"},"modified":"2025-07-26T06:33:28","modified_gmt":"2025-07-26T06:33:28","slug":"services-de-conseil","status":"publish","type":"page","link":"https:\/\/planinlux.lu\/fr\/solutions\/services-de-conseil\/","title":{"rendered":"Services de Conseil"},"content":{"rendered":"<div class=\"wpb-content-wrapper\"><p>[vc_row padding_top_multiplier=\u00a0\u00bb6x\u00a0\u00bb padding_bottom_multiplier=\u00a0\u00bb3x\u00a0\u00bb][vc_column width=\u00a0\u00bb5\/12&Prime; tablet_sm_width=\u00a0\u00bb1&Prime;]<h6 class=\"eut-element eut-title eut-align-left eut-animated-item eut-fade-in-left eut-duration-normal eut-h4\" style=\"\" data-delay=\"200\"><span>Services de conseil<span style=\"color: #000000;\">.<\/span><\/span><\/h6><div class=\"eut-empty-space eut-height-2x\" style=\"\"><\/div>[\/vc_column][vc_column width=\u00a0\u00bb7\/12&Prime; tablet_sm_width=\u00a0\u00bb1&Prime;][vc_column_text css=\u00a0\u00bb\u00a0\u00bb text_style=\u00a0\u00bbleader-text\u00a0\u00bb animation=\u00a0\u00bbeut-fade-in-right\u00a0\u00bb]Chez Planinlux, nous accompagnons les entrepreneurs, ind\u00e9pendants, PME et organisations dans le d\u00e9veloppement de leurs projets professionnels au Luxembourg<b>.<\/b> Nous comprenons les d\u00e9fis li\u00e9s au lancement ou \u00e0 l\u2019expansion d\u2019une activit\u00e9 dans un nouveau pays, et proposons un accompagnement clair, personnalis\u00e9 et pragmatique, adapt\u00e9 \u00e0 vos objectifs.[\/vc_column_text]<div class=\"eut-element eut-divider eut-animated-item eut-fade-in-right eut-duration-normal eut-align-left\" style=\"padding-top: 30px;padding-bottom: 36px;\" data-delay=\"400\"><span class=\"eut-custom-divider eut-bg-primary-1\" style=\"width: 96px;height: 2px;\"><\/span><\/div>[vc_column_text css=\u00a0\u00bb\u00a0\u00bb animation=\u00a0\u00bbeut-fade-in-right\u00a0\u00bb animation_delay=\u00a0\u00bb600&Prime;]Notre mission est de simplifier les d\u00e9marches, d\u2019\u00e9viter les erreurs courantes et de maximiser vos opportunit\u00e9s \u2014 que vous soyez en phase de d\u00e9marrage ou que vous souhaitiez vous d\u00e9velopper sur le march\u00e9 luxembourgeois ou \u00e0 l\u2019international.[\/vc_column_text][\/vc_column][\/vc_row][vc_row bg_type=\u00a0\u00bbcolor\u00a0\u00bb bg_color=\u00a0\u00bb#f8f8f8&Prime;][vc_column]<div class=\"eut-empty-space eut-height-1x\" style=\"\"><\/div>[\/vc_column][\/vc_row][vc_row bg_type=\u00a0\u00bbcolor\u00a0\u00bb padding_top_multiplier=\u00a0\u00bb\u00a0\u00bb padding_bottom_multiplier=\u00a0\u00bb\u00a0\u00bb bg_color=\u00a0\u00bb#f8f8f8&Prime;][vc_column css=\u00a0\u00bb.vc_custom_1753447862951{padding-bottom: 30px !important;}\u00a0\u00bb][vc_column_text css=\u00a0\u00bb\u00a0\u00bb animation=\u00a0\u00bbeut-fade-in-right\u00a0\u00bb animation_delay=\u00a0\u00bb300&Prime;]Gr\u00e2ce \u00e0 notre expertise multidisciplinaire et \u00e0 notre connaissance approfondie du paysage institutionnel et \u00e9conomique luxembourgeois, nous vous accompagnons dans :<\/p>\n<ul>\n<li>La <strong>cr\u00e9ation d\u2019entreprise<\/strong> ou le lancement d\u2019une activit\u00e9 <strong>ind\u00e9pendante<\/strong><\/li>\n<li>Les <strong>d\u00e9marches administratives <\/strong>aupr\u00e8s des autorit\u00e9s locales<\/li>\n<li>La protection de votre <strong>propri\u00e9t\u00e9 intellectuelle<\/strong><\/li>\n<li>L\u2019\u00e9laboration de <strong>documents strat\u00e9giques<\/strong> comme le<strong> business plan<\/strong><\/li>\n<li>L\u2019obtention de <strong>certifications<\/strong> et le respect des normes en vigueur<\/li>\n<li>La <strong>prospection de clients<\/strong> et le d\u00e9veloppement de nouveaux march\u00e9s<\/li>\n<\/ul>\n<p>[\/vc_column_text][\/vc_column][\/vc_row][vc_row padding_top_multiplier=\u00a0\u00bb\u00a0\u00bb padding_bottom_multiplier=\u00a0\u00bb\u00a0\u00bb][vc_column]<div class=\"eut-empty-space eut-height-1x\" style=\"\"><\/div><h6 class=\"eut-element eut-title eut-align-center eut-animated-item eut-fade-in eut-duration-normal eut-h4\" style=\"\" data-delay=\"200\"><span>D\u00e9couvrez nos services de conseil<\/span><\/h6>[\/vc_column][vc_column css=\u00a0\u00bb.vc_custom_1753448118488{padding-bottom: 75px !important;}\u00a0\u00bb][vc_raw_html css=\u00a0\u00bb\u00a0\u00bb]W3NlcnZpY2Vib3hfc2MgaWQ9Ijk2NDYiXQ==[\/vc_raw_html][\/vc_column][\/vc_row]<\/p>\n<\/div>","protected":false},"excerpt":{"rendered":"<p>Nous proposons des services de conseil, notamment en mati\u00e8re de cr\u00e9ation d&rsquo;entreprise, de d\u00e9veloppement commercial, de solutions en mati\u00e8re de propri\u00e9t\u00e9 intellectuelle, d&rsquo;assistance aux proc\u00e9dures administratives, de strat\u00e9gie RSE et d&rsquo;internationalisation, parmi d&rsquo;autres. <\/p>\n","protected":false},"author":3,"featured_media":8272,"parent":4945,"menu_order":0,"comment_status":"closed","ping_status":"closed","template":"","meta":{"footnotes":""},"class_list":["post-9651","page","type-page","status-publish","has-post-thumbnail","hentry"],"yoast_head":"<!-- This site is optimized with the Yoast SEO plugin v27.3 - https:\/\/yoast.com\/product\/yoast-seo-wordpress\/ -->\n<title>Services de Conseil | Votre partenaire de confiance pour d\u00e9velopper vos affaires<\/title>\n<meta name=\"description\" content=\"Cr\u00e9ation d&#039;entreprises | D\u00e9veloppement des affaires | Propri\u00e9t\u00e9 intellectuelle | Autorisation d&#039;\u00e9tablissement | Assistance RSE | Labellisation | Proc\u00e9dures administratives\" \/>\n<meta name=\"robots\" content=\"index, follow, max-snippet:-1, max-image-preview:large, max-video-preview:-1\" \/>\n<link rel=\"canonical\" href=\"https:\/\/planinlux.lu\/fr\/solutions\/services-de-conseil\/\" \/>\n<meta property=\"og:locale\" content=\"fr_FR\" \/>\n<meta property=\"og:type\" content=\"article\" \/>\n<meta property=\"og:title\" content=\"Services de Conseil | PlaninLux | solutions durables\" \/>\n<meta property=\"og:description\" content=\"Nous proposons des services de conseil, couvrant la strat\u00e9gie RSE, la mise en \u0153uvre, la gestion du changement, l&#039;internationalisation et la labellisation.\" \/>\n<meta property=\"og:url\" content=\"https:\/\/planinlux.lu\/fr\/solutions\/services-de-conseil\/\" \/>\n<meta property=\"og:site_name\" content=\"PlaninLux\" \/>\n<meta property=\"article:modified_time\" content=\"2025-07-26T06:33:28+00:00\" \/>\n<meta property=\"og:image\" content=\"https:\/\/planinlux.lu\/wp-content\/uploads\/2020\/10\/Planinlux-Sustainable-Consulting-TRANSPARENTE.png\" \/>\n<meta name=\"twitter:card\" content=\"summary_large_image\" \/>\n<meta name=\"twitter:title\" content=\"Services de Conseil | PlaninLux | solutions durables\" \/>\n<meta name=\"twitter:description\" content=\"Nous proposons des services de conseil, couvrant la strat\u00e9gie RSE, la mise en \u0153uvre, la gestion du changement, l&#039;internationalisation et la labellisation.\" \/>\n<meta name=\"twitter:image\" content=\"https:\/\/planinlux.lu\/wp-content\/uploads\/2020\/10\/Planinlux-Sustainable-Consulting-TRANSPARENTE.png\" \/>\n<meta name=\"twitter:label1\" content=\"Dur\u00e9e de lecture estim\u00e9e\" \/>\n\t<meta name=\"twitter:data1\" content=\"5 minutes\" \/>\n<script type=\"application\/ld+json\" class=\"yoast-schema-graph\">{\"@context\":\"https:\\\/\\\/schema.org\",\"@graph\":[{\"@type\":\"WebPage\",\"@id\":\"https:\\\/\\\/planinlux.lu\\\/fr\\\/solutions\\\/services-de-conseil\\\/\",\"url\":\"https:\\\/\\\/planinlux.lu\\\/fr\\\/solutions\\\/services-de-conseil\\\/\",\"name\":\"Services de Conseil | Votre partenaire de confiance pour d\u00e9velopper vos affaires\",\"isPartOf\":{\"@id\":\"https:\\\/\\\/planinlux.lu\\\/fr\\\/#website\"},\"primaryImageOfPage\":{\"@id\":\"https:\\\/\\\/planinlux.lu\\\/fr\\\/solutions\\\/services-de-conseil\\\/#primaryimage\"},\"image\":{\"@id\":\"https:\\\/\\\/planinlux.lu\\\/fr\\\/solutions\\\/services-de-conseil\\\/#primaryimage\"},\"thumbnailUrl\":\"https:\\\/\\\/planinlux.lu\\\/wp-content\\\/uploads\\\/2023\\\/08\\\/Business-Permit.png\",\"datePublished\":\"2025-07-25T12:31:25+00:00\",\"dateModified\":\"2025-07-26T06:33:28+00:00\",\"description\":\"Cr\u00e9ation d'entreprises | D\u00e9veloppement des affaires | Propri\u00e9t\u00e9 intellectuelle | Autorisation d'\u00e9tablissement | Assistance RSE | Labellisation | Proc\u00e9dures administratives\",\"breadcrumb\":{\"@id\":\"https:\\\/\\\/planinlux.lu\\\/fr\\\/solutions\\\/services-de-conseil\\\/#breadcrumb\"},\"inLanguage\":\"fr-FR\",\"potentialAction\":[{\"@type\":\"ReadAction\",\"target\":[\"https:\\\/\\\/planinlux.lu\\\/fr\\\/solutions\\\/services-de-conseil\\\/\"]}]},{\"@type\":\"ImageObject\",\"inLanguage\":\"fr-FR\",\"@id\":\"https:\\\/\\\/planinlux.lu\\\/fr\\\/solutions\\\/services-de-conseil\\\/#primaryimage\",\"url\":\"https:\\\/\\\/planinlux.lu\\\/wp-content\\\/uploads\\\/2023\\\/08\\\/Business-Permit.png\",\"contentUrl\":\"https:\\\/\\\/planinlux.lu\\\/wp-content\\\/uploads\\\/2023\\\/08\\\/Business-Permit.png\",\"width\":2000,\"height\":1333},{\"@type\":\"BreadcrumbList\",\"@id\":\"https:\\\/\\\/planinlux.lu\\\/fr\\\/solutions\\\/services-de-conseil\\\/#breadcrumb\",\"itemListElement\":[{\"@type\":\"ListItem\",\"position\":1,\"name\":\"Home\",\"item\":\"https:\\\/\\\/planinlux.lu\\\/fr\\\/home\\\/\"},{\"@type\":\"ListItem\",\"position\":2,\"name\":\"Solutions\",\"item\":\"https:\\\/\\\/planinlux.lu\\\/fr\\\/solutions\\\/\"},{\"@type\":\"ListItem\",\"position\":3,\"name\":\"Services de Conseil\"}]},{\"@type\":\"WebSite\",\"@id\":\"https:\\\/\\\/planinlux.lu\\\/fr\\\/#website\",\"url\":\"https:\\\/\\\/planinlux.lu\\\/fr\\\/\",\"name\":\"PlaninLux\",\"description\":\"Business Solutions\",\"publisher\":{\"@id\":\"https:\\\/\\\/planinlux.lu\\\/fr\\\/#organization\"},\"potentialAction\":[{\"@type\":\"SearchAction\",\"target\":{\"@type\":\"EntryPoint\",\"urlTemplate\":\"https:\\\/\\\/planinlux.lu\\\/fr\\\/?s={search_term_string}\"},\"query-input\":{\"@type\":\"PropertyValueSpecification\",\"valueRequired\":true,\"valueName\":\"search_term_string\"}}],\"inLanguage\":\"fr-FR\"},{\"@type\":\"Organization\",\"@id\":\"https:\\\/\\\/planinlux.lu\\\/fr\\\/#organization\",\"name\":\"PlaninLux\",\"url\":\"https:\\\/\\\/planinlux.lu\\\/fr\\\/\",\"logo\":{\"@type\":\"ImageObject\",\"inLanguage\":\"fr-FR\",\"@id\":\"https:\\\/\\\/planinlux.lu\\\/fr\\\/#\\\/schema\\\/logo\\\/image\\\/\",\"url\":\"\",\"contentUrl\":\"\",\"caption\":\"PlaninLux\"},\"image\":{\"@id\":\"https:\\\/\\\/planinlux.lu\\\/fr\\\/#\\\/schema\\\/logo\\\/image\\\/\"},\"sameAs\":[\"https:\\\/\\\/www.linkedin.com\\\/company\\\/planinlux\\\/\"]}]}<\/script>\n<!-- \/ Yoast SEO plugin. -->","yoast_head_json":{"title":"Services de Conseil | Votre partenaire de confiance pour d\u00e9velopper vos affaires","description":"Cr\u00e9ation d'entreprises | D\u00e9veloppement des affaires | Propri\u00e9t\u00e9 intellectuelle | Autorisation d'\u00e9tablissement | Assistance RSE | Labellisation | Proc\u00e9dures administratives","robots":{"index":"index","follow":"follow","max-snippet":"max-snippet:-1","max-image-preview":"max-image-preview:large","max-video-preview":"max-video-preview:-1"},"canonical":"https:\/\/planinlux.lu\/fr\/solutions\/services-de-conseil\/","og_locale":"fr_FR","og_type":"article","og_title":"Services de Conseil | PlaninLux | solutions durables","og_description":"Nous proposons des services de conseil, couvrant la strat\u00e9gie RSE, la mise en \u0153uvre, la gestion du changement, l'internationalisation et la labellisation.","og_url":"https:\/\/planinlux.lu\/fr\/solutions\/services-de-conseil\/","og_site_name":"PlaninLux","article_modified_time":"2025-07-26T06:33:28+00:00","og_image":[{"url":"https:\/\/planinlux.lu\/wp-content\/uploads\/2020\/10\/Planinlux-Sustainable-Consulting-TRANSPARENTE.png","type":"","width":"","height":""}],"twitter_card":"summary_large_image","twitter_title":"Services de Conseil | PlaninLux | solutions durables","twitter_description":"Nous proposons des services de conseil, couvrant la strat\u00e9gie RSE, la mise en \u0153uvre, la gestion du changement, l'internationalisation et la labellisation.","twitter_image":"https:\/\/planinlux.lu\/wp-content\/uploads\/2020\/10\/Planinlux-Sustainable-Consulting-TRANSPARENTE.png","twitter_misc":{"Dur\u00e9e de lecture estim\u00e9e":"5 minutes"},"schema":{"@context":"https:\/\/schema.org","@graph":[{"@type":"WebPage","@id":"https:\/\/planinlux.lu\/fr\/solutions\/services-de-conseil\/","url":"https:\/\/planinlux.lu\/fr\/solutions\/services-de-conseil\/","name":"Services de Conseil | Votre partenaire de confiance pour d\u00e9velopper vos affaires","isPartOf":{"@id":"https:\/\/planinlux.lu\/fr\/#website"},"primaryImageOfPage":{"@id":"https:\/\/planinlux.lu\/fr\/solutions\/services-de-conseil\/#primaryimage"},"image":{"@id":"https:\/\/planinlux.lu\/fr\/solutions\/services-de-conseil\/#primaryimage"},"thumbnailUrl":"https:\/\/planinlux.lu\/wp-content\/uploads\/2023\/08\/Business-Permit.png","datePublished":"2025-07-25T12:31:25+00:00","dateModified":"2025-07-26T06:33:28+00:00","description":"Cr\u00e9ation d'entreprises | D\u00e9veloppement des affaires | Propri\u00e9t\u00e9 intellectuelle | Autorisation d'\u00e9tablissement | Assistance RSE | Labellisation | Proc\u00e9dures administratives","breadcrumb":{"@id":"https:\/\/planinlux.lu\/fr\/solutions\/services-de-conseil\/#breadcrumb"},"inLanguage":"fr-FR","potentialAction":[{"@type":"ReadAction","target":["https:\/\/planinlux.lu\/fr\/solutions\/services-de-conseil\/"]}]},{"@type":"ImageObject","inLanguage":"fr-FR","@id":"https:\/\/planinlux.lu\/fr\/solutions\/services-de-conseil\/#primaryimage","url":"https:\/\/planinlux.lu\/wp-content\/uploads\/2023\/08\/Business-Permit.png","contentUrl":"https:\/\/planinlux.lu\/wp-content\/uploads\/2023\/08\/Business-Permit.png","width":2000,"height":1333},{"@type":"BreadcrumbList","@id":"https:\/\/planinlux.lu\/fr\/solutions\/services-de-conseil\/#breadcrumb","itemListElement":[{"@type":"ListItem","position":1,"name":"Home","item":"https:\/\/planinlux.lu\/fr\/home\/"},{"@type":"ListItem","position":2,"name":"Solutions","item":"https:\/\/planinlux.lu\/fr\/solutions\/"},{"@type":"ListItem","position":3,"name":"Services de Conseil"}]},{"@type":"WebSite","@id":"https:\/\/planinlux.lu\/fr\/#website","url":"https:\/\/planinlux.lu\/fr\/","name":"PlaninLux","description":"Business Solutions","publisher":{"@id":"https:\/\/planinlux.lu\/fr\/#organization"},"potentialAction":[{"@type":"SearchAction","target":{"@type":"EntryPoint","urlTemplate":"https:\/\/planinlux.lu\/fr\/?s={search_term_string}"},"query-input":{"@type":"PropertyValueSpecification","valueRequired":true,"valueName":"search_term_string"}}],"inLanguage":"fr-FR"},{"@type":"Organization","@id":"https:\/\/planinlux.lu\/fr\/#organization","name":"PlaninLux","url":"https:\/\/planinlux.lu\/fr\/","logo":{"@type":"ImageObject","inLanguage":"fr-FR","@id":"https:\/\/planinlux.lu\/fr\/#\/schema\/logo\/image\/","url":"","contentUrl":"","caption":"PlaninLux"},"image":{"@id":"https:\/\/planinlux.lu\/fr\/#\/schema\/logo\/image\/"},"sameAs":["https:\/\/www.linkedin.com\/company\/planinlux\/"]}]}},"_links":{"self":[{"href":"https:\/\/planinlux.lu\/fr\/wp-json\/wp\/v2\/pages\/9651","targetHints":{"allow":["GET"]}}],"collection":[{"href":"https:\/\/planinlux.lu\/fr\/wp-json\/wp\/v2\/pages"}],"about":[{"href":"https:\/\/planinlux.lu\/fr\/wp-json\/wp\/v2\/types\/page"}],"author":[{"embeddable":true,"href":"https:\/\/planinlux.lu\/fr\/wp-json\/wp\/v2\/users\/3"}],"replies":[{"embeddable":true,"href":"https:\/\/planinlux.lu\/fr\/wp-json\/wp\/v2\/comments?post=9651"}],"version-history":[{"count":7,"href":"https:\/\/planinlux.lu\/fr\/wp-json\/wp\/v2\/pages\/9651\/revisions"}],"predecessor-version":[{"id":9676,"href":"https:\/\/planinlux.lu\/fr\/wp-json\/wp\/v2\/pages\/9651\/revisions\/9676"}],"up":[{"embeddable":true,"href":"https:\/\/planinlux.lu\/fr\/wp-json\/wp\/v2\/pages\/4945"}],"wp:featuredmedia":[{"embeddable":true,"href":"https:\/\/planinlux.lu\/fr\/wp-json\/wp\/v2\/media\/8272"}],"wp:attachment":[{"href":"https:\/\/planinlux.lu\/fr\/wp-json\/wp\/v2\/media?parent=9651"}],"curies":[{"name":"wp","href":"https:\/\/api.w.org\/{rel}","templated":true}]}}