{"id":9439,"date":"2025-07-05T18:25:18","date_gmt":"2025-07-05T18:25:18","guid":{"rendered":"https:\/\/planinlux.lu\/?page_id=9439"},"modified":"2025-07-16T14:18:12","modified_gmt":"2025-07-16T14:18:12","slug":"services-de-prospection-de-clients-potentiels","status":"publish","type":"page","link":"https:\/\/planinlux.lu\/fr\/solutions\/services-de-prospection-de-clients-potentiels\/","title":{"rendered":"Services de prospection de clients potentiels"},"content":{"rendered":"<div class=\"wpb-content-wrapper\"><p>[vc_row padding_top_multiplier=\u00a0\u00bb6x\u00a0\u00bb padding_bottom_multiplier=\u00a0\u00bb3x\u00a0\u00bb][vc_column width=\u00a0\u00bb5\/12&Prime; tablet_sm_width=\u00a0\u00bb1&Prime;]<h2 class=\"eut-element eut-title eut-align-left eut-animated-item eut-fade-in-left eut-duration-normal eut-h4\" style=\"\" data-delay=\"200\"><span><br>\n<h4>Services de prospection de clients potentiels.<\/h4>\n<\/span><\/h2><div class=\"eut-empty-space eut-height-2x\" style=\"\"><\/div>[\/vc_column][vc_column width=\u00a0\u00bb7\/12&Prime; tablet_sm_width=\u00a0\u00bb1&Prime;][vc_column_text css=\u00a0\u00bb\u00a0\u00bb text_style=\u00a0\u00bbleader-text\u00a0\u00bb animation=\u00a0\u00bbeut-fade-in-right\u00a0\u00bb]<\/p>\n<p data-start=\"344\" data-end=\"584\">D\u00e9velopper votre activit\u00e9 ne se r\u00e9sume pas \u00e0 une bonne offre : il faut atteindre les bonnes personnes. Chez Planinlux, nous vous aidons \u00e0 identifier, segmenter et contacter des prospects qualifi\u00e9s dans des march\u00e9s cl\u00e9s tels que le Luxembourg, la Belgique, la France et l\u2019Espagne. <\/p>\n<p data-start=\"586\" data-end=\"686\">Nous utilisons des outils num\u00e9riques avanc\u00e9s, des techniques de social selling et des strat\u00e9gies personnalis\u00e9es selon chaque secteur.<\/p>\n<p>[\/vc_column_text][\/vc_column][\/vc_row][vc_row bg_type=\u00a0\u00bbcolor\u00a0\u00bb padding_top_multiplier=\u00a0\u00bb3x\u00a0\u00bb padding_bottom_multiplier=\u00a0\u00bb3x\u00a0\u00bb separator_top_size=\u00a0\u00bb60px\u00a0\u00bb separator_bottom_size=\u00a0\u00bb60px\u00a0\u00bb bg_color=\u00a0\u00bb#F8F8F8&Prime;][vc_column]<div class=\"eut-element eut-title eut-align-center eut-animated-item eut-fade-in-right eut-duration-normal eut-subtitle-text\" style=\"margin-bottom: 6px;\" data-delay=\"200\"><span>\u00c0 qui s\u2019adresse ce service ?<\/span><\/div><div class=\"eut-element eut-title eut-align-center eut-animated-item eut-fade-in-left eut-duration-normal eut-h5\" style=\"\" data-delay=\"200\"><span>Ce service s&rsquo;adresse \u00e0 :<\/span><\/div><div class=\"eut-empty-space eut-height-1x\" style=\"\"><\/div>[vc_row_inner][vc_column_inner width=\u00a0\u00bb1\/4&Prime;]<div class=\"eut-element eut-box-icon eut-large eut-top-icon eut-align-center eut-animated-item eut-fade-in-left eut-duration-normal\" style=\"\" data-delay=\"200\"><div class=\"eut-wrapper-icon eut-no-shape eut-text-grey\"><i class=\"eut-text-primary-1 fa fa-solid fa-people-robbery\"><\/i><\/div><div class=\"eut-box-content\"><div class=\"eut-box-title-wrapper\"><h4 class=\"eut-box-title eut-h6\">Les consultants, agents et professionnels ind\u00e9pendants<\/h4><\/div><\/div><\/div><div class=\"eut-empty-space eut-height-1x\" style=\"\"><\/div>[\/vc_column_inner][vc_column_inner width=\u00a0\u00bb1\/4&Prime;]<div class=\"eut-element eut-box-icon eut-large eut-top-icon eut-align-center eut-animated-item eut-fade-in-left eut-duration-normal\" style=\"\" data-delay=\"200\"><div class=\"eut-wrapper-icon eut-no-shape eut-text-grey\"><i class=\"eut-text-primary-1 fa fa-solid fa-building\"><\/i><\/div><div class=\"eut-box-content\"><div class=\"eut-box-title-wrapper\"><h6 class=\"eut-box-title eut-h6\">Les entreprises souhaitant tester ou valider de nouveaux march\u00e9s<\/h6><\/div><\/div><\/div><div class=\"eut-empty-space eut-height-1x\" style=\"\"><\/div>[\/vc_column_inner][vc_column_inner width=\u00a0\u00bb1\/4&Prime;]<div class=\"eut-element eut-box-icon eut-large eut-top-icon eut-align-center eut-animated-item eut-fade-in-right eut-duration-normal\" style=\"\" data-delay=\"200\"><div class=\"eut-wrapper-icon eut-no-shape eut-text-grey\"><i class=\"eut-text-primary-1 fa fa-solid fa-rocket\"><\/i><\/div><div class=\"eut-box-content\"><div class=\"eut-box-title-wrapper\"><h6 class=\"eut-box-title eut-h6\">Les startups en phase de croissance commerciale<\/h6><\/div><\/div><\/div><div class=\"eut-empty-space eut-height-1x\" style=\"\"><\/div>[\/vc_column_inner][vc_column_inner width=\u00a0\u00bb1\/4&Prime;]<div class=\"eut-element eut-box-icon eut-large eut-top-icon eut-align-center eut-animated-item eut-fade-in-right eut-duration-normal\" style=\"\" data-delay=\"200\"><div class=\"eut-wrapper-icon eut-no-shape eut-text-grey\"><i class=\"eut-text-primary-1 fa fa-solid fa-earth-africa\"><\/i><\/div><div class=\"eut-box-content\"><div class=\"eut-box-title-wrapper\"><h6 class=\"eut-box-title eut-h6\">Les entreprises B2B souhaitant s\u2019implanter \u00e0 l\u2019international<\/h6><\/div><\/div><\/div><div class=\"eut-empty-space eut-height-1x\" style=\"\"><\/div>[\/vc_column_inner][\/vc_row_inner][\/vc_column][\/vc_row][vc_row padding_top_multiplier=\u00a0\u00bb3x\u00a0\u00bb padding_bottom_multiplier=\u00a0\u00bb2x\u00a0\u00bb columns_gap=\u00a0\u00bb60&Prime;][vc_column width=\u00a0\u00bb2\/3&Prime;]<div class=\"eut-element eut-title eut-align-left eut-animated-item eut-fade-in-up eut-duration-normal eut-h5\" style=\"\" data-delay=\"400\"><span>Que comprend le service ?<\/span><\/div>[vc_column_text css=\u00a0\u00bb\u00a0\u00bb animation=\u00a0\u00bbeut-fade-in-up\u00a0\u00bb animation_delay=\u00a0\u00bb600&Prime;]<\/p>\n<p data-start=\"1003\" data-end=\"1242\">Notre service de prospection commerciale est con\u00e7u pour vous fournir un flux constant d\u2019opportunit\u00e9s r\u00e9elles. Il couvre toutes les \u00e9tapes essentielles du processus de g\u00e9n\u00e9ration de leads, de l\u2019identification \u00e0 la remise finale, avec une tra\u00e7abilit\u00e9 compl\u00e8te et une approche strat\u00e9gique : <\/p>\n<ul data-start=\"1244\" data-end=\"2098\">\n<li data-start=\"1244\" data-end=\"1387\">\n<p data-start=\"1246\" data-end=\"1387\">Nous analysons votre offre et d\u00e9finissons <strong>le profil de client id\u00e9al <\/strong>(buyer persona) pour assurer une prospection cibl\u00e9e et align\u00e9e sur vos objectifs.<\/p>\n<\/li>\n<li data-start=\"1388\" data-end=\"1521\">\n<p data-start=\"1390\" data-end=\"1521\">Nous identifions les secteurs, <strong>les entreprises et les contacts cl\u00e9s dans nos march\u00e9s cibles <\/strong>(Luxembourg, Belgique, France et Espagne).<\/p>\n<\/li>\n<li data-start=\"1522\" data-end=\"1672\">\n<p data-start=\"1524\" data-end=\"1672\">Acc\u00e8s \u00e0 des<strong> contacts qualifi\u00e9s<\/strong> avec des donn\u00e9es pr\u00e9cises (nom, poste, entreprise, secteur, localisation, email, LinkedIn, etc.). Pas d\u2019emails g\u00e9n\u00e9riques ni de doublons. <\/p>\n<\/li>\n<li data-start=\"1673\" data-end=\"1802\">\n<p data-start=\"1675\" data-end=\"1802\">Vous recevez chaque semaine ou toutes les deux semaines une <strong>liste de prospects contact\u00e9s<\/strong>, accompagn\u00e9e de d\u00e9tails et d\u2019observations sur l\u2019int\u00e9r\u00eat d\u00e9tect\u00e9.<\/p>\n<\/li>\n<li data-start=\"1803\" data-end=\"1952\">\n<p data-start=\"1805\" data-end=\"1952\">Nous vous remettons un <strong>rapport<\/strong> de synth\u00e8se avec les r\u00e9sultats quantitatifs et qualitatifs, ainsi que des recommandations pour convertir les leads en clients.<\/p>\n<\/li>\n<li data-start=\"1953\" data-end=\"2098\">\n<p data-start=\"1955\" data-end=\"2098\">Nous restons disponibles tout au long du processus pour r\u00e9pondre \u00e0 vos questions, adapter les approches et garantir la pertinence de chaque contact pour votre entreprise.<\/p>\n<\/li>\n<\/ul>\n<p>[\/vc_column_text][\/vc_column][vc_column width=\u00a0\u00bb1\/3&Prime;]<div class=\"eut-element eut-title eut-align-left eut-animated-item eut-fade-in-up eut-duration-normal eut-h5\" style=\"\" data-delay=\"400\"><span>Avantages cl\u00e9s<\/span><\/div>[vc_column_text css=\u00a0\u00bb\u00a0\u00bb animation=\u00a0\u00bbeut-fade-in-up\u00a0\u00bb animation_delay=\u00a0\u00bb800&Prime;]<\/p>\n<ul>\n<li data-start=\"2130\" data-end=\"2208\">\n<p data-start=\"2132\" data-end=\"2208\">Acc\u00e8s \u00e0 des bases de donn\u00e9es actualis\u00e9es et segment\u00e9es par secteur, localisation et centres d\u2019int\u00e9r\u00eat<\/p>\n<\/li>\n<li data-start=\"2209\" data-end=\"2253\">\n<p data-start=\"2211\" data-end=\"2253\">Gain de temps dans la recherche de leads de qualit\u00e9<\/p>\n<\/li>\n<li data-start=\"2254\" data-end=\"2324\">\n<p data-start=\"2256\" data-end=\"2324\">Meilleur taux de conversion gr\u00e2ce \u00e0 des prospects r\u00e9ellement int\u00e9ress\u00e9s<\/p>\n<\/li>\n<li data-start=\"2325\" data-end=\"2383\">\n<p data-start=\"2327\" data-end=\"2383\">Prospection multicanal : email, LinkedIn, t\u00e9l\u00e9phone, etc.<\/p>\n<\/li>\n<li data-start=\"2384\" data-end=\"2429\">\n<p data-start=\"2386\" data-end=\"2429\">Rapports d\u00e9taill\u00e9s et suivi des r\u00e9sultats<\/p>\n<\/li>\n<\/ul>\n<p>[\/vc_column_text][\/vc_column][\/vc_row][vc_row padding_top_multiplier=\u00a0\u00bb\u00a0\u00bb padding_bottom_multiplier=\u00a0\u00bb\u00a0\u00bb][vc_column]<div class=\"eut-element eut-divider\" style=\"\"><div class=\"eut-line-divider eut-border\"><\/div><\/div>[\/vc_column][\/vc_row][vc_row][vc_column]<div class=\"eut-empty-space eut-height-1x\" style=\"\"><\/div>[\/vc_column][\/vc_row][vc_row padding_top_multiplier=\u00a0\u00bb\u00a0\u00bb padding_bottom_multiplier=\u00a0\u00bb\u00a0\u00bb][vc_column width=\u00a0\u00bb1\/4&Prime;]<div class=\"eut-element eut-single-icon eut-align-center eut-extra-large\" style=\"\">  <div class=\"eut-wrapper-icon eut-no-shape eut-text-grey\"><i class=\"et-icon-target eut-text-primary-1\"><\/i><\/div><\/div>[\/vc_column][vc_column width=\u00a0\u00bb3\/4&Prime;]<h3 class=\"eut-element eut-title eut-align-left eut-animated-item eut-fade-in-right eut-duration-normal eut-h5\" style=\"\" data-delay=\"200\"><span>Notre approche<\/span><\/h3>[vc_column_text css=\u00a0\u00bb\u00a0\u00bb animation=\u00a0\u00bbeut-fade-in-right\u00a0\u00bb animation_delay=\u00a0\u00bb300&Prime;]Nous appliquons une m\u00e9thode propre bas\u00e9e sur la pr\u00e9cision, la segmentation et le contact strat\u00e9gique. Nous combinons des outils num\u00e9riques d\u2019analyse de donn\u00e9es avec une approche humaine et personnalis\u00e9e. Cela nous permet d\u2019identifier les bons interlocuteurs et de cr\u00e9er des relations commerciales concr\u00e8tes, loin des envois de masse impersonnels.<br \/>Notre objectif n\u2019est pas seulement de trouver des leads, mais de b\u00e2tir des relations avec un v\u00e9ritable potentiel de conversion.[\/vc_column_text][\/vc_column][\/vc_row][vc_row][vc_column]<div class=\"eut-empty-space eut-height-1x\" style=\"\"><\/div>[\/vc_column][\/vc_row][vc_row padding_top_multiplier=\u00a0\u00bb\u00a0\u00bb padding_bottom_multiplier=\u00a0\u00bb\u00a0\u00bb][vc_column]<div class=\"eut-element eut-divider\" style=\"\"><div class=\"eut-line-divider eut-border\"><\/div><\/div>[\/vc_column][\/vc_row][vc_row bg_type=\u00a0\u00bbcolor\u00a0\u00bb padding_top_multiplier=\u00a0\u00bb\u00a0\u00bb padding_bottom_multiplier=\u00a0\u00bb\u00a0\u00bb columns_gap=\u00a0\u00bb40&Prime; bg_color=\u00a0\u00bb#F8F8F8&Prime;][vc_column]<div class=\"eut-empty-space eut-height-2x\" style=\"\"><\/div><h3 class=\"eut-element eut-title eut-align-left eut-animated-item eut-fade-in-right eut-duration-normal eut-h5\" style=\"\" data-delay=\"200\"><span>Foire aux questions<\/span><\/h3>[vc_tta_accordion active_section=\u00a0\u00bb\u00a0\u00bb heading_tag=\u00a0\u00bbh4&Prime; collapsible_all=\u00a0\u00bbtrue\u00a0\u00bb][vc_tta_section title=\u00a0\u00bbDans quels secteurs avez-vous de l\u2019exp\u00e9rience en prospection ?\u00a0\u00bb tab_id=\u00a0\u00bb1751467929930-7a9fa967-9157&Prime;][vc_column_text css=\u00a0\u00bb\u00a0\u00bb]Nous travaillons avec des entreprises dans les domaines du conseil, de la technologie, des services financiers, de la formation, de l\u2019industrie, de la logistique, entre autres. Nous adaptons la strat\u00e9gie \u00e0 votre niche et \u00e0 votre type de client\u00e8le.[\/vc_column_text][\/vc_tta_section][vc_tta_section title=\u00a0\u00bbAvez-vous de l\u2019exp\u00e9rience avec les petites entreprises ou les startups ?\u00a0\u00bb tab_id=\u00a0\u00bb1751467929959-7ebd9ea4-3528&Prime;][vc_column_text css=\u00a0\u00bb\u00a0\u00bb]Oui. De nombreuses collaborations se font avec des entreprises en pleine croissance cherchant \u00e0 valider un march\u00e9 ou \u00e0 conqu\u00e9rir leurs premiers clients \u00e0 l\u2019international.[\/vc_column_text][\/vc_tta_section][vc_tta_section title=\u00a0\u00bbComment g\u00e9rez-vous la confidentialit\u00e9 et la conformit\u00e9 au RGPD ?\u00a0\u00bb tab_id=\u00a0\u00bb1751468020761-1d33c8bb-cff3&Prime;][vc_column_text css=\u00a0\u00bb\u00a0\u00bb]Toutes les donn\u00e9es que nous utilisons proviennent de sources publiques ou l\u00e9galement accessibles \u00e0 des fins commerciales B2B. Nous ne menons pas de campagnes de masse ni ne partageons de donn\u00e9es sans consentement.[\/vc_column_text][\/vc_tta_section][\/vc_tta_accordion]<div class=\"eut-empty-space eut-height-3x\" style=\"\"><\/div>[\/vc_column][\/vc_row][vc_row heading_color=\u00a0\u00bblight\u00a0\u00bb bg_type=\u00a0\u00bbcolor\u00a0\u00bb padding_top_multiplier=\u00a0\u00bb2x\u00a0\u00bb padding_bottom_multiplier=\u00a0\u00bb\u00a0\u00bb columns_gap=\u00a0\u00bb40&Prime; font_color=\u00a0\u00bb#ffffff\u00a0\u00bb bg_color=\u00a0\u00bb#2ac187&Prime;][vc_column css=\u00a0\u00bb.vc_custom_1751471192043{padding-top: 20px !important;padding-bottom: 40px !important;}\u00a0\u00bb]<h3 class=\"eut-element eut-title eut-align-center eut-animated-item eut-fade-in-right eut-duration-normal eut-h5\" style=\"\" data-delay=\"200\"><span>Pr\u00eat(e) \u00e0 g\u00e9n\u00e9rer de vraies opportunit\u00e9s ?<\/span><\/h3>[vc_column_text css=\u00a0\u00bb\u00a0\u00bb]<\/p>\n<p style=\"text-align: center;\">Ne laissez pas votre d\u00e9veloppement commercial au hasard.<\/p>\n<p>[\/vc_column_text]<div class=\"eut-empty-space eut-height-1x\" style=\"\"><\/div><div class=\"eut-element eut-align-center eut-animated-item eut-zoom-in eut-duration-normal\" data-delay=\"200\"><a href=\"https:\/\/planinlux.lu\/fr\/contact\/\" title=\"Contact\" rel=\"nofollow\" class=\"eut-btn eut-btn-large eut-round eut-bg-white eut-bg-hover-black\"><span>Obtenez une consultation gratuite<\/span><\/a><\/div>[\/vc_column][\/vc_row][vc_row][vc_column]<h3 class=\"eut-element eut-title eut-align-center eut-animated-item eut-fade-in eut-duration-normal eut-h5\" style=\"\" data-delay=\"200\"><span><br>\n<h5 class=\"eut-element eut-title eut-align-center eut-animated-item eut-zoom-in eut-duration-normal eut-h4 eut-animated\" data-delay=\"200\">D\u00e9couvrez nos autres solutions.<\/h5>\n<\/span><\/h3><div class=\"eut-empty-space eut-height-1x\" style=\"\"><\/div>[vc_raw_html css=\u00a0\u00bb\u00a0\u00bb]W3NlcnZpY2Vib3hfc2MgaWQ9IjkzNDQiXQ==[\/vc_raw_html][\/vc_column][\/vc_row]<\/p>\n<\/div>","protected":false},"excerpt":{"rendered":"<p>Nous proposons des services de conseil, notamment en mati\u00e8re de cr\u00e9ation d&rsquo;entreprise, de d\u00e9veloppement commercial, de solutions en mati\u00e8re de propri\u00e9t\u00e9 intellectuelle, d&rsquo;assistance aux proc\u00e9dures administratives, de strat\u00e9gie RSE et d&rsquo;internationalisation, parmi d&rsquo;autres. <\/p>\n","protected":false},"author":3,"featured_media":8272,"parent":4945,"menu_order":0,"comment_status":"closed","ping_status":"closed","template":"","meta":{"footnotes":""},"class_list":["post-9439","page","type-page","status-publish","has-post-thumbnail","hentry"],"yoast_head":"<!-- This site is optimized with the Yoast SEO plugin v27.4 - https:\/\/yoast.com\/product\/yoast-seo-wordpress\/ -->\n<title>Services de prospection de clients potentiels au Luxembourg, Belgique, France &amp; Espagne<\/title>\n<meta name=\"description\" content=\"Nous aidons les entreprises B2B \u00e0 g\u00e9n\u00e9rer des leads qualifi\u00e9s au Luxembourg, en Belgique, en France et en Espagne. Une approche strat\u00e9gique, un ciblage pr\u00e9cis et de r\u00e9elles opportunit\u00e9s commerciales.\" \/>\n<meta name=\"robots\" content=\"index, follow, max-snippet:-1, max-image-preview:large, max-video-preview:-1\" \/>\n<link rel=\"canonical\" href=\"https:\/\/planinlux.lu\/fr\/solutions\/services-de-prospection-de-clients-potentiels\/\" \/>\n<meta property=\"og:locale\" content=\"fr_FR\" \/>\n<meta property=\"og:type\" content=\"article\" \/>\n<meta property=\"og:title\" content=\"Services de prospection de clients potentiels | PlaninLux | solutions durables\" \/>\n<meta property=\"og:description\" content=\"Nous proposons des services de conseil, couvrant la strat\u00e9gie RSE, la mise en \u0153uvre, la gestion du changement, l&#039;internationalisation et la labellisation.\" \/>\n<meta property=\"og:url\" content=\"https:\/\/planinlux.lu\/fr\/solutions\/services-de-prospection-de-clients-potentiels\/\" \/>\n<meta property=\"og:site_name\" content=\"PlaninLux\" \/>\n<meta property=\"article:modified_time\" content=\"2025-07-16T14:18:12+00:00\" \/>\n<meta property=\"og:image\" content=\"https:\/\/planinlux.lu\/wp-content\/uploads\/2020\/10\/Planinlux-Sustainable-Consulting-TRANSPARENTE.png\" \/>\n<meta name=\"twitter:card\" content=\"summary_large_image\" \/>\n<meta name=\"twitter:title\" content=\"Services de prospection de clients potentiels | PlaninLux | solutions durables\" \/>\n<meta name=\"twitter:description\" content=\"Nous proposons des services de conseil, couvrant la strat\u00e9gie RSE, la mise en \u0153uvre, la gestion du changement, l&#039;internationalisation et la labellisation.\" \/>\n<meta name=\"twitter:image\" content=\"https:\/\/planinlux.lu\/wp-content\/uploads\/2020\/10\/Planinlux-Sustainable-Consulting-TRANSPARENTE.png\" \/>\n<meta name=\"twitter:label1\" content=\"Dur\u00e9e de lecture estim\u00e9e\" \/>\n\t<meta name=\"twitter:data1\" content=\"5 minutes\" \/>\n<script type=\"application\/ld+json\" class=\"yoast-schema-graph\">{\"@context\":\"https:\\\/\\\/schema.org\",\"@graph\":[{\"@type\":\"WebPage\",\"@id\":\"https:\\\/\\\/planinlux.lu\\\/fr\\\/solutions\\\/services-de-prospection-de-clients-potentiels\\\/\",\"url\":\"https:\\\/\\\/planinlux.lu\\\/fr\\\/solutions\\\/services-de-prospection-de-clients-potentiels\\\/\",\"name\":\"Services de prospection de clients potentiels au Luxembourg, Belgique, France & Espagne\",\"isPartOf\":{\"@id\":\"https:\\\/\\\/planinlux.lu\\\/fr\\\/#website\"},\"primaryImageOfPage\":{\"@id\":\"https:\\\/\\\/planinlux.lu\\\/fr\\\/solutions\\\/services-de-prospection-de-clients-potentiels\\\/#primaryimage\"},\"image\":{\"@id\":\"https:\\\/\\\/planinlux.lu\\\/fr\\\/solutions\\\/services-de-prospection-de-clients-potentiels\\\/#primaryimage\"},\"thumbnailUrl\":\"https:\\\/\\\/planinlux.lu\\\/wp-content\\\/uploads\\\/2023\\\/08\\\/Business-Permit.png\",\"datePublished\":\"2025-07-05T18:25:18+00:00\",\"dateModified\":\"2025-07-16T14:18:12+00:00\",\"description\":\"Nous aidons les entreprises B2B \u00e0 g\u00e9n\u00e9rer des leads qualifi\u00e9s au Luxembourg, en Belgique, en France et en Espagne. Une approche strat\u00e9gique, un ciblage pr\u00e9cis et de r\u00e9elles opportunit\u00e9s commerciales.\",\"breadcrumb\":{\"@id\":\"https:\\\/\\\/planinlux.lu\\\/fr\\\/solutions\\\/services-de-prospection-de-clients-potentiels\\\/#breadcrumb\"},\"inLanguage\":\"fr-FR\",\"potentialAction\":[{\"@type\":\"ReadAction\",\"target\":[\"https:\\\/\\\/planinlux.lu\\\/fr\\\/solutions\\\/services-de-prospection-de-clients-potentiels\\\/\"]}]},{\"@type\":\"ImageObject\",\"inLanguage\":\"fr-FR\",\"@id\":\"https:\\\/\\\/planinlux.lu\\\/fr\\\/solutions\\\/services-de-prospection-de-clients-potentiels\\\/#primaryimage\",\"url\":\"https:\\\/\\\/planinlux.lu\\\/wp-content\\\/uploads\\\/2023\\\/08\\\/Business-Permit.png\",\"contentUrl\":\"https:\\\/\\\/planinlux.lu\\\/wp-content\\\/uploads\\\/2023\\\/08\\\/Business-Permit.png\",\"width\":2000,\"height\":1333},{\"@type\":\"BreadcrumbList\",\"@id\":\"https:\\\/\\\/planinlux.lu\\\/fr\\\/solutions\\\/services-de-prospection-de-clients-potentiels\\\/#breadcrumb\",\"itemListElement\":[{\"@type\":\"ListItem\",\"position\":1,\"name\":\"Home\",\"item\":\"https:\\\/\\\/planinlux.lu\\\/fr\\\/home\\\/\"},{\"@type\":\"ListItem\",\"position\":2,\"name\":\"Solutions\",\"item\":\"https:\\\/\\\/planinlux.lu\\\/fr\\\/solutions\\\/\"},{\"@type\":\"ListItem\",\"position\":3,\"name\":\"Services de prospection de clients potentiels\"}]},{\"@type\":\"WebSite\",\"@id\":\"https:\\\/\\\/planinlux.lu\\\/fr\\\/#website\",\"url\":\"https:\\\/\\\/planinlux.lu\\\/fr\\\/\",\"name\":\"PlaninLux\",\"description\":\"Business Solutions\",\"publisher\":{\"@id\":\"https:\\\/\\\/planinlux.lu\\\/fr\\\/#organization\"},\"potentialAction\":[{\"@type\":\"SearchAction\",\"target\":{\"@type\":\"EntryPoint\",\"urlTemplate\":\"https:\\\/\\\/planinlux.lu\\\/fr\\\/?s={search_term_string}\"},\"query-input\":{\"@type\":\"PropertyValueSpecification\",\"valueRequired\":true,\"valueName\":\"search_term_string\"}}],\"inLanguage\":\"fr-FR\"},{\"@type\":\"Organization\",\"@id\":\"https:\\\/\\\/planinlux.lu\\\/fr\\\/#organization\",\"name\":\"PlaninLux\",\"url\":\"https:\\\/\\\/planinlux.lu\\\/fr\\\/\",\"logo\":{\"@type\":\"ImageObject\",\"inLanguage\":\"fr-FR\",\"@id\":\"https:\\\/\\\/planinlux.lu\\\/fr\\\/#\\\/schema\\\/logo\\\/image\\\/\",\"url\":\"\",\"contentUrl\":\"\",\"caption\":\"PlaninLux\"},\"image\":{\"@id\":\"https:\\\/\\\/planinlux.lu\\\/fr\\\/#\\\/schema\\\/logo\\\/image\\\/\"},\"sameAs\":[\"https:\\\/\\\/www.linkedin.com\\\/company\\\/planinlux\\\/\"]}]}<\/script>\n<!-- \/ Yoast SEO plugin. -->","yoast_head_json":{"title":"Services de prospection de clients potentiels au Luxembourg, Belgique, France & Espagne","description":"Nous aidons les entreprises B2B \u00e0 g\u00e9n\u00e9rer des leads qualifi\u00e9s au Luxembourg, en Belgique, en France et en Espagne. Une approche strat\u00e9gique, un ciblage pr\u00e9cis et de r\u00e9elles opportunit\u00e9s commerciales.","robots":{"index":"index","follow":"follow","max-snippet":"max-snippet:-1","max-image-preview":"max-image-preview:large","max-video-preview":"max-video-preview:-1"},"canonical":"https:\/\/planinlux.lu\/fr\/solutions\/services-de-prospection-de-clients-potentiels\/","og_locale":"fr_FR","og_type":"article","og_title":"Services de prospection de clients potentiels | PlaninLux | solutions durables","og_description":"Nous proposons des services de conseil, couvrant la strat\u00e9gie RSE, la mise en \u0153uvre, la gestion du changement, l'internationalisation et la labellisation.","og_url":"https:\/\/planinlux.lu\/fr\/solutions\/services-de-prospection-de-clients-potentiels\/","og_site_name":"PlaninLux","article_modified_time":"2025-07-16T14:18:12+00:00","og_image":[{"url":"https:\/\/planinlux.lu\/wp-content\/uploads\/2020\/10\/Planinlux-Sustainable-Consulting-TRANSPARENTE.png","type":"","width":"","height":""}],"twitter_card":"summary_large_image","twitter_title":"Services de prospection de clients potentiels | PlaninLux | solutions durables","twitter_description":"Nous proposons des services de conseil, couvrant la strat\u00e9gie RSE, la mise en \u0153uvre, la gestion du changement, l'internationalisation et la labellisation.","twitter_image":"https:\/\/planinlux.lu\/wp-content\/uploads\/2020\/10\/Planinlux-Sustainable-Consulting-TRANSPARENTE.png","twitter_misc":{"Dur\u00e9e de lecture estim\u00e9e":"5 minutes"},"schema":{"@context":"https:\/\/schema.org","@graph":[{"@type":"WebPage","@id":"https:\/\/planinlux.lu\/fr\/solutions\/services-de-prospection-de-clients-potentiels\/","url":"https:\/\/planinlux.lu\/fr\/solutions\/services-de-prospection-de-clients-potentiels\/","name":"Services de prospection de clients potentiels au Luxembourg, Belgique, France & Espagne","isPartOf":{"@id":"https:\/\/planinlux.lu\/fr\/#website"},"primaryImageOfPage":{"@id":"https:\/\/planinlux.lu\/fr\/solutions\/services-de-prospection-de-clients-potentiels\/#primaryimage"},"image":{"@id":"https:\/\/planinlux.lu\/fr\/solutions\/services-de-prospection-de-clients-potentiels\/#primaryimage"},"thumbnailUrl":"https:\/\/planinlux.lu\/wp-content\/uploads\/2023\/08\/Business-Permit.png","datePublished":"2025-07-05T18:25:18+00:00","dateModified":"2025-07-16T14:18:12+00:00","description":"Nous aidons les entreprises B2B \u00e0 g\u00e9n\u00e9rer des leads qualifi\u00e9s au Luxembourg, en Belgique, en France et en Espagne. Une approche strat\u00e9gique, un ciblage pr\u00e9cis et de r\u00e9elles opportunit\u00e9s commerciales.","breadcrumb":{"@id":"https:\/\/planinlux.lu\/fr\/solutions\/services-de-prospection-de-clients-potentiels\/#breadcrumb"},"inLanguage":"fr-FR","potentialAction":[{"@type":"ReadAction","target":["https:\/\/planinlux.lu\/fr\/solutions\/services-de-prospection-de-clients-potentiels\/"]}]},{"@type":"ImageObject","inLanguage":"fr-FR","@id":"https:\/\/planinlux.lu\/fr\/solutions\/services-de-prospection-de-clients-potentiels\/#primaryimage","url":"https:\/\/planinlux.lu\/wp-content\/uploads\/2023\/08\/Business-Permit.png","contentUrl":"https:\/\/planinlux.lu\/wp-content\/uploads\/2023\/08\/Business-Permit.png","width":2000,"height":1333},{"@type":"BreadcrumbList","@id":"https:\/\/planinlux.lu\/fr\/solutions\/services-de-prospection-de-clients-potentiels\/#breadcrumb","itemListElement":[{"@type":"ListItem","position":1,"name":"Home","item":"https:\/\/planinlux.lu\/fr\/home\/"},{"@type":"ListItem","position":2,"name":"Solutions","item":"https:\/\/planinlux.lu\/fr\/solutions\/"},{"@type":"ListItem","position":3,"name":"Services de prospection de clients potentiels"}]},{"@type":"WebSite","@id":"https:\/\/planinlux.lu\/fr\/#website","url":"https:\/\/planinlux.lu\/fr\/","name":"PlaninLux","description":"Business Solutions","publisher":{"@id":"https:\/\/planinlux.lu\/fr\/#organization"},"potentialAction":[{"@type":"SearchAction","target":{"@type":"EntryPoint","urlTemplate":"https:\/\/planinlux.lu\/fr\/?s={search_term_string}"},"query-input":{"@type":"PropertyValueSpecification","valueRequired":true,"valueName":"search_term_string"}}],"inLanguage":"fr-FR"},{"@type":"Organization","@id":"https:\/\/planinlux.lu\/fr\/#organization","name":"PlaninLux","url":"https:\/\/planinlux.lu\/fr\/","logo":{"@type":"ImageObject","inLanguage":"fr-FR","@id":"https:\/\/planinlux.lu\/fr\/#\/schema\/logo\/image\/","url":"","contentUrl":"","caption":"PlaninLux"},"image":{"@id":"https:\/\/planinlux.lu\/fr\/#\/schema\/logo\/image\/"},"sameAs":["https:\/\/www.linkedin.com\/company\/planinlux\/"]}]}},"_links":{"self":[{"href":"https:\/\/planinlux.lu\/fr\/wp-json\/wp\/v2\/pages\/9439","targetHints":{"allow":["GET"]}}],"collection":[{"href":"https:\/\/planinlux.lu\/fr\/wp-json\/wp\/v2\/pages"}],"about":[{"href":"https:\/\/planinlux.lu\/fr\/wp-json\/wp\/v2\/types\/page"}],"author":[{"embeddable":true,"href":"https:\/\/planinlux.lu\/fr\/wp-json\/wp\/v2\/users\/3"}],"replies":[{"embeddable":true,"href":"https:\/\/planinlux.lu\/fr\/wp-json\/wp\/v2\/comments?post=9439"}],"version-history":[{"count":9,"href":"https:\/\/planinlux.lu\/fr\/wp-json\/wp\/v2\/pages\/9439\/revisions"}],"predecessor-version":[{"id":9603,"href":"https:\/\/planinlux.lu\/fr\/wp-json\/wp\/v2\/pages\/9439\/revisions\/9603"}],"up":[{"embeddable":true,"href":"https:\/\/planinlux.lu\/fr\/wp-json\/wp\/v2\/pages\/4945"}],"wp:featuredmedia":[{"embeddable":true,"href":"https:\/\/planinlux.lu\/fr\/wp-json\/wp\/v2\/media\/8272"}],"wp:attachment":[{"href":"https:\/\/planinlux.lu\/fr\/wp-json\/wp\/v2\/media?parent=9439"}],"curies":[{"name":"wp","href":"https:\/\/api.w.org\/{rel}","templated":true}]}}