{"id":9428,"date":"2025-07-05T15:54:53","date_gmt":"2025-07-05T15:54:53","guid":{"rendered":"https:\/\/planinlux.lu\/?page_id=9428"},"modified":"2025-07-16T14:18:19","modified_gmt":"2025-07-16T14:18:19","slug":"internationalisation","status":"publish","type":"page","link":"https:\/\/planinlux.lu\/fr\/solutions\/internationalisation\/","title":{"rendered":"Internationalisation"},"content":{"rendered":"<div class=\"wpb-content-wrapper\"><p>[vc_row padding_top_multiplier=\u00a0\u00bb6x\u00a0\u00bb padding_bottom_multiplier=\u00a0\u00bb3x\u00a0\u00bb][vc_column width=\u00a0\u00bb5\/12&Prime; tablet_sm_width=\u00a0\u00bb1&Prime;]<h2 class=\"eut-element eut-title eut-align-left eut-animated-item eut-fade-in-left eut-duration-normal eut-h4\" style=\"\" data-delay=\"200\"><span><br>\n<h4>Internationalisation.<\/h4>\n<\/span><\/h2><div class=\"eut-empty-space eut-height-2x\" style=\"\"><\/div>[\/vc_column][vc_column width=\u00a0\u00bb7\/12&Prime; tablet_sm_width=\u00a0\u00bb1&Prime;][vc_column_text css=\u00a0\u00bb\u00a0\u00bb text_style=\u00a0\u00bbleader-text\u00a0\u00bb animation=\u00a0\u00bbeut-fade-in-right\u00a0\u00bb]Nous vous aidons \u00e0 d\u00e9velopper votre activit\u00e9 au-del\u00e0 des fronti\u00e8res nationales. Gr\u00e2ce \u00e0 notre service de conseil en internationalisation, vous b\u00e9n\u00e9ficiez d\u2019un accompagnement strat\u00e9gique et op\u00e9rationnel pour entrer avec succ\u00e8s sur de nouveaux march\u00e9s internationaux.[\/vc_column_text][\/vc_column][\/vc_row][vc_row bg_type=\u00a0\u00bbcolor\u00a0\u00bb padding_top_multiplier=\u00a0\u00bb3x\u00a0\u00bb padding_bottom_multiplier=\u00a0\u00bb3x\u00a0\u00bb separator_top_size=\u00a0\u00bb60px\u00a0\u00bb separator_bottom_size=\u00a0\u00bb60px\u00a0\u00bb bg_color=\u00a0\u00bb#F8F8F8&Prime;][vc_column]<div class=\"eut-element eut-title eut-align-center eut-animated-item eut-fade-in-right eut-duration-normal eut-subtitle-text\" style=\"margin-bottom: 6px;\" data-delay=\"200\"><span>\u00c0 qui s\u2019adresse ce service ?<\/span><\/div><div class=\"eut-element eut-title eut-align-center eut-animated-item eut-fade-in-left eut-duration-normal eut-h5\" style=\"\" data-delay=\"200\"><span>Ce service s&rsquo;adresse \u00e0 :<\/span><\/div><div class=\"eut-empty-space eut-height-1x\" style=\"\"><\/div>[vc_row_inner][vc_column_inner width=\u00a0\u00bb1\/4&Prime;]<div class=\"eut-element eut-box-icon eut-large eut-top-icon eut-align-center eut-animated-item eut-fade-in-left eut-duration-normal\" style=\"\" data-delay=\"200\"><div class=\"eut-wrapper-icon eut-no-shape eut-text-grey\"><i class=\"eut-text-primary-1 fa fa-solid fa-people-robbery\"><\/i><\/div><div class=\"eut-box-content\"><div class=\"eut-box-title-wrapper\"><h4 class=\"eut-box-title eut-h6\">PME ayant un potentiel de croissance et souhaitant se d\u00e9velopper \u00e0 l\u2019international<\/h4><\/div><\/div><\/div><div class=\"eut-empty-space eut-height-1x\" style=\"\"><\/div>[\/vc_column_inner][vc_column_inner width=\u00a0\u00bb1\/4&Prime;]<div class=\"eut-element eut-box-icon eut-large eut-top-icon eut-align-center eut-animated-item eut-fade-in-left eut-duration-normal\" style=\"\" data-delay=\"200\"><div class=\"eut-wrapper-icon eut-no-shape eut-text-grey\"><i class=\"eut-text-primary-1 fa fa-solid fa-building\"><\/i><\/div><div class=\"eut-box-content\"><div class=\"eut-box-title-wrapper\"><h6 class=\"eut-box-title eut-h6\">Entreprises consolid\u00e9es d\u00e9sireuses de diversifier leur pr\u00e9sence g\u00e9ographique<\/h6><\/div><\/div><\/div><div class=\"eut-empty-space eut-height-1x\" style=\"\"><\/div>[\/vc_column_inner][vc_column_inner width=\u00a0\u00bb1\/4&Prime;]<div class=\"eut-element eut-box-icon eut-large eut-top-icon eut-align-center eut-animated-item eut-fade-in-right eut-duration-normal\" style=\"\" data-delay=\"200\"><div class=\"eut-wrapper-icon eut-no-shape eut-text-grey\"><i class=\"eut-text-primary-1 fa fa-solid fa-rocket\"><\/i><\/div><div class=\"eut-box-content\"><div class=\"eut-box-title-wrapper\"><h6 class=\"eut-box-title eut-h6\">Startups avec un mod\u00e8le \u00e9volutif \u00e0 la recherche de nouveaux march\u00e9s<\/h6><\/div><\/div><\/div><div class=\"eut-empty-space eut-height-1x\" style=\"\"><\/div>[\/vc_column_inner][vc_column_inner width=\u00a0\u00bb1\/4&Prime;]<div class=\"eut-element eut-box-icon eut-large eut-top-icon eut-align-center eut-animated-item eut-fade-in-right eut-duration-normal\" style=\"\" data-delay=\"200\"><div class=\"eut-wrapper-icon eut-no-shape eut-text-grey\"><i class=\"eut-text-primary-1 fa fa-solid fa-earth-africa\"><\/i><\/div><div class=\"eut-box-content\"><div class=\"eut-box-title-wrapper\"><h6 class=\"eut-box-title eut-h6\">Entrepreneurs souhaitant internationaliser leur activit\u00e9 ou lancer leur produit \u00e0 l\u2019\u00e9tranger<\/h6><\/div><\/div><\/div><div class=\"eut-empty-space eut-height-1x\" style=\"\"><\/div>[\/vc_column_inner][\/vc_row_inner][\/vc_column][\/vc_row][vc_row padding_top_multiplier=\u00a0\u00bb3x\u00a0\u00bb padding_bottom_multiplier=\u00a0\u00bb2x\u00a0\u00bb columns_gap=\u00a0\u00bb60&Prime;][vc_column width=\u00a0\u00bb2\/3&Prime;]<div class=\"eut-element eut-title eut-align-left eut-animated-item eut-fade-in-up eut-duration-normal eut-h5\" style=\"\" data-delay=\"400\"><span>Que comprend le service ?<\/span><\/div>[vc_column_text css=\u00a0\u00bb\u00a0\u00bb animation=\u00a0\u00bbeut-fade-in-up\u00a0\u00bb animation_delay=\u00a0\u00bb600&Prime;]<\/p>\n<ul>\n<li data-start=\"796\" data-end=\"888\">\n<p data-start=\"798\" data-end=\"888\"><strong data-start=\"798\" data-end=\"832\">Diagnostic d\u2019internationalisation<\/strong> : Nous \u00e9valuons le potentiel de votre entreprise pour s\u2019implanter \u00e0 l\u2019\u00e9tranger.<\/p>\n<\/li>\n<li data-start=\"889\" data-end=\"1021\">\n<p data-start=\"891\" data-end=\"1021\"><strong data-start=\"891\" data-end=\"924\">S\u00e9lection et \u00e9tude de march\u00e9 <\/strong>: Nous identifions des opportunit\u00e9s, en particulier <strong data-start=\"976\" data-end=\"1018\">au Luxembourg, en Belgique, en France et en Espagne.<\/strong><\/p>\n<\/li>\n<li data-start=\"1022\" data-end=\"1137\">\n<p data-start=\"1024\" data-end=\"1137\"><strong data-start=\"1024\" data-end=\"1049\">Strat\u00e9gie d\u2019entr\u00e9e<\/strong> : Nous \u00e9laborons le plan adapt\u00e9 \u00e0 chaque pays (exportation, implantation, partenariats, etc.).<\/p>\n<\/li>\n<li data-start=\"1138\" data-end=\"1243\">\n<p data-start=\"1140\" data-end=\"1243\"><strong data-start=\"1140\" data-end=\"1178\">Adaptation culturelle et linguistique<\/strong> : Nous ajustons votre communication et votre offre au contexte local.<\/p>\n<\/li>\n<li data-start=\"1244\" data-end=\"1330\">\n<p data-start=\"1246\" data-end=\"1330\"><strong data-start=\"1246\" data-end=\"1269\">R\u00e9seau de contacts<\/strong> : Nous facilitons des connexions strat\u00e9giques dans les pays cibl\u00e9s.<\/p>\n<\/li>\n<li data-start=\"1331\" data-end=\"1435\">\n<p data-start=\"1333\" data-end=\"1435\"><strong data-start=\"1333\" data-end=\"1357\">Accompagnement personnalis\u00e9<\/strong> : Nous vous soutenons dans l\u2019ex\u00e9cution et le suivi de votre plan d\u2019expansion.<\/p>\n<\/li>\n<\/ul>\n<p>[\/vc_column_text][\/vc_column][vc_column width=\u00a0\u00bb1\/3&Prime;]<div class=\"eut-element eut-title eut-align-left eut-animated-item eut-fade-in-up eut-duration-normal eut-h5\" style=\"\" data-delay=\"400\"><span>Avantages cl\u00e9s<\/span><\/div>[vc_column_text css=\u00a0\u00bb\u00a0\u00bb animation=\u00a0\u00bbeut-fade-in-up\u00a0\u00bb animation_delay=\u00a0\u00bb800&Prime;]<\/p>\n<ul>\n<li data-start=\"1464\" data-end=\"1537\">\n<p data-start=\"1466\" data-end=\"1537\">Acc\u00e9l\u00e9ration du processus d\u2019internationalisation, avec un focus sur les march\u00e9s europ\u00e9ens cl\u00e9s.<\/p>\n<\/li>\n<li data-start=\"1538\" data-end=\"1597\">\n<p data-start=\"1540\" data-end=\"1597\">R\u00e9duction des erreurs strat\u00e9giques, r\u00e9glementaires ou culturelles.<\/p>\n<\/li>\n<li data-start=\"1598\" data-end=\"1669\">\n<p data-start=\"1600\" data-end=\"1669\">Accompagnement local avec connaissance approfondie de l\u2019environnement des affaires.<\/p>\n<\/li>\n<li data-start=\"1670\" data-end=\"1737\">\n<p data-start=\"1672\" data-end=\"1737\">Acc\u00e8s \u00e0 un r\u00e9seau professionnel d\u2019opportunit\u00e9s et de partenaires.<\/p>\n<\/li>\n<li data-start=\"1738\" data-end=\"1803\">\n<p data-start=\"1740\" data-end=\"1803\">Suivi continu, de l\u2019analyse initiale \u00e0 la mise en \u0153uvre compl\u00e8te.<\/p>\n<\/li>\n<\/ul>\n<p>[\/vc_column_text][\/vc_column][\/vc_row][vc_row padding_top_multiplier=\u00a0\u00bb\u00a0\u00bb padding_bottom_multiplier=\u00a0\u00bb\u00a0\u00bb][vc_column]<div class=\"eut-element eut-divider\" style=\"\"><div class=\"eut-line-divider eut-border\"><\/div><\/div>[\/vc_column][\/vc_row][vc_row][vc_column]<div class=\"eut-empty-space eut-height-1x\" style=\"\"><\/div>[\/vc_column][\/vc_row][vc_row padding_top_multiplier=\u00a0\u00bb\u00a0\u00bb padding_bottom_multiplier=\u00a0\u00bb\u00a0\u00bb][vc_column width=\u00a0\u00bb1\/4&Prime;]<div class=\"eut-element eut-single-icon eut-align-center eut-extra-large\" style=\"\">  <div class=\"eut-wrapper-icon eut-no-shape eut-text-grey\"><i class=\"et-icon-target eut-text-primary-1\"><\/i><\/div><\/div>[\/vc_column][vc_column width=\u00a0\u00bb3\/4&Prime;]<h3 class=\"eut-element eut-title eut-align-left eut-animated-item eut-fade-in-right eut-duration-normal eut-h5\" style=\"\" data-delay=\"200\"><span>Notre approche<\/span><\/h3>[vc_column_text css=\u00a0\u00bb\u00a0\u00bb animation=\u00a0\u00bbeut-fade-in-right\u00a0\u00bb animation_delay=\u00a0\u00bb300&Prime;]Nous travaillons de mani\u00e8re personnalis\u00e9e et en plusieurs \u00e9tapes : nous commen\u00e7ons par un diagnostic du profil de l\u2019entreprise et de ses objectifs, suivi d\u2019une analyse strat\u00e9gique des march\u00e9s potentiels \u2014 en nous concentrant sur le Luxembourg, la Belgique, la France et l\u2019Espagne. Ensuite, nous d\u00e9veloppons un plan d\u2019internationalisation sur mesure, incluant des recommandations juridiques, fiscales et op\u00e9rationnelles, ainsi que des actions concr\u00e8tes d\u2019entr\u00e9e sur le march\u00e9 et de positionnement. Notre \u00e9quipe vous accompagne tout au long du processus, de la planification \u00e0 l\u2019ex\u00e9cution, en assurant un suivi r\u00e9gulier et les ajustements n\u00e9cessaires.[\/vc_column_text][\/vc_column][\/vc_row][vc_row][vc_column]<div class=\"eut-empty-space eut-height-1x\" style=\"\"><\/div>[\/vc_column][\/vc_row][vc_row padding_top_multiplier=\u00a0\u00bb\u00a0\u00bb padding_bottom_multiplier=\u00a0\u00bb\u00a0\u00bb][vc_column]<div class=\"eut-element eut-divider\" style=\"\"><div class=\"eut-line-divider eut-border\"><\/div><\/div>[\/vc_column][\/vc_row][vc_row bg_type=\u00a0\u00bbcolor\u00a0\u00bb padding_top_multiplier=\u00a0\u00bb\u00a0\u00bb padding_bottom_multiplier=\u00a0\u00bb\u00a0\u00bb columns_gap=\u00a0\u00bb40&Prime; bg_color=\u00a0\u00bb#F8F8F8&Prime;][vc_column]<div class=\"eut-empty-space eut-height-2x\" style=\"\"><\/div><h3 class=\"eut-element eut-title eut-align-left eut-animated-item eut-fade-in-right eut-duration-normal eut-h5\" style=\"\" data-delay=\"200\"><span>Foire aux questions<\/span><\/h3>[vc_tta_accordion active_section=\u00a0\u00bb\u00a0\u00bb heading_tag=\u00a0\u00bbh4&Prime; collapsible_all=\u00a0\u00bbtrue\u00a0\u00bb][vc_tta_section title=\u00a0\u00bbTravaillez-vous uniquement avec de grandes entreprises ?\u00a0\u00bb tab_id=\u00a0\u00bb1751467929930-7a9fa967-9157&Prime;][vc_column_text css=\u00a0\u00bb\u00a0\u00bb]Non. Notre service est con\u00e7u aussi bien pour les PME, les startups que pour les entrepreneurs souhaitant acc\u00e9der \u00e0 de nouveaux march\u00e9s.[\/vc_column_text][\/vc_tta_section][vc_tta_section title=\u00a0\u00bbDois-je d\u00e9j\u00e0 avoir une entreprise op\u00e9rationnelle pour acc\u00e9der \u00e0 ce service ?\u00a0\u00bb tab_id=\u00a0\u00bb1751467929959-7ebd9ea4-3528&Prime;][vc_column_text css=\u00a0\u00bb\u00a0\u00bb]Ce n\u2019est pas n\u00e9cessaire. Nous pouvons vous conseiller d\u00e8s la phase de planification, m\u00eame si votre entreprise n\u2019est pas encore formellement constitu\u00e9e.[\/vc_column_text][\/vc_tta_section][vc_tta_section title=\u00a0\u00bbCombien de temps dure un processus d\u2019internationalisation ?\u00a0\u00bb tab_id=\u00a0\u00bb1751468020761-1d33c8bb-cff3&Prime;][vc_column_text css=\u00a0\u00bb\u00a0\u00bb]Cela d\u00e9pend du march\u00e9 cible, du mod\u00e8le d\u2019entr\u00e9e choisi et de la situation initiale de l\u2019entreprise. Certains processus peuvent durer quelques mois, d\u2019autres n\u00e9cessitent une planification \u00e0 moyen terme. Dans tous les cas, nous vous proposons un calendrier r\u00e9aliste.[\/vc_column_text][\/vc_tta_section][\/vc_tta_accordion]<div class=\"eut-empty-space eut-height-3x\" style=\"\"><\/div>[\/vc_column][\/vc_row][vc_row heading_color=\u00a0\u00bblight\u00a0\u00bb bg_type=\u00a0\u00bbcolor\u00a0\u00bb padding_top_multiplier=\u00a0\u00bb2x\u00a0\u00bb padding_bottom_multiplier=\u00a0\u00bb\u00a0\u00bb columns_gap=\u00a0\u00bb40&Prime; font_color=\u00a0\u00bb#ffffff\u00a0\u00bb bg_color=\u00a0\u00bb#2ac187&Prime;][vc_column css=\u00a0\u00bb.vc_custom_1751471192043{padding-top: 20px !important;padding-bottom: 40px !important;}\u00a0\u00bb]<h3 class=\"eut-element eut-title eut-align-center eut-animated-item eut-fade-in-right eut-duration-normal eut-h5\" style=\"\" data-delay=\"200\"><span>Pr\u00eat \u00e0 d\u00e9velopper votre entreprise \u00e0 l\u2019international ?<\/span><\/h3>[vc_column_text css=\u00a0\u00bb\u00a0\u00bb]<\/p>\n<p style=\"text-align: center;\">Contactez-nous pour \u00e9valuer ensemble votre projet. Nous vous proposerons un plan d\u2019action adapt\u00e9 \u00e0 vos objectifs et \u00e0 vos ressources. <\/p>\n<p>[\/vc_column_text]<div class=\"eut-empty-space eut-height-1x\" style=\"\"><\/div><div class=\"eut-element eut-align-center eut-animated-item eut-zoom-in eut-duration-normal\" data-delay=\"200\"><a href=\"https:\/\/planinlux.lu\/fr\/contact\/\" title=\"Contact\" rel=\"nofollow\" class=\"eut-btn eut-btn-large eut-round eut-bg-white eut-bg-hover-black\"><span>Obtenez une consultation gratuite<\/span><\/a><\/div>[\/vc_column][\/vc_row][vc_row][vc_column]<h3 class=\"eut-element eut-title eut-align-center eut-animated-item eut-fade-in eut-duration-normal eut-h5\" style=\"\" data-delay=\"200\"><span><br>\n<h5 class=\"eut-element eut-title eut-align-center eut-animated-item eut-zoom-in eut-duration-normal eut-h4 eut-animated\" data-delay=\"200\">D\u00e9couvrez nos autres solutions.<\/h5>\n<\/span><\/h3><div class=\"eut-empty-space eut-height-1x\" style=\"\"><\/div>[vc_raw_html css=\u00a0\u00bb\u00a0\u00bb]W3NlcnZpY2Vib3hfc2MgaWQ9IjkzNDQiXQ==[\/vc_raw_html][\/vc_column][\/vc_row]<\/p>\n<\/div>","protected":false},"excerpt":{"rendered":"<p>Nous proposons des services de conseil, notamment en mati\u00e8re de cr\u00e9ation d&rsquo;entreprise, de d\u00e9veloppement commercial, de solutions en mati\u00e8re de propri\u00e9t\u00e9 intellectuelle, d&rsquo;assistance aux proc\u00e9dures administratives, de strat\u00e9gie RSE et d&rsquo;internationalisation, parmi d&rsquo;autres. <\/p>\n","protected":false},"author":3,"featured_media":9486,"parent":4945,"menu_order":0,"comment_status":"closed","ping_status":"closed","template":"","meta":{"footnotes":""},"class_list":["post-9428","page","type-page","status-publish","has-post-thumbnail","hentry"],"yoast_head":"<!-- This site is optimized with the Yoast SEO plugin v27.4 - https:\/\/yoast.com\/product\/yoast-seo-wordpress\/ -->\n<title>Conseil en mati\u00e8re d&#039;expansion internationale des entreprises<\/title>\n<meta name=\"description\" content=\"D\u00e9veloppez vos activit\u00e9s au Luxembourg, en Belgique, en France ou en Espagne gr\u00e2ce \u00e0 des conseils d&#039;experts en internationalisation adapt\u00e9s \u00e0 vos objectifs.\" \/>\n<meta name=\"robots\" content=\"index, follow, max-snippet:-1, max-image-preview:large, max-video-preview:-1\" \/>\n<link rel=\"canonical\" href=\"https:\/\/planinlux.lu\/fr\/solutions\/internationalisation\/\" \/>\n<meta property=\"og:locale\" content=\"fr_FR\" \/>\n<meta property=\"og:type\" content=\"article\" \/>\n<meta property=\"og:title\" content=\"Internationalisation | PlaninLux | solutions durables\" \/>\n<meta property=\"og:description\" content=\"Nous proposons des services de conseil, couvrant la strat\u00e9gie RSE, la mise en \u0153uvre, la gestion du changement, l&#039;internationalisation et la labellisation.\" \/>\n<meta property=\"og:url\" content=\"https:\/\/planinlux.lu\/fr\/solutions\/internationalisation\/\" \/>\n<meta property=\"og:site_name\" content=\"PlaninLux\" \/>\n<meta property=\"article:modified_time\" content=\"2025-07-16T14:18:19+00:00\" \/>\n<meta property=\"og:image\" content=\"https:\/\/planinlux.lu\/wp-content\/uploads\/2020\/10\/Planinlux-Sustainable-Consulting-TRANSPARENTE.png\" \/>\n<meta name=\"twitter:card\" content=\"summary_large_image\" \/>\n<meta name=\"twitter:title\" content=\"Internationalisation | PlaninLux | solutions durables\" \/>\n<meta name=\"twitter:description\" content=\"Nous proposons des services de conseil, couvrant la strat\u00e9gie RSE, la mise en \u0153uvre, la gestion du changement, l&#039;internationalisation et la labellisation.\" \/>\n<meta name=\"twitter:image\" content=\"https:\/\/planinlux.lu\/wp-content\/uploads\/2020\/10\/Planinlux-Sustainable-Consulting-TRANSPARENTE.png\" \/>\n<meta name=\"twitter:label1\" content=\"Dur\u00e9e de lecture estim\u00e9e\" \/>\n\t<meta name=\"twitter:data1\" content=\"5 minutes\" \/>\n<script type=\"application\/ld+json\" class=\"yoast-schema-graph\">{\"@context\":\"https:\\\/\\\/schema.org\",\"@graph\":[{\"@type\":\"WebPage\",\"@id\":\"https:\\\/\\\/planinlux.lu\\\/fr\\\/solutions\\\/internationalisation\\\/\",\"url\":\"https:\\\/\\\/planinlux.lu\\\/fr\\\/solutions\\\/internationalisation\\\/\",\"name\":\"Conseil en mati\u00e8re d'expansion internationale des entreprises\",\"isPartOf\":{\"@id\":\"https:\\\/\\\/planinlux.lu\\\/fr\\\/#website\"},\"primaryImageOfPage\":{\"@id\":\"https:\\\/\\\/planinlux.lu\\\/fr\\\/solutions\\\/internationalisation\\\/#primaryimage\"},\"image\":{\"@id\":\"https:\\\/\\\/planinlux.lu\\\/fr\\\/solutions\\\/internationalisation\\\/#primaryimage\"},\"thumbnailUrl\":\"https:\\\/\\\/planinlux.lu\\\/wp-content\\\/uploads\\\/2025\\\/07\\\/Internationalisation-Planinlux-1-scaled.png\",\"datePublished\":\"2025-07-05T15:54:53+00:00\",\"dateModified\":\"2025-07-16T14:18:19+00:00\",\"description\":\"D\u00e9veloppez vos activit\u00e9s au Luxembourg, en Belgique, en France ou en Espagne gr\u00e2ce \u00e0 des conseils d'experts en internationalisation adapt\u00e9s \u00e0 vos objectifs.\",\"breadcrumb\":{\"@id\":\"https:\\\/\\\/planinlux.lu\\\/fr\\\/solutions\\\/internationalisation\\\/#breadcrumb\"},\"inLanguage\":\"fr-FR\",\"potentialAction\":[{\"@type\":\"ReadAction\",\"target\":[\"https:\\\/\\\/planinlux.lu\\\/fr\\\/solutions\\\/internationalisation\\\/\"]}]},{\"@type\":\"ImageObject\",\"inLanguage\":\"fr-FR\",\"@id\":\"https:\\\/\\\/planinlux.lu\\\/fr\\\/solutions\\\/internationalisation\\\/#primaryimage\",\"url\":\"https:\\\/\\\/planinlux.lu\\\/wp-content\\\/uploads\\\/2025\\\/07\\\/Internationalisation-Planinlux-1-scaled.png\",\"contentUrl\":\"https:\\\/\\\/planinlux.lu\\\/wp-content\\\/uploads\\\/2025\\\/07\\\/Internationalisation-Planinlux-1-scaled.png\",\"width\":2560,\"height\":1707},{\"@type\":\"BreadcrumbList\",\"@id\":\"https:\\\/\\\/planinlux.lu\\\/fr\\\/solutions\\\/internationalisation\\\/#breadcrumb\",\"itemListElement\":[{\"@type\":\"ListItem\",\"position\":1,\"name\":\"Home\",\"item\":\"https:\\\/\\\/planinlux.lu\\\/fr\\\/home\\\/\"},{\"@type\":\"ListItem\",\"position\":2,\"name\":\"Solutions\",\"item\":\"https:\\\/\\\/planinlux.lu\\\/fr\\\/solutions\\\/\"},{\"@type\":\"ListItem\",\"position\":3,\"name\":\"Internationalisation\"}]},{\"@type\":\"WebSite\",\"@id\":\"https:\\\/\\\/planinlux.lu\\\/fr\\\/#website\",\"url\":\"https:\\\/\\\/planinlux.lu\\\/fr\\\/\",\"name\":\"PlaninLux\",\"description\":\"Business Solutions\",\"publisher\":{\"@id\":\"https:\\\/\\\/planinlux.lu\\\/fr\\\/#organization\"},\"potentialAction\":[{\"@type\":\"SearchAction\",\"target\":{\"@type\":\"EntryPoint\",\"urlTemplate\":\"https:\\\/\\\/planinlux.lu\\\/fr\\\/?s={search_term_string}\"},\"query-input\":{\"@type\":\"PropertyValueSpecification\",\"valueRequired\":true,\"valueName\":\"search_term_string\"}}],\"inLanguage\":\"fr-FR\"},{\"@type\":\"Organization\",\"@id\":\"https:\\\/\\\/planinlux.lu\\\/fr\\\/#organization\",\"name\":\"PlaninLux\",\"url\":\"https:\\\/\\\/planinlux.lu\\\/fr\\\/\",\"logo\":{\"@type\":\"ImageObject\",\"inLanguage\":\"fr-FR\",\"@id\":\"https:\\\/\\\/planinlux.lu\\\/fr\\\/#\\\/schema\\\/logo\\\/image\\\/\",\"url\":\"\",\"contentUrl\":\"\",\"caption\":\"PlaninLux\"},\"image\":{\"@id\":\"https:\\\/\\\/planinlux.lu\\\/fr\\\/#\\\/schema\\\/logo\\\/image\\\/\"},\"sameAs\":[\"https:\\\/\\\/www.linkedin.com\\\/company\\\/planinlux\\\/\"]}]}<\/script>\n<!-- \/ Yoast SEO plugin. -->","yoast_head_json":{"title":"Conseil en mati\u00e8re d'expansion internationale des entreprises","description":"D\u00e9veloppez vos activit\u00e9s au Luxembourg, en Belgique, en France ou en Espagne gr\u00e2ce \u00e0 des conseils d'experts en internationalisation adapt\u00e9s \u00e0 vos objectifs.","robots":{"index":"index","follow":"follow","max-snippet":"max-snippet:-1","max-image-preview":"max-image-preview:large","max-video-preview":"max-video-preview:-1"},"canonical":"https:\/\/planinlux.lu\/fr\/solutions\/internationalisation\/","og_locale":"fr_FR","og_type":"article","og_title":"Internationalisation | PlaninLux | solutions durables","og_description":"Nous proposons des services de conseil, couvrant la strat\u00e9gie RSE, la mise en \u0153uvre, la gestion du changement, l'internationalisation et la labellisation.","og_url":"https:\/\/planinlux.lu\/fr\/solutions\/internationalisation\/","og_site_name":"PlaninLux","article_modified_time":"2025-07-16T14:18:19+00:00","og_image":[{"url":"https:\/\/planinlux.lu\/wp-content\/uploads\/2020\/10\/Planinlux-Sustainable-Consulting-TRANSPARENTE.png","type":"","width":"","height":""}],"twitter_card":"summary_large_image","twitter_title":"Internationalisation | PlaninLux | solutions durables","twitter_description":"Nous proposons des services de conseil, couvrant la strat\u00e9gie RSE, la mise en \u0153uvre, la gestion du changement, l'internationalisation et la labellisation.","twitter_image":"https:\/\/planinlux.lu\/wp-content\/uploads\/2020\/10\/Planinlux-Sustainable-Consulting-TRANSPARENTE.png","twitter_misc":{"Dur\u00e9e de lecture estim\u00e9e":"5 minutes"},"schema":{"@context":"https:\/\/schema.org","@graph":[{"@type":"WebPage","@id":"https:\/\/planinlux.lu\/fr\/solutions\/internationalisation\/","url":"https:\/\/planinlux.lu\/fr\/solutions\/internationalisation\/","name":"Conseil en mati\u00e8re d'expansion internationale des entreprises","isPartOf":{"@id":"https:\/\/planinlux.lu\/fr\/#website"},"primaryImageOfPage":{"@id":"https:\/\/planinlux.lu\/fr\/solutions\/internationalisation\/#primaryimage"},"image":{"@id":"https:\/\/planinlux.lu\/fr\/solutions\/internationalisation\/#primaryimage"},"thumbnailUrl":"https:\/\/planinlux.lu\/wp-content\/uploads\/2025\/07\/Internationalisation-Planinlux-1-scaled.png","datePublished":"2025-07-05T15:54:53+00:00","dateModified":"2025-07-16T14:18:19+00:00","description":"D\u00e9veloppez vos activit\u00e9s au Luxembourg, en Belgique, en France ou en Espagne gr\u00e2ce \u00e0 des conseils d'experts en internationalisation adapt\u00e9s \u00e0 vos objectifs.","breadcrumb":{"@id":"https:\/\/planinlux.lu\/fr\/solutions\/internationalisation\/#breadcrumb"},"inLanguage":"fr-FR","potentialAction":[{"@type":"ReadAction","target":["https:\/\/planinlux.lu\/fr\/solutions\/internationalisation\/"]}]},{"@type":"ImageObject","inLanguage":"fr-FR","@id":"https:\/\/planinlux.lu\/fr\/solutions\/internationalisation\/#primaryimage","url":"https:\/\/planinlux.lu\/wp-content\/uploads\/2025\/07\/Internationalisation-Planinlux-1-scaled.png","contentUrl":"https:\/\/planinlux.lu\/wp-content\/uploads\/2025\/07\/Internationalisation-Planinlux-1-scaled.png","width":2560,"height":1707},{"@type":"BreadcrumbList","@id":"https:\/\/planinlux.lu\/fr\/solutions\/internationalisation\/#breadcrumb","itemListElement":[{"@type":"ListItem","position":1,"name":"Home","item":"https:\/\/planinlux.lu\/fr\/home\/"},{"@type":"ListItem","position":2,"name":"Solutions","item":"https:\/\/planinlux.lu\/fr\/solutions\/"},{"@type":"ListItem","position":3,"name":"Internationalisation"}]},{"@type":"WebSite","@id":"https:\/\/planinlux.lu\/fr\/#website","url":"https:\/\/planinlux.lu\/fr\/","name":"PlaninLux","description":"Business Solutions","publisher":{"@id":"https:\/\/planinlux.lu\/fr\/#organization"},"potentialAction":[{"@type":"SearchAction","target":{"@type":"EntryPoint","urlTemplate":"https:\/\/planinlux.lu\/fr\/?s={search_term_string}"},"query-input":{"@type":"PropertyValueSpecification","valueRequired":true,"valueName":"search_term_string"}}],"inLanguage":"fr-FR"},{"@type":"Organization","@id":"https:\/\/planinlux.lu\/fr\/#organization","name":"PlaninLux","url":"https:\/\/planinlux.lu\/fr\/","logo":{"@type":"ImageObject","inLanguage":"fr-FR","@id":"https:\/\/planinlux.lu\/fr\/#\/schema\/logo\/image\/","url":"","contentUrl":"","caption":"PlaninLux"},"image":{"@id":"https:\/\/planinlux.lu\/fr\/#\/schema\/logo\/image\/"},"sameAs":["https:\/\/www.linkedin.com\/company\/planinlux\/"]}]}},"_links":{"self":[{"href":"https:\/\/planinlux.lu\/fr\/wp-json\/wp\/v2\/pages\/9428","targetHints":{"allow":["GET"]}}],"collection":[{"href":"https:\/\/planinlux.lu\/fr\/wp-json\/wp\/v2\/pages"}],"about":[{"href":"https:\/\/planinlux.lu\/fr\/wp-json\/wp\/v2\/types\/page"}],"author":[{"embeddable":true,"href":"https:\/\/planinlux.lu\/fr\/wp-json\/wp\/v2\/users\/3"}],"replies":[{"embeddable":true,"href":"https:\/\/planinlux.lu\/fr\/wp-json\/wp\/v2\/comments?post=9428"}],"version-history":[{"count":5,"href":"https:\/\/planinlux.lu\/fr\/wp-json\/wp\/v2\/pages\/9428\/revisions"}],"predecessor-version":[{"id":9600,"href":"https:\/\/planinlux.lu\/fr\/wp-json\/wp\/v2\/pages\/9428\/revisions\/9600"}],"up":[{"embeddable":true,"href":"https:\/\/planinlux.lu\/fr\/wp-json\/wp\/v2\/pages\/4945"}],"wp:featuredmedia":[{"embeddable":true,"href":"https:\/\/planinlux.lu\/fr\/wp-json\/wp\/v2\/media\/9486"}],"wp:attachment":[{"href":"https:\/\/planinlux.lu\/fr\/wp-json\/wp\/v2\/media?parent=9428"}],"curies":[{"name":"wp","href":"https:\/\/api.w.org\/{rel}","templated":true}]}}