{"id":9362,"date":"2025-07-05T12:26:37","date_gmt":"2025-07-05T12:26:37","guid":{"rendered":"https:\/\/planinlux.lu\/?page_id=9362"},"modified":"2025-07-16T14:17:40","modified_gmt":"2025-07-16T14:17:40","slug":"inscription-en-tant-quindependant-au-luxembourg","status":"publish","type":"page","link":"https:\/\/planinlux.lu\/fr\/solutions\/inscription-en-tant-quindependant-au-luxembourg\/","title":{"rendered":"Inscription en tant qu&rsquo;ind\u00e9pendant au Luxembourg"},"content":{"rendered":"<div class=\"wpb-content-wrapper\"><p>[vc_row padding_top_multiplier=\u00a0\u00bb6x\u00a0\u00bb padding_bottom_multiplier=\u00a0\u00bb3x\u00a0\u00bb][vc_column width=\u00a0\u00bb5\/12&Prime; tablet_sm_width=\u00a0\u00bb1&Prime;]<h2 class=\"eut-element eut-title eut-align-left eut-animated-item eut-fade-in-left eut-duration-normal eut-h4\" style=\"\" data-delay=\"200\"><span><br>\n<h4>Inscription en tant qu&rsquo;ind\u00e9pendant au Luxembourg.<\/h4>\n<\/span><\/h2><div class=\"eut-empty-space eut-height-2x\" style=\"\"><\/div>[\/vc_column][vc_column width=\u00a0\u00bb7\/12&Prime; tablet_sm_width=\u00a0\u00bb1&Prime;][vc_column_text css=\u00a0\u00bb\u00a0\u00bb text_style=\u00a0\u00bbleader-text\u00a0\u00bb animation=\u00a0\u00bbeut-fade-in-right\u00a0\u00bb]Nous vous accompagnons dans votre inscription en tant que travailleur ind\u00e9pendant au Luxembourg. De la d\u00e9finition de votre activit\u00e9 jusqu\u2019\u00e0 l\u2019enregistrement aupr\u00e8s des organismes officiels, nous vous conseillons pour que vous remplissiez toutes les obligations l\u00e9gales, fiscales et administratives de mani\u00e8re claire, rapide et s\u00e9curis\u00e9e.[\/vc_column_text][\/vc_column][\/vc_row][vc_row bg_type=\u00a0\u00bbcolor\u00a0\u00bb padding_top_multiplier=\u00a0\u00bb3x\u00a0\u00bb padding_bottom_multiplier=\u00a0\u00bb3x\u00a0\u00bb separator_top_size=\u00a0\u00bb60px\u00a0\u00bb separator_bottom_size=\u00a0\u00bb60px\u00a0\u00bb bg_color=\u00a0\u00bb#F8F8F8&Prime;][vc_column]<div class=\"eut-element eut-title eut-align-center eut-animated-item eut-fade-in-right eut-duration-normal eut-subtitle-text\" style=\"margin-bottom: 6px;\" data-delay=\"200\"><span>\u00c0 qui s\u2019adresse ce service ?<\/span><\/div><div class=\"eut-element eut-title eut-align-center eut-animated-item eut-fade-in-left eut-duration-normal eut-h5\" style=\"\" data-delay=\"200\"><span>Ce service s\u2019adresse \u00e0 :<\/span><\/div><div class=\"eut-empty-space eut-height-1x\" style=\"\"><\/div>[vc_row_inner][vc_column_inner width=\u00a0\u00bb1\/3&Prime;]<div class=\"eut-element eut-box-icon eut-large eut-top-icon eut-align-center eut-animated-item eut-fade-in-left eut-duration-normal\" style=\"\" data-delay=\"200\"><div class=\"eut-wrapper-icon eut-no-shape eut-text-grey\"><i class=\"eut-text-primary-1 fa fa-solid fa-people-robbery\"><\/i><\/div><div class=\"eut-box-content\"><div class=\"eut-box-title-wrapper\"><h4 class=\"eut-box-title eut-h6\">Personnes souhaitant exercer une activit\u00e9 ind\u00e9pendante au Luxembourg.<\/h4><\/div><\/div><\/div><div class=\"eut-empty-space eut-height-1x\" style=\"\"><\/div>[\/vc_column_inner][vc_column_inner width=\u00a0\u00bb1\/3&Prime;]<div class=\"eut-element eut-box-icon eut-large eut-top-icon eut-align-center eut-animated-item eut-fade-in-left eut-duration-normal\" style=\"\" data-delay=\"200\"><div class=\"eut-wrapper-icon eut-no-shape eut-text-grey\"><i class=\"eut-text-primary-1 fa fa-solid fa-child-reaching\"><\/i><\/div><div class=\"eut-box-content\"><div class=\"eut-box-title-wrapper\"><h6 class=\"eut-box-title eut-h6\">Entrepreneurs individuels dans des secteurs comme le conseil, la technologie, la construction, la beaut\u00e9, le transport, l\u2019art, etc.<\/h6><\/div><\/div><\/div><div class=\"eut-empty-space eut-height-1x\" style=\"\"><\/div>[\/vc_column_inner][vc_column_inner width=\u00a0\u00bb1\/3&Prime;]<div class=\"eut-element eut-box-icon eut-large eut-top-icon eut-align-center eut-animated-item eut-fade-in-right eut-duration-normal\" style=\"\" data-delay=\"200\"><div class=\"eut-wrapper-icon eut-no-shape eut-text-grey\"><i class=\"eut-text-primary-1 fa fa-solid fa-newspaper\"><\/i><\/div><div class=\"eut-box-content\"><div class=\"eut-box-title-wrapper\"><h6 class=\"eut-box-title eut-h6\">Personnes ayant besoin d\u2019un accompagnement pour se conformer aux exigences l\u00e9gales et fiscales.<\/h6><\/div><\/div><\/div><div class=\"eut-empty-space eut-height-1x\" style=\"\"><\/div>[\/vc_column_inner][\/vc_row_inner][\/vc_column][\/vc_row][vc_row padding_top_multiplier=\u00a0\u00bb3x\u00a0\u00bb padding_bottom_multiplier=\u00a0\u00bb2x\u00a0\u00bb columns_gap=\u00a0\u00bb60&Prime;][vc_column width=\u00a0\u00bb2\/3&Prime;]<div class=\"eut-element eut-title eut-align-left eut-animated-item eut-fade-in-up eut-duration-normal eut-h5\" style=\"\" data-delay=\"400\"><span>Que comprend le service ?<\/span><\/div>[vc_column_text css=\u00a0\u00bb\u00a0\u00bb animation=\u00a0\u00bbeut-fade-in-up\u00a0\u00bb animation_delay=\u00a0\u00bb600&Prime;]<\/p>\n<ul>\n<li data-start=\"871\" data-end=\"949\">\n<p data-start=\"873\" data-end=\"949\"><strong>Analyse personnalis\u00e9e de votre situation professionnelle <\/strong>et de votre activit\u00e9.<\/p>\n<\/li>\n<li data-start=\"950\" data-end=\"1018\">\n<p data-start=\"952\" data-end=\"1018\">Conseil sur le type d\u2019activit\u00e9 et les <strong>obligations l\u00e9gales<\/strong> applicables.<\/p>\n<\/li>\n<li data-start=\"1019\" data-end=\"1085\">\n<p data-start=\"1021\" data-end=\"1085\">Aide \u00e0 la pr\u00e9paration et \u00e0 la collecte des<strong> documents requis<\/strong>.<\/p>\n<\/li>\n<li data-start=\"1086\" data-end=\"1135\">\n<p data-start=\"1088\" data-end=\"1135\">Orientation pour l\u2019affiliation \u00e0 la <strong>s\u00e9curit\u00e9 sociale<\/strong>.<\/p>\n<\/li>\n<li data-start=\"1136\" data-end=\"1281\">\n<p data-start=\"1138\" data-end=\"1281\">Informations sur les <strong>obligations fiscales <\/strong>en tant qu\u2019ind\u00e9pendant (TVA, d\u00e9claration annuelle, etc.), en collaboration avec des fiduciaires de confiance.<\/p>\n<\/li>\n<li data-start=\"1282\" data-end=\"1357\">\n<p data-start=\"1284\" data-end=\"1357\">V\u00e9rification des conditions pour exercer des <strong>professions r\u00e9glement\u00e9es<\/strong> (le cas \u00e9ch\u00e9ant).<\/p>\n<\/li>\n<\/ul>\n<p>[\/vc_column_text][\/vc_column][vc_column width=\u00a0\u00bb1\/3&Prime;]<div class=\"eut-element eut-title eut-align-left eut-animated-item eut-fade-in-up eut-duration-normal eut-h5\" style=\"\" data-delay=\"400\"><span>Avantages cl\u00e9s<\/span><\/div>[vc_column_text css=\u00a0\u00bb\u00a0\u00bb animation=\u00a0\u00bbeut-fade-in-up\u00a0\u00bb animation_delay=\u00a0\u00bb800&Prime;]<\/p>\n<ul>\n<li data-start=\"1381\" data-end=\"1454\">\n<p data-start=\"1383\" data-end=\"1454\">\u00c9vitez les erreurs courantes qui peuvent retarder ou invalider votre inscription.<\/p>\n<\/li>\n<li data-start=\"1455\" data-end=\"1528\">\n<p data-start=\"1457\" data-end=\"1528\">Accompagnement professionnel dans votre langue tout au long du processus.<\/p>\n<\/li>\n<li data-start=\"1529\" data-end=\"1597\">\n<p data-start=\"1531\" data-end=\"1597\">Compr\u00e9hension claire de vos obligations fiscales et sociales.<\/p>\n<\/li>\n<li data-start=\"1598\" data-end=\"1648\">\n<p data-start=\"1600\" data-end=\"1648\">Gain de temps et r\u00e9duction des risques administratifs.<\/p>\n<\/li>\n<li data-start=\"1649\" data-end=\"1720\">\n<p data-start=\"1651\" data-end=\"1720\">Lancement de votre activit\u00e9 en conformit\u00e9 avec la r\u00e9glementation luxembourgeoise.<\/p>\n<\/li>\n<\/ul>\n<p>[\/vc_column_text][\/vc_column][\/vc_row][vc_row padding_top_multiplier=\u00a0\u00bb\u00a0\u00bb padding_bottom_multiplier=\u00a0\u00bb\u00a0\u00bb][vc_column]<div class=\"eut-element eut-divider\" style=\"\"><div class=\"eut-line-divider eut-border\"><\/div><\/div>[\/vc_column][\/vc_row][vc_row][vc_column]<div class=\"eut-empty-space eut-height-1x\" style=\"\"><\/div>[\/vc_column][\/vc_row][vc_row padding_top_multiplier=\u00a0\u00bb\u00a0\u00bb padding_bottom_multiplier=\u00a0\u00bb\u00a0\u00bb][vc_column width=\u00a0\u00bb1\/4&Prime;]<div class=\"eut-element eut-single-icon eut-align-center eut-extra-large\" style=\"\">  <div class=\"eut-wrapper-icon eut-no-shape eut-text-grey\"><i class=\"et-icon-target eut-text-primary-1\"><\/i><\/div><\/div>[\/vc_column][vc_column width=\u00a0\u00bb3\/4&Prime;]<h3 class=\"eut-element eut-title eut-align-left eut-animated-item eut-fade-in-right eut-duration-normal eut-h5\" style=\"\" data-delay=\"200\"><span>Notre approche<\/span><\/h3>[vc_column_text css=\u00a0\u00bb\u00a0\u00bb animation=\u00a0\u00bbeut-fade-in-right\u00a0\u00bb animation_delay=\u00a0\u00bb300&Prime;]Nous commen\u00e7ons par une session personnalis\u00e9e pour analyser votre situation et l\u2019activit\u00e9 que vous souhaitez exercer. Nous vous aidons ensuite \u00e0 pr\u00e9parer les documents n\u00e9cessaires et vous guidons dans le processus d\u2019enregistrement aupr\u00e8s des autorit\u00e9s comp\u00e9tentes, y compris la demande d&rsquo;autorisation d\u2019\u00e9tablissement. Nous vous expliquons \u00e9galement vos obligations fiscales de base en tant qu\u2019ind\u00e9pendant et, si besoin, nous vous mettons en relation avec des fiduciaires sp\u00e9cialis\u00e9s en gestion comptable et fiscale.[\/vc_column_text][\/vc_column][\/vc_row][vc_row][vc_column]<div class=\"eut-empty-space eut-height-1x\" style=\"\"><\/div>[\/vc_column][\/vc_row][vc_row padding_top_multiplier=\u00a0\u00bb\u00a0\u00bb padding_bottom_multiplier=\u00a0\u00bb\u00a0\u00bb][vc_column]<div class=\"eut-element eut-divider\" style=\"\"><div class=\"eut-line-divider eut-border\"><\/div><\/div>[\/vc_column][\/vc_row][vc_row bg_type=\u00a0\u00bbcolor\u00a0\u00bb padding_top_multiplier=\u00a0\u00bb\u00a0\u00bb padding_bottom_multiplier=\u00a0\u00bb\u00a0\u00bb columns_gap=\u00a0\u00bb40&Prime; bg_color=\u00a0\u00bb#F8F8F8&Prime;][vc_column]<div class=\"eut-empty-space eut-height-2x\" style=\"\"><\/div><h3 class=\"eut-element eut-title eut-align-left eut-animated-item eut-fade-in-right eut-duration-normal eut-h5\" style=\"\" data-delay=\"200\"><span>Questions fr\u00e9quentes<\/span><\/h3>[vc_tta_accordion active_section=\u00a0\u00bb\u00a0\u00bb heading_tag=\u00a0\u00bbh4&Prime; collapsible_all=\u00a0\u00bbtrue\u00a0\u00bb][vc_tta_section title=\u00a0\u00bbAi-je besoin d\u2019un dipl\u00f4me professionnel ?\u00a0\u00bb tab_id=\u00a0\u00bb1751467929930-7a9fa967-9157&Prime;][vc_column_text css=\u00a0\u00bb\u00a0\u00bb]Cela d\u00e9pend du type d\u2019activit\u00e9. Certaines professions sont r\u00e9glement\u00e9es et n\u00e9cessitent des certifications. Nous vous aidons \u00e0 v\u00e9rifier si cela s\u2019applique \u00e0 votre cas.[\/vc_column_text][\/vc_tta_section][vc_tta_section title=\u00a0\u00bbProposez-vous aussi un service de comptabilit\u00e9 ou de d\u00e9claration fiscale ?\u00a0\u00bb tab_id=\u00a0\u00bb1751467929959-7ebd9ea4-3528&Prime;][vc_column_text css=\u00a0\u00bb\u00a0\u00bb]Nous ne proposons pas ces services directement, mais nous vous mettons en contact avec des fiduciaires locaux de confiance, sp\u00e9cialis\u00e9s dans l\u2019accompagnement des ind\u00e9pendants.[\/vc_column_text][\/vc_tta_section][vc_tta_section title=\u00a0\u00bbLe service comprend-il uniquement du conseil ou aussi la gestion compl\u00e8te des d\u00e9marches ?\u00a0\u00bb tab_id=\u00a0\u00bb1751468020761-1d33c8bb-cff3&Prime;][vc_column_text css=\u00a0\u00bb\u00a0\u00bb]Nous nous adaptons \u00e0 vos besoins : nous pouvons vous offrir uniquement un accompagnement conseil ou vous assister dans toutes les \u00e9tapes jusqu\u2019\u00e0 l\u2019inscription compl\u00e8te.[\/vc_column_text][\/vc_tta_section][\/vc_tta_accordion]<div class=\"eut-empty-space eut-height-3x\" style=\"\"><\/div>[\/vc_column][\/vc_row][vc_row heading_color=\u00a0\u00bblight\u00a0\u00bb bg_type=\u00a0\u00bbcolor\u00a0\u00bb padding_top_multiplier=\u00a0\u00bb2x\u00a0\u00bb padding_bottom_multiplier=\u00a0\u00bb\u00a0\u00bb columns_gap=\u00a0\u00bb40&Prime; font_color=\u00a0\u00bb#ffffff\u00a0\u00bb bg_color=\u00a0\u00bb#2ac187&Prime;][vc_column css=\u00a0\u00bb.vc_custom_1751471192043{padding-top: 20px !important;padding-bottom: 40px !important;}\u00a0\u00bb]<h3 class=\"eut-element eut-title eut-align-center eut-animated-item eut-fade-in-right eut-duration-normal eut-h5\" style=\"\" data-delay=\"200\"><span>Pr\u00eat\u00b7e \u00e0 d\u00e9marrer ?<\/span><\/h3>[vc_column_text css=\u00a0\u00bb\u00a0\u00bb]<\/p>\n<p style=\"text-align: center;\">Notre \u00e9quipe est pr\u00eate \u00e0 vous aider \u00e0 vous \u00e9tablir comme professionnel ind\u00e9pendant au Luxembourg, en toute s\u00e9curit\u00e9 et efficacit\u00e9.<\/p>\n<p>[\/vc_column_text]<div class=\"eut-empty-space eut-height-1x\" style=\"\"><\/div><div class=\"eut-element eut-align-center eut-animated-item eut-zoom-in eut-duration-normal\" data-delay=\"200\"><a href=\"https:\/\/planinlux.lu\/fr\/contact\/\" title=\"Contact\" rel=\"nofollow\" class=\"eut-btn eut-btn-large eut-round eut-bg-white eut-bg-hover-black\"><span>Demandez une consultation gratuite<\/span><\/a><\/div>[\/vc_column][\/vc_row][vc_row][vc_column]<h3 class=\"eut-element eut-title eut-align-center eut-animated-item eut-fade-in eut-duration-normal eut-h5\" style=\"\" data-delay=\"200\"><span><br>\n<h5 class=\"eut-element eut-title eut-align-center eut-animated-item eut-zoom-in eut-duration-normal eut-h4 eut-animated\" data-delay=\"200\">D\u00e9couvrez nos autres solutions.<\/h5>\n<\/span><\/h3><div class=\"eut-empty-space eut-height-1x\" style=\"\"><\/div>[vc_raw_html css=\u00a0\u00bb\u00a0\u00bb]W3NlcnZpY2Vib3hfc2MgaWQ9IjkzNDQiXQ==[\/vc_raw_html][\/vc_column][\/vc_row]<\/p>\n<\/div>","protected":false},"excerpt":{"rendered":"<p>Nous proposons des services de conseil, notamment en mati\u00e8re de cr\u00e9ation d&rsquo;entreprise, de d\u00e9veloppement commercial, de solutions en mati\u00e8re de propri\u00e9t\u00e9 intellectuelle, d&rsquo;assistance aux proc\u00e9dures administratives, de strat\u00e9gie RSE et d&rsquo;internationalisation, parmi d&rsquo;autres. <\/p>\n","protected":false},"author":3,"featured_media":8272,"parent":4945,"menu_order":0,"comment_status":"closed","ping_status":"closed","template":"","meta":{"footnotes":""},"class_list":["post-9362","page","type-page","status-publish","has-post-thumbnail","hentry"],"yoast_head":"<!-- This site is optimized with the Yoast SEO plugin v27.4 - https:\/\/yoast.com\/product\/yoast-seo-wordpress\/ -->\n<title>Inscription en tant qu&#039;ind\u00e9pendant au Luxembourg<\/title>\n<meta name=\"description\" content=\"D\u00e9marrez votre activit\u00e9 en tant qu&#039;ind\u00e9pendant au Luxembourg en toute conformit\u00e9 juridique et fiscale. Nous vous aidons \u00e0 vous inscrire en tant que professionnel ind\u00e9pendant de mani\u00e8re claire, rapide et s\u00fbre.\" \/>\n<meta name=\"robots\" content=\"index, follow, max-snippet:-1, max-image-preview:large, max-video-preview:-1\" \/>\n<link rel=\"canonical\" href=\"https:\/\/planinlux.lu\/fr\/solutions\/inscription-en-tant-quindependant-au-luxembourg\/\" \/>\n<meta property=\"og:locale\" content=\"fr_FR\" \/>\n<meta property=\"og:type\" content=\"article\" \/>\n<meta property=\"og:title\" content=\"Inscription en tant qu&#039;ind\u00e9pendant au Luxembourg | PlaninLux | solutions durables\" \/>\n<meta property=\"og:description\" content=\"Nous proposons des services de conseil, couvrant la strat\u00e9gie RSE, la mise en \u0153uvre, la gestion du changement, l&#039;internationalisation et la labellisation.\" \/>\n<meta property=\"og:url\" content=\"https:\/\/planinlux.lu\/fr\/solutions\/inscription-en-tant-quindependant-au-luxembourg\/\" \/>\n<meta property=\"og:site_name\" content=\"PlaninLux\" \/>\n<meta property=\"article:modified_time\" content=\"2025-07-16T14:17:40+00:00\" \/>\n<meta property=\"og:image\" content=\"https:\/\/planinlux.lu\/wp-content\/uploads\/2020\/10\/Planinlux-Sustainable-Consulting-TRANSPARENTE.png\" \/>\n<meta name=\"twitter:card\" content=\"summary_large_image\" \/>\n<meta name=\"twitter:title\" content=\"Inscription en tant qu&#039;ind\u00e9pendant au Luxembourg | PlaninLux | solutions durables\" \/>\n<meta name=\"twitter:description\" content=\"Nous proposons des services de conseil, couvrant la strat\u00e9gie RSE, la mise en \u0153uvre, la gestion du changement, l&#039;internationalisation et la labellisation.\" \/>\n<meta name=\"twitter:image\" content=\"https:\/\/planinlux.lu\/wp-content\/uploads\/2020\/10\/Planinlux-Sustainable-Consulting-TRANSPARENTE.png\" \/>\n<meta name=\"twitter:label1\" content=\"Dur\u00e9e de lecture estim\u00e9e\" \/>\n\t<meta name=\"twitter:data1\" content=\"5 minutes\" \/>\n<script type=\"application\/ld+json\" class=\"yoast-schema-graph\">{\"@context\":\"https:\\\/\\\/schema.org\",\"@graph\":[{\"@type\":\"WebPage\",\"@id\":\"https:\\\/\\\/planinlux.lu\\\/fr\\\/solutions\\\/inscription-en-tant-quindependant-au-luxembourg\\\/\",\"url\":\"https:\\\/\\\/planinlux.lu\\\/fr\\\/solutions\\\/inscription-en-tant-quindependant-au-luxembourg\\\/\",\"name\":\"Inscription en tant qu'ind\u00e9pendant au Luxembourg\",\"isPartOf\":{\"@id\":\"https:\\\/\\\/planinlux.lu\\\/fr\\\/#website\"},\"primaryImageOfPage\":{\"@id\":\"https:\\\/\\\/planinlux.lu\\\/fr\\\/solutions\\\/inscription-en-tant-quindependant-au-luxembourg\\\/#primaryimage\"},\"image\":{\"@id\":\"https:\\\/\\\/planinlux.lu\\\/fr\\\/solutions\\\/inscription-en-tant-quindependant-au-luxembourg\\\/#primaryimage\"},\"thumbnailUrl\":\"https:\\\/\\\/planinlux.lu\\\/wp-content\\\/uploads\\\/2023\\\/08\\\/Business-Permit.png\",\"datePublished\":\"2025-07-05T12:26:37+00:00\",\"dateModified\":\"2025-07-16T14:17:40+00:00\",\"description\":\"D\u00e9marrez votre activit\u00e9 en tant qu'ind\u00e9pendant au Luxembourg en toute conformit\u00e9 juridique et fiscale. Nous vous aidons \u00e0 vous inscrire en tant que professionnel ind\u00e9pendant de mani\u00e8re claire, rapide et s\u00fbre.\",\"breadcrumb\":{\"@id\":\"https:\\\/\\\/planinlux.lu\\\/fr\\\/solutions\\\/inscription-en-tant-quindependant-au-luxembourg\\\/#breadcrumb\"},\"inLanguage\":\"fr-FR\",\"potentialAction\":[{\"@type\":\"ReadAction\",\"target\":[\"https:\\\/\\\/planinlux.lu\\\/fr\\\/solutions\\\/inscription-en-tant-quindependant-au-luxembourg\\\/\"]}]},{\"@type\":\"ImageObject\",\"inLanguage\":\"fr-FR\",\"@id\":\"https:\\\/\\\/planinlux.lu\\\/fr\\\/solutions\\\/inscription-en-tant-quindependant-au-luxembourg\\\/#primaryimage\",\"url\":\"https:\\\/\\\/planinlux.lu\\\/wp-content\\\/uploads\\\/2023\\\/08\\\/Business-Permit.png\",\"contentUrl\":\"https:\\\/\\\/planinlux.lu\\\/wp-content\\\/uploads\\\/2023\\\/08\\\/Business-Permit.png\",\"width\":2000,\"height\":1333},{\"@type\":\"BreadcrumbList\",\"@id\":\"https:\\\/\\\/planinlux.lu\\\/fr\\\/solutions\\\/inscription-en-tant-quindependant-au-luxembourg\\\/#breadcrumb\",\"itemListElement\":[{\"@type\":\"ListItem\",\"position\":1,\"name\":\"Home\",\"item\":\"https:\\\/\\\/planinlux.lu\\\/fr\\\/home\\\/\"},{\"@type\":\"ListItem\",\"position\":2,\"name\":\"Solutions\",\"item\":\"https:\\\/\\\/planinlux.lu\\\/fr\\\/solutions\\\/\"},{\"@type\":\"ListItem\",\"position\":3,\"name\":\"Inscription en tant qu&#8217;ind\u00e9pendant au Luxembourg\"}]},{\"@type\":\"WebSite\",\"@id\":\"https:\\\/\\\/planinlux.lu\\\/fr\\\/#website\",\"url\":\"https:\\\/\\\/planinlux.lu\\\/fr\\\/\",\"name\":\"PlaninLux\",\"description\":\"Business Solutions\",\"publisher\":{\"@id\":\"https:\\\/\\\/planinlux.lu\\\/fr\\\/#organization\"},\"potentialAction\":[{\"@type\":\"SearchAction\",\"target\":{\"@type\":\"EntryPoint\",\"urlTemplate\":\"https:\\\/\\\/planinlux.lu\\\/fr\\\/?s={search_term_string}\"},\"query-input\":{\"@type\":\"PropertyValueSpecification\",\"valueRequired\":true,\"valueName\":\"search_term_string\"}}],\"inLanguage\":\"fr-FR\"},{\"@type\":\"Organization\",\"@id\":\"https:\\\/\\\/planinlux.lu\\\/fr\\\/#organization\",\"name\":\"PlaninLux\",\"url\":\"https:\\\/\\\/planinlux.lu\\\/fr\\\/\",\"logo\":{\"@type\":\"ImageObject\",\"inLanguage\":\"fr-FR\",\"@id\":\"https:\\\/\\\/planinlux.lu\\\/fr\\\/#\\\/schema\\\/logo\\\/image\\\/\",\"url\":\"\",\"contentUrl\":\"\",\"caption\":\"PlaninLux\"},\"image\":{\"@id\":\"https:\\\/\\\/planinlux.lu\\\/fr\\\/#\\\/schema\\\/logo\\\/image\\\/\"},\"sameAs\":[\"https:\\\/\\\/www.linkedin.com\\\/company\\\/planinlux\\\/\"]}]}<\/script>\n<!-- \/ Yoast SEO plugin. -->","yoast_head_json":{"title":"Inscription en tant qu'ind\u00e9pendant au Luxembourg","description":"D\u00e9marrez votre activit\u00e9 en tant qu'ind\u00e9pendant au Luxembourg en toute conformit\u00e9 juridique et fiscale. Nous vous aidons \u00e0 vous inscrire en tant que professionnel ind\u00e9pendant de mani\u00e8re claire, rapide et s\u00fbre.","robots":{"index":"index","follow":"follow","max-snippet":"max-snippet:-1","max-image-preview":"max-image-preview:large","max-video-preview":"max-video-preview:-1"},"canonical":"https:\/\/planinlux.lu\/fr\/solutions\/inscription-en-tant-quindependant-au-luxembourg\/","og_locale":"fr_FR","og_type":"article","og_title":"Inscription en tant qu'ind\u00e9pendant au Luxembourg | PlaninLux | solutions durables","og_description":"Nous proposons des services de conseil, couvrant la strat\u00e9gie RSE, la mise en \u0153uvre, la gestion du changement, l'internationalisation et la labellisation.","og_url":"https:\/\/planinlux.lu\/fr\/solutions\/inscription-en-tant-quindependant-au-luxembourg\/","og_site_name":"PlaninLux","article_modified_time":"2025-07-16T14:17:40+00:00","og_image":[{"url":"https:\/\/planinlux.lu\/wp-content\/uploads\/2020\/10\/Planinlux-Sustainable-Consulting-TRANSPARENTE.png","type":"","width":"","height":""}],"twitter_card":"summary_large_image","twitter_title":"Inscription en tant qu'ind\u00e9pendant au Luxembourg | PlaninLux | solutions durables","twitter_description":"Nous proposons des services de conseil, couvrant la strat\u00e9gie RSE, la mise en \u0153uvre, la gestion du changement, l'internationalisation et la labellisation.","twitter_image":"https:\/\/planinlux.lu\/wp-content\/uploads\/2020\/10\/Planinlux-Sustainable-Consulting-TRANSPARENTE.png","twitter_misc":{"Dur\u00e9e de lecture estim\u00e9e":"5 minutes"},"schema":{"@context":"https:\/\/schema.org","@graph":[{"@type":"WebPage","@id":"https:\/\/planinlux.lu\/fr\/solutions\/inscription-en-tant-quindependant-au-luxembourg\/","url":"https:\/\/planinlux.lu\/fr\/solutions\/inscription-en-tant-quindependant-au-luxembourg\/","name":"Inscription en tant qu'ind\u00e9pendant au Luxembourg","isPartOf":{"@id":"https:\/\/planinlux.lu\/fr\/#website"},"primaryImageOfPage":{"@id":"https:\/\/planinlux.lu\/fr\/solutions\/inscription-en-tant-quindependant-au-luxembourg\/#primaryimage"},"image":{"@id":"https:\/\/planinlux.lu\/fr\/solutions\/inscription-en-tant-quindependant-au-luxembourg\/#primaryimage"},"thumbnailUrl":"https:\/\/planinlux.lu\/wp-content\/uploads\/2023\/08\/Business-Permit.png","datePublished":"2025-07-05T12:26:37+00:00","dateModified":"2025-07-16T14:17:40+00:00","description":"D\u00e9marrez votre activit\u00e9 en tant qu'ind\u00e9pendant au Luxembourg en toute conformit\u00e9 juridique et fiscale. Nous vous aidons \u00e0 vous inscrire en tant que professionnel ind\u00e9pendant de mani\u00e8re claire, rapide et s\u00fbre.","breadcrumb":{"@id":"https:\/\/planinlux.lu\/fr\/solutions\/inscription-en-tant-quindependant-au-luxembourg\/#breadcrumb"},"inLanguage":"fr-FR","potentialAction":[{"@type":"ReadAction","target":["https:\/\/planinlux.lu\/fr\/solutions\/inscription-en-tant-quindependant-au-luxembourg\/"]}]},{"@type":"ImageObject","inLanguage":"fr-FR","@id":"https:\/\/planinlux.lu\/fr\/solutions\/inscription-en-tant-quindependant-au-luxembourg\/#primaryimage","url":"https:\/\/planinlux.lu\/wp-content\/uploads\/2023\/08\/Business-Permit.png","contentUrl":"https:\/\/planinlux.lu\/wp-content\/uploads\/2023\/08\/Business-Permit.png","width":2000,"height":1333},{"@type":"BreadcrumbList","@id":"https:\/\/planinlux.lu\/fr\/solutions\/inscription-en-tant-quindependant-au-luxembourg\/#breadcrumb","itemListElement":[{"@type":"ListItem","position":1,"name":"Home","item":"https:\/\/planinlux.lu\/fr\/home\/"},{"@type":"ListItem","position":2,"name":"Solutions","item":"https:\/\/planinlux.lu\/fr\/solutions\/"},{"@type":"ListItem","position":3,"name":"Inscription en tant qu&#8217;ind\u00e9pendant au Luxembourg"}]},{"@type":"WebSite","@id":"https:\/\/planinlux.lu\/fr\/#website","url":"https:\/\/planinlux.lu\/fr\/","name":"PlaninLux","description":"Business Solutions","publisher":{"@id":"https:\/\/planinlux.lu\/fr\/#organization"},"potentialAction":[{"@type":"SearchAction","target":{"@type":"EntryPoint","urlTemplate":"https:\/\/planinlux.lu\/fr\/?s={search_term_string}"},"query-input":{"@type":"PropertyValueSpecification","valueRequired":true,"valueName":"search_term_string"}}],"inLanguage":"fr-FR"},{"@type":"Organization","@id":"https:\/\/planinlux.lu\/fr\/#organization","name":"PlaninLux","url":"https:\/\/planinlux.lu\/fr\/","logo":{"@type":"ImageObject","inLanguage":"fr-FR","@id":"https:\/\/planinlux.lu\/fr\/#\/schema\/logo\/image\/","url":"","contentUrl":"","caption":"PlaninLux"},"image":{"@id":"https:\/\/planinlux.lu\/fr\/#\/schema\/logo\/image\/"},"sameAs":["https:\/\/www.linkedin.com\/company\/planinlux\/"]}]}},"_links":{"self":[{"href":"https:\/\/planinlux.lu\/fr\/wp-json\/wp\/v2\/pages\/9362","targetHints":{"allow":["GET"]}}],"collection":[{"href":"https:\/\/planinlux.lu\/fr\/wp-json\/wp\/v2\/pages"}],"about":[{"href":"https:\/\/planinlux.lu\/fr\/wp-json\/wp\/v2\/types\/page"}],"author":[{"embeddable":true,"href":"https:\/\/planinlux.lu\/fr\/wp-json\/wp\/v2\/users\/3"}],"replies":[{"embeddable":true,"href":"https:\/\/planinlux.lu\/fr\/wp-json\/wp\/v2\/comments?post=9362"}],"version-history":[{"count":9,"href":"https:\/\/planinlux.lu\/fr\/wp-json\/wp\/v2\/pages\/9362\/revisions"}],"predecessor-version":[{"id":9586,"href":"https:\/\/planinlux.lu\/fr\/wp-json\/wp\/v2\/pages\/9362\/revisions\/9586"}],"up":[{"embeddable":true,"href":"https:\/\/planinlux.lu\/fr\/wp-json\/wp\/v2\/pages\/4945"}],"wp:featuredmedia":[{"embeddable":true,"href":"https:\/\/planinlux.lu\/fr\/wp-json\/wp\/v2\/media\/8272"}],"wp:attachment":[{"href":"https:\/\/planinlux.lu\/fr\/wp-json\/wp\/v2\/media?parent=9362"}],"curies":[{"name":"wp","href":"https:\/\/api.w.org\/{rel}","templated":true}]}}