{"id":9309,"date":"2025-07-02T14:07:22","date_gmt":"2025-07-02T14:07:22","guid":{"rendered":"https:\/\/planinlux.lu\/?page_id=9309"},"modified":"2025-07-15T14:46:17","modified_gmt":"2025-07-15T14:46:17","slug":"creer-une-societe-au-luxembourg","status":"publish","type":"page","link":"https:\/\/planinlux.lu\/fr\/solutions\/creer-une-societe-au-luxembourg\/","title":{"rendered":"Cr\u00e9er une soci\u00e9t\u00e9 au Luxembourg"},"content":{"rendered":"<div class=\"wpb-content-wrapper\"><p>[vc_row padding_top_multiplier=\u00a0\u00bb6x\u00a0\u00bb padding_bottom_multiplier=\u00a0\u00bb3x\u00a0\u00bb][vc_column width=\u00a0\u00bb5\/12&Prime; tablet_sm_width=\u00a0\u00bb1&Prime;]<h2 class=\"eut-element eut-title eut-align-left eut-animated-item eut-fade-in-left eut-duration-normal eut-h4\" style=\"\" data-delay=\"200\"><span><br>\n<h4>Cr\u00e9er une soci\u00e9t\u00e9 au Luxembourg.<\/h4>\n<\/span><\/h2><div class=\"eut-empty-space eut-height-2x\" style=\"\"><\/div>[\/vc_column][vc_column width=\u00a0\u00bb7\/12&Prime; tablet_sm_width=\u00a0\u00bb1&Prime;][vc_column_text css=\u00a0\u00bb\u00a0\u00bb text_style=\u00a0\u00bbleader-text\u00a0\u00bb animation=\u00a0\u00bbeut-fade-in-right\u00a0\u00bb]Nous vous aidons \u00e0 transformer votre id\u00e9e d\u2019entreprise en une soci\u00e9t\u00e9 l\u00e9galement enregistr\u00e9e au Luxembourg. Nous vous accompagnons tout au long du processus de cr\u00e9ation, en tant que conseillers strat\u00e9giques et interm\u00e9diaires entre vous et les fiduciaires, notaires, banques et autres acteurs cl\u00e9s.[\/vc_column_text][\/vc_column][\/vc_row][vc_row bg_type=\u00a0\u00bbcolor\u00a0\u00bb padding_top_multiplier=\u00a0\u00bb3x\u00a0\u00bb padding_bottom_multiplier=\u00a0\u00bb3x\u00a0\u00bb separator_top_size=\u00a0\u00bb60px\u00a0\u00bb separator_bottom_size=\u00a0\u00bb60px\u00a0\u00bb bg_color=\u00a0\u00bb#F8F8F8&Prime;][vc_column]<div class=\"eut-element eut-title eut-align-center eut-animated-item eut-fade-in-right eut-duration-normal eut-subtitle-text\" style=\"margin-bottom: 6px;\" data-delay=\"200\"><span>\u00c0 qui s\u2019adresse ce service ?<\/span><\/div><div class=\"eut-element eut-title eut-align-center eut-animated-item eut-fade-in-left eut-duration-normal eut-h5\" style=\"\" data-delay=\"200\"><span>Ce service s\u2019adresse \u00e0 :<\/span><\/div><div class=\"eut-empty-space eut-height-1x\" style=\"\"><\/div>[vc_row_inner][vc_column_inner width=\u00a0\u00bb1\/3&Prime;]<div class=\"eut-element eut-box-icon eut-large eut-top-icon eut-align-center eut-animated-item eut-fade-in-left eut-duration-normal\" style=\"\" data-delay=\"200\"><div class=\"eut-wrapper-icon eut-no-shape eut-text-grey\"><i class=\"eut-text-primary-1 fa fa-solid fa-people-group\"><\/i><\/div><div class=\"eut-box-content\"><div class=\"eut-box-title-wrapper\"><h4 class=\"eut-box-title eut-h6\">Des entrepreneurs souhaitant cr\u00e9er leur premi\u00e8re soci\u00e9t\u00e9 au Luxembourg<\/h4><\/div><\/div><\/div><div class=\"eut-empty-space eut-height-1x\" style=\"\"><\/div>[\/vc_column_inner][vc_column_inner width=\u00a0\u00bb1\/3&Prime;]<div class=\"eut-element eut-box-icon eut-large eut-top-icon eut-align-center eut-animated-item eut-fade-in-left eut-duration-normal\" style=\"\" data-delay=\"200\"><div class=\"eut-wrapper-icon eut-no-shape eut-text-grey\"><i class=\"eut-text-primary-1 fa fa-regular fa-building\"><\/i><\/div><div class=\"eut-box-content\"><div class=\"eut-box-title-wrapper\"><h6 class=\"eut-box-title eut-h6\">Des investisseurs \u00e9trangers cherchant \u00e0 s\u2019implanter sur le march\u00e9 luxembourgeois<\/h6><\/div><\/div><\/div><div class=\"eut-empty-space eut-height-1x\" style=\"\"><\/div>[\/vc_column_inner][vc_column_inner width=\u00a0\u00bb1\/3&Prime;]<div class=\"eut-element eut-box-icon eut-large eut-top-icon eut-align-center eut-animated-item eut-fade-in-right eut-duration-normal\" style=\"\" data-delay=\"200\"><div class=\"eut-wrapper-icon eut-no-shape eut-text-grey\"><i class=\"eut-text-primary-1 fa fa-brands fa-space-awesome\"><\/i><\/div><div class=\"eut-box-content\"><div class=\"eut-box-title-wrapper\"><h6 class=\"eut-box-title eut-h6\">Des start-ups ou PME souhaitant garantir une conformit\u00e9 l\u00e9gale et administrative d\u00e8s le d\u00e9part<\/h6><\/div><\/div><\/div><div class=\"eut-empty-space eut-height-1x\" style=\"\"><\/div>[\/vc_column_inner][\/vc_row_inner][\/vc_column][\/vc_row][vc_row padding_top_multiplier=\u00a0\u00bb3x\u00a0\u00bb padding_bottom_multiplier=\u00a0\u00bb2x\u00a0\u00bb columns_gap=\u00a0\u00bb60&Prime;][vc_column width=\u00a0\u00bb2\/3&Prime;]<div class=\"eut-element eut-title eut-align-left eut-animated-item eut-fade-in-up eut-duration-normal eut-h5\" style=\"\" data-delay=\"400\"><span>Que comprend le service ?<\/span><\/div>[vc_column_text css=\u00a0\u00bb\u00a0\u00bb animation=\u00a0\u00bbeut-fade-in-up\u00a0\u00bb animation_delay=\u00a0\u00bb600&Prime;]<\/p>\n<p data-start=\"844\" data-end=\"902\">Nous vous accompagnons \u00e0 chaque \u00e9tape, notamment :<\/p>\n<ul data-start=\"904\" data-end=\"1911\">\n<li data-start=\"904\" data-end=\"1076\">\n<p data-start=\"906\" data-end=\"1076\"><strong data-start=\"906\" data-end=\"943\">Conseil personnalis\u00e9 initial<\/strong> : analyse de votre projet, choix de la forme juridique la plus adapt\u00e9e (SARL, SA, etc.) et v\u00e9rification des exigences l\u00e9gales et administratives.<\/p>\n<\/li>\n<li data-start=\"1077\" data-end=\"1193\">\n<p data-start=\"1079\" data-end=\"1193\"><strong data-start=\"1079\" data-end=\"1128\">Assistance \u00e0 la demande<\/strong> <em data-start=\"1130\" data-end=\"1160\">d\u2019autorisation d\u2019\u00e9tablissement<\/em> aupr\u00e8s du Minist\u00e8re de l\u2019\u00c9conomie.<\/p>\n<\/li>\n<li data-start=\"1194\" data-end=\"1353\">\n<p data-start=\"1196\" data-end=\"1353\"><strong data-start=\"1196\" data-end=\"1234\">Cartographie des aides disponibles<\/strong> : identification des subventions publiques ou priv\u00e9es adapt\u00e9es \u00e0 votre profil et secteur d\u2019activit\u00e9.<\/p>\n<\/li>\n<li data-start=\"1354\" data-end=\"1507\">\n<p data-start=\"1356\" data-end=\"1507\"><strong data-start=\"1356\" data-end=\"1392\">Mise en relation avec des fiduciaires de confiance<\/strong> : coordination avec des professionnels accr\u00e9dit\u00e9s pour la r\u00e9daction des statuts, les d\u00e9marches notariales et les formalit\u00e9s l\u00e9gales.<\/p>\n<\/li>\n<li data-start=\"1508\" data-end=\"1621\">\n<p data-start=\"1510\" data-end=\"1621\"><strong data-start=\"1510\" data-end=\"1534\">Accompagnement pour l\u2019ouverture de comptes bancaires<\/strong> : aide \u00e0 la constitution du dossier et mise en contact avec des \u00e9tablissements bancaires.<\/p>\n<\/li>\n<li data-start=\"1622\" data-end=\"1703\">\n<p data-start=\"1624\" data-end=\"1703\"><strong data-start=\"1624\" data-end=\"1651\">Assistance multilingue <\/strong>: accompagnement possible en fran\u00e7ais, espagnol ou anglais.<\/p>\n<\/li>\n<li data-start=\"1704\" data-end=\"1796\">\n<p data-start=\"1706\" data-end=\"1796\"><strong data-start=\"1706\" data-end=\"1747\">Suivi du processus de cr\u00e9ation<\/strong> : coordination des \u00e9tapes, respect des d\u00e9lais et v\u00e9rification des documents.<\/p>\n<\/li>\n<li data-start=\"1797\" data-end=\"1911\">\n<p data-start=\"1799\" data-end=\"1911\"><strong data-start=\"1799\" data-end=\"1825\">Soutien administratif <\/strong>: aide pour remplir les formulaires, effectuer les enregistrements et assurer la communication avec les autorit\u00e9s si n\u00e9cessaire.<\/p>\n<\/li>\n<\/ul>\n<p>[\/vc_column_text][\/vc_column][vc_column width=\u00a0\u00bb1\/3&Prime;]<div class=\"eut-element eut-title eut-align-left eut-animated-item eut-fade-in-up eut-duration-normal eut-h5\" style=\"\" data-delay=\"400\"><span>Avantages cl\u00e9s<\/span><\/div>[vc_column_text css=\u00a0\u00bb\u00a0\u00bb animation=\u00a0\u00bbeut-fade-in-up\u00a0\u00bb animation_delay=\u00a0\u00bb800&Prime;]<\/p>\n<ul>\n<li data-start=\"1941\" data-end=\"1975\">\n<p data-start=\"1943\" data-end=\"1975\">\u00c9vitez les erreurs co\u00fbteuses ou les retards.<\/p>\n<\/li>\n<li data-start=\"1941\" data-end=\"1975\">\n<p data-start=\"1943\" data-end=\"1975\">Gagnez du temps gr\u00e2ce \u00e0 notre r\u00e9seau de partenaires d\u00e9j\u00e0 valid\u00e9.<\/p>\n<\/li>\n<li data-start=\"2033\" data-end=\"2102\">\n<p data-start=\"2035\" data-end=\"2102\">Communication claire dans votre langue tout au long du processus.<\/p>\n<\/li>\n<li data-start=\"2103\" data-end=\"2175\">\n<p data-start=\"2105\" data-end=\"2175\">Vision strat\u00e9gique pour choisir la structure juridique la plus adapt\u00e9e.<\/p>\n<\/li>\n<li data-start=\"2176\" data-end=\"2231\">\n<p data-start=\"2178\" data-end=\"2231\">Accompagnement humain et professionnel, sans mauvaise surprise.<\/p>\n<\/li>\n<\/ul>\n<p>[\/vc_column_text][\/vc_column][\/vc_row][vc_row padding_top_multiplier=\u00a0\u00bb\u00a0\u00bb padding_bottom_multiplier=\u00a0\u00bb\u00a0\u00bb][vc_column]<div class=\"eut-element eut-divider\" style=\"\"><div class=\"eut-line-divider eut-border\"><\/div><\/div>[\/vc_column][\/vc_row][vc_row][vc_column]<div class=\"eut-empty-space eut-height-1x\" style=\"\"><\/div>[\/vc_column][\/vc_row][vc_row padding_top_multiplier=\u00a0\u00bb\u00a0\u00bb padding_bottom_multiplier=\u00a0\u00bb\u00a0\u00bb][vc_column width=\u00a0\u00bb1\/4&Prime;]<div class=\"eut-element eut-single-icon eut-align-center eut-extra-large\" style=\"\">  <div class=\"eut-wrapper-icon eut-no-shape eut-text-grey\"><i class=\"et-icon-target eut-text-primary-1\"><\/i><\/div><\/div>[\/vc_column][vc_column width=\u00a0\u00bb3\/4&Prime;]<h3 class=\"eut-element eut-title eut-align-left eut-animated-item eut-fade-in-right eut-duration-normal eut-h5\" style=\"\" data-delay=\"200\"><span>Notre approche<\/span><\/h3>[vc_column_text css=\u00a0\u00bb\u00a0\u00bb animation=\u00a0\u00bbeut-fade-in-right\u00a0\u00bb animation_delay=\u00a0\u00bb300&Prime;]Nous proposons une <strong data-start=\"2273\" data-end=\"2313\">consultance pratique et accessible,<\/strong> id\u00e9ale pour les personnes qui ne sont pas famili\u00e8res avec l\u2019environnement administratif luxembourgeois. Nous agissons comme interlocuteur unique pour simplifier le processus, sans remplacer les acteurs officiels, mais en veillant \u00e0 ce que vous soyez bien inform\u00e9 et accompagn\u00e9 \u00e0 chaque \u00e9tape.[\/vc_column_text][\/vc_column][\/vc_row][vc_row][vc_column]<div class=\"eut-empty-space eut-height-1x\" style=\"\"><\/div>[\/vc_column][\/vc_row][vc_row padding_top_multiplier=\u00a0\u00bb\u00a0\u00bb padding_bottom_multiplier=\u00a0\u00bb\u00a0\u00bb][vc_column]<div class=\"eut-element eut-divider\" style=\"\"><div class=\"eut-line-divider eut-border\"><\/div><\/div>[\/vc_column][\/vc_row][vc_row bg_type=\u00a0\u00bbcolor\u00a0\u00bb padding_top_multiplier=\u00a0\u00bb\u00a0\u00bb padding_bottom_multiplier=\u00a0\u00bb\u00a0\u00bb columns_gap=\u00a0\u00bb40&Prime; bg_color=\u00a0\u00bb#F8F8F8&Prime;][vc_column]<div class=\"eut-empty-space eut-height-2x\" style=\"\"><\/div><h3 class=\"eut-element eut-title eut-align-left eut-animated-item eut-fade-in-right eut-duration-normal eut-h5\" style=\"\" data-delay=\"200\"><span>Questions fr\u00e9quentes<\/span><\/h3>[vc_tta_accordion active_section=\u00a0\u00bb\u00a0\u00bb heading_tag=\u00a0\u00bbh4&Prime; collapsible_all=\u00a0\u00bbtrue\u00a0\u00bb][vc_tta_section title=\u00a0\u00bbEst-il obligatoire de passer par une fiduciaire pour cr\u00e9er une entreprise au Luxembourg ?\u00a0\u00bb tab_id=\u00a0\u00bb1751467929930-7a9fa967-9157&Prime;][vc_column_text css=\u00a0\u00bb\u00a0\u00bb]Oui, pour certaines formes juridiques comme la SARL ou la SA, l\u2019intervention d\u2019une fiduciaire et d\u2019un notaire est requise. Nous vous orientons vers les professionnels les plus adapt\u00e9s.[\/vc_column_text][\/vc_tta_section][vc_tta_section title=\u00a0\u00bbPuis-je cr\u00e9er mon entreprise \u00e0 distance depuis l\u2019\u00e9tranger ?\u00a0\u00bb tab_id=\u00a0\u00bb1751467929959-7ebd9ea4-3528&Prime;][vc_column_text css=\u00a0\u00bb\u00a0\u00bb]Dans de nombreux cas, oui. Cela d\u00e9pend de votre nationalit\u00e9 et du type de soci\u00e9t\u00e9. Nous vous aidons \u00e0 clarifier vos possibilit\u00e9s.[\/vc_column_text][\/vc_tta_section][vc_tta_section title=\u00a0\u00bbQuel est le co\u00fbt du service Planinlux ?\u00a0\u00bb tab_id=\u00a0\u00bb1751468020761-1d33c8bb-cff3&Prime;][vc_column_text css=\u00a0\u00bb\u00a0\u00bb]Nos tarifs varient selon le niveau d\u2019accompagnement souhait\u00e9. Demandez un appel gratuit et nous vous enverrons une proposition personnalis\u00e9e.[\/vc_column_text][\/vc_tta_section][\/vc_tta_accordion]<div class=\"eut-empty-space eut-height-3x\" style=\"\"><\/div>[\/vc_column][\/vc_row][vc_row heading_color=\u00a0\u00bblight\u00a0\u00bb bg_type=\u00a0\u00bbcolor\u00a0\u00bb padding_top_multiplier=\u00a0\u00bb2x\u00a0\u00bb padding_bottom_multiplier=\u00a0\u00bb\u00a0\u00bb columns_gap=\u00a0\u00bb40&Prime; font_color=\u00a0\u00bb#ffffff\u00a0\u00bb bg_color=\u00a0\u00bb#2ac187&Prime;][vc_column css=\u00a0\u00bb.vc_custom_1751471192043{padding-top: 20px !important;padding-bottom: 40px !important;}\u00a0\u00bb]<h3 class=\"eut-element eut-title eut-align-center eut-animated-item eut-fade-in-right eut-duration-normal eut-h5\" style=\"\" data-delay=\"200\"><span>Pr\u00eat\u00b7e \u00e0 d\u00e9marrer ?<\/span><\/h3>[vc_column_text css=\u00a0\u00bb\u00a0\u00bb]<\/p>\n<p style=\"text-align: center;\">Faites le premier pas vers la cr\u00e9ation de votre soci\u00e9t\u00e9 au Luxembourg.<\/p>\n<p>[\/vc_column_text]<div class=\"eut-empty-space eut-height-1x\" style=\"\"><\/div><div class=\"eut-element eut-align-center eut-animated-item eut-zoom-in eut-duration-normal\" data-delay=\"200\"><a href=\"https:\/\/planinlux.lu\/fr\/contact\/\" title=\"Contact\" rel=\"nofollow\" class=\"eut-btn eut-btn-large eut-round eut-bg-white eut-bg-hover-black\"><span>Demandez une consultation gratuite<\/span><\/a><\/div>[\/vc_column][\/vc_row][vc_row][vc_column]<h3 class=\"eut-element eut-title eut-align-center eut-animated-item eut-fade-in eut-duration-normal eut-h5\" style=\"\" data-delay=\"200\"><span><br>\n<h5 class=\"eut-element eut-title eut-align-center eut-animated-item eut-zoom-in eut-duration-normal eut-h4 eut-animated\" data-delay=\"200\">D\u00e9couvrez nos autres solutions.<\/h5>\n<\/span><\/h3><div class=\"eut-empty-space eut-height-1x\" style=\"\"><\/div>[vc_raw_html css=\u00a0\u00bb\u00a0\u00bb]W3NlcnZpY2Vib3hfc2MgaWQ9IjkzNDQiXQ==[\/vc_raw_html][\/vc_column][\/vc_row]<\/p>\n<\/div>","protected":false},"excerpt":{"rendered":"<p>Nous proposons des services de conseil, notamment en mati\u00e8re de cr\u00e9ation d&rsquo;entreprise, de d\u00e9veloppement commercial, de solutions en mati\u00e8re de propri\u00e9t\u00e9 intellectuelle, d&rsquo;assistance aux proc\u00e9dures administratives, de strat\u00e9gie RSE et d&rsquo;internationalisation, parmi d&rsquo;autres. <\/p>\n","protected":false},"author":3,"featured_media":9476,"parent":4945,"menu_order":0,"comment_status":"closed","ping_status":"closed","template":"","meta":{"footnotes":""},"class_list":["post-9309","page","type-page","status-publish","has-post-thumbnail","hentry"],"yoast_head":"<!-- This site is optimized with the Yoast SEO plugin v27.4 - https:\/\/yoast.com\/product\/yoast-seo-wordpress\/ -->\n<title>Cr\u00e9ation d&#039;une soci\u00e9t\u00e9 au Luxembourg - Orientation strat\u00e9gique &amp; Soutien<\/title>\n<meta name=\"description\" content=\"Lancez votre soci\u00e9t\u00e9 au Luxembourg en b\u00e9n\u00e9ficiant de conseils d&#039;experts. Nous vous aidons \u00e0 obtenir des licences, des services bancaires, des fiduciaires et des aides publiques. R\u00e9servez une consultation gratuite d\u00e8s maintenant !\" \/>\n<meta name=\"robots\" content=\"index, follow, max-snippet:-1, max-image-preview:large, max-video-preview:-1\" \/>\n<link rel=\"canonical\" href=\"https:\/\/planinlux.lu\/fr\/solutions\/creer-une-societe-au-luxembourg\/\" \/>\n<meta property=\"og:locale\" content=\"fr_FR\" \/>\n<meta property=\"og:type\" content=\"article\" \/>\n<meta property=\"og:title\" content=\"Cr\u00e9er une soci\u00e9t\u00e9 au Luxembourg | PlaninLux | solutions durables\" \/>\n<meta property=\"og:description\" content=\"Nous proposons des services de conseil, couvrant la strat\u00e9gie RSE, la mise en \u0153uvre, la gestion du changement, l&#039;internationalisation et la labellisation.\" \/>\n<meta property=\"og:url\" content=\"https:\/\/planinlux.lu\/fr\/solutions\/creer-une-societe-au-luxembourg\/\" \/>\n<meta property=\"og:site_name\" content=\"PlaninLux\" \/>\n<meta property=\"article:modified_time\" content=\"2025-07-15T14:46:17+00:00\" \/>\n<meta property=\"og:image\" content=\"https:\/\/planinlux.lu\/wp-content\/uploads\/2020\/10\/Planinlux-Sustainable-Consulting-TRANSPARENTE.png\" \/>\n<meta name=\"twitter:card\" content=\"summary_large_image\" \/>\n<meta name=\"twitter:title\" content=\"Cr\u00e9er une soci\u00e9t\u00e9 au Luxembourg | PlaninLux | solutions durables\" \/>\n<meta name=\"twitter:description\" content=\"Nous proposons des services de conseil, couvrant la strat\u00e9gie RSE, la mise en \u0153uvre, la gestion du changement, l&#039;internationalisation et la labellisation.\" \/>\n<meta name=\"twitter:image\" content=\"https:\/\/planinlux.lu\/wp-content\/uploads\/2020\/10\/Planinlux-Sustainable-Consulting-TRANSPARENTE.png\" \/>\n<meta name=\"twitter:label1\" content=\"Dur\u00e9e de lecture estim\u00e9e\" \/>\n\t<meta name=\"twitter:data1\" content=\"5 minutes\" \/>\n<script type=\"application\/ld+json\" class=\"yoast-schema-graph\">{\"@context\":\"https:\\\/\\\/schema.org\",\"@graph\":[{\"@type\":\"WebPage\",\"@id\":\"https:\\\/\\\/planinlux.lu\\\/fr\\\/solutions\\\/creer-une-societe-au-luxembourg\\\/\",\"url\":\"https:\\\/\\\/planinlux.lu\\\/fr\\\/solutions\\\/creer-une-societe-au-luxembourg\\\/\",\"name\":\"Cr\u00e9ation d'une soci\u00e9t\u00e9 au Luxembourg - Orientation strat\u00e9gique & Soutien\",\"isPartOf\":{\"@id\":\"https:\\\/\\\/planinlux.lu\\\/fr\\\/#website\"},\"primaryImageOfPage\":{\"@id\":\"https:\\\/\\\/planinlux.lu\\\/fr\\\/solutions\\\/creer-une-societe-au-luxembourg\\\/#primaryimage\"},\"image\":{\"@id\":\"https:\\\/\\\/planinlux.lu\\\/fr\\\/solutions\\\/creer-une-societe-au-luxembourg\\\/#primaryimage\"},\"thumbnailUrl\":\"https:\\\/\\\/planinlux.lu\\\/wp-content\\\/uploads\\\/2025\\\/07\\\/Creer-une-societe-au-Luxembourg-Planinlux-scaled.png\",\"datePublished\":\"2025-07-02T14:07:22+00:00\",\"dateModified\":\"2025-07-15T14:46:17+00:00\",\"description\":\"Lancez votre soci\u00e9t\u00e9 au Luxembourg en b\u00e9n\u00e9ficiant de conseils d'experts. Nous vous aidons \u00e0 obtenir des licences, des services bancaires, des fiduciaires et des aides publiques. R\u00e9servez une consultation gratuite d\u00e8s maintenant !\",\"breadcrumb\":{\"@id\":\"https:\\\/\\\/planinlux.lu\\\/fr\\\/solutions\\\/creer-une-societe-au-luxembourg\\\/#breadcrumb\"},\"inLanguage\":\"fr-FR\",\"potentialAction\":[{\"@type\":\"ReadAction\",\"target\":[\"https:\\\/\\\/planinlux.lu\\\/fr\\\/solutions\\\/creer-une-societe-au-luxembourg\\\/\"]}]},{\"@type\":\"ImageObject\",\"inLanguage\":\"fr-FR\",\"@id\":\"https:\\\/\\\/planinlux.lu\\\/fr\\\/solutions\\\/creer-une-societe-au-luxembourg\\\/#primaryimage\",\"url\":\"https:\\\/\\\/planinlux.lu\\\/wp-content\\\/uploads\\\/2025\\\/07\\\/Creer-une-societe-au-Luxembourg-Planinlux-scaled.png\",\"contentUrl\":\"https:\\\/\\\/planinlux.lu\\\/wp-content\\\/uploads\\\/2025\\\/07\\\/Creer-une-societe-au-Luxembourg-Planinlux-scaled.png\",\"width\":2560,\"height\":1707},{\"@type\":\"BreadcrumbList\",\"@id\":\"https:\\\/\\\/planinlux.lu\\\/fr\\\/solutions\\\/creer-une-societe-au-luxembourg\\\/#breadcrumb\",\"itemListElement\":[{\"@type\":\"ListItem\",\"position\":1,\"name\":\"Home\",\"item\":\"https:\\\/\\\/planinlux.lu\\\/fr\\\/home\\\/\"},{\"@type\":\"ListItem\",\"position\":2,\"name\":\"Solutions\",\"item\":\"https:\\\/\\\/planinlux.lu\\\/fr\\\/solutions\\\/\"},{\"@type\":\"ListItem\",\"position\":3,\"name\":\"Cr\u00e9er une soci\u00e9t\u00e9 au Luxembourg\"}]},{\"@type\":\"WebSite\",\"@id\":\"https:\\\/\\\/planinlux.lu\\\/fr\\\/#website\",\"url\":\"https:\\\/\\\/planinlux.lu\\\/fr\\\/\",\"name\":\"PlaninLux\",\"description\":\"Business Solutions\",\"publisher\":{\"@id\":\"https:\\\/\\\/planinlux.lu\\\/fr\\\/#organization\"},\"potentialAction\":[{\"@type\":\"SearchAction\",\"target\":{\"@type\":\"EntryPoint\",\"urlTemplate\":\"https:\\\/\\\/planinlux.lu\\\/fr\\\/?s={search_term_string}\"},\"query-input\":{\"@type\":\"PropertyValueSpecification\",\"valueRequired\":true,\"valueName\":\"search_term_string\"}}],\"inLanguage\":\"fr-FR\"},{\"@type\":\"Organization\",\"@id\":\"https:\\\/\\\/planinlux.lu\\\/fr\\\/#organization\",\"name\":\"PlaninLux\",\"url\":\"https:\\\/\\\/planinlux.lu\\\/fr\\\/\",\"logo\":{\"@type\":\"ImageObject\",\"inLanguage\":\"fr-FR\",\"@id\":\"https:\\\/\\\/planinlux.lu\\\/fr\\\/#\\\/schema\\\/logo\\\/image\\\/\",\"url\":\"\",\"contentUrl\":\"\",\"caption\":\"PlaninLux\"},\"image\":{\"@id\":\"https:\\\/\\\/planinlux.lu\\\/fr\\\/#\\\/schema\\\/logo\\\/image\\\/\"},\"sameAs\":[\"https:\\\/\\\/www.linkedin.com\\\/company\\\/planinlux\\\/\"]}]}<\/script>\n<!-- \/ Yoast SEO plugin. -->","yoast_head_json":{"title":"Cr\u00e9ation d'une soci\u00e9t\u00e9 au Luxembourg - Orientation strat\u00e9gique & Soutien","description":"Lancez votre soci\u00e9t\u00e9 au Luxembourg en b\u00e9n\u00e9ficiant de conseils d'experts. Nous vous aidons \u00e0 obtenir des licences, des services bancaires, des fiduciaires et des aides publiques. R\u00e9servez une consultation gratuite d\u00e8s maintenant !","robots":{"index":"index","follow":"follow","max-snippet":"max-snippet:-1","max-image-preview":"max-image-preview:large","max-video-preview":"max-video-preview:-1"},"canonical":"https:\/\/planinlux.lu\/fr\/solutions\/creer-une-societe-au-luxembourg\/","og_locale":"fr_FR","og_type":"article","og_title":"Cr\u00e9er une soci\u00e9t\u00e9 au Luxembourg | PlaninLux | solutions durables","og_description":"Nous proposons des services de conseil, couvrant la strat\u00e9gie RSE, la mise en \u0153uvre, la gestion du changement, l'internationalisation et la labellisation.","og_url":"https:\/\/planinlux.lu\/fr\/solutions\/creer-une-societe-au-luxembourg\/","og_site_name":"PlaninLux","article_modified_time":"2025-07-15T14:46:17+00:00","og_image":[{"url":"https:\/\/planinlux.lu\/wp-content\/uploads\/2020\/10\/Planinlux-Sustainable-Consulting-TRANSPARENTE.png","type":"","width":"","height":""}],"twitter_card":"summary_large_image","twitter_title":"Cr\u00e9er une soci\u00e9t\u00e9 au Luxembourg | PlaninLux | solutions durables","twitter_description":"Nous proposons des services de conseil, couvrant la strat\u00e9gie RSE, la mise en \u0153uvre, la gestion du changement, l'internationalisation et la labellisation.","twitter_image":"https:\/\/planinlux.lu\/wp-content\/uploads\/2020\/10\/Planinlux-Sustainable-Consulting-TRANSPARENTE.png","twitter_misc":{"Dur\u00e9e de lecture estim\u00e9e":"5 minutes"},"schema":{"@context":"https:\/\/schema.org","@graph":[{"@type":"WebPage","@id":"https:\/\/planinlux.lu\/fr\/solutions\/creer-une-societe-au-luxembourg\/","url":"https:\/\/planinlux.lu\/fr\/solutions\/creer-une-societe-au-luxembourg\/","name":"Cr\u00e9ation d'une soci\u00e9t\u00e9 au Luxembourg - Orientation strat\u00e9gique & Soutien","isPartOf":{"@id":"https:\/\/planinlux.lu\/fr\/#website"},"primaryImageOfPage":{"@id":"https:\/\/planinlux.lu\/fr\/solutions\/creer-une-societe-au-luxembourg\/#primaryimage"},"image":{"@id":"https:\/\/planinlux.lu\/fr\/solutions\/creer-une-societe-au-luxembourg\/#primaryimage"},"thumbnailUrl":"https:\/\/planinlux.lu\/wp-content\/uploads\/2025\/07\/Creer-une-societe-au-Luxembourg-Planinlux-scaled.png","datePublished":"2025-07-02T14:07:22+00:00","dateModified":"2025-07-15T14:46:17+00:00","description":"Lancez votre soci\u00e9t\u00e9 au Luxembourg en b\u00e9n\u00e9ficiant de conseils d'experts. Nous vous aidons \u00e0 obtenir des licences, des services bancaires, des fiduciaires et des aides publiques. R\u00e9servez une consultation gratuite d\u00e8s maintenant !","breadcrumb":{"@id":"https:\/\/planinlux.lu\/fr\/solutions\/creer-une-societe-au-luxembourg\/#breadcrumb"},"inLanguage":"fr-FR","potentialAction":[{"@type":"ReadAction","target":["https:\/\/planinlux.lu\/fr\/solutions\/creer-une-societe-au-luxembourg\/"]}]},{"@type":"ImageObject","inLanguage":"fr-FR","@id":"https:\/\/planinlux.lu\/fr\/solutions\/creer-une-societe-au-luxembourg\/#primaryimage","url":"https:\/\/planinlux.lu\/wp-content\/uploads\/2025\/07\/Creer-une-societe-au-Luxembourg-Planinlux-scaled.png","contentUrl":"https:\/\/planinlux.lu\/wp-content\/uploads\/2025\/07\/Creer-une-societe-au-Luxembourg-Planinlux-scaled.png","width":2560,"height":1707},{"@type":"BreadcrumbList","@id":"https:\/\/planinlux.lu\/fr\/solutions\/creer-une-societe-au-luxembourg\/#breadcrumb","itemListElement":[{"@type":"ListItem","position":1,"name":"Home","item":"https:\/\/planinlux.lu\/fr\/home\/"},{"@type":"ListItem","position":2,"name":"Solutions","item":"https:\/\/planinlux.lu\/fr\/solutions\/"},{"@type":"ListItem","position":3,"name":"Cr\u00e9er une soci\u00e9t\u00e9 au Luxembourg"}]},{"@type":"WebSite","@id":"https:\/\/planinlux.lu\/fr\/#website","url":"https:\/\/planinlux.lu\/fr\/","name":"PlaninLux","description":"Business Solutions","publisher":{"@id":"https:\/\/planinlux.lu\/fr\/#organization"},"potentialAction":[{"@type":"SearchAction","target":{"@type":"EntryPoint","urlTemplate":"https:\/\/planinlux.lu\/fr\/?s={search_term_string}"},"query-input":{"@type":"PropertyValueSpecification","valueRequired":true,"valueName":"search_term_string"}}],"inLanguage":"fr-FR"},{"@type":"Organization","@id":"https:\/\/planinlux.lu\/fr\/#organization","name":"PlaninLux","url":"https:\/\/planinlux.lu\/fr\/","logo":{"@type":"ImageObject","inLanguage":"fr-FR","@id":"https:\/\/planinlux.lu\/fr\/#\/schema\/logo\/image\/","url":"","contentUrl":"","caption":"PlaninLux"},"image":{"@id":"https:\/\/planinlux.lu\/fr\/#\/schema\/logo\/image\/"},"sameAs":["https:\/\/www.linkedin.com\/company\/planinlux\/"]}]}},"_links":{"self":[{"href":"https:\/\/planinlux.lu\/fr\/wp-json\/wp\/v2\/pages\/9309","targetHints":{"allow":["GET"]}}],"collection":[{"href":"https:\/\/planinlux.lu\/fr\/wp-json\/wp\/v2\/pages"}],"about":[{"href":"https:\/\/planinlux.lu\/fr\/wp-json\/wp\/v2\/types\/page"}],"author":[{"embeddable":true,"href":"https:\/\/planinlux.lu\/fr\/wp-json\/wp\/v2\/users\/3"}],"replies":[{"embeddable":true,"href":"https:\/\/planinlux.lu\/fr\/wp-json\/wp\/v2\/comments?post=9309"}],"version-history":[{"count":7,"href":"https:\/\/planinlux.lu\/fr\/wp-json\/wp\/v2\/pages\/9309\/revisions"}],"predecessor-version":[{"id":9583,"href":"https:\/\/planinlux.lu\/fr\/wp-json\/wp\/v2\/pages\/9309\/revisions\/9583"}],"up":[{"embeddable":true,"href":"https:\/\/planinlux.lu\/fr\/wp-json\/wp\/v2\/pages\/4945"}],"wp:featuredmedia":[{"embeddable":true,"href":"https:\/\/planinlux.lu\/fr\/wp-json\/wp\/v2\/media\/9476"}],"wp:attachment":[{"href":"https:\/\/planinlux.lu\/fr\/wp-json\/wp\/v2\/media?parent=9309"}],"curies":[{"name":"wp","href":"https:\/\/api.w.org\/{rel}","templated":true}]}}