{"id":5878,"date":"2021-08-16T21:57:59","date_gmt":"2021-08-16T21:57:59","guid":{"rendered":"https:\/\/planinlux.lu\/?page_id=5878"},"modified":"2024-02-13T18:23:07","modified_gmt":"2024-02-13T18:23:07","slug":"ressources","status":"publish","type":"page","link":"https:\/\/planinlux.lu\/fr\/ressources\/","title":{"rendered":"Ressources"},"content":{"rendered":"<div class=\"wpb-content-wrapper\"><p>[vc_row][vc_column]<div class=\"eut-empty-space eut-height-6x\" style=\"\"><\/div>[\/vc_column][\/vc_row][vc_row desktop_visibility=\u00a0\u00bbhide\u00a0\u00bb tablet_visibility=\u00a0\u00bbhide\u00a0\u00bb tablet_sm_visibility=\u00a0\u00bbhide\u00a0\u00bb][vc_column]<div class=\"eut-empty-space eut-height-4x\" style=\"\"><\/div>[\/vc_column][\/vc_row][vc_row bg_type=\u00a0\u00bbcolor\u00a0\u00bb padding_top_multiplier=\u00a0\u00bb6x\u00a0\u00bb padding_bottom_multiplier=\u00a0\u00bb3x\u00a0\u00bb columns_gap=\u00a0\u00bb60&Prime; separator_top=\u00a0\u00bbtilt-left-separator\u00a0\u00bb separator_bottom=\u00a0\u00bbtilt-right-separator\u00a0\u00bb font_color=\u00a0\u00bb#000000&Prime; bg_color=\u00a0\u00bb#eaeaea\u00a0\u00bb][vc_column width=\u00a0\u00bb1\/2&Prime; css=\u00a0\u00bb.vc_custom_1621697072473{margin-top: -300px !important;border-top-width: -40px !important;padding-top: -40px !important;}\u00a0\u00bb]<div class=\"eut-element eut-flexible-carousel eut-carousel eut-layout-1 eut-with-gap\" style=\"\"><div class=\"eut-carousel-wrapper\"><div class=\"eut-carousel-navigation eut-dark eut-navigation-1 eut-navigation-carousel\">\t<div class=\"eut-carousel-buttons\">\t\t<div class=\"eut-carousel-prev\">\t\t\t<i class=\"eut-icon-nav-left-small\"><\/i>\t\t<\/div>\t\t<div class=\"eut-carousel-next\">\t\t\t<i class=\"eut-icon-nav-right-small\"><\/i>\t\t<\/div>\t<\/div><\/div>\t<div class=\"eut-flexible-carousel-element \" data-items=\"1\" data-items-tablet-landscape=\"1\" data-items-tablet-portrait=\"1\" data-items-mobile=\"1\" data-slider-speed=\"3000\" data-pagination-speed=\"400\" data-pagination=\"no\" data-slider-autoheight=\"no\" data-slider-pause=\"no\" data-slider-autoplay=\"yes\"><div class=\"eut-element eut-image eut-align-center\" style=\"\">  <div class=\"eut-image-wrapper\"><img loading=\"lazy\" decoding=\"async\" width=\"4000\" height=\"4583\" src=\"https:\/\/planinlux.lu\/wp-content\/uploads\/2021\/08\/Guide-RSE-1.png\" class=\"attachment-full size-full\" alt=\"\" srcset=\"https:\/\/planinlux.lu\/wp-content\/uploads\/2021\/08\/Guide-RSE-1.png 1x,https:\/\/planinlux.lu\/wp-content\/uploads\/2021\/08\/Guide-RSE-1.png 2x\" \/>   <\/div><\/div><div class=\"eut-element eut-image eut-align-center\" style=\"\">  <div class=\"eut-image-wrapper\"><img loading=\"lazy\" decoding=\"async\" width=\"4000\" height=\"4583\" src=\"https:\/\/planinlux.lu\/wp-content\/uploads\/2021\/09\/Liste-des-engagements-RSE-1.png\" class=\"attachment-full size-full\" alt=\"\" srcset=\"https:\/\/planinlux.lu\/wp-content\/uploads\/2021\/09\/Liste-des-engagements-RSE-1.png 1x,https:\/\/planinlux.lu\/wp-content\/uploads\/2021\/09\/Liste-des-engagements-RSE-1.png 2x\" \/>   <\/div><\/div><div class=\"eut-element eut-image eut-align-center\" style=\"\">  <div class=\"eut-image-wrapper\"><img loading=\"lazy\" decoding=\"async\" width=\"4000\" height=\"4583\" src=\"https:\/\/planinlux.lu\/wp-content\/uploads\/2021\/09\/Label-Entreprise-Responsable-1.png\" class=\"attachment-full size-full\" alt=\"\" srcset=\"https:\/\/planinlux.lu\/wp-content\/uploads\/2021\/09\/Label-Entreprise-Responsable-1.png 1x,https:\/\/planinlux.lu\/wp-content\/uploads\/2021\/09\/Label-Entreprise-Responsable-1.png 2x\" \/>   <\/div><\/div><div class=\"eut-element eut-image eut-align-center\" style=\"\">  <div class=\"eut-image-wrapper\"><img loading=\"lazy\" decoding=\"async\" width=\"4000\" height=\"4583\" src=\"https:\/\/planinlux.lu\/wp-content\/uploads\/2021\/09\/La-charte-de-la-diversite.png\" class=\"attachment-full size-full\" alt=\"\" srcset=\"https:\/\/planinlux.lu\/wp-content\/uploads\/2021\/09\/La-charte-de-la-diversite.png 1x,https:\/\/planinlux.lu\/wp-content\/uploads\/2021\/09\/La-charte-de-la-diversite.png 2x\" \/>   <\/div><\/div><div class=\"eut-element eut-image eut-align-center\" style=\"\">  <div class=\"eut-image-wrapper\"><img loading=\"lazy\" decoding=\"async\" width=\"4000\" height=\"4583\" src=\"https:\/\/planinlux.lu\/wp-content\/uploads\/2021\/08\/Guide-RSE-6.png\" class=\"attachment-full size-full\" alt=\"\" srcset=\"https:\/\/planinlux.lu\/wp-content\/uploads\/2021\/08\/Guide-RSE-6.png 1x,https:\/\/planinlux.lu\/wp-content\/uploads\/2021\/08\/Guide-RSE-6.png 2x\" \/>   <\/div><\/div>\t<\/div>  <\/div><\/div>[\/vc_column][vc_column width=\u00a0\u00bb1\/2&Prime; css=\u00a0\u00bb.vc_custom_1631973576465{margin-top: -40px !important;}\u00a0\u00bb][vc_column_text text_style=\u00a0\u00bbleader-text\u00a0\u00bb animation=\u00a0\u00bbeut-fade-in-right\u00a0\u00bb]Guide des Engagements RSE au Luxembourg[\/vc_column_text][vc_column_text](Disponible uniquement en fran\u00e7ais)[\/vc_column_text]<div class=\"eut-empty-space eut-height-1x\" style=\"\"><\/div>[vc_column_text]Ce guide a \u00e9t\u00e9 \u00e9labor\u00e9 pour permettre aux organisations de mieux comprendre les labels, chartes et r\u00e9glementations existants pour \u00e9valuer et valoriser leurs d\u00e9marches RSE au Luxembourg.<\/p>\n<p>Les principaux objectifs de ce guide sont les suivants :<\/p>\n<ul>\n<li>Fournir un aper\u00e7u g\u00e9n\u00e9ral du r\u00f4le des labels, chartes et r\u00e9glementations nationaux et des enjeux li\u00e9s \u00e0 leur d\u00e9veloppement.<\/li>\n<li>Promouvoir les initiatives locales li\u00e9s \u00e0 la RSE.<\/li>\n<li>Permettre aux organisations de formaliser et de valoriser leurs d\u00e9marches RSE dans le temps.<\/li>\n<li>\u00c9viter le greenwashing et assurer la transparence.<\/li>\n<\/ul>\n<p>[\/vc_column_text]<div class=\"eut-empty-space eut-height-1x\" style=\"\"><\/div><div class=\"eut-element eut-align-left eut-animated-item eut-zoom-in eut-duration-normal\" data-delay=\"200\"><a href=\"https:\/\/planinlux.lu\/fr\/ressources\/guide-des-engagements-rse-au-luxembourg-2021\/\" title=\"Guide des Engagements RSE au Luxembourg\" class=\"eut-btn eut-btn-medium eut-round eut-bg-black eut-bg-hover-primary-1\"><span>T\u00e9l\u00e9chargez<\/span><\/a><\/div>[\/vc_column][\/vc_row][vc_row padding_top_multiplier=\u00a0\u00bb\u00a0\u00bb padding_bottom_multiplier=\u00a0\u00bb\u00a0\u00bb][vc_column]<div class=\"eut-empty-space eut-height-6x\" style=\"\"><\/div>[\/vc_column][\/vc_row][vc_row bg_type=\u00a0\u00bbcolor\u00a0\u00bb padding_top_multiplier=\u00a0\u00bb2x\u00a0\u00bb padding_bottom_multiplier=\u00a0\u00bb\u00a0\u00bb columns_gap=\u00a0\u00bb40&Prime; font_color=\u00a0\u00bb#ffffff\u00a0\u00bb bg_color=\u00a0\u00bb#2ac187&Prime;][vc_column css=\u00a0\u00bb.vc_custom_1631658509820{padding-top: 40px !important;padding-bottom: 60px !important;}\u00a0\u00bb][vc_column_text text_style=\u00a0\u00bbleader-text\u00a0\u00bb]<\/p>\n<p style=\"text-align: center;\">Connectez-vous avec nous sur LinkedIn et restez inform\u00e9 de la sortie de nouvelles publications.<\/p>\n<p>[\/vc_column_text]<div class=\"eut-empty-space eut-height-1x\" style=\"\"><\/div>\t\t\t<div class=\"eut-element eut-social eut-align-center\" style=\"\">\r\n\t\t\t\t<ul>\r\n\t\t\t\t\t\t\t\t\t\t\t<li>\r\n\t\t\t\t\t\t\t\t<a href=\"https:\/\/www.linkedin.com\/company\/planinlux\/\" class=\"eut-medium eut-circle eut-with-shape eut-simple eut-bg-white\" target=\"_blank\" rel=\"noopener noreferrer\">\r\n\t\t\t\t\t\t\t\t\t<i class=\"eut-text-primary-1 fab fa-linkedin-in\"><\/i>\r\n\t\t\t\t\t\t\t\t<\/a>\r\n\t\t\t\t\t\t\t<\/li>\r\n\t\t\t\t\t\t\t\t<\/ul>\r\n\t\t\t<\/div>\r\n\t\t[\/vc_column][\/vc_row]<\/p>\n<\/div>","protected":false},"excerpt":{"rendered":"<p>T\u00e9l\u00e9chargez les guides et documents pour une connaissance approfondie de l&rsquo;actualit\u00e9, des politiques et des tendances du march\u00e9<\/p>\n","protected":false},"author":3,"featured_media":5232,"parent":0,"menu_order":0,"comment_status":"closed","ping_status":"closed","template":"","meta":{"footnotes":""},"class_list":["post-5878","page","type-page","status-publish","has-post-thumbnail","hentry"],"yoast_head":"<!-- This site is optimized with the Yoast SEO plugin v27.3 - https:\/\/yoast.com\/product\/yoast-seo-wordpress\/ -->\n<title>Ressources | Informations actuelles li\u00e9es aux affaires<\/title>\n<meta name=\"description\" content=\"T\u00e9l\u00e9chargez les guides et documents pour une connaissance approfondie de l&#039;actualit\u00e9, des politiques et des tendances du march\u00e9\" \/>\n<meta name=\"robots\" content=\"index, follow, max-snippet:-1, max-image-preview:large, max-video-preview:-1\" \/>\n<link rel=\"canonical\" href=\"https:\/\/planinlux.lu\/fr\/ressources\/\" \/>\n<meta property=\"og:locale\" content=\"fr_FR\" \/>\n<meta property=\"og:type\" content=\"article\" \/>\n<meta property=\"og:title\" content=\"Ressources | PlaninLux | Solutions Durables\" \/>\n<meta property=\"og:description\" content=\"T\u00e9l\u00e9chargez les guides et documents pour une connaissance approfondie de l&#039;actualit\u00e9, des politiques et des tendances en mati\u00e8re de durabilit\u00e9.\" \/>\n<meta property=\"og:url\" content=\"https:\/\/planinlux.lu\/fr\/ressources\/\" \/>\n<meta property=\"og:site_name\" content=\"PlaninLux\" \/>\n<meta property=\"article:modified_time\" content=\"2024-02-13T18:23:07+00:00\" \/>\n<meta property=\"og:image\" content=\"https:\/\/planinlux.lu\/wp-content\/uploads\/2020\/10\/Planinlux-Sustainable-Consulting-TRANSPARENTE.png\" \/>\n<meta name=\"twitter:card\" content=\"summary_large_image\" \/>\n<meta name=\"twitter:title\" content=\"Ressources | PlaninLux | Solutions Durables\" \/>\n<meta name=\"twitter:description\" content=\"T\u00e9l\u00e9chargez les guides et documents pour une connaissance approfondie de l&#039;actualit\u00e9, des politiques et des tendances en mati\u00e8re de durabilit\u00e9.\" \/>\n<meta name=\"twitter:image\" content=\"https:\/\/planinlux.lu\/wp-content\/uploads\/2020\/10\/Planinlux-Sustainable-Consulting-TRANSPARENTE.png\" \/>\n<meta name=\"twitter:label1\" content=\"Dur\u00e9e de lecture estim\u00e9e\" \/>\n\t<meta name=\"twitter:data1\" content=\"1 minute\" \/>\n<script type=\"application\/ld+json\" class=\"yoast-schema-graph\">{\"@context\":\"https:\\\/\\\/schema.org\",\"@graph\":[{\"@type\":\"WebPage\",\"@id\":\"https:\\\/\\\/planinlux.lu\\\/fr\\\/ressources\\\/\",\"url\":\"https:\\\/\\\/planinlux.lu\\\/fr\\\/ressources\\\/\",\"name\":\"Ressources | Informations actuelles li\u00e9es aux affaires\",\"isPartOf\":{\"@id\":\"https:\\\/\\\/planinlux.lu\\\/fr\\\/#website\"},\"primaryImageOfPage\":{\"@id\":\"https:\\\/\\\/planinlux.lu\\\/fr\\\/ressources\\\/#primaryimage\"},\"image\":{\"@id\":\"https:\\\/\\\/planinlux.lu\\\/fr\\\/ressources\\\/#primaryimage\"},\"thumbnailUrl\":\"https:\\\/\\\/planinlux.lu\\\/wp-content\\\/uploads\\\/2021\\\/05\\\/Resources-scaled.jpg\",\"datePublished\":\"2021-08-16T21:57:59+00:00\",\"dateModified\":\"2024-02-13T18:23:07+00:00\",\"description\":\"T\u00e9l\u00e9chargez les guides et documents pour une connaissance approfondie de l'actualit\u00e9, des politiques et des tendances du march\u00e9\",\"breadcrumb\":{\"@id\":\"https:\\\/\\\/planinlux.lu\\\/fr\\\/ressources\\\/#breadcrumb\"},\"inLanguage\":\"fr-FR\",\"potentialAction\":[{\"@type\":\"ReadAction\",\"target\":[\"https:\\\/\\\/planinlux.lu\\\/fr\\\/ressources\\\/\"]}]},{\"@type\":\"ImageObject\",\"inLanguage\":\"fr-FR\",\"@id\":\"https:\\\/\\\/planinlux.lu\\\/fr\\\/ressources\\\/#primaryimage\",\"url\":\"https:\\\/\\\/planinlux.lu\\\/wp-content\\\/uploads\\\/2021\\\/05\\\/Resources-scaled.jpg\",\"contentUrl\":\"https:\\\/\\\/planinlux.lu\\\/wp-content\\\/uploads\\\/2021\\\/05\\\/Resources-scaled.jpg\",\"width\":2560,\"height\":1391},{\"@type\":\"BreadcrumbList\",\"@id\":\"https:\\\/\\\/planinlux.lu\\\/fr\\\/ressources\\\/#breadcrumb\",\"itemListElement\":[{\"@type\":\"ListItem\",\"position\":1,\"name\":\"Home\",\"item\":\"https:\\\/\\\/planinlux.lu\\\/fr\\\/home\\\/\"},{\"@type\":\"ListItem\",\"position\":2,\"name\":\"Ressources\"}]},{\"@type\":\"WebSite\",\"@id\":\"https:\\\/\\\/planinlux.lu\\\/fr\\\/#website\",\"url\":\"https:\\\/\\\/planinlux.lu\\\/fr\\\/\",\"name\":\"PlaninLux\",\"description\":\"Business Solutions\",\"publisher\":{\"@id\":\"https:\\\/\\\/planinlux.lu\\\/fr\\\/#organization\"},\"potentialAction\":[{\"@type\":\"SearchAction\",\"target\":{\"@type\":\"EntryPoint\",\"urlTemplate\":\"https:\\\/\\\/planinlux.lu\\\/fr\\\/?s={search_term_string}\"},\"query-input\":{\"@type\":\"PropertyValueSpecification\",\"valueRequired\":true,\"valueName\":\"search_term_string\"}}],\"inLanguage\":\"fr-FR\"},{\"@type\":\"Organization\",\"@id\":\"https:\\\/\\\/planinlux.lu\\\/fr\\\/#organization\",\"name\":\"PlaninLux\",\"url\":\"https:\\\/\\\/planinlux.lu\\\/fr\\\/\",\"logo\":{\"@type\":\"ImageObject\",\"inLanguage\":\"fr-FR\",\"@id\":\"https:\\\/\\\/planinlux.lu\\\/fr\\\/#\\\/schema\\\/logo\\\/image\\\/\",\"url\":\"\",\"contentUrl\":\"\",\"caption\":\"PlaninLux\"},\"image\":{\"@id\":\"https:\\\/\\\/planinlux.lu\\\/fr\\\/#\\\/schema\\\/logo\\\/image\\\/\"},\"sameAs\":[\"https:\\\/\\\/www.linkedin.com\\\/company\\\/planinlux\\\/\"]}]}<\/script>\n<!-- \/ Yoast SEO plugin. -->","yoast_head_json":{"title":"Ressources | Informations actuelles li\u00e9es aux affaires","description":"T\u00e9l\u00e9chargez les guides et documents pour une connaissance approfondie de l'actualit\u00e9, des politiques et des tendances du march\u00e9","robots":{"index":"index","follow":"follow","max-snippet":"max-snippet:-1","max-image-preview":"max-image-preview:large","max-video-preview":"max-video-preview:-1"},"canonical":"https:\/\/planinlux.lu\/fr\/ressources\/","og_locale":"fr_FR","og_type":"article","og_title":"Ressources | PlaninLux | Solutions Durables","og_description":"T\u00e9l\u00e9chargez les guides et documents pour une connaissance approfondie de l'actualit\u00e9, des politiques et des tendances en mati\u00e8re de durabilit\u00e9.","og_url":"https:\/\/planinlux.lu\/fr\/ressources\/","og_site_name":"PlaninLux","article_modified_time":"2024-02-13T18:23:07+00:00","og_image":[{"url":"https:\/\/planinlux.lu\/wp-content\/uploads\/2020\/10\/Planinlux-Sustainable-Consulting-TRANSPARENTE.png","type":"","width":"","height":""}],"twitter_card":"summary_large_image","twitter_title":"Ressources | PlaninLux | Solutions Durables","twitter_description":"T\u00e9l\u00e9chargez les guides et documents pour une connaissance approfondie de l'actualit\u00e9, des politiques et des tendances en mati\u00e8re de durabilit\u00e9.","twitter_image":"https:\/\/planinlux.lu\/wp-content\/uploads\/2020\/10\/Planinlux-Sustainable-Consulting-TRANSPARENTE.png","twitter_misc":{"Dur\u00e9e de lecture estim\u00e9e":"1 minute"},"schema":{"@context":"https:\/\/schema.org","@graph":[{"@type":"WebPage","@id":"https:\/\/planinlux.lu\/fr\/ressources\/","url":"https:\/\/planinlux.lu\/fr\/ressources\/","name":"Ressources | Informations actuelles li\u00e9es aux affaires","isPartOf":{"@id":"https:\/\/planinlux.lu\/fr\/#website"},"primaryImageOfPage":{"@id":"https:\/\/planinlux.lu\/fr\/ressources\/#primaryimage"},"image":{"@id":"https:\/\/planinlux.lu\/fr\/ressources\/#primaryimage"},"thumbnailUrl":"https:\/\/planinlux.lu\/wp-content\/uploads\/2021\/05\/Resources-scaled.jpg","datePublished":"2021-08-16T21:57:59+00:00","dateModified":"2024-02-13T18:23:07+00:00","description":"T\u00e9l\u00e9chargez les guides et documents pour une connaissance approfondie de l'actualit\u00e9, des politiques et des tendances du march\u00e9","breadcrumb":{"@id":"https:\/\/planinlux.lu\/fr\/ressources\/#breadcrumb"},"inLanguage":"fr-FR","potentialAction":[{"@type":"ReadAction","target":["https:\/\/planinlux.lu\/fr\/ressources\/"]}]},{"@type":"ImageObject","inLanguage":"fr-FR","@id":"https:\/\/planinlux.lu\/fr\/ressources\/#primaryimage","url":"https:\/\/planinlux.lu\/wp-content\/uploads\/2021\/05\/Resources-scaled.jpg","contentUrl":"https:\/\/planinlux.lu\/wp-content\/uploads\/2021\/05\/Resources-scaled.jpg","width":2560,"height":1391},{"@type":"BreadcrumbList","@id":"https:\/\/planinlux.lu\/fr\/ressources\/#breadcrumb","itemListElement":[{"@type":"ListItem","position":1,"name":"Home","item":"https:\/\/planinlux.lu\/fr\/home\/"},{"@type":"ListItem","position":2,"name":"Ressources"}]},{"@type":"WebSite","@id":"https:\/\/planinlux.lu\/fr\/#website","url":"https:\/\/planinlux.lu\/fr\/","name":"PlaninLux","description":"Business Solutions","publisher":{"@id":"https:\/\/planinlux.lu\/fr\/#organization"},"potentialAction":[{"@type":"SearchAction","target":{"@type":"EntryPoint","urlTemplate":"https:\/\/planinlux.lu\/fr\/?s={search_term_string}"},"query-input":{"@type":"PropertyValueSpecification","valueRequired":true,"valueName":"search_term_string"}}],"inLanguage":"fr-FR"},{"@type":"Organization","@id":"https:\/\/planinlux.lu\/fr\/#organization","name":"PlaninLux","url":"https:\/\/planinlux.lu\/fr\/","logo":{"@type":"ImageObject","inLanguage":"fr-FR","@id":"https:\/\/planinlux.lu\/fr\/#\/schema\/logo\/image\/","url":"","contentUrl":"","caption":"PlaninLux"},"image":{"@id":"https:\/\/planinlux.lu\/fr\/#\/schema\/logo\/image\/"},"sameAs":["https:\/\/www.linkedin.com\/company\/planinlux\/"]}]}},"_links":{"self":[{"href":"https:\/\/planinlux.lu\/fr\/wp-json\/wp\/v2\/pages\/5878","targetHints":{"allow":["GET"]}}],"collection":[{"href":"https:\/\/planinlux.lu\/fr\/wp-json\/wp\/v2\/pages"}],"about":[{"href":"https:\/\/planinlux.lu\/fr\/wp-json\/wp\/v2\/types\/page"}],"author":[{"embeddable":true,"href":"https:\/\/planinlux.lu\/fr\/wp-json\/wp\/v2\/users\/3"}],"replies":[{"embeddable":true,"href":"https:\/\/planinlux.lu\/fr\/wp-json\/wp\/v2\/comments?post=5878"}],"version-history":[{"count":34,"href":"https:\/\/planinlux.lu\/fr\/wp-json\/wp\/v2\/pages\/5878\/revisions"}],"predecessor-version":[{"id":8722,"href":"https:\/\/planinlux.lu\/fr\/wp-json\/wp\/v2\/pages\/5878\/revisions\/8722"}],"wp:featuredmedia":[{"embeddable":true,"href":"https:\/\/planinlux.lu\/fr\/wp-json\/wp\/v2\/media\/5232"}],"wp:attachment":[{"href":"https:\/\/planinlux.lu\/fr\/wp-json\/wp\/v2\/media?parent=5878"}],"curies":[{"name":"wp","href":"https:\/\/api.w.org\/{rel}","templated":true}]}}