{"id":5173,"date":"2021-05-22T15:48:03","date_gmt":"2021-05-22T15:48:03","guid":{"rendered":"https:\/\/planinlux.lu\/?page_id=5173"},"modified":"2024-02-13T18:23:08","modified_gmt":"2024-02-13T18:23:08","slug":"guide-des-engagements-rse-au-luxembourg-2021","status":"publish","type":"page","link":"https:\/\/planinlux.lu\/fr\/ressources\/guide-des-engagements-rse-au-luxembourg-2021\/","title":{"rendered":"Guide des Engagements RSE au Luxembourg"},"content":{"rendered":"<div class=\"wpb-content-wrapper\"><p>[vc_row padding_top_multiplier=\u00a0\u00bb6x\u00a0\u00bb padding_bottom_multiplier=\u00a0\u00bb3x\u00a0\u00bb][vc_column width=\u00a0\u00bb5\/12&Prime; tablet_sm_width=\u00a0\u00bb1&Prime;]<h5 class=\"eut-element eut-title eut-align-left eut-animated-item eut-fade-in-left eut-duration-normal eut-h4\" style=\"\" data-delay=\"200\"><span>Guide des Engagements RSE au Luxembourg.<\/span><\/h5>[vc_column_text](Disponible uniquement en fran\u00e7ais)[\/vc_column_text]<div class=\"eut-empty-space eut-height-2x\" style=\"\"><\/div>[\/vc_column][vc_column width=\u00a0\u00bb7\/12&Prime; tablet_sm_width=\u00a0\u00bb1&Prime;][vc_column_text text_style=\u00a0\u00bbleader-text\u00a0\u00bb animation=\u00a0\u00bbeut-fade-in-right\u00a0\u00bb]Ce guide a \u00e9t\u00e9 \u00e9labor\u00e9 pour permettre aux organisations de mieux comprendre les labels, chartes et r\u00e9glementations existants pour \u00e9valuer et valoriser leurs d\u00e9marches RSE au Luxembourg.[\/vc_column_text]<div class=\"eut-element eut-divider eut-animated-item eut-fade-in-right eut-duration-normal eut-align-left\" style=\"padding-top: 30px;padding-bottom: 36px;\" data-delay=\"400\"><span class=\"eut-custom-divider eut-bg-primary-1\" style=\"width: 96px;height: 2px;\"><\/span><\/div>[vc_column_text animation=\u00a0\u00bbeut-fade-in-right\u00a0\u00bb animation_delay=\u00a0\u00bb600&Prime;]Les principaux objectifs de ce guide sont les suivants :<\/p>\n<ul>\n<li>Fournir un aper\u00e7u g\u00e9n\u00e9ral du r\u00f4le des labels, chartes et r\u00e9glementations nationaux et des enjeux li\u00e9s \u00e0 leur d\u00e9veloppement.<\/li>\n<li>Promouvoir les initiatives locales li\u00e9s \u00e0 la RSE.<\/li>\n<li>Permettre aux organisations de formaliser et de valoriser leurs d\u00e9marches RSE dans le temps.<\/li>\n<li>\u00c9viter le greenwashing et assurer la transparence.<\/li>\n<\/ul>\n<p>Il s\u2019adresse:<\/p>\n<ul>\n<li>\u2022 Tant aux d\u00e9butants qu\u2019aux managers engag\u00e9s en RSE,<\/li>\n<li>\u2022 et \u00e0 tous ceux qui souhaitent conna\u00eetre les engagements que comportent chacune des certifications, et ainsi appliquer des crit\u00e8res RSE dans leur processus de s\u00e9lection de produits, services et fournisseurs.<\/li>\n<\/ul>\n<p>[\/vc_column_text][\/vc_column][\/vc_row][vc_row padding_bottom_multiplier=\u00a0\u00bb\u00a0\u00bb][vc_column]<div class=\"eut-empty-space eut-height-1x\" style=\"\"><\/div>[\/vc_column][\/vc_row][vc_row padding_top_multiplier=\u00a0\u00bb\u00a0\u00bb padding_bottom_multiplier=\u00a0\u00bb3x\u00a0\u00bb columns_gap=\u00a0\u00bb20&Prime; separator_top=\u00a0\u00bbtilt-left-separator\u00a0\u00bb font_color=\u00a0\u00bb#000000&Prime;][vc_column width=\u00a0\u00bb5\/12&Prime;]<div class=\"eut-element eut-image eut-align-center\" style=\"\">  <div class=\"eut-image-wrapper\"><img loading=\"lazy\" decoding=\"async\" width=\"560\" height=\"560\" src=\"https:\/\/planinlux.lu\/wp-content\/uploads\/2021\/08\/Guide-RSE-1-560x560.png\" class=\"attachment-fildisi-eutf-small-square size-fildisi-eutf-small-square\" alt=\"\" srcset=\"https:\/\/planinlux.lu\/wp-content\/uploads\/2021\/08\/Guide-RSE-1-560x560.png 560w, https:\/\/planinlux.lu\/wp-content\/uploads\/2021\/08\/Guide-RSE-1-150x150.png 150w, https:\/\/planinlux.lu\/wp-content\/uploads\/2021\/08\/Guide-RSE-1-900x900.png 900w, https:\/\/planinlux.lu\/wp-content\/uploads\/2021\/08\/Guide-RSE-1-300x300.png 300w, https:\/\/planinlux.lu\/wp-content\/uploads\/2021\/08\/Guide-RSE-1-100x100.png 100w\" sizes=\"auto, (max-width: 560px) 100vw, 560px\" \/>   <\/div><\/div>[\/vc_column][vc_column width=\u00a0\u00bb7\/12&Prime;][vc_column_text animation=\u00a0\u00bbeut-fade-in-right\u00a0\u00bb animation_delay=\u00a0\u00bb600&Prime;]<strong>T\u00e9l\u00e9chargez maintenant<\/strong><\/p>\n<p>Remplissez vos donn\u00e9es et nous vous enverrons la publication par e-mail.[\/vc_column_text]<div class=\"eut-empty-space eut-height-1x\" style=\"\"><\/div><style id=\"wpforms-css-vars-7830\">\n\t\t\t\t#wpforms-7830 {\n\t\t\t\t\n\t\t\t}\n\t\t\t<\/style><div class=\"wpforms-container wpforms-container-full wpforms-render-modern\" id=\"wpforms-7830\"><form id=\"wpforms-form-7830\" class=\"wpforms-validate wpforms-form wpforms-ajax-form\" data-formid=\"7830\" method=\"post\" enctype=\"multipart\/form-data\" action=\"\/fr\/wp-json\/wp\/v2\/pages\/5173\" data-token=\"4779c3cbecc6785e78e01c451eff44c2\" data-token-time=\"1776767331\"><noscript class=\"wpforms-error-noscript\">Veuillez activer JavaScript dans votre navigateur pour remplir ce formulaire.<\/noscript><div id=\"wpforms-error-noscript\" style=\"display: none;\">Veuillez activer JavaScript dans votre navigateur pour remplir ce formulaire.<\/div><div class=\"wpforms-field-container\"><div id=\"wpforms-7830-field_0-container\" class=\"wpforms-field wpforms-field-name\" data-field-id=\"0\"><fieldset><legend class=\"wpforms-field-label\">Nom et Pr\u00e9nom <span class=\"wpforms-required-label\" aria-hidden=\"true\">*<\/span><\/legend><div class=\"wpforms-field-row wpforms-field-large\"><div class=\"wpforms-field-row-block wpforms-first wpforms-one-half\"><input type=\"text\" id=\"wpforms-7830-field_0\" class=\"wpforms-field-name-first wpforms-field-required\" name=\"wpforms[fields][0][first]\" aria-errormessage=\"wpforms-7830-field_0-error\" required><label for=\"wpforms-7830-field_0\" class=\"wpforms-field-sublabel after\">Pr\u00e9nom<\/label><\/div><div class=\"wpforms-field-row-block wpforms-one-half\"><input type=\"text\" id=\"wpforms-7830-field_0-last\" class=\"wpforms-field-name-last wpforms-field-required\" name=\"wpforms[fields][0][last]\" aria-errormessage=\"wpforms-7830-field_0-last-error\" required><label for=\"wpforms-7830-field_0-last\" class=\"wpforms-field-sublabel after\">Nom<\/label><\/div><\/div><\/fieldset><\/div><div id=\"wpforms-7830-field_1-container\" class=\"wpforms-field wpforms-field-email\" data-field-id=\"1\"><fieldset><legend class=\"wpforms-field-label\">Email <span class=\"wpforms-required-label\" aria-hidden=\"true\">*<\/span><\/legend><div class=\"wpforms-field-row wpforms-field-large\"><div class=\"wpforms-field-row-block wpforms-one-half wpforms-first\"><input type=\"email\" id=\"wpforms-7830-field_1\" class=\"wpforms-field-required wpforms-field-email-primary\" name=\"wpforms[fields][1][primary]\" spellcheck=\"false\" aria-errormessage=\"wpforms-7830-field_1-error\" required><label for=\"wpforms-7830-field_1\" class=\"wpforms-field-sublabel after\">E-mail<\/label><\/div><div class=\"wpforms-field-row-block wpforms-one-half\"><input type=\"email\" id=\"wpforms-7830-field_1-secondary\" class=\"wpforms-field-email-secondary wpforms-field-required\" data-rule-confirm=\"#wpforms-7830-field_1\" name=\"wpforms[fields][1][secondary]\" spellcheck=\"false\" aria-errormessage=\"wpforms-7830-field_1-secondary-error\" required><label for=\"wpforms-7830-field_1-secondary\" class=\"wpforms-field-sublabel after\">Confirmez l\u2019e-mail<\/label><\/div><\/div><\/fieldset><\/div><div id=\"wpforms-7830-field_6-container\" class=\"wpforms-field wpforms-field-text\" data-field-id=\"6\"><label class=\"wpforms-field-label\" for=\"wpforms-7830-field_6\">Entreprise<\/label><input type=\"text\" id=\"wpforms-7830-field_6\" class=\"wpforms-field-large\" name=\"wpforms[fields][6]\" aria-errormessage=\"wpforms-7830-field_6-error\" ><\/div><div id=\"wpforms-7830-field_7-container\" class=\"wpforms-field wpforms-field-text\" data-field-id=\"7\"><label class=\"wpforms-field-label\" for=\"wpforms-7830-field_7\">Pays <span class=\"wpforms-required-label\" aria-hidden=\"true\">*<\/span><\/label><input type=\"text\" id=\"wpforms-7830-field_7\" class=\"wpforms-field-large wpforms-field-required\" name=\"wpforms[fields][7]\" aria-errormessage=\"wpforms-7830-field_7-error\" required><\/div><div id=\"wpforms-7830-field_4-container\" class=\"wpforms-field wpforms-field-checkbox\" data-field-id=\"4\"><fieldset><legend class=\"wpforms-field-label wpforms-label-hide\" aria-hidden=\"false\">Checkboxes <span class=\"wpforms-required-label\" aria-hidden=\"true\">*<\/span><\/legend><ul id=\"wpforms-7830-field_4\" class=\"wpforms-field-required\"><li class=\"choice-1 depth-1\"><input type=\"checkbox\" id=\"wpforms-7830-field_4_1\" name=\"wpforms[fields][4][]\" value=\"J&#039;ai lu la politique de confidentialit\u00e9 et j&#039;accepte que les donn\u00e9es personnelles soient trait\u00e9es conform\u00e9ment \u00e0 la politique de confidentialit\u00e9\" aria-errormessage=\"wpforms-7830-field_4_1-error\" required ><label class=\"wpforms-field-label-inline\" for=\"wpforms-7830-field_4_1\">J'ai lu la politique de confidentialit\u00e9 et j'accepte que les donn\u00e9es personnelles soient trait\u00e9es conform\u00e9ment \u00e0 la politique de confidentialit\u00e9<\/label><\/li><\/ul><\/fieldset><\/div><\/div><!-- .wpforms-field-container --><div class=\"wpforms-recaptcha-container wpforms-is-recaptcha wpforms-is-recaptcha-type-v3\" ><input type=\"hidden\" name=\"wpforms[recaptcha]\" value=\"\"><\/div><div class=\"wpforms-submit-container\" ><input type=\"hidden\" name=\"wpforms[id]\" value=\"7830\"><input type=\"hidden\" name=\"page_title\" value=\"\"><input type=\"hidden\" name=\"page_url\" value=\"https:\/\/planinlux.lu\/fr\/wp-json\/wp\/v2\/pages\/5173\"><input type=\"hidden\" name=\"url_referer\" value=\"\"><button type=\"submit\" name=\"wpforms[submit]\" id=\"wpforms-submit-7830\" class=\"wpforms-submit\" data-alt-text=\"Envoi...\" data-submit-text=\"T\u00e9l\u00e9chargez\" aria-live=\"assertive\" value=\"wpforms-submit\">T\u00e9l\u00e9chargez<\/button><img loading=\"lazy\" decoding=\"async\" src=\"https:\/\/planinlux.lu\/wp-content\/plugins\/wpforms\/assets\/images\/submit-spin.svg\" class=\"wpforms-submit-spinner\" style=\"display: none;\" width=\"26\" height=\"26\" alt=\"Chargement en cours\"><\/div><\/form><\/div>  <!-- .wpforms-container -->[\/vc_column][\/vc_row][vc_row padding_top_multiplier=\u00a0\u00bb\u00a0\u00bb padding_bottom_multiplier=\u00a0\u00bb\u00a0\u00bb][vc_column]<div class=\"eut-empty-space eut-height-4x\" style=\"\"><\/div>[\/vc_column][\/vc_row][vc_row bg_type=\u00a0\u00bbcolor\u00a0\u00bb padding_top_multiplier=\u00a0\u00bb2x\u00a0\u00bb padding_bottom_multiplier=\u00a0\u00bb\u00a0\u00bb columns_gap=\u00a0\u00bb40&Prime; font_color=\u00a0\u00bb#ffffff\u00a0\u00bb bg_color=\u00a0\u00bb#2ac187&Prime;][vc_column css=\u00a0\u00bb.vc_custom_1631974279754{padding-top: 40px !important;padding-bottom: 60px !important;}\u00a0\u00bb][vc_column_text text_style=\u00a0\u00bbleader-text\u00a0\u00bb]<\/p>\n<p style=\"text-align: center;\">Connectez-vous avec nous sur LinkedIn et restez inform\u00e9 de la sortie de nouvelles publications.<\/p>\n<p>[\/vc_column_text]<div class=\"eut-empty-space eut-height-1x\" style=\"\"><\/div>\t\t\t<div class=\"eut-element eut-social eut-align-center\" style=\"\">\r\n\t\t\t\t<ul>\r\n\t\t\t\t\t\t\t\t\t\t\t<li>\r\n\t\t\t\t\t\t\t\t<a href=\"https:\/\/www.linkedin.com\/company\/planinlux\/\" class=\"eut-medium eut-circle eut-with-shape eut-simple eut-bg-white\" target=\"_blank\" rel=\"noopener noreferrer\">\r\n\t\t\t\t\t\t\t\t\t<i class=\"eut-text-primary-1 fab fa-linkedin-in\"><\/i>\r\n\t\t\t\t\t\t\t\t<\/a>\r\n\t\t\t\t\t\t\t<\/li>\r\n\t\t\t\t\t\t\t\t<\/ul>\r\n\t\t\t<\/div>\r\n\t\t[\/vc_column][\/vc_row]<\/p>\n<\/div>","protected":false},"excerpt":{"rendered":"<p>Le meilleur guide des engagements RSE au Luxembourg<\/p>\n","protected":false},"author":3,"featured_media":5900,"parent":5878,"menu_order":0,"comment_status":"closed","ping_status":"closed","template":"","meta":{"footnotes":""},"class_list":["post-5173","page","type-page","status-publish","has-post-thumbnail","hentry"],"yoast_head":"<!-- This site is optimized with the Yoast SEO plugin v27.4 - https:\/\/yoast.com\/product\/yoast-seo-wordpress\/ -->\n<title>Le meilleur guide des engagements RSE au Luxembourg<\/title>\n<meta name=\"description\" content=\"Ce guide a \u00e9t\u00e9 \u00e9labor\u00e9 pour permettre aux organisations de mieux comprendre les labels, chartes et r\u00e9glementations existants pour \u00e9valuer et valoriser leurs d\u00e9marches RSE au Luxembourg.\" \/>\n<meta name=\"robots\" content=\"index, follow, max-snippet:-1, max-image-preview:large, max-video-preview:-1\" \/>\n<link rel=\"canonical\" href=\"https:\/\/planinlux.lu\/fr\/ressources\/guide-des-engagements-rse-au-luxembourg-2021\/\" \/>\n<meta property=\"og:locale\" content=\"fr_FR\" \/>\n<meta property=\"og:type\" content=\"article\" \/>\n<meta property=\"og:title\" content=\"Guide des Engagements RSE au Luxembourg | PlaninLux | Solutions Durables\" \/>\n<meta property=\"og:description\" content=\"Ce guide a \u00e9t\u00e9 \u00e9labor\u00e9 pour permettre aux organisations de mieux comprendre les labels, chartes et r\u00e9glementations existants pour \u00e9valuer et valoriser leurs d\u00e9marches RSE au Luxembourg.\" \/>\n<meta property=\"og:url\" content=\"https:\/\/planinlux.lu\/fr\/ressources\/guide-des-engagements-rse-au-luxembourg-2021\/\" \/>\n<meta property=\"og:site_name\" content=\"PlaninLux\" \/>\n<meta property=\"article:modified_time\" content=\"2024-02-13T18:23:08+00:00\" \/>\n<meta property=\"og:image\" content=\"https:\/\/planinlux.lu\/wp-content\/uploads\/2020\/10\/Planinlux-Sustainable-Consulting-TRANSPARENTE.png\" \/>\n<meta name=\"twitter:card\" content=\"summary_large_image\" \/>\n<meta name=\"twitter:title\" content=\"Guide des Engagements RSE au Luxembourg | PlaninLux | Solutions Durables\" \/>\n<meta name=\"twitter:description\" content=\"Ce guide a \u00e9t\u00e9 \u00e9labor\u00e9 pour permettre aux organisations de mieux comprendre les labels, chartes et r\u00e9glementations existants pour \u00e9valuer et valoriser leurs d\u00e9marches RSE au Luxembourg.\" \/>\n<meta name=\"twitter:image\" content=\"https:\/\/planinlux.lu\/wp-content\/uploads\/2020\/10\/Planinlux-Sustainable-Consulting-TRANSPARENTE.png\" \/>\n<meta name=\"twitter:label1\" content=\"Dur\u00e9e de lecture estim\u00e9e\" \/>\n\t<meta name=\"twitter:data1\" content=\"2 minutes\" \/>\n<script type=\"application\/ld+json\" class=\"yoast-schema-graph\">{\"@context\":\"https:\\\/\\\/schema.org\",\"@graph\":[{\"@type\":\"WebPage\",\"@id\":\"https:\\\/\\\/planinlux.lu\\\/fr\\\/ressources\\\/guide-des-engagements-rse-au-luxembourg-2021\\\/\",\"url\":\"https:\\\/\\\/planinlux.lu\\\/fr\\\/ressources\\\/guide-des-engagements-rse-au-luxembourg-2021\\\/\",\"name\":\"Le meilleur guide des engagements RSE au Luxembourg\",\"isPartOf\":{\"@id\":\"https:\\\/\\\/planinlux.lu\\\/fr\\\/#website\"},\"primaryImageOfPage\":{\"@id\":\"https:\\\/\\\/planinlux.lu\\\/fr\\\/ressources\\\/guide-des-engagements-rse-au-luxembourg-2021\\\/#primaryimage\"},\"image\":{\"@id\":\"https:\\\/\\\/planinlux.lu\\\/fr\\\/ressources\\\/guide-des-engagements-rse-au-luxembourg-2021\\\/#primaryimage\"},\"thumbnailUrl\":\"https:\\\/\\\/planinlux.lu\\\/wp-content\\\/uploads\\\/2021\\\/08\\\/Guide-RSE-1.png\",\"datePublished\":\"2021-05-22T15:48:03+00:00\",\"dateModified\":\"2024-02-13T18:23:08+00:00\",\"description\":\"Ce guide a \u00e9t\u00e9 \u00e9labor\u00e9 pour permettre aux organisations de mieux comprendre les labels, chartes et r\u00e9glementations existants pour \u00e9valuer et valoriser leurs d\u00e9marches RSE au Luxembourg.\",\"breadcrumb\":{\"@id\":\"https:\\\/\\\/planinlux.lu\\\/fr\\\/ressources\\\/guide-des-engagements-rse-au-luxembourg-2021\\\/#breadcrumb\"},\"inLanguage\":\"fr-FR\",\"potentialAction\":[{\"@type\":\"ReadAction\",\"target\":[\"https:\\\/\\\/planinlux.lu\\\/fr\\\/ressources\\\/guide-des-engagements-rse-au-luxembourg-2021\\\/\"]}]},{\"@type\":\"ImageObject\",\"inLanguage\":\"fr-FR\",\"@id\":\"https:\\\/\\\/planinlux.lu\\\/fr\\\/ressources\\\/guide-des-engagements-rse-au-luxembourg-2021\\\/#primaryimage\",\"url\":\"https:\\\/\\\/planinlux.lu\\\/wp-content\\\/uploads\\\/2021\\\/08\\\/Guide-RSE-1.png\",\"contentUrl\":\"https:\\\/\\\/planinlux.lu\\\/wp-content\\\/uploads\\\/2021\\\/08\\\/Guide-RSE-1.png\",\"width\":4000,\"height\":4583},{\"@type\":\"BreadcrumbList\",\"@id\":\"https:\\\/\\\/planinlux.lu\\\/fr\\\/ressources\\\/guide-des-engagements-rse-au-luxembourg-2021\\\/#breadcrumb\",\"itemListElement\":[{\"@type\":\"ListItem\",\"position\":1,\"name\":\"Home\",\"item\":\"https:\\\/\\\/planinlux.lu\\\/fr\\\/home\\\/\"},{\"@type\":\"ListItem\",\"position\":2,\"name\":\"Ressources\",\"item\":\"https:\\\/\\\/planinlux.lu\\\/fr\\\/ressources\\\/\"},{\"@type\":\"ListItem\",\"position\":3,\"name\":\"Guide des Engagements RSE au Luxembourg\"}]},{\"@type\":\"WebSite\",\"@id\":\"https:\\\/\\\/planinlux.lu\\\/fr\\\/#website\",\"url\":\"https:\\\/\\\/planinlux.lu\\\/fr\\\/\",\"name\":\"PlaninLux\",\"description\":\"Business Solutions\",\"publisher\":{\"@id\":\"https:\\\/\\\/planinlux.lu\\\/fr\\\/#organization\"},\"potentialAction\":[{\"@type\":\"SearchAction\",\"target\":{\"@type\":\"EntryPoint\",\"urlTemplate\":\"https:\\\/\\\/planinlux.lu\\\/fr\\\/?s={search_term_string}\"},\"query-input\":{\"@type\":\"PropertyValueSpecification\",\"valueRequired\":true,\"valueName\":\"search_term_string\"}}],\"inLanguage\":\"fr-FR\"},{\"@type\":\"Organization\",\"@id\":\"https:\\\/\\\/planinlux.lu\\\/fr\\\/#organization\",\"name\":\"PlaninLux\",\"url\":\"https:\\\/\\\/planinlux.lu\\\/fr\\\/\",\"logo\":{\"@type\":\"ImageObject\",\"inLanguage\":\"fr-FR\",\"@id\":\"https:\\\/\\\/planinlux.lu\\\/fr\\\/#\\\/schema\\\/logo\\\/image\\\/\",\"url\":\"\",\"contentUrl\":\"\",\"caption\":\"PlaninLux\"},\"image\":{\"@id\":\"https:\\\/\\\/planinlux.lu\\\/fr\\\/#\\\/schema\\\/logo\\\/image\\\/\"},\"sameAs\":[\"https:\\\/\\\/www.linkedin.com\\\/company\\\/planinlux\\\/\"]}]}<\/script>\n<!-- \/ Yoast SEO plugin. -->","yoast_head_json":{"title":"Le meilleur guide des engagements RSE au Luxembourg","description":"Ce guide a \u00e9t\u00e9 \u00e9labor\u00e9 pour permettre aux organisations de mieux comprendre les labels, chartes et r\u00e9glementations existants pour \u00e9valuer et valoriser leurs d\u00e9marches RSE au Luxembourg.","robots":{"index":"index","follow":"follow","max-snippet":"max-snippet:-1","max-image-preview":"max-image-preview:large","max-video-preview":"max-video-preview:-1"},"canonical":"https:\/\/planinlux.lu\/fr\/ressources\/guide-des-engagements-rse-au-luxembourg-2021\/","og_locale":"fr_FR","og_type":"article","og_title":"Guide des Engagements RSE au Luxembourg | PlaninLux | Solutions Durables","og_description":"Ce guide a \u00e9t\u00e9 \u00e9labor\u00e9 pour permettre aux organisations de mieux comprendre les labels, chartes et r\u00e9glementations existants pour \u00e9valuer et valoriser leurs d\u00e9marches RSE au Luxembourg.","og_url":"https:\/\/planinlux.lu\/fr\/ressources\/guide-des-engagements-rse-au-luxembourg-2021\/","og_site_name":"PlaninLux","article_modified_time":"2024-02-13T18:23:08+00:00","og_image":[{"url":"https:\/\/planinlux.lu\/wp-content\/uploads\/2020\/10\/Planinlux-Sustainable-Consulting-TRANSPARENTE.png","type":"","width":"","height":""}],"twitter_card":"summary_large_image","twitter_title":"Guide des Engagements RSE au Luxembourg | PlaninLux | Solutions Durables","twitter_description":"Ce guide a \u00e9t\u00e9 \u00e9labor\u00e9 pour permettre aux organisations de mieux comprendre les labels, chartes et r\u00e9glementations existants pour \u00e9valuer et valoriser leurs d\u00e9marches RSE au Luxembourg.","twitter_image":"https:\/\/planinlux.lu\/wp-content\/uploads\/2020\/10\/Planinlux-Sustainable-Consulting-TRANSPARENTE.png","twitter_misc":{"Dur\u00e9e de lecture estim\u00e9e":"2 minutes"},"schema":{"@context":"https:\/\/schema.org","@graph":[{"@type":"WebPage","@id":"https:\/\/planinlux.lu\/fr\/ressources\/guide-des-engagements-rse-au-luxembourg-2021\/","url":"https:\/\/planinlux.lu\/fr\/ressources\/guide-des-engagements-rse-au-luxembourg-2021\/","name":"Le meilleur guide des engagements RSE au Luxembourg","isPartOf":{"@id":"https:\/\/planinlux.lu\/fr\/#website"},"primaryImageOfPage":{"@id":"https:\/\/planinlux.lu\/fr\/ressources\/guide-des-engagements-rse-au-luxembourg-2021\/#primaryimage"},"image":{"@id":"https:\/\/planinlux.lu\/fr\/ressources\/guide-des-engagements-rse-au-luxembourg-2021\/#primaryimage"},"thumbnailUrl":"https:\/\/planinlux.lu\/wp-content\/uploads\/2021\/08\/Guide-RSE-1.png","datePublished":"2021-05-22T15:48:03+00:00","dateModified":"2024-02-13T18:23:08+00:00","description":"Ce guide a \u00e9t\u00e9 \u00e9labor\u00e9 pour permettre aux organisations de mieux comprendre les labels, chartes et r\u00e9glementations existants pour \u00e9valuer et valoriser leurs d\u00e9marches RSE au Luxembourg.","breadcrumb":{"@id":"https:\/\/planinlux.lu\/fr\/ressources\/guide-des-engagements-rse-au-luxembourg-2021\/#breadcrumb"},"inLanguage":"fr-FR","potentialAction":[{"@type":"ReadAction","target":["https:\/\/planinlux.lu\/fr\/ressources\/guide-des-engagements-rse-au-luxembourg-2021\/"]}]},{"@type":"ImageObject","inLanguage":"fr-FR","@id":"https:\/\/planinlux.lu\/fr\/ressources\/guide-des-engagements-rse-au-luxembourg-2021\/#primaryimage","url":"https:\/\/planinlux.lu\/wp-content\/uploads\/2021\/08\/Guide-RSE-1.png","contentUrl":"https:\/\/planinlux.lu\/wp-content\/uploads\/2021\/08\/Guide-RSE-1.png","width":4000,"height":4583},{"@type":"BreadcrumbList","@id":"https:\/\/planinlux.lu\/fr\/ressources\/guide-des-engagements-rse-au-luxembourg-2021\/#breadcrumb","itemListElement":[{"@type":"ListItem","position":1,"name":"Home","item":"https:\/\/planinlux.lu\/fr\/home\/"},{"@type":"ListItem","position":2,"name":"Ressources","item":"https:\/\/planinlux.lu\/fr\/ressources\/"},{"@type":"ListItem","position":3,"name":"Guide des Engagements RSE au Luxembourg"}]},{"@type":"WebSite","@id":"https:\/\/planinlux.lu\/fr\/#website","url":"https:\/\/planinlux.lu\/fr\/","name":"PlaninLux","description":"Business Solutions","publisher":{"@id":"https:\/\/planinlux.lu\/fr\/#organization"},"potentialAction":[{"@type":"SearchAction","target":{"@type":"EntryPoint","urlTemplate":"https:\/\/planinlux.lu\/fr\/?s={search_term_string}"},"query-input":{"@type":"PropertyValueSpecification","valueRequired":true,"valueName":"search_term_string"}}],"inLanguage":"fr-FR"},{"@type":"Organization","@id":"https:\/\/planinlux.lu\/fr\/#organization","name":"PlaninLux","url":"https:\/\/planinlux.lu\/fr\/","logo":{"@type":"ImageObject","inLanguage":"fr-FR","@id":"https:\/\/planinlux.lu\/fr\/#\/schema\/logo\/image\/","url":"","contentUrl":"","caption":"PlaninLux"},"image":{"@id":"https:\/\/planinlux.lu\/fr\/#\/schema\/logo\/image\/"},"sameAs":["https:\/\/www.linkedin.com\/company\/planinlux\/"]}]}},"_links":{"self":[{"href":"https:\/\/planinlux.lu\/fr\/wp-json\/wp\/v2\/pages\/5173","targetHints":{"allow":["GET"]}}],"collection":[{"href":"https:\/\/planinlux.lu\/fr\/wp-json\/wp\/v2\/pages"}],"about":[{"href":"https:\/\/planinlux.lu\/fr\/wp-json\/wp\/v2\/types\/page"}],"author":[{"embeddable":true,"href":"https:\/\/planinlux.lu\/fr\/wp-json\/wp\/v2\/users\/3"}],"replies":[{"embeddable":true,"href":"https:\/\/planinlux.lu\/fr\/wp-json\/wp\/v2\/comments?post=5173"}],"version-history":[{"count":33,"href":"https:\/\/planinlux.lu\/fr\/wp-json\/wp\/v2\/pages\/5173\/revisions"}],"predecessor-version":[{"id":8728,"href":"https:\/\/planinlux.lu\/fr\/wp-json\/wp\/v2\/pages\/5173\/revisions\/8728"}],"up":[{"embeddable":true,"href":"https:\/\/planinlux.lu\/fr\/wp-json\/wp\/v2\/pages\/5878"}],"wp:featuredmedia":[{"embeddable":true,"href":"https:\/\/planinlux.lu\/fr\/wp-json\/wp\/v2\/media\/5900"}],"wp:attachment":[{"href":"https:\/\/planinlux.lu\/fr\/wp-json\/wp\/v2\/media?parent=5173"}],"curies":[{"name":"wp","href":"https:\/\/api.w.org\/{rel}","templated":true}]}}