{"id":5100,"date":"2021-05-13T16:09:54","date_gmt":"2021-05-13T16:09:54","guid":{"rendered":"https:\/\/planinlux.lu\/?page_id=5100"},"modified":"2024-02-13T18:23:06","modified_gmt":"2024-02-13T18:23:06","slug":"responsabilite-sociale-dentreprise","status":"publish","type":"page","link":"https:\/\/planinlux.lu\/fr\/responsabilite-sociale-dentreprise\/","title":{"rendered":"Responsabilit\u00e9 Sociale d&rsquo;Entreprise"},"content":{"rendered":"<div class=\"wpb-content-wrapper\"><p>[vc_row padding_top_multiplier=\u00a0\u00bb2x\u00a0\u00bb padding_bottom_multiplier=\u00a0\u00bb2x\u00a0\u00bb][vc_column width=\u00a0\u00bb2\/3&Prime;]<h5 class=\"eut-element eut-title eut-align-left eut-animated-item eut-fade-in-left eut-duration-normal eut-h4\" style=\"margin-bottom: 0px;\" data-delay=\"200\"><span>Nous avons int\u00e9gr\u00e9 les questions environnementales, sociales et de gouvernance dans le processus d\u00e9cisionnel de l&rsquo;entreprise.<\/span><\/h5>[\/vc_column][vc_column width=\u00a0\u00bb1\/3&Prime;][\/vc_column][\/vc_row][vc_row bg_type=\u00a0\u00bbcolor\u00a0\u00bb padding_top_multiplier=\u00a0\u00bb5x\u00a0\u00bb padding_bottom_multiplier=\u00a0\u00bb5x\u00a0\u00bb separator_top=\u00a0\u00bbtilt-left-separator\u00a0\u00bb separator_bottom=\u00a0\u00bbtilt-right-separator\u00a0\u00bb font_color=\u00a0\u00bb#ffffff\u00a0\u00bb bg_color=\u00a0\u00bb#eaeaea\u00a0\u00bb][vc_column width=\u00a0\u00bb1\/4&Prime;][\/vc_column][vc_column width=\u00a0\u00bb3\/4&Prime; text_align=\u00a0\u00bbright\u00a0\u00bb]<h5 class=\"eut-element eut-title eut-align-right eut-animated-item eut-fade-in-right eut-duration-normal eut-h4\" style=\"margin-bottom: 0px;\" data-delay=\"200\"><span>Nos engagements en mati\u00e8re de responsabilit\u00e9 sociale d&rsquo;entreprise sont d\u00e9velopp\u00e9s selon les axes d&rsquo;action principaux de notre strat\u00e9gie globale qui comprend les strat\u00e9gies et les nouveaux d\u00e9fis en mati\u00e8re de durabilit\u00e9 sur six axes d&rsquo;action.<\/span><\/h5>[\/vc_column][\/vc_row][vc_row padding_top_multiplier=\u00a0\u00bb5x\u00a0\u00bb padding_bottom_multiplier=\u00a0\u00bb3x\u00a0\u00bb tablet_sm_visibility=\u00a0\u00bbhide\u00a0\u00bb][vc_column width=\u00a0\u00bb1\/3&Prime; text_align=\u00a0\u00bbcenter\u00a0\u00bb z_index=\u00a0\u00bb3&Prime;]<div class=\"eut-element eut-box-icon eut-extra-large eut-top-icon eut-align-center\" style=\"\"><div class=\"eut-wrapper-icon eut-no-shape eut-text-grey\"><i class=\"eut-text-primary-1 fab fa-envira\"><\/i><\/div><div class=\"eut-box-content\"><div class=\"eut-box-title-wrapper\"><h3 class=\"eut-box-title eut-h5\">Environnement<\/h3><\/div><\/div><\/div>[\/vc_column][vc_column width=\u00a0\u00bb1\/3&Prime;]<div class=\"eut-element eut-box-icon eut-extra-large eut-top-icon eut-align-center\" style=\"\"><div class=\"eut-wrapper-icon eut-no-shape eut-text-grey\"><i class=\"eut-text-black fas fa-user-check\"><\/i><\/div><div class=\"eut-box-content\"><div class=\"eut-box-title-wrapper\"><h5 class=\"eut-box-title eut-h5\">Social<\/h5><\/div><\/div><\/div>[\/vc_column][vc_column width=\u00a0\u00bb1\/3&Prime;]<div class=\"eut-element eut-box-icon eut-extra-large eut-top-icon eut-align-center\" style=\"\"><div class=\"eut-wrapper-icon eut-no-shape eut-text-grey\"><i class=\"eut-text-primary-1 fas fa-user-friends\"><\/i><\/div><div class=\"eut-box-content\"><div class=\"eut-box-title-wrapper\"><h5 class=\"eut-box-title eut-h5\">Gouvernance<\/h5><\/div><\/div><\/div>[\/vc_column][vc_column]<div class=\"eut-empty-space eut-height-2x\" style=\"\"><\/div>[\/vc_column][vc_column width=\u00a0\u00bb1\/3&Prime;]<div class=\"eut-element eut-box-icon eut-extra-large eut-top-icon eut-align-center\" style=\"\"><div class=\"eut-wrapper-icon eut-no-shape eut-text-grey\"><i class=\"eut-text-primary-1 fas fa-balance-scale-left\"><\/i><\/div><div class=\"eut-box-content\"><div class=\"eut-box-title-wrapper\"><h5 class=\"eut-box-title eut-h5\">\u00c9conomique<\/h5><\/div><\/div><\/div>[\/vc_column][vc_column width=\u00a0\u00bb1\/3&Prime;]<div class=\"eut-element eut-box-icon eut-extra-large eut-top-icon eut-align-center\" style=\"\"><div class=\"eut-wrapper-icon eut-no-shape eut-text-grey\"><i class=\"eut-text-black fas fa-check-square\"><\/i><\/div><div class=\"eut-box-content\"><div class=\"eut-box-title-wrapper\"><h5 class=\"eut-box-title eut-h5\">Qualit\u00e9<\/h5><\/div><\/div><\/div>[\/vc_column][vc_column width=\u00a0\u00bb1\/3&Prime;]<div class=\"eut-element eut-box-icon eut-extra-large eut-top-icon eut-align-center\" style=\"\"><div class=\"eut-wrapper-icon eut-no-shape eut-text-grey\"><i class=\"eut-text-primary-1 fas fa-people-carry\"><\/i><\/div><div class=\"eut-box-content\"><div class=\"eut-box-title-wrapper\"><h5 class=\"eut-box-title eut-h5\">Soci\u00e9tal<\/h5><\/div><\/div><\/div>[\/vc_column][\/vc_row][vc_row padding_bottom_multiplier=\u00a0\u00bb3x\u00a0\u00bb][vc_column]<div class=\"eut-element eut-align-center\"><a href=\"https:\/\/planinlux.lu\/wp-content\/uploads\/2023\/08\/Charte-dengagement-RSE-2023-2024.pdf\" class=\"eut-btn eut-btn-extralarge eut-round eut-bg-primary-1 eut-bg-hover-black eut-btn-line\"><span>T\u00e9l\u00e9charger notre Charte d&apos;engagement RSE<\/span><\/a><\/div>[\/vc_column][\/vc_row]<\/p>\n<\/div>","protected":false},"excerpt":{"rendered":"<p>Nos engagements en mati\u00e8re de responsabilit\u00e9 sociale d\u2019entreprise sont d\u00e9velopp\u00e9s selon les axes d\u2019action principaux de notre strat\u00e9gie globale qui comprend les strat\u00e9gies et les nouveaux d\u00e9fis en mati\u00e8re de durabilit\u00e9 sur six axes d\u2019action. <\/p>\n","protected":false},"author":3,"featured_media":4948,"parent":0,"menu_order":0,"comment_status":"closed","ping_status":"closed","template":"","meta":{"footnotes":""},"class_list":["post-5100","page","type-page","status-publish","has-post-thumbnail","hentry"],"yoast_head":"<!-- This site is optimized with the Yoast SEO plugin v27.5 - https:\/\/yoast.com\/product\/yoast-seo-wordpress\/ -->\n<title>Responsabilit\u00e9 Sociale d&#039;Entreprise | Nos engagements en mati\u00e8re de RSE<\/title>\n<meta name=\"description\" content=\"Les axes d&#039;action principaux: Environnement, Social, Gouvernance, \u00c9conomique, Qualit\u00e9 et Soci\u00e9tal\" \/>\n<meta name=\"robots\" content=\"index, follow, max-snippet:-1, max-image-preview:large, max-video-preview:-1\" \/>\n<link rel=\"canonical\" href=\"https:\/\/planinlux.lu\/fr\/responsabilite-sociale-dentreprise\/\" \/>\n<meta property=\"og:locale\" content=\"fr_FR\" \/>\n<meta property=\"og:type\" content=\"article\" \/>\n<meta property=\"og:title\" content=\"Responsabilit\u00e9 Sociale d&#039;Entreprise | PlaninLux | solutions durables\" \/>\n<meta property=\"og:description\" content=\"Responsabilit\u00e9 Sociale d&#039;Entreprise\" \/>\n<meta property=\"og:url\" content=\"https:\/\/planinlux.lu\/fr\/responsabilite-sociale-dentreprise\/\" \/>\n<meta property=\"og:site_name\" content=\"PlaninLux\" \/>\n<meta property=\"article:modified_time\" content=\"2024-02-13T18:23:06+00:00\" \/>\n<meta property=\"og:image\" content=\"https:\/\/planinlux.lu\/wp-content\/uploads\/2020\/10\/Planinlux-Sustainable-Consulting-TRANSPARENTE.png\" \/>\n<meta name=\"twitter:card\" content=\"summary_large_image\" \/>\n<meta name=\"twitter:title\" content=\"Responsabilit\u00e9 Sociale d&#039;Entreprise | PlaninLux | solutions durables\" \/>\n<meta name=\"twitter:description\" content=\"Responsabilit\u00e9 Sociale d&#039;Entreprise\" \/>\n<meta name=\"twitter:image\" content=\"https:\/\/planinlux.lu\/wp-content\/uploads\/2020\/10\/Planinlux-Sustainable-Consulting-TRANSPARENTE.png\" \/>\n<meta name=\"twitter:label1\" content=\"Dur\u00e9e de lecture estim\u00e9e\" \/>\n\t<meta name=\"twitter:data1\" content=\"1 minute\" \/>\n<script type=\"application\/ld+json\" class=\"yoast-schema-graph\">{\"@context\":\"https:\\\/\\\/schema.org\",\"@graph\":[{\"@type\":\"WebPage\",\"@id\":\"https:\\\/\\\/planinlux.lu\\\/fr\\\/responsabilite-sociale-dentreprise\\\/\",\"url\":\"https:\\\/\\\/planinlux.lu\\\/fr\\\/responsabilite-sociale-dentreprise\\\/\",\"name\":\"Responsabilit\u00e9 Sociale d'Entreprise | Nos engagements en mati\u00e8re de RSE\",\"isPartOf\":{\"@id\":\"https:\\\/\\\/planinlux.lu\\\/fr\\\/#website\"},\"primaryImageOfPage\":{\"@id\":\"https:\\\/\\\/planinlux.lu\\\/fr\\\/responsabilite-sociale-dentreprise\\\/#primaryimage\"},\"image\":{\"@id\":\"https:\\\/\\\/planinlux.lu\\\/fr\\\/responsabilite-sociale-dentreprise\\\/#primaryimage\"},\"thumbnailUrl\":\"https:\\\/\\\/planinlux.lu\\\/wp-content\\\/uploads\\\/2021\\\/01\\\/2030-Agenda-sustainable-development-1.jpeg\",\"datePublished\":\"2021-05-13T16:09:54+00:00\",\"dateModified\":\"2024-02-13T18:23:06+00:00\",\"description\":\"Les axes d'action principaux: Environnement, Social, Gouvernance, \u00c9conomique, Qualit\u00e9 et Soci\u00e9tal\",\"breadcrumb\":{\"@id\":\"https:\\\/\\\/planinlux.lu\\\/fr\\\/responsabilite-sociale-dentreprise\\\/#breadcrumb\"},\"inLanguage\":\"fr-FR\",\"potentialAction\":[{\"@type\":\"ReadAction\",\"target\":[\"https:\\\/\\\/planinlux.lu\\\/fr\\\/responsabilite-sociale-dentreprise\\\/\"]}]},{\"@type\":\"ImageObject\",\"inLanguage\":\"fr-FR\",\"@id\":\"https:\\\/\\\/planinlux.lu\\\/fr\\\/responsabilite-sociale-dentreprise\\\/#primaryimage\",\"url\":\"https:\\\/\\\/planinlux.lu\\\/wp-content\\\/uploads\\\/2021\\\/01\\\/2030-Agenda-sustainable-development-1.jpeg\",\"contentUrl\":\"https:\\\/\\\/planinlux.lu\\\/wp-content\\\/uploads\\\/2021\\\/01\\\/2030-Agenda-sustainable-development-1.jpeg\",\"width\":2000,\"height\":1200},{\"@type\":\"BreadcrumbList\",\"@id\":\"https:\\\/\\\/planinlux.lu\\\/fr\\\/responsabilite-sociale-dentreprise\\\/#breadcrumb\",\"itemListElement\":[{\"@type\":\"ListItem\",\"position\":1,\"name\":\"Home\",\"item\":\"https:\\\/\\\/planinlux.lu\\\/fr\\\/home\\\/\"},{\"@type\":\"ListItem\",\"position\":2,\"name\":\"Responsabilit\u00e9 Sociale d&rsquo;Entreprise\"}]},{\"@type\":\"WebSite\",\"@id\":\"https:\\\/\\\/planinlux.lu\\\/fr\\\/#website\",\"url\":\"https:\\\/\\\/planinlux.lu\\\/fr\\\/\",\"name\":\"PlaninLux\",\"description\":\"Business Solutions\",\"publisher\":{\"@id\":\"https:\\\/\\\/planinlux.lu\\\/fr\\\/#organization\"},\"potentialAction\":[{\"@type\":\"SearchAction\",\"target\":{\"@type\":\"EntryPoint\",\"urlTemplate\":\"https:\\\/\\\/planinlux.lu\\\/fr\\\/?s={search_term_string}\"},\"query-input\":{\"@type\":\"PropertyValueSpecification\",\"valueRequired\":true,\"valueName\":\"search_term_string\"}}],\"inLanguage\":\"fr-FR\"},{\"@type\":\"Organization\",\"@id\":\"https:\\\/\\\/planinlux.lu\\\/fr\\\/#organization\",\"name\":\"PlaninLux\",\"url\":\"https:\\\/\\\/planinlux.lu\\\/fr\\\/\",\"logo\":{\"@type\":\"ImageObject\",\"inLanguage\":\"fr-FR\",\"@id\":\"https:\\\/\\\/planinlux.lu\\\/fr\\\/#\\\/schema\\\/logo\\\/image\\\/\",\"url\":\"\",\"contentUrl\":\"\",\"caption\":\"PlaninLux\"},\"image\":{\"@id\":\"https:\\\/\\\/planinlux.lu\\\/fr\\\/#\\\/schema\\\/logo\\\/image\\\/\"},\"sameAs\":[\"https:\\\/\\\/www.linkedin.com\\\/company\\\/planinlux\\\/\"]}]}<\/script>\n<!-- \/ Yoast SEO plugin. -->","yoast_head_json":{"title":"Responsabilit\u00e9 Sociale d'Entreprise | Nos engagements en mati\u00e8re de RSE","description":"Les axes d'action principaux: Environnement, Social, Gouvernance, \u00c9conomique, Qualit\u00e9 et Soci\u00e9tal","robots":{"index":"index","follow":"follow","max-snippet":"max-snippet:-1","max-image-preview":"max-image-preview:large","max-video-preview":"max-video-preview:-1"},"canonical":"https:\/\/planinlux.lu\/fr\/responsabilite-sociale-dentreprise\/","og_locale":"fr_FR","og_type":"article","og_title":"Responsabilit\u00e9 Sociale d'Entreprise | PlaninLux | solutions durables","og_description":"Responsabilit\u00e9 Sociale d'Entreprise","og_url":"https:\/\/planinlux.lu\/fr\/responsabilite-sociale-dentreprise\/","og_site_name":"PlaninLux","article_modified_time":"2024-02-13T18:23:06+00:00","og_image":[{"url":"https:\/\/planinlux.lu\/wp-content\/uploads\/2020\/10\/Planinlux-Sustainable-Consulting-TRANSPARENTE.png","type":"","width":"","height":""}],"twitter_card":"summary_large_image","twitter_title":"Responsabilit\u00e9 Sociale d'Entreprise | PlaninLux | solutions durables","twitter_description":"Responsabilit\u00e9 Sociale d'Entreprise","twitter_image":"https:\/\/planinlux.lu\/wp-content\/uploads\/2020\/10\/Planinlux-Sustainable-Consulting-TRANSPARENTE.png","twitter_misc":{"Dur\u00e9e de lecture estim\u00e9e":"1 minute"},"schema":{"@context":"https:\/\/schema.org","@graph":[{"@type":"WebPage","@id":"https:\/\/planinlux.lu\/fr\/responsabilite-sociale-dentreprise\/","url":"https:\/\/planinlux.lu\/fr\/responsabilite-sociale-dentreprise\/","name":"Responsabilit\u00e9 Sociale d'Entreprise | Nos engagements en mati\u00e8re de RSE","isPartOf":{"@id":"https:\/\/planinlux.lu\/fr\/#website"},"primaryImageOfPage":{"@id":"https:\/\/planinlux.lu\/fr\/responsabilite-sociale-dentreprise\/#primaryimage"},"image":{"@id":"https:\/\/planinlux.lu\/fr\/responsabilite-sociale-dentreprise\/#primaryimage"},"thumbnailUrl":"https:\/\/planinlux.lu\/wp-content\/uploads\/2021\/01\/2030-Agenda-sustainable-development-1.jpeg","datePublished":"2021-05-13T16:09:54+00:00","dateModified":"2024-02-13T18:23:06+00:00","description":"Les axes d'action principaux: Environnement, Social, Gouvernance, \u00c9conomique, Qualit\u00e9 et Soci\u00e9tal","breadcrumb":{"@id":"https:\/\/planinlux.lu\/fr\/responsabilite-sociale-dentreprise\/#breadcrumb"},"inLanguage":"fr-FR","potentialAction":[{"@type":"ReadAction","target":["https:\/\/planinlux.lu\/fr\/responsabilite-sociale-dentreprise\/"]}]},{"@type":"ImageObject","inLanguage":"fr-FR","@id":"https:\/\/planinlux.lu\/fr\/responsabilite-sociale-dentreprise\/#primaryimage","url":"https:\/\/planinlux.lu\/wp-content\/uploads\/2021\/01\/2030-Agenda-sustainable-development-1.jpeg","contentUrl":"https:\/\/planinlux.lu\/wp-content\/uploads\/2021\/01\/2030-Agenda-sustainable-development-1.jpeg","width":2000,"height":1200},{"@type":"BreadcrumbList","@id":"https:\/\/planinlux.lu\/fr\/responsabilite-sociale-dentreprise\/#breadcrumb","itemListElement":[{"@type":"ListItem","position":1,"name":"Home","item":"https:\/\/planinlux.lu\/fr\/home\/"},{"@type":"ListItem","position":2,"name":"Responsabilit\u00e9 Sociale d&rsquo;Entreprise"}]},{"@type":"WebSite","@id":"https:\/\/planinlux.lu\/fr\/#website","url":"https:\/\/planinlux.lu\/fr\/","name":"PlaninLux","description":"Business Solutions","publisher":{"@id":"https:\/\/planinlux.lu\/fr\/#organization"},"potentialAction":[{"@type":"SearchAction","target":{"@type":"EntryPoint","urlTemplate":"https:\/\/planinlux.lu\/fr\/?s={search_term_string}"},"query-input":{"@type":"PropertyValueSpecification","valueRequired":true,"valueName":"search_term_string"}}],"inLanguage":"fr-FR"},{"@type":"Organization","@id":"https:\/\/planinlux.lu\/fr\/#organization","name":"PlaninLux","url":"https:\/\/planinlux.lu\/fr\/","logo":{"@type":"ImageObject","inLanguage":"fr-FR","@id":"https:\/\/planinlux.lu\/fr\/#\/schema\/logo\/image\/","url":"","contentUrl":"","caption":"PlaninLux"},"image":{"@id":"https:\/\/planinlux.lu\/fr\/#\/schema\/logo\/image\/"},"sameAs":["https:\/\/www.linkedin.com\/company\/planinlux\/"]}]}},"_links":{"self":[{"href":"https:\/\/planinlux.lu\/fr\/wp-json\/wp\/v2\/pages\/5100","targetHints":{"allow":["GET"]}}],"collection":[{"href":"https:\/\/planinlux.lu\/fr\/wp-json\/wp\/v2\/pages"}],"about":[{"href":"https:\/\/planinlux.lu\/fr\/wp-json\/wp\/v2\/types\/page"}],"author":[{"embeddable":true,"href":"https:\/\/planinlux.lu\/fr\/wp-json\/wp\/v2\/users\/3"}],"replies":[{"embeddable":true,"href":"https:\/\/planinlux.lu\/fr\/wp-json\/wp\/v2\/comments?post=5100"}],"version-history":[{"count":35,"href":"https:\/\/planinlux.lu\/fr\/wp-json\/wp\/v2\/pages\/5100\/revisions"}],"predecessor-version":[{"id":8716,"href":"https:\/\/planinlux.lu\/fr\/wp-json\/wp\/v2\/pages\/5100\/revisions\/8716"}],"wp:featuredmedia":[{"embeddable":true,"href":"https:\/\/planinlux.lu\/fr\/wp-json\/wp\/v2\/media\/4948"}],"wp:attachment":[{"href":"https:\/\/planinlux.lu\/fr\/wp-json\/wp\/v2\/media?parent=5100"}],"curies":[{"name":"wp","href":"https:\/\/api.w.org\/{rel}","templated":true}]}}