{"id":4945,"date":"2016-12-01T14:08:04","date_gmt":"2016-12-01T14:08:04","guid":{"rendered":"https:\/\/planinlux.lu\/nos-services\/"},"modified":"2024-02-13T18:22:13","modified_gmt":"2024-02-13T18:22:13","slug":"solutions","status":"publish","type":"page","link":"https:\/\/planinlux.lu\/fr\/solutions\/","title":{"rendered":"Solutions"},"content":{"rendered":"<div class=\"wpb-content-wrapper\"><p>[vc_row padding_top_multiplier=\u00a0\u00bb3x\u00a0\u00bb padding_bottom_multiplier=\u00a0\u00bb4x\u00a0\u00bb equal_column_height=\u00a0\u00bbequal-column\u00a0\u00bb font_color=\u00a0\u00bb#ffffff\u00a0\u00bb][vc_column column_effect=\u00a0\u00bbvertical-parallax\u00a0\u00bb column_effect_limit=\u00a0\u00bb2x\u00a0\u00bb column_custom_position=\u00a0\u00bbyes\u00a0\u00bb width=\u00a0\u00bb1\/4&Prime; tablet_sm_width=\u00a0\u00bb1-2&Prime; mobile_width=\u00a0\u00bb1&Prime; tablet_portrait_column_effect=\u00a0\u00bb\u00a0\u00bb tablet_landscape_column_positions=\u00a0\u00bbnone\u00a0\u00bb tablet_portrait_column_positions=\u00a0\u00bbnone\u00a0\u00bb mobile_column_positions=\u00a0\u00bbnone\u00a0\u00bb heading_color=\u00a0\u00bblight\u00a0\u00bb el_wrapper_class=\u00a0\u00bbeut-drop-shadow\u00a0\u00bb css=\u00a0\u00bb.vc_custom_1610664538789{padding-top: 60px !important;padding-right: 30px !important;padding-bottom: 60px !important;padding-left: 30px !important;background-color: #000000 !important;border-radius: 5px !important;}\u00a0\u00bb font_color=\u00a0\u00bb#ffffff\u00a0\u00bb]<div class=\"eut-element eut-box-icon eut-medium eut-top-icon eut-align-center\" style=\"\"><div class=\"eut-wrapper-icon eut-no-shape eut-text-grey\"><i class=\"eut-text-white fas fa-chart-line\"><\/i><\/div><div class=\"eut-box-content\"><div class=\"eut-box-title-wrapper\"><h5 class=\"eut-box-title eut-h5\">Services de conseil aux entreprises<\/h5><\/div>  <p class=\"\">Cr\u00e9er une entreprise<br \/>\nAutorisation d&rsquo;\u00e9tablissement<br \/>\nOpportunit\u00e9s commerciales<br \/>\nPropri\u00e9t\u00e9 Intellectuelle<br \/>\nInternationalisation<br \/>\nProc\u00e9dures administratives<br \/>\nAssistance RSE<br \/>\nCertifications<\/p><\/div><\/div><div class=\"eut-empty-space eut-height-2x\" style=\"\"><\/div><div class=\"eut-element eut-align-center\"><a href=\"https:\/\/planinlux.lu\/fr\/solutions\/services-de-conseil\/\" title=\"Services de conseil aux entreprises\" class=\"eut-btn eut-btn-small eut-round eut-bg-white eut-bg-hover-primary-1\"><span>+<\/span><\/a><\/div>[\/vc_column][vc_column column_effect=\u00a0\u00bbvertical-parallax\u00a0\u00bb column_effect_limit=\u00a0\u00bb2x\u00a0\u00bb column_custom_position=\u00a0\u00bbyes\u00a0\u00bb width=\u00a0\u00bb1\/4&Prime; tablet_sm_width=\u00a0\u00bb1-2&Prime; tablet_portrait_column_effect=\u00a0\u00bb\u00a0\u00bb heading_color=\u00a0\u00bblight\u00a0\u00bb el_wrapper_class=\u00a0\u00bbeut-drop-shadow\u00a0\u00bb css=\u00a0\u00bb.vc_custom_1610664547791{padding-top: 60px !important;padding-right: 30px !important;padding-bottom: 60px !important;padding-left: 30px !important;background-color: #000000 !important;border-radius: 5px !important;}\u00a0\u00bb font_color=\u00a0\u00bb#ffffff\u00a0\u00bb]<div class=\"eut-element eut-box-icon eut-medium eut-top-icon eut-align-center\" style=\"\"><div class=\"eut-wrapper-icon eut-no-shape eut-text-grey\"><i class=\"eut-text-white fas fa-tasks\"><\/i><\/div><div class=\"eut-box-content\"><div class=\"eut-box-title-wrapper\"><h5 class=\"eut-box-title eut-h5\">Gestion de projets &amp; Financement<\/h5><\/div>  <p class=\"\">Opportunit\u00e9s de financement<br \/>\nAssistance technique<br \/>\nVotre partenaire pour<br \/>\nprojets locaux et europ\u00e9ens<\/p><\/div><\/div><div class=\"eut-empty-space eut-height-1x\" style=\"\"><\/div><div class=\"eut-element eut-align-center\"><a href=\"https:\/\/planinlux.lu\/services\/project-management\/\" title=\"gestion de projets\" class=\"eut-btn eut-btn-small eut-round eut-bg-white eut-bg-hover-primary-1\"><span>+<\/span><\/a><\/div>[\/vc_column][vc_column column_effect=\u00a0\u00bbvertical-parallax\u00a0\u00bb column_effect_limit=\u00a0\u00bb2x\u00a0\u00bb column_custom_position=\u00a0\u00bbyes\u00a0\u00bb width=\u00a0\u00bb1\/4&Prime; tablet_sm_width=\u00a0\u00bb1-2&Prime; tablet_portrait_column_effect=\u00a0\u00bb\u00a0\u00bb heading_color=\u00a0\u00bblight\u00a0\u00bb el_wrapper_class=\u00a0\u00bbeut-drop-shadow\u00a0\u00bb css=\u00a0\u00bb.vc_custom_1610664555743{padding-top: 60px !important;padding-right: 30px !important;padding-bottom: 60px !important;padding-left: 30px !important;background-color: #2ac187 !important;border-radius: 5px !important;}\u00a0\u00bb font_color=\u00a0\u00bb#ffffff\u00a0\u00bb]<div class=\"eut-element eut-box-icon eut-medium eut-top-icon eut-align-center\" style=\"\"><div class=\"eut-wrapper-icon eut-no-shape eut-text-grey\"><i class=\"eut-text-white far fa-calendar-alt\"><\/i><\/div><div class=\"eut-box-content\"><div class=\"eut-box-title-wrapper\"><h5 class=\"eut-box-title eut-h5\">Communication &amp; \u00c9v\u00e9nementiel<\/h5><\/div>  <p class=\"\">Num\u00e9risez votre entreprise<br \/>\nD\u00e9veloppement web<br \/>\nSEO<br \/>\nR\u00e9seaux Sociaux<br \/>\nCommunication responsable<br \/>\n\u00c9v\u00e8nements durables<br \/>\nStrat\u00e9gie de communication<\/p><\/div><\/div><div class=\"eut-empty-space eut-height-2x\" style=\"\"><\/div><div class=\"eut-element eut-align-center\"><a href=\"https:\/\/planinlux.lu\/fr\/solutions\/communication-evenementiel\/\" title=\"Communication responsable\" class=\"eut-btn eut-btn-small eut-round eut-bg-white eut-bg-hover-black\"><span>+<\/span><\/a><\/div>[\/vc_column][vc_column column_effect=\u00a0\u00bbvertical-parallax\u00a0\u00bb column_effect_limit=\u00a0\u00bb2x\u00a0\u00bb column_custom_position=\u00a0\u00bbyes\u00a0\u00bb width=\u00a0\u00bb1\/4&Prime; tablet_sm_width=\u00a0\u00bb1-2&Prime; tablet_portrait_column_effect=\u00a0\u00bb\u00a0\u00bb heading_color=\u00a0\u00bblight\u00a0\u00bb css=\u00a0\u00bb.vc_custom_1610664563700{padding-top: 60px !important;padding-right: 30px !important;padding-bottom: 60px !important;padding-left: 30px !important;background-color: #2ac187 !important;border-radius: 5px !important;}\u00a0\u00bb el_wrapper_class=\u00a0\u00bbeut-drop-shadow\u00a0\u00bb font_color=\u00a0\u00bb#ffffff\u00a0\u00bb]<div class=\"eut-element eut-box-icon eut-medium eut-top-icon eut-align-center\" style=\"\"><div class=\"eut-wrapper-icon eut-no-shape eut-text-grey\"><i class=\"eut-text-white fas fa-graduation-cap\"><\/i><\/div><div class=\"eut-box-content\"><div class=\"eut-box-title-wrapper\"><h5 class=\"eut-box-title eut-h5\">Formation<\/h5><\/div>  <p class=\"\">Motivation pour agir<br \/>\nWorkshops<br \/>\nBonnes pratiques<br \/>\nFormation &amp; Certification ISO<\/p><\/div><\/div><div class=\"eut-empty-space eut-height-3x\" style=\"\"><\/div><div class=\"eut-element eut-align-center\"><a href=\"https:\/\/planinlux.lu\/services\/training\/\" title=\"Formation\" class=\"eut-btn eut-btn-small eut-round eut-bg-white eut-bg-hover-black\"><span>+<\/span><\/a><\/div>[\/vc_column][\/vc_row][vc_row][vc_column]<div class=\"eut-element eut-divider eut-animated-item eut-zoom-in eut-duration-normal\" style=\"\" data-delay=\"200\"><div class=\"eut-line-divider eut-border\"><\/div><\/div>[\/vc_column][\/vc_row][vc_row][vc_column]<div class=\"eut-element eut-title eut-align-left eut-h4\" style=\"\"><span>Pourquoi nous choisir ?<\/span><\/div>[\/vc_column][\/vc_row][vc_row][vc_column width=\u00a0\u00bb1\/4&Prime; tablet_sm_width=\u00a0\u00bb1-2&Prime;]<div class=\"eut-element eut-box-icon eut-small eut-side-icon eut-align-left eut-animated-item eut-zoom-in eut-duration-normal\" style=\"\" data-delay=\"200\"><div class=\"eut-wrapper-icon eut-no-shape eut-text-grey\"><i class=\"eut-text-primary-1 et-icon-magnifying-glass\"><\/i><\/div><div class=\"eut-box-content\"><div class=\"eut-box-title-wrapper\"><div class=\"eut-box-title eut-small-text\">Approche personalis\u00e9e<\/div><\/div>  <p class=\"\">Nous apportons des solutions personnalis\u00e9es \u00e0 nos clients pour stimuler leur performance.<\/p><\/div><\/div>[\/vc_column][vc_column width=\u00a0\u00bb1\/4&Prime; tablet_sm_width=\u00a0\u00bb1-2&Prime;]<div class=\"eut-element eut-box-icon eut-small eut-side-icon eut-align-left eut-animated-item eut-zoom-in eut-duration-normal\" style=\"\" data-delay=\"300\"><div class=\"eut-wrapper-icon eut-no-shape eut-text-grey\"><i class=\"eut-text-primary-1 et-icon-profile-male\"><\/i><\/div><div class=\"eut-box-content\"><div class=\"eut-box-title-wrapper\"><div class=\"eut-box-title eut-small-text\">Responsable<\/div><\/div>  <p class=\"\">Nous prenons nos responsabilit\u00e9s, nous honorons nos engagements et agissons de mani\u00e8re socialement responsable.<\/p><\/div><\/div>[\/vc_column][vc_column width=\u00a0\u00bb1\/4&Prime; tablet_sm_width=\u00a0\u00bb1-2&Prime;]<div class=\"eut-element eut-box-icon eut-small eut-side-icon eut-align-left eut-animated-item eut-zoom-in eut-duration-normal\" style=\"\" data-delay=\"400\"><div class=\"eut-wrapper-icon eut-no-shape eut-text-grey\"><i class=\"eut-text-primary-1 et-icon-puzzle\"><\/i><\/div><div class=\"eut-box-content\"><div class=\"eut-box-title-wrapper\"><div class=\"eut-box-title eut-small-text\">Engagement<\/div><\/div>  <p class=\"\">Nous mettons \u00e0 profit toutes nos comp\u00e9tences et exp\u00e9riences afin d\u2019apporter des services de qualit\u00e9 \u00e0 nos clients, toujours de mani\u00e8re positive et proactive.<\/p><\/div><\/div>[\/vc_column][vc_column width=\u00a0\u00bb1\/4&Prime; tablet_sm_width=\u00a0\u00bb1-2&Prime;]<div class=\"eut-element eut-box-icon eut-small eut-side-icon eut-align-left eut-animated-item eut-zoom-in eut-duration-normal\" style=\"\" data-delay=\"500\"><div class=\"eut-wrapper-icon eut-no-shape eut-text-grey\"><i class=\"eut-text-primary-1 et-icon-hourglass\"><\/i><\/div><div class=\"eut-box-content\"><div class=\"eut-box-title-wrapper\"><div class=\"eut-box-title eut-small-text\">Flexibilit\u00e9<\/div><\/div>  <p class=\"\">Face aux mutations socio-\u00e9conomiques et commerciales, nous sommes r\u00e9actifs, adaptables et proactifs afin d\u2019apporter les solutions rapides et efficaces que nos clients attendent.<\/p><\/div><\/div>[\/vc_column][\/vc_row][vc_row padding_top_multiplier=\u00a0\u00bb\u00a0\u00bb padding_bottom_multiplier=\u00a0\u00bb\u00a0\u00bb][vc_column]<div class=\"eut-empty-space eut-height-2x\" style=\"\"><\/div>[\/vc_column][\/vc_row][vc_row padding_bottom_multiplier=\u00a0\u00bb\u00a0\u00bb][vc_column width=\u00a0\u00bb1\/2&Prime;]<div class=\"eut-element eut-image eut-align-center\" style=\"\">  <div class=\"eut-image-wrapper\"><img loading=\"lazy\" decoding=\"async\" width=\"2000\" height=\"1200\" src=\"https:\/\/planinlux.lu\/wp-content\/uploads\/2021\/01\/2030-Agenda-sustainable-development-1.jpeg\" class=\"attachment-full size-full\" alt=\"\" srcset=\"https:\/\/planinlux.lu\/wp-content\/uploads\/2021\/01\/2030-Agenda-sustainable-development-1.jpeg 2000w, https:\/\/planinlux.lu\/wp-content\/uploads\/2021\/01\/2030-Agenda-sustainable-development-1-300x180.jpeg 300w, https:\/\/planinlux.lu\/wp-content\/uploads\/2021\/01\/2030-Agenda-sustainable-development-1-1024x614.jpeg 1024w, https:\/\/planinlux.lu\/wp-content\/uploads\/2021\/01\/2030-Agenda-sustainable-development-1-768x461.jpeg 768w, https:\/\/planinlux.lu\/wp-content\/uploads\/2021\/01\/2030-Agenda-sustainable-development-1-1536x922.jpeg 1536w, https:\/\/planinlux.lu\/wp-content\/uploads\/2021\/01\/2030-Agenda-sustainable-development-1-1920x1152.jpeg 1920w, https:\/\/planinlux.lu\/wp-content\/uploads\/2021\/01\/2030-Agenda-sustainable-development-1-600x360.jpeg 600w\" sizes=\"auto, (max-width: 2000px) 100vw, 2000px\" \/>   <\/div><\/div>[\/vc_column][vc_column width=\u00a0\u00bb1\/2&Prime; css=\u00a0\u00bb.vc_custom_1605044521695{background-position: center !important;background-repeat: no-repeat !important;background-size: contain !important;}\u00a0\u00bb]<div class=\"eut-element eut-slogan eut-align-left eut-animated-item eut-fade-in-right eut-duration-normal\" style=\"\" data-delay=\"200\"><h3 class=\"eut-slogan-title eut-align-left eut-h5\"><span>Nous nous engageons pour la r\u00e9alisation du Programme de d\u00e9veloppement durable \u00e0 l\u2019horizon 2030<\/span><\/h3><\/div><div class=\"eut-empty-space eut-height-1x\" style=\"\"><\/div>[vc_column_text animation=\u00a0\u00bbeut-fade-in-right\u00a0\u00bb animation_delay=\u00a0\u00bb300&Prime;]Toutes nos activit\u00e9s visent \u00e0 permettre aux entreprises d\u2019aligner leurs activit\u00e9s sur les principes de d\u00e9veloppement durable \u00e9nonc\u00e9s dans les <strong>17 ODD<\/strong> adopt\u00e9s par les Nations Unies en 2015. <span lang=\"EN-US\">Plus particuli\u00e8rement, <\/span><strong>le Plan National du Luxembourg <\/strong> se concentre sur quatre d\u00e9fis qui rev\u00eatent une importance particuli\u00e8re pour le pays : un d\u00e9veloppement d\u00e9mographique dynamique, la diversit\u00e9 de la population active r\u00e9sidant au Luxembourg, la forte d\u00e9pendance de l\u2019\u00e9conomie du pays sur un seul secteur et les pressions exerc\u00e9es sur l\u2019environnement et le climat dans un monde globalis\u00e9.[\/vc_column_text][\/vc_column][\/vc_row][vc_row padding_top_multiplier=\u00a0\u00bb\u00a0\u00bb padding_bottom_multiplier=\u00a0\u00bb\u00a0\u00bb][vc_column]<div class=\"eut-empty-space eut-height-5x\" style=\"\"><\/div>[\/vc_column][\/vc_row]<\/p>\n<\/div>","protected":false},"excerpt":{"rendered":"<p>D\u00e9couvrez nos services de conseil, de communication, de gestion de projets, et de formation.<\/p>\n","protected":false},"author":3,"featured_media":8188,"parent":0,"menu_order":0,"comment_status":"closed","ping_status":"closed","template":"","meta":{"footnotes":""},"class_list":["post-4945","page","type-page","status-publish","has-post-thumbnail","hentry"],"yoast_head":"<!-- This site is optimized with the Yoast SEO plugin v27.4 - https:\/\/yoast.com\/product\/yoast-seo-wordpress\/ -->\n<title>Trouver la solution dont vous avez besoin pour booster votre activit\u00e9<\/title>\n<meta name=\"description\" content=\"D\u00e9couvrez nos services de conseil, de communication, de gestion de projets, et de formation.\" \/>\n<meta name=\"robots\" content=\"index, follow, max-snippet:-1, max-image-preview:large, max-video-preview:-1\" \/>\n<link rel=\"canonical\" href=\"https:\/\/planinlux.lu\/fr\/solutions\/\" \/>\n<meta property=\"og:locale\" content=\"fr_FR\" \/>\n<meta property=\"og:type\" content=\"article\" \/>\n<meta property=\"og:title\" content=\"Solutions | PlaninLux | Solutions Durables\" \/>\n<meta property=\"og:description\" content=\"Nous proposons des solutions sur mesure dans le cadre d&#039;une approche durable. D\u00e9couvrez nos services de conseil, de communication, de gestion de projets, et de formation.\" \/>\n<meta property=\"og:url\" content=\"https:\/\/planinlux.lu\/fr\/solutions\/\" \/>\n<meta property=\"og:site_name\" content=\"PlaninLux\" \/>\n<meta property=\"article:modified_time\" content=\"2024-02-13T18:22:13+00:00\" \/>\n<meta property=\"og:image\" content=\"https:\/\/planinlux.lu\/wp-content\/uploads\/2020\/10\/Planinlux-Sustainable-Consulting-TRANSPARENTE.png\" \/>\n<meta name=\"twitter:card\" content=\"summary_large_image\" \/>\n<meta name=\"twitter:title\" content=\"Solutions | PlaninLux | Solutions Durables\" \/>\n<meta name=\"twitter:description\" content=\"Nous proposons des solutions sur mesure dans le cadre d&#039;une approche durable. D\u00e9couvrez nos services de conseil, de communication, de gestion de projets, et de formation.\" \/>\n<meta name=\"twitter:image\" content=\"https:\/\/planinlux.lu\/wp-content\/uploads\/2020\/10\/Planinlux-Sustainable-Consulting-TRANSPARENTE.png\" \/>\n<meta name=\"twitter:label1\" content=\"Dur\u00e9e de lecture estim\u00e9e\" \/>\n\t<meta name=\"twitter:data1\" content=\"3 minutes\" \/>\n<script type=\"application\/ld+json\" class=\"yoast-schema-graph\">{\"@context\":\"https:\\\/\\\/schema.org\",\"@graph\":[{\"@type\":\"WebPage\",\"@id\":\"https:\\\/\\\/planinlux.lu\\\/fr\\\/solutions\\\/\",\"url\":\"https:\\\/\\\/planinlux.lu\\\/fr\\\/solutions\\\/\",\"name\":\"Trouver la solution dont vous avez besoin pour booster votre activit\u00e9\",\"isPartOf\":{\"@id\":\"https:\\\/\\\/planinlux.lu\\\/fr\\\/#website\"},\"primaryImageOfPage\":{\"@id\":\"https:\\\/\\\/planinlux.lu\\\/fr\\\/solutions\\\/#primaryimage\"},\"image\":{\"@id\":\"https:\\\/\\\/planinlux.lu\\\/fr\\\/solutions\\\/#primaryimage\"},\"thumbnailUrl\":\"https:\\\/\\\/planinlux.lu\\\/wp-content\\\/uploads\\\/2023\\\/08\\\/sustainable-business-scaled.jpeg\",\"datePublished\":\"2016-12-01T14:08:04+00:00\",\"dateModified\":\"2024-02-13T18:22:13+00:00\",\"description\":\"D\u00e9couvrez nos services de conseil, de communication, de gestion de projets, et de formation.\",\"breadcrumb\":{\"@id\":\"https:\\\/\\\/planinlux.lu\\\/fr\\\/solutions\\\/#breadcrumb\"},\"inLanguage\":\"fr-FR\",\"potentialAction\":[{\"@type\":\"ReadAction\",\"target\":[\"https:\\\/\\\/planinlux.lu\\\/fr\\\/solutions\\\/\"]}]},{\"@type\":\"ImageObject\",\"inLanguage\":\"fr-FR\",\"@id\":\"https:\\\/\\\/planinlux.lu\\\/fr\\\/solutions\\\/#primaryimage\",\"url\":\"https:\\\/\\\/planinlux.lu\\\/wp-content\\\/uploads\\\/2023\\\/08\\\/sustainable-business-scaled.jpeg\",\"contentUrl\":\"https:\\\/\\\/planinlux.lu\\\/wp-content\\\/uploads\\\/2023\\\/08\\\/sustainable-business-scaled.jpeg\",\"width\":2560,\"height\":1707,\"caption\":\"Red paper plane and wooden cubes with business strategy icons on white background\"},{\"@type\":\"BreadcrumbList\",\"@id\":\"https:\\\/\\\/planinlux.lu\\\/fr\\\/solutions\\\/#breadcrumb\",\"itemListElement\":[{\"@type\":\"ListItem\",\"position\":1,\"name\":\"Home\",\"item\":\"https:\\\/\\\/planinlux.lu\\\/fr\\\/home\\\/\"},{\"@type\":\"ListItem\",\"position\":2,\"name\":\"Solutions\"}]},{\"@type\":\"WebSite\",\"@id\":\"https:\\\/\\\/planinlux.lu\\\/fr\\\/#website\",\"url\":\"https:\\\/\\\/planinlux.lu\\\/fr\\\/\",\"name\":\"PlaninLux\",\"description\":\"Business Solutions\",\"publisher\":{\"@id\":\"https:\\\/\\\/planinlux.lu\\\/fr\\\/#organization\"},\"potentialAction\":[{\"@type\":\"SearchAction\",\"target\":{\"@type\":\"EntryPoint\",\"urlTemplate\":\"https:\\\/\\\/planinlux.lu\\\/fr\\\/?s={search_term_string}\"},\"query-input\":{\"@type\":\"PropertyValueSpecification\",\"valueRequired\":true,\"valueName\":\"search_term_string\"}}],\"inLanguage\":\"fr-FR\"},{\"@type\":\"Organization\",\"@id\":\"https:\\\/\\\/planinlux.lu\\\/fr\\\/#organization\",\"name\":\"PlaninLux\",\"url\":\"https:\\\/\\\/planinlux.lu\\\/fr\\\/\",\"logo\":{\"@type\":\"ImageObject\",\"inLanguage\":\"fr-FR\",\"@id\":\"https:\\\/\\\/planinlux.lu\\\/fr\\\/#\\\/schema\\\/logo\\\/image\\\/\",\"url\":\"\",\"contentUrl\":\"\",\"caption\":\"PlaninLux\"},\"image\":{\"@id\":\"https:\\\/\\\/planinlux.lu\\\/fr\\\/#\\\/schema\\\/logo\\\/image\\\/\"},\"sameAs\":[\"https:\\\/\\\/www.linkedin.com\\\/company\\\/planinlux\\\/\"]}]}<\/script>\n<!-- \/ Yoast SEO plugin. -->","yoast_head_json":{"title":"Trouver la solution dont vous avez besoin pour booster votre activit\u00e9","description":"D\u00e9couvrez nos services de conseil, de communication, de gestion de projets, et de formation.","robots":{"index":"index","follow":"follow","max-snippet":"max-snippet:-1","max-image-preview":"max-image-preview:large","max-video-preview":"max-video-preview:-1"},"canonical":"https:\/\/planinlux.lu\/fr\/solutions\/","og_locale":"fr_FR","og_type":"article","og_title":"Solutions | PlaninLux | Solutions Durables","og_description":"Nous proposons des solutions sur mesure dans le cadre d'une approche durable. D\u00e9couvrez nos services de conseil, de communication, de gestion de projets, et de formation.","og_url":"https:\/\/planinlux.lu\/fr\/solutions\/","og_site_name":"PlaninLux","article_modified_time":"2024-02-13T18:22:13+00:00","og_image":[{"url":"https:\/\/planinlux.lu\/wp-content\/uploads\/2020\/10\/Planinlux-Sustainable-Consulting-TRANSPARENTE.png","type":"","width":"","height":""}],"twitter_card":"summary_large_image","twitter_title":"Solutions | PlaninLux | Solutions Durables","twitter_description":"Nous proposons des solutions sur mesure dans le cadre d'une approche durable. D\u00e9couvrez nos services de conseil, de communication, de gestion de projets, et de formation.","twitter_image":"https:\/\/planinlux.lu\/wp-content\/uploads\/2020\/10\/Planinlux-Sustainable-Consulting-TRANSPARENTE.png","twitter_misc":{"Dur\u00e9e de lecture estim\u00e9e":"3 minutes"},"schema":{"@context":"https:\/\/schema.org","@graph":[{"@type":"WebPage","@id":"https:\/\/planinlux.lu\/fr\/solutions\/","url":"https:\/\/planinlux.lu\/fr\/solutions\/","name":"Trouver la solution dont vous avez besoin pour booster votre activit\u00e9","isPartOf":{"@id":"https:\/\/planinlux.lu\/fr\/#website"},"primaryImageOfPage":{"@id":"https:\/\/planinlux.lu\/fr\/solutions\/#primaryimage"},"image":{"@id":"https:\/\/planinlux.lu\/fr\/solutions\/#primaryimage"},"thumbnailUrl":"https:\/\/planinlux.lu\/wp-content\/uploads\/2023\/08\/sustainable-business-scaled.jpeg","datePublished":"2016-12-01T14:08:04+00:00","dateModified":"2024-02-13T18:22:13+00:00","description":"D\u00e9couvrez nos services de conseil, de communication, de gestion de projets, et de formation.","breadcrumb":{"@id":"https:\/\/planinlux.lu\/fr\/solutions\/#breadcrumb"},"inLanguage":"fr-FR","potentialAction":[{"@type":"ReadAction","target":["https:\/\/planinlux.lu\/fr\/solutions\/"]}]},{"@type":"ImageObject","inLanguage":"fr-FR","@id":"https:\/\/planinlux.lu\/fr\/solutions\/#primaryimage","url":"https:\/\/planinlux.lu\/wp-content\/uploads\/2023\/08\/sustainable-business-scaled.jpeg","contentUrl":"https:\/\/planinlux.lu\/wp-content\/uploads\/2023\/08\/sustainable-business-scaled.jpeg","width":2560,"height":1707,"caption":"Red paper plane and wooden cubes with business strategy icons on white background"},{"@type":"BreadcrumbList","@id":"https:\/\/planinlux.lu\/fr\/solutions\/#breadcrumb","itemListElement":[{"@type":"ListItem","position":1,"name":"Home","item":"https:\/\/planinlux.lu\/fr\/home\/"},{"@type":"ListItem","position":2,"name":"Solutions"}]},{"@type":"WebSite","@id":"https:\/\/planinlux.lu\/fr\/#website","url":"https:\/\/planinlux.lu\/fr\/","name":"PlaninLux","description":"Business Solutions","publisher":{"@id":"https:\/\/planinlux.lu\/fr\/#organization"},"potentialAction":[{"@type":"SearchAction","target":{"@type":"EntryPoint","urlTemplate":"https:\/\/planinlux.lu\/fr\/?s={search_term_string}"},"query-input":{"@type":"PropertyValueSpecification","valueRequired":true,"valueName":"search_term_string"}}],"inLanguage":"fr-FR"},{"@type":"Organization","@id":"https:\/\/planinlux.lu\/fr\/#organization","name":"PlaninLux","url":"https:\/\/planinlux.lu\/fr\/","logo":{"@type":"ImageObject","inLanguage":"fr-FR","@id":"https:\/\/planinlux.lu\/fr\/#\/schema\/logo\/image\/","url":"","contentUrl":"","caption":"PlaninLux"},"image":{"@id":"https:\/\/planinlux.lu\/fr\/#\/schema\/logo\/image\/"},"sameAs":["https:\/\/www.linkedin.com\/company\/planinlux\/"]}]}},"_links":{"self":[{"href":"https:\/\/planinlux.lu\/fr\/wp-json\/wp\/v2\/pages\/4945","targetHints":{"allow":["GET"]}}],"collection":[{"href":"https:\/\/planinlux.lu\/fr\/wp-json\/wp\/v2\/pages"}],"about":[{"href":"https:\/\/planinlux.lu\/fr\/wp-json\/wp\/v2\/types\/page"}],"author":[{"embeddable":true,"href":"https:\/\/planinlux.lu\/fr\/wp-json\/wp\/v2\/users\/3"}],"replies":[{"embeddable":true,"href":"https:\/\/planinlux.lu\/fr\/wp-json\/wp\/v2\/comments?post=4945"}],"version-history":[{"count":63,"href":"https:\/\/planinlux.lu\/fr\/wp-json\/wp\/v2\/pages\/4945\/revisions"}],"predecessor-version":[{"id":8734,"href":"https:\/\/planinlux.lu\/fr\/wp-json\/wp\/v2\/pages\/4945\/revisions\/8734"}],"wp:featuredmedia":[{"embeddable":true,"href":"https:\/\/planinlux.lu\/fr\/wp-json\/wp\/v2\/media\/8188"}],"wp:attachment":[{"href":"https:\/\/planinlux.lu\/fr\/wp-json\/wp\/v2\/media?parent=4945"}],"curies":[{"name":"wp","href":"https:\/\/api.w.org\/{rel}","templated":true}]}}