{"id":4937,"date":"2021-01-19T22:03:40","date_gmt":"2021-01-19T22:03:40","guid":{"rendered":"https:\/\/planinlux.lu\/privacy-policy\/"},"modified":"2024-02-13T18:23:08","modified_gmt":"2024-02-13T18:23:08","slug":"politique-de-confidentialite","status":"publish","type":"page","link":"https:\/\/planinlux.lu\/fr\/politique-de-confidentialite\/","title":{"rendered":"Politique de confidentialit\u00e9"},"content":{"rendered":"<div class=\"wpb-content-wrapper\"><p>[vc_row padding_top_multiplier=\u00a0\u00bb6x\u00a0\u00bb][vc_column tablet_sm_width=\u00a0\u00bb1&Prime;]<h3 class=\"eut-element eut-title eut-align-left eut-animated-item eut-fade-in-left eut-duration-normal eut-h4\" style=\"\" data-delay=\"200\"><span>Politique de confidentialit\u00e9<\/span><\/h3>[\/vc_column][\/vc_row][vc_row padding_top_multiplier=\u00a0\u00bb\u00a0\u00bb padding_bottom_multiplier=\u00a0\u00bb\u00a0\u00bb columns_gap=\u00a0\u00bbnone\u00a0\u00bb][vc_column]<div class=\"eut-empty-space eut-height-1x\" style=\"\"><\/div>[\/vc_column][\/vc_row][vc_row columns_gap=\u00a0\u00bbnone\u00a0\u00bb][vc_column][vc_column_text]En vous connectant ou en consultant le site internet planinlux.lu, vous reconnaissez avoir lu, compris et accept\u00e9, sans limitation ni r\u00e9serve, notre politique de confidentialit\u00e9 sur la protection des donn\u00e9es \u00e0 caract\u00e8re personnel.<\/p>\n<p>Cette politique vise \u00e0 vous informer des droits et libert\u00e9s que vous pouvez faire valoir \u00e0 l\u2019\u00e9gard de notre utilisation de vos donn\u00e9es personnelles et d\u00e9crit les mesures que nous mettons en \u0153uvre afin de les prot\u00e9ger.<\/p>\n<p>Planinlux SARLS est responsable des traitements de donn\u00e9es personnelles relatifs \u00e0 la gestion du site internet. Ce traitement est mis en \u0153uvre conform\u00e9ment \u00e0 la r\u00e9glementation en vigueur.<\/p>\n<p><strong>1. IDENTIFICATION<\/strong><\/p>\n<p>Ce site web est op\u00e9r\u00e9 par la SARLS Planinlux \u00e9tablie et ayant son si\u00e8ge social \u00e0 L-1338 Luxembourg, 97, rue Cimeti\u00e8re; immatricul\u00e9e au Registre de Commerce et des Soci\u00e9t\u00e9s de Luxembourg sous le num\u00e9ro B244799.<\/p>\n<p><strong>RCS Luxembourg<\/strong>\u00a0: B244799<\/p>\n<p><strong>Autorisation d\u2019\u00e9tablissement<\/strong>\u00a0: 10113310\/0<\/p>\n<p><strong>N\u00ba TVA<\/strong>\u00a0: LU32169650<\/p>\n<p><strong>Contact\u00a0<\/strong>: <a href=\"mailto:info@planinlux.lu\">info@planinlux.lu<\/a><\/p>\n<p><strong>Conception, design et d\u00e9veloppement<\/strong>\u00a0: Planinlux SARLS<\/p>\n<p><strong>2. FINALIT\u00c9 DU TRAITEMENT ET TYPES DE DONN\u00c9ES COLLECT\u00c9ES<\/strong><\/p>\n<p>Lorsque vous visitez notre site web, vous pouvez nous fournir vos nom et pr\u00e9nom, votre num\u00e9ro de t\u00e9l\u00e9phone, votre entreprise, votre pays de r\u00e9sidence et votre adresse \u00e9lectronique via notre formulaire de contact et nos formulaires de t\u00e9l\u00e9chargement de documents.<\/p>\n<p>Nous collectons ces donn\u00e9es personnelles \u00e0 des fins de communication externe pour r\u00e9pondre notamment \u00e0 vos demandes d\u2019information et apprendre \u00e0 mieux conna\u00eetre vos attentes.<\/p>\n<p>Vos donn\u00e9es personnelles sont uniquement conserv\u00e9es pendant la dur\u00e9e n\u00e9cessaire \u00e0 la r\u00e9alisation de ces finalit\u00e9s.<\/p>\n<p><strong>3. CARACT\u00c8RE OBLIGATOIRE OU OPTIONNEL DES INFORMATIONS FOURNIES PAR L&rsquo;UTILISATEUR<\/strong><\/p>\n<p>En cochant les cases correspondantes et en entrant les donn\u00e9es dans les champs, dans les diff\u00e9rents formulaires disponibles sur le site, vous acceptez librement et sans \u00e9quivoque que vos donn\u00e9es soient n\u00e9cessaires pour r\u00e9pondre \u00e0 votre demande. Vous garantissez que que les donn\u00e9es personnelles fournies \u00e0 PlaninLux soient \u00ab vraies \u00bb et \u00cates responsable de la communication de toute modification de celles- ci.<\/p>\n<p><strong>4. DESTINATAIRES DES DONN\u00c9ES<\/strong><\/p>\n<p>Vos donn\u00e9es personnelles sont susceptibles d\u2019\u00eatre communiqu\u00e9es exclusivement \u00e0 certains d\u00e9partements du responsable du traitement ou de ses filiales d\u00e9tenues directement ou indirectement, ainsi qu\u2019\u00e0 certains partenaires, distributeurs ind\u00e9pendants ou sous-traitants \u00e0 des fins d\u2019analyses et d\u2019enqu\u00eates.<\/p>\n<p><strong>5. S\u00c9CURIT\u00c9 ET CONFIDENTIALIT\u00c9 DE VOS DONN\u00c9ES<\/strong><\/p>\n<p>Planinlux SARLS met tout en \u0153uvre des mesures appropri\u00e9es pour pr\u00e9server la s\u00e9curit\u00e9 et la confidentialit\u00e9 de vos donn\u00e9es personnelles et, notamment, pour emp\u00eacher qu\u2019elles soient d\u00e9form\u00e9es, endommag\u00e9es, ou que des tiers non autoris\u00e9s y aient acc\u00e8s.<\/p>\n<p><strong>6. GESTION DES COOKIES<\/strong><\/p>\n<div>\n<p><span lang=\"FR\">Planinlux SARLS dispose de cookies sur son site internet.<\/span><\/p>\n<\/div>\n<div>\n<p><span lang=\"FR\">Un cookie est un fichier qui permet d\u2019enregistrer des informations relatives \u00e0 la navigation de votre ordinateur sur le site internet (ex. nombres de visites, nombre de pages vues\u2026) et permet notamment de faciliter vos visites sur le site.<\/span><\/p>\n<\/div>\n<div>\n<p><span lang=\"FR\">Vous pouvez \u00e0 tout moment supprimer les cookies install\u00e9s sur votre ordinateur, vous opposer \u00e0 l\u2019enregistrement de nouveaux cookies et recevoir une notification avant l\u2019installation d\u2019un nouveau cookie en configurant votre outil de navigation.<\/span><\/p>\n<\/div>\n<div>\n<p><span lang=\"FR\">Veuillez noter que si vous d\u00e9sinstallez un cookie ou si vous vous opposez \u00e0 l\u2019installation de cookies sur votre machine, vous risquez de ne pas \u00eatre en mesure de b\u00e9n\u00e9ficier de certains des services du site internet.<\/span><\/p>\n<\/div>\n<div>\n<p><span lang=\"FR\">La finalit\u00e9 unique de ces cookies est d\u2019am\u00e9liorer notre site en facilitant votre exp\u00e9rience utilisateur. Nous sauvegardons ainsi : les pages visit\u00e9es et un enregistrement de votre parcours sur nos pages. Les informations collect\u00e9es n\u2019ont pas pour but de vous identifier.<\/span><\/p>\n<\/div>\n<p><strong>7. VOS DROITS<\/strong><\/p>\n<p>Conform\u00e9ment \u00e0 la r\u00e9glementation en vigueur, vous disposez d\u2019un droit d\u2019acc\u00e8s, d\u2019interrogation, de modification, de rectification, de suppression et d\u2019opposition pour motifs l\u00e9gitimes au traitement et \u00e0 la diffusion de vos donn\u00e9es personnelles. Vous disposez \u00e9galement d\u2019un droit d\u2019opposition, de consentement pr\u00e9alable \u00e0 la prospection commerciale dans les conditions de la r\u00e9glementation applicable et de d\u00e9finir des directives relatives au sort de vos donn\u00e9es \u00e0 caract\u00e8re personnel apr\u00e8s votre d\u00e9c\u00e8s. Vous pouvez demander la communication de vos donn\u00e9es personnelles. Le responsable des traitements se r\u00e9serve toutefois le droit de refuser toute demande qui serait consid\u00e9r\u00e9e comme abusive.<\/p>\n<p>Veuillez adresser votre demande par mail \u00e0 notre Data Protection Officer (DPO)\u00a0<a href=\"mailto:info@planinlux.lu\">info@planinlux.lu<\/a>\u00a0ou par courrier postal \u00e0 l\u2019adresse suivante :<\/p>\n<p>97 rue du Cimeti\u00e8re, L-1338 Luxembourg[\/vc_column_text][\/vc_column][\/vc_row][vc_row padding_top_multiplier=\u00a0\u00bb\u00a0\u00bb padding_bottom_multiplier=\u00a0\u00bb\u00a0\u00bb columns_gap=\u00a0\u00bbnone\u00a0\u00bb][vc_column]<div class=\"eut-empty-space eut-height-1x\" style=\"\"><\/div>[\/vc_column][\/vc_row]<\/p>\n<\/div>","protected":false},"excerpt":{"rendered":"<p>Politique de confidentialit\u00e9 de PlaninLux<\/p>\n","protected":false},"author":3,"featured_media":0,"parent":0,"menu_order":0,"comment_status":"closed","ping_status":"closed","template":"","meta":{"footnotes":""},"class_list":["post-4937","page","type-page","status-publish","hentry"],"yoast_head":"<!-- This site is optimized with the Yoast SEO plugin v27.3 - https:\/\/yoast.com\/product\/yoast-seo-wordpress\/ -->\n<title>Politique de confidentialit\u00e9 | PlaninLux<\/title>\n<meta name=\"description\" content=\"Politique de confidentialit\u00e9 de PlaninLux\" \/>\n<meta name=\"robots\" content=\"noindex, nofollow\" \/>\n<meta property=\"og:locale\" content=\"fr_FR\" \/>\n<meta property=\"og:type\" content=\"article\" \/>\n<meta property=\"og:title\" content=\"Politique de confidentialit\u00e9 | PlaninLux\" \/>\n<meta property=\"og:description\" content=\"Politique de confidentialit\u00e9 de PlaninLux\" \/>\n<meta property=\"og:url\" content=\"https:\/\/planinlux.lu\/fr\/politique-de-confidentialite\/\" \/>\n<meta property=\"og:site_name\" content=\"PlaninLux\" \/>\n<meta property=\"article:modified_time\" content=\"2024-02-13T18:23:08+00:00\" \/>\n<meta name=\"twitter:card\" content=\"summary_large_image\" \/>\n<meta name=\"twitter:label1\" content=\"Dur\u00e9e de lecture estim\u00e9e\" \/>\n\t<meta name=\"twitter:data1\" content=\"4 minutes\" \/>\n<script type=\"application\/ld+json\" class=\"yoast-schema-graph\">{\"@context\":\"https:\\\/\\\/schema.org\",\"@graph\":[{\"@type\":\"WebPage\",\"@id\":\"https:\\\/\\\/planinlux.lu\\\/fr\\\/politique-de-confidentialite\\\/\",\"url\":\"https:\\\/\\\/planinlux.lu\\\/fr\\\/politique-de-confidentialite\\\/\",\"name\":\"Politique de confidentialit\u00e9 | PlaninLux\",\"isPartOf\":{\"@id\":\"https:\\\/\\\/planinlux.lu\\\/fr\\\/#website\"},\"datePublished\":\"2021-01-19T22:03:40+00:00\",\"dateModified\":\"2024-02-13T18:23:08+00:00\",\"description\":\"Politique de confidentialit\u00e9 de PlaninLux\",\"breadcrumb\":{\"@id\":\"https:\\\/\\\/planinlux.lu\\\/fr\\\/politique-de-confidentialite\\\/#breadcrumb\"},\"inLanguage\":\"fr-FR\",\"potentialAction\":[{\"@type\":\"ReadAction\",\"target\":[\"https:\\\/\\\/planinlux.lu\\\/fr\\\/politique-de-confidentialite\\\/\"]}]},{\"@type\":\"BreadcrumbList\",\"@id\":\"https:\\\/\\\/planinlux.lu\\\/fr\\\/politique-de-confidentialite\\\/#breadcrumb\",\"itemListElement\":[{\"@type\":\"ListItem\",\"position\":1,\"name\":\"Home\",\"item\":\"https:\\\/\\\/planinlux.lu\\\/fr\\\/home\\\/\"},{\"@type\":\"ListItem\",\"position\":2,\"name\":\"Politique de confidentialit\u00e9\"}]},{\"@type\":\"WebSite\",\"@id\":\"https:\\\/\\\/planinlux.lu\\\/fr\\\/#website\",\"url\":\"https:\\\/\\\/planinlux.lu\\\/fr\\\/\",\"name\":\"PlaninLux\",\"description\":\"Business Solutions\",\"publisher\":{\"@id\":\"https:\\\/\\\/planinlux.lu\\\/fr\\\/#organization\"},\"potentialAction\":[{\"@type\":\"SearchAction\",\"target\":{\"@type\":\"EntryPoint\",\"urlTemplate\":\"https:\\\/\\\/planinlux.lu\\\/fr\\\/?s={search_term_string}\"},\"query-input\":{\"@type\":\"PropertyValueSpecification\",\"valueRequired\":true,\"valueName\":\"search_term_string\"}}],\"inLanguage\":\"fr-FR\"},{\"@type\":\"Organization\",\"@id\":\"https:\\\/\\\/planinlux.lu\\\/fr\\\/#organization\",\"name\":\"PlaninLux\",\"url\":\"https:\\\/\\\/planinlux.lu\\\/fr\\\/\",\"logo\":{\"@type\":\"ImageObject\",\"inLanguage\":\"fr-FR\",\"@id\":\"https:\\\/\\\/planinlux.lu\\\/fr\\\/#\\\/schema\\\/logo\\\/image\\\/\",\"url\":\"\",\"contentUrl\":\"\",\"caption\":\"PlaninLux\"},\"image\":{\"@id\":\"https:\\\/\\\/planinlux.lu\\\/fr\\\/#\\\/schema\\\/logo\\\/image\\\/\"},\"sameAs\":[\"https:\\\/\\\/www.linkedin.com\\\/company\\\/planinlux\\\/\"]}]}<\/script>\n<!-- \/ Yoast SEO plugin. -->","yoast_head_json":{"title":"Politique de confidentialit\u00e9 | PlaninLux","description":"Politique de confidentialit\u00e9 de PlaninLux","robots":{"index":"noindex","follow":"nofollow"},"og_locale":"fr_FR","og_type":"article","og_title":"Politique de confidentialit\u00e9 | PlaninLux","og_description":"Politique de confidentialit\u00e9 de PlaninLux","og_url":"https:\/\/planinlux.lu\/fr\/politique-de-confidentialite\/","og_site_name":"PlaninLux","article_modified_time":"2024-02-13T18:23:08+00:00","twitter_card":"summary_large_image","twitter_misc":{"Dur\u00e9e de lecture estim\u00e9e":"4 minutes"},"schema":{"@context":"https:\/\/schema.org","@graph":[{"@type":"WebPage","@id":"https:\/\/planinlux.lu\/fr\/politique-de-confidentialite\/","url":"https:\/\/planinlux.lu\/fr\/politique-de-confidentialite\/","name":"Politique de confidentialit\u00e9 | PlaninLux","isPartOf":{"@id":"https:\/\/planinlux.lu\/fr\/#website"},"datePublished":"2021-01-19T22:03:40+00:00","dateModified":"2024-02-13T18:23:08+00:00","description":"Politique de confidentialit\u00e9 de PlaninLux","breadcrumb":{"@id":"https:\/\/planinlux.lu\/fr\/politique-de-confidentialite\/#breadcrumb"},"inLanguage":"fr-FR","potentialAction":[{"@type":"ReadAction","target":["https:\/\/planinlux.lu\/fr\/politique-de-confidentialite\/"]}]},{"@type":"BreadcrumbList","@id":"https:\/\/planinlux.lu\/fr\/politique-de-confidentialite\/#breadcrumb","itemListElement":[{"@type":"ListItem","position":1,"name":"Home","item":"https:\/\/planinlux.lu\/fr\/home\/"},{"@type":"ListItem","position":2,"name":"Politique de confidentialit\u00e9"}]},{"@type":"WebSite","@id":"https:\/\/planinlux.lu\/fr\/#website","url":"https:\/\/planinlux.lu\/fr\/","name":"PlaninLux","description":"Business Solutions","publisher":{"@id":"https:\/\/planinlux.lu\/fr\/#organization"},"potentialAction":[{"@type":"SearchAction","target":{"@type":"EntryPoint","urlTemplate":"https:\/\/planinlux.lu\/fr\/?s={search_term_string}"},"query-input":{"@type":"PropertyValueSpecification","valueRequired":true,"valueName":"search_term_string"}}],"inLanguage":"fr-FR"},{"@type":"Organization","@id":"https:\/\/planinlux.lu\/fr\/#organization","name":"PlaninLux","url":"https:\/\/planinlux.lu\/fr\/","logo":{"@type":"ImageObject","inLanguage":"fr-FR","@id":"https:\/\/planinlux.lu\/fr\/#\/schema\/logo\/image\/","url":"","contentUrl":"","caption":"PlaninLux"},"image":{"@id":"https:\/\/planinlux.lu\/fr\/#\/schema\/logo\/image\/"},"sameAs":["https:\/\/www.linkedin.com\/company\/planinlux\/"]}]}},"_links":{"self":[{"href":"https:\/\/planinlux.lu\/fr\/wp-json\/wp\/v2\/pages\/4937","targetHints":{"allow":["GET"]}}],"collection":[{"href":"https:\/\/planinlux.lu\/fr\/wp-json\/wp\/v2\/pages"}],"about":[{"href":"https:\/\/planinlux.lu\/fr\/wp-json\/wp\/v2\/types\/page"}],"author":[{"embeddable":true,"href":"https:\/\/planinlux.lu\/fr\/wp-json\/wp\/v2\/users\/3"}],"replies":[{"embeddable":true,"href":"https:\/\/planinlux.lu\/fr\/wp-json\/wp\/v2\/comments?post=4937"}],"version-history":[{"count":9,"href":"https:\/\/planinlux.lu\/fr\/wp-json\/wp\/v2\/pages\/4937\/revisions"}],"predecessor-version":[{"id":6127,"href":"https:\/\/planinlux.lu\/fr\/wp-json\/wp\/v2\/pages\/4937\/revisions\/6127"}],"wp:attachment":[{"href":"https:\/\/planinlux.lu\/fr\/wp-json\/wp\/v2\/media?parent=4937"}],"curies":[{"name":"wp","href":"https:\/\/api.w.org\/{rel}","templated":true}]}}