{"id":9931,"date":"2025-11-13T08:40:18","date_gmt":"2025-11-13T08:40:18","guid":{"rendered":"https:\/\/planinlux.lu\/?page_id=9931"},"modified":"2025-11-13T09:35:27","modified_gmt":"2025-11-13T09:35:27","slug":"comunicacion-eventos","status":"publish","type":"page","link":"https:\/\/planinlux.lu\/es\/soluciones\/comunicacion-eventos\/","title":{"rendered":"Comunicaci\u00f3n &#038; Eventos"},"content":{"rendered":"<div class=\"wpb-content-wrapper\"><p>[vc_row padding_top_multiplier=\u00bb6x\u00bb padding_bottom_multiplier=\u00bb3x\u00bb][vc_column width=\u00bb5\/12&#8243; tablet_sm_width=\u00bb1&#8243;]<h6 class=\"eut-element eut-title eut-align-left eut-animated-item eut-fade-in-left eut-duration-normal eut-h4\" style=\"\" data-delay=\"200\"><span>Comunicaci\u00f3n &amp; Eventos.<\/span><\/h6><div class=\"eut-empty-space eut-height-2x\" style=\"\"><\/div>[\/vc_column][vc_column width=\u00bb7\/12&#8243; tablet_sm_width=\u00bb1&#8243;][vc_column_text css=\u00bb\u00bb text_style=\u00bbleader-text\u00bb animation=\u00bbeut-fade-in-right\u00bb]<\/p>\n<p data-start=\"245\" data-end=\"572\">En Planinlux acompa\u00f1amos a organizaciones en Luxemburgo con soluciones de comunicaci\u00f3n profesionales, flexibles y adaptadas a sus necesidades. a sea que necesites una nueva p\u00e1gina web, soporte digital continuo, la organizaci\u00f3n de un evento, la configuraci\u00f3n de cuentas de correo profesionales o la externalizaci\u00f3n completa de tu comunicaci\u00f3n, te ayudamos a optimizar tus actividades y fortalecer tu presencia de marca.<\/p>\n<p>[\/vc_column_text]<div class=\"eut-element eut-divider eut-animated-item eut-fade-in-right eut-duration-normal eut-align-left\" style=\"padding-top: 30px;padding-bottom: 36px;\" data-delay=\"400\"><span class=\"eut-custom-divider eut-bg-primary-1\" style=\"width: 96px;height: 2px;\"><\/span><\/div>[vc_column_text css=\u00bb\u00bb animation=\u00bbeut-fade-in-right\u00bb animation_delay=\u00bb600&#8243;]Nuestros servicios est\u00e1n dirigidos a pymes, filiales, sucursales, asociaciones y emprendedores que buscan un socio fiable y eficiente para gestionar sus actividades digitales y de comunicaci\u00f3n.[\/vc_column_text][\/vc_column][\/vc_row][vc_row padding_top_multiplier=\u00bb\u00bb padding_bottom_multiplier=\u00bb\u00bb][vc_column]<div class=\"eut-empty-space eut-height-1x\" style=\"\"><\/div><h6 class=\"eut-element eut-title eut-align-center eut-animated-item eut-fade-in eut-duration-normal eut-h4\" style=\"\" data-delay=\"200\"><span>Descubre a continuaci\u00f3n nuestros servicios de comunicaci\u00f3n y eventos.<\/span><\/h6>[\/vc_column][vc_column css=\u00bb.vc_custom_1753448118488{padding-bottom: 75px !important;}\u00bb][vc_raw_html]JTVCc2VydmljZWJveF9zYyUyMGlkJTNEOTkyOCU1RA==[\/vc_raw_html][\/vc_column][\/vc_row]<\/p>\n<\/div>","protected":false},"excerpt":{"rendered":"<p>Prestamos servicios de consultor\u00eda, que incluyen la creaci\u00f3n de empresas, el desarrollo de negocios, soluciones de propiedad intelectual, asistencia en tr\u00e1mites administrativos, estrategia RSC e internacionalizaci\u00f3n, entre otros. <\/p>\n","protected":false},"author":3,"featured_media":8571,"parent":5685,"menu_order":0,"comment_status":"closed","ping_status":"closed","template":"","meta":{"footnotes":""},"class_list":["post-9931","page","type-page","status-publish","has-post-thumbnail","hentry"],"yoast_head":"<!-- This site is optimized with the Yoast SEO plugin v27.4 - https:\/\/yoast.com\/product\/yoast-seo-wordpress\/ -->\n<title>Comunicaci\u00f3n &amp; Eventos | Su socio de confianza para la comunicaci\u00f3n en Luxemburgo<\/title>\n<meta name=\"description\" content=\"Desarrollo de p\u00e1ginas web | Organizaci\u00f3n de eventos | Mantenimiento y soporte t\u00e9cnico de Wordpress | Configuraci\u00f3n de cuentas de correo electr\u00f3nico profesionales | Servicios de comunicaci\u00f3n externalizados\" \/>\n<meta name=\"robots\" content=\"index, follow, max-snippet:-1, max-image-preview:large, max-video-preview:-1\" \/>\n<link rel=\"canonical\" href=\"https:\/\/planinlux.lu\/es\/soluciones\/comunicacion-eventos\/\" \/>\n<meta property=\"og:locale\" content=\"es_ES\" \/>\n<meta property=\"og:type\" content=\"article\" \/>\n<meta property=\"og:title\" content=\"Comunicaci\u00f3n &amp; Eventos | PlaninLux | consultor\u00eda sostenible\" \/>\n<meta property=\"og:description\" content=\"Ofrecemos servicios de consultor\u00eda, incluyendo el asesoramiento, la definici\u00f3n de estrategias RSC, su implementaci\u00f3n, gesti\u00f3n del cambio, internacionalizaci\u00f3n y obtenci\u00f3n de certificaciones.\" \/>\n<meta property=\"og:url\" content=\"https:\/\/planinlux.lu\/es\/soluciones\/comunicacion-eventos\/\" \/>\n<meta property=\"og:site_name\" content=\"PlaninLux\" \/>\n<meta property=\"article:modified_time\" content=\"2025-11-13T09:35:27+00:00\" \/>\n<meta property=\"og:image\" content=\"https:\/\/planinlux.lu\/wp-content\/uploads\/2020\/10\/Planinlux-Sustainable-Consulting-TRANSPARENTE.png\" \/>\n<meta name=\"twitter:card\" content=\"summary_large_image\" \/>\n<meta name=\"twitter:title\" content=\"Comunicaci\u00f3n &amp; Eventos | PlaninLux | consultor\u00eda sostenible\" \/>\n<meta name=\"twitter:description\" content=\"Ofrecemos servicios de consultor\u00eda, incluyendo el asesoramiento, la definici\u00f3n de estrategias RSC, su implementaci\u00f3n, gesti\u00f3n del cambio, internacionalizaci\u00f3n y obtenci\u00f3n de certificaciones.\" \/>\n<meta name=\"twitter:image\" content=\"https:\/\/planinlux.lu\/wp-content\/uploads\/2020\/10\/Planinlux-Sustainable-Consulting-TRANSPARENTE.png\" \/>\n<meta name=\"twitter:label1\" content=\"Tiempo de lectura\" \/>\n\t<meta name=\"twitter:data1\" content=\"1 minuto\" \/>\n<script type=\"application\/ld+json\" class=\"yoast-schema-graph\">{\"@context\":\"https:\\\/\\\/schema.org\",\"@graph\":[{\"@type\":\"WebPage\",\"@id\":\"https:\\\/\\\/planinlux.lu\\\/es\\\/soluciones\\\/comunicacion-eventos\\\/\",\"url\":\"https:\\\/\\\/planinlux.lu\\\/es\\\/soluciones\\\/comunicacion-eventos\\\/\",\"name\":\"Comunicaci\u00f3n & Eventos | Su socio de confianza para la comunicaci\u00f3n en Luxemburgo\",\"isPartOf\":{\"@id\":\"https:\\\/\\\/planinlux.lu\\\/es\\\/#website\"},\"primaryImageOfPage\":{\"@id\":\"https:\\\/\\\/planinlux.lu\\\/es\\\/soluciones\\\/comunicacion-eventos\\\/#primaryimage\"},\"image\":{\"@id\":\"https:\\\/\\\/planinlux.lu\\\/es\\\/soluciones\\\/comunicacion-eventos\\\/#primaryimage\"},\"thumbnailUrl\":\"https:\\\/\\\/planinlux.lu\\\/wp-content\\\/uploads\\\/2023\\\/09\\\/Web-Development.png\",\"datePublished\":\"2025-11-13T08:40:18+00:00\",\"dateModified\":\"2025-11-13T09:35:27+00:00\",\"description\":\"Desarrollo de p\u00e1ginas web | Organizaci\u00f3n de eventos | Mantenimiento y soporte t\u00e9cnico de Wordpress | Configuraci\u00f3n de cuentas de correo electr\u00f3nico profesionales | Servicios de comunicaci\u00f3n externalizados\",\"breadcrumb\":{\"@id\":\"https:\\\/\\\/planinlux.lu\\\/es\\\/soluciones\\\/comunicacion-eventos\\\/#breadcrumb\"},\"inLanguage\":\"es\",\"potentialAction\":[{\"@type\":\"ReadAction\",\"target\":[\"https:\\\/\\\/planinlux.lu\\\/es\\\/soluciones\\\/comunicacion-eventos\\\/\"]}]},{\"@type\":\"ImageObject\",\"inLanguage\":\"es\",\"@id\":\"https:\\\/\\\/planinlux.lu\\\/es\\\/soluciones\\\/comunicacion-eventos\\\/#primaryimage\",\"url\":\"https:\\\/\\\/planinlux.lu\\\/wp-content\\\/uploads\\\/2023\\\/09\\\/Web-Development.png\",\"contentUrl\":\"https:\\\/\\\/planinlux.lu\\\/wp-content\\\/uploads\\\/2023\\\/09\\\/Web-Development.png\",\"width\":900,\"height\":400},{\"@type\":\"BreadcrumbList\",\"@id\":\"https:\\\/\\\/planinlux.lu\\\/es\\\/soluciones\\\/comunicacion-eventos\\\/#breadcrumb\",\"itemListElement\":[{\"@type\":\"ListItem\",\"position\":1,\"name\":\"Home\",\"item\":\"https:\\\/\\\/planinlux.lu\\\/es\\\/home-2\\\/\"},{\"@type\":\"ListItem\",\"position\":2,\"name\":\"Soluciones\",\"item\":\"https:\\\/\\\/planinlux.lu\\\/es\\\/soluciones\\\/\"},{\"@type\":\"ListItem\",\"position\":3,\"name\":\"Comunicaci\u00f3n &#038; Eventos\"}]},{\"@type\":\"WebSite\",\"@id\":\"https:\\\/\\\/planinlux.lu\\\/es\\\/#website\",\"url\":\"https:\\\/\\\/planinlux.lu\\\/es\\\/\",\"name\":\"PlaninLux\",\"description\":\"Business Solutions\",\"publisher\":{\"@id\":\"https:\\\/\\\/planinlux.lu\\\/es\\\/#organization\"},\"potentialAction\":[{\"@type\":\"SearchAction\",\"target\":{\"@type\":\"EntryPoint\",\"urlTemplate\":\"https:\\\/\\\/planinlux.lu\\\/es\\\/?s={search_term_string}\"},\"query-input\":{\"@type\":\"PropertyValueSpecification\",\"valueRequired\":true,\"valueName\":\"search_term_string\"}}],\"inLanguage\":\"es\"},{\"@type\":\"Organization\",\"@id\":\"https:\\\/\\\/planinlux.lu\\\/es\\\/#organization\",\"name\":\"PlaninLux\",\"url\":\"https:\\\/\\\/planinlux.lu\\\/es\\\/\",\"logo\":{\"@type\":\"ImageObject\",\"inLanguage\":\"es\",\"@id\":\"https:\\\/\\\/planinlux.lu\\\/es\\\/#\\\/schema\\\/logo\\\/image\\\/\",\"url\":\"\",\"contentUrl\":\"\",\"caption\":\"PlaninLux\"},\"image\":{\"@id\":\"https:\\\/\\\/planinlux.lu\\\/es\\\/#\\\/schema\\\/logo\\\/image\\\/\"},\"sameAs\":[\"https:\\\/\\\/www.linkedin.com\\\/company\\\/planinlux\\\/\"]}]}<\/script>\n<!-- \/ Yoast SEO plugin. -->","yoast_head_json":{"title":"Comunicaci\u00f3n & Eventos | Su socio de confianza para la comunicaci\u00f3n en Luxemburgo","description":"Desarrollo de p\u00e1ginas web | Organizaci\u00f3n de eventos | Mantenimiento y soporte t\u00e9cnico de Wordpress | Configuraci\u00f3n de cuentas de correo electr\u00f3nico profesionales | Servicios de comunicaci\u00f3n externalizados","robots":{"index":"index","follow":"follow","max-snippet":"max-snippet:-1","max-image-preview":"max-image-preview:large","max-video-preview":"max-video-preview:-1"},"canonical":"https:\/\/planinlux.lu\/es\/soluciones\/comunicacion-eventos\/","og_locale":"es_ES","og_type":"article","og_title":"Comunicaci\u00f3n & Eventos | PlaninLux | consultor\u00eda sostenible","og_description":"Ofrecemos servicios de consultor\u00eda, incluyendo el asesoramiento, la definici\u00f3n de estrategias RSC, su implementaci\u00f3n, gesti\u00f3n del cambio, internacionalizaci\u00f3n y obtenci\u00f3n de certificaciones.","og_url":"https:\/\/planinlux.lu\/es\/soluciones\/comunicacion-eventos\/","og_site_name":"PlaninLux","article_modified_time":"2025-11-13T09:35:27+00:00","og_image":[{"url":"https:\/\/planinlux.lu\/wp-content\/uploads\/2020\/10\/Planinlux-Sustainable-Consulting-TRANSPARENTE.png","type":"","width":"","height":""}],"twitter_card":"summary_large_image","twitter_title":"Comunicaci\u00f3n & Eventos | PlaninLux | consultor\u00eda sostenible","twitter_description":"Ofrecemos servicios de consultor\u00eda, incluyendo el asesoramiento, la definici\u00f3n de estrategias RSC, su implementaci\u00f3n, gesti\u00f3n del cambio, internacionalizaci\u00f3n y obtenci\u00f3n de certificaciones.","twitter_image":"https:\/\/planinlux.lu\/wp-content\/uploads\/2020\/10\/Planinlux-Sustainable-Consulting-TRANSPARENTE.png","twitter_misc":{"Tiempo de lectura":"1 minuto"},"schema":{"@context":"https:\/\/schema.org","@graph":[{"@type":"WebPage","@id":"https:\/\/planinlux.lu\/es\/soluciones\/comunicacion-eventos\/","url":"https:\/\/planinlux.lu\/es\/soluciones\/comunicacion-eventos\/","name":"Comunicaci\u00f3n & Eventos | Su socio de confianza para la comunicaci\u00f3n en Luxemburgo","isPartOf":{"@id":"https:\/\/planinlux.lu\/es\/#website"},"primaryImageOfPage":{"@id":"https:\/\/planinlux.lu\/es\/soluciones\/comunicacion-eventos\/#primaryimage"},"image":{"@id":"https:\/\/planinlux.lu\/es\/soluciones\/comunicacion-eventos\/#primaryimage"},"thumbnailUrl":"https:\/\/planinlux.lu\/wp-content\/uploads\/2023\/09\/Web-Development.png","datePublished":"2025-11-13T08:40:18+00:00","dateModified":"2025-11-13T09:35:27+00:00","description":"Desarrollo de p\u00e1ginas web | Organizaci\u00f3n de eventos | Mantenimiento y soporte t\u00e9cnico de Wordpress | Configuraci\u00f3n de cuentas de correo electr\u00f3nico profesionales | Servicios de comunicaci\u00f3n externalizados","breadcrumb":{"@id":"https:\/\/planinlux.lu\/es\/soluciones\/comunicacion-eventos\/#breadcrumb"},"inLanguage":"es","potentialAction":[{"@type":"ReadAction","target":["https:\/\/planinlux.lu\/es\/soluciones\/comunicacion-eventos\/"]}]},{"@type":"ImageObject","inLanguage":"es","@id":"https:\/\/planinlux.lu\/es\/soluciones\/comunicacion-eventos\/#primaryimage","url":"https:\/\/planinlux.lu\/wp-content\/uploads\/2023\/09\/Web-Development.png","contentUrl":"https:\/\/planinlux.lu\/wp-content\/uploads\/2023\/09\/Web-Development.png","width":900,"height":400},{"@type":"BreadcrumbList","@id":"https:\/\/planinlux.lu\/es\/soluciones\/comunicacion-eventos\/#breadcrumb","itemListElement":[{"@type":"ListItem","position":1,"name":"Home","item":"https:\/\/planinlux.lu\/es\/home-2\/"},{"@type":"ListItem","position":2,"name":"Soluciones","item":"https:\/\/planinlux.lu\/es\/soluciones\/"},{"@type":"ListItem","position":3,"name":"Comunicaci\u00f3n &#038; Eventos"}]},{"@type":"WebSite","@id":"https:\/\/planinlux.lu\/es\/#website","url":"https:\/\/planinlux.lu\/es\/","name":"PlaninLux","description":"Business Solutions","publisher":{"@id":"https:\/\/planinlux.lu\/es\/#organization"},"potentialAction":[{"@type":"SearchAction","target":{"@type":"EntryPoint","urlTemplate":"https:\/\/planinlux.lu\/es\/?s={search_term_string}"},"query-input":{"@type":"PropertyValueSpecification","valueRequired":true,"valueName":"search_term_string"}}],"inLanguage":"es"},{"@type":"Organization","@id":"https:\/\/planinlux.lu\/es\/#organization","name":"PlaninLux","url":"https:\/\/planinlux.lu\/es\/","logo":{"@type":"ImageObject","inLanguage":"es","@id":"https:\/\/planinlux.lu\/es\/#\/schema\/logo\/image\/","url":"","contentUrl":"","caption":"PlaninLux"},"image":{"@id":"https:\/\/planinlux.lu\/es\/#\/schema\/logo\/image\/"},"sameAs":["https:\/\/www.linkedin.com\/company\/planinlux\/"]}]}},"_links":{"self":[{"href":"https:\/\/planinlux.lu\/es\/wp-json\/wp\/v2\/pages\/9931","targetHints":{"allow":["GET"]}}],"collection":[{"href":"https:\/\/planinlux.lu\/es\/wp-json\/wp\/v2\/pages"}],"about":[{"href":"https:\/\/planinlux.lu\/es\/wp-json\/wp\/v2\/types\/page"}],"author":[{"embeddable":true,"href":"https:\/\/planinlux.lu\/es\/wp-json\/wp\/v2\/users\/3"}],"replies":[{"embeddable":true,"href":"https:\/\/planinlux.lu\/es\/wp-json\/wp\/v2\/comments?post=9931"}],"version-history":[{"count":7,"href":"https:\/\/planinlux.lu\/es\/wp-json\/wp\/v2\/pages\/9931\/revisions"}],"predecessor-version":[{"id":9965,"href":"https:\/\/planinlux.lu\/es\/wp-json\/wp\/v2\/pages\/9931\/revisions\/9965"}],"up":[{"embeddable":true,"href":"https:\/\/planinlux.lu\/es\/wp-json\/wp\/v2\/pages\/5685"}],"wp:featuredmedia":[{"embeddable":true,"href":"https:\/\/planinlux.lu\/es\/wp-json\/wp\/v2\/media\/8571"}],"wp:attachment":[{"href":"https:\/\/planinlux.lu\/es\/wp-json\/wp\/v2\/media?parent=9931"}],"curies":[{"name":"wp","href":"https:\/\/api.w.org\/{rel}","templated":true}]}}