{"id":9826,"date":"2025-11-11T20:41:51","date_gmt":"2025-11-11T20:41:51","guid":{"rendered":"https:\/\/planinlux.lu\/?page_id=9826"},"modified":"2025-11-13T17:30:27","modified_gmt":"2025-11-13T17:30:27","slug":"externalizacion-de-servicios-de-comunicacion","status":"publish","type":"page","link":"https:\/\/planinlux.lu\/es\/soluciones\/externalizacion-de-servicios-de-comunicacion\/","title":{"rendered":"Externalizaci\u00f3n de servicios de comunicaci\u00f3n"},"content":{"rendered":"<div class=\"wpb-content-wrapper\"><p>[vc_row padding_top_multiplier=\u00bb6x\u00bb padding_bottom_multiplier=\u00bb3x\u00bb][vc_column width=\u00bb5\/12&#8243; tablet_sm_width=\u00bb1&#8243;]<h2 class=\"eut-element eut-title eut-align-left eut-animated-item eut-fade-in-left eut-duration-normal eut-h4\" style=\"\" data-delay=\"200\"><span><br>\n<h4>Externalizaci\u00f3n de servicios de comunicaci\u00f3n.<\/h4>\n<\/span><\/h2><div class=\"eut-empty-space eut-height-2x\" style=\"\"><\/div>[\/vc_column][vc_column width=\u00bb7\/12&#8243; tablet_sm_width=\u00bb1&#8243;][vc_column_text css=\u00bb\u00bb text_style=\u00bbleader-text\u00bb animation=\u00bbeut-fade-in-right\u00bb]<\/p>\n<p style=\"font-weight: 400;\">En Planinlux ofrecemos un servicio integral de externalizaci\u00f3n de la comunicaci\u00f3n corporativa, pensado para empresas establecidas en Luxemburgo que desean delegar esta funci\u00f3n en un equipo especializado. Nos convertimos en tu departamento de comunicaci\u00f3n externo, gestionando de forma continua o por proyectos todas las acciones necesarias para reforzar tu presencia corporativa, mejorar tu visibilidad y garantizar una comunicaci\u00f3n coherente con tu estrategia de negocio.<\/p>\n<p>[\/vc_column_text]<div class=\"eut-element eut-divider eut-animated-item eut-fade-in-right eut-duration-normal eut-align-left\" style=\"padding-top: 30px;padding-bottom: 36px;\" data-delay=\"200\"><span class=\"eut-custom-divider eut-bg-primary-1\" style=\"width: 96px;height: 2px;\"><\/span><\/div>[vc_column_text css=\u00bb\u00bb]Desde la planificaci\u00f3n estrat\u00e9gica hasta la gesti\u00f3n de contenidos, relaciones p\u00fablicas, comunicaci\u00f3n interna o campa\u00f1as digitales, te proporcionamos soluciones flexibles y adaptadas a las necesidades y recursos de tu organizaci\u00f3n.[\/vc_column_text][\/vc_column][\/vc_row][vc_row bg_type=\u00bbcolor\u00bb padding_top_multiplier=\u00bb3x\u00bb padding_bottom_multiplier=\u00bb3x\u00bb separator_top_size=\u00bb60px\u00bb separator_bottom_size=\u00bb60px\u00bb bg_color=\u00bb#F8F8F8&#8243;][vc_column]<div class=\"eut-element eut-title eut-align-center eut-animated-item eut-fade-in-right eut-duration-normal eut-subtitle-text\" style=\"margin-bottom: 6px;\" data-delay=\"200\"><span>\u00bfA qui\u00e9n va dirigido?<\/span><\/div><div class=\"eut-element eut-title eut-align-center eut-animated-item eut-fade-in-left eut-duration-normal eut-h5\" style=\"\" data-delay=\"200\"><span>Este servicio est\u00e1 principalmente dirigido a:<\/span><\/div><div class=\"eut-empty-space eut-height-1x\" style=\"\"><\/div>[vc_row_inner][vc_column_inner width=\u00bb1\/5&#8243;]<div class=\"eut-element eut-box-icon eut-large eut-top-icon eut-align-center eut-animated-item eut-fade-in-left eut-duration-normal\" style=\"\" data-delay=\"200\"><div class=\"eut-wrapper-icon eut-no-shape eut-text-grey\"><i class=\"eut-text-primary-1 fa fa-solid fa-people-group\"><\/i><\/div><div class=\"eut-box-content\"><div class=\"eut-box-title-wrapper\"><h4 class=\"eut-box-title eut-h6\">Startups o pymes que necesitan apoyo profesional en comunicaci\u00f3n sin ampliar su plantilla<\/h4><\/div><\/div><\/div><div class=\"eut-empty-space eut-height-1x\" style=\"\"><\/div>[\/vc_column_inner][vc_column_inner width=\u00bb1\/5&#8243;]<div class=\"eut-element eut-box-icon eut-large eut-top-icon eut-align-center eut-animated-item eut-fade-in-left eut-duration-normal\" style=\"\" data-delay=\"200\"><div class=\"eut-wrapper-icon eut-no-shape eut-text-grey\"><i class=\"eut-text-primary-1 fa fa-regular fa-building\"><\/i><\/div><div class=\"eut-box-content\"><div class=\"eut-box-title-wrapper\"><h6 class=\"eut-box-title eut-h6\">Sucursales y filiales de empresas extranjeras establecidas en Luxemburgo<\/h6><\/div><\/div><\/div><div class=\"eut-empty-space eut-height-1x\" style=\"\"><\/div>[\/vc_column_inner][vc_column_inner width=\u00bb1\/5&#8243;]<div class=\"eut-element eut-box-icon eut-large eut-top-icon eut-align-center eut-animated-item eut-fade-in-right eut-duration-normal\" style=\"\" data-delay=\"200\"><div class=\"eut-wrapper-icon eut-no-shape eut-text-grey\"><i class=\"eut-text-primary-1 fa fa-solid fa-city\"><\/i><\/div><div class=\"eut-box-content\"><div class=\"eut-box-title-wrapper\"><h6 class=\"eut-box-title eut-h6\">Empresas que no disponen de un departamento de comunicaci\u00f3n interno<\/h6><\/div><\/div><\/div><div class=\"eut-empty-space eut-height-1x\" style=\"\"><\/div>[\/vc_column_inner][vc_column_inner width=\u00bb1\/5&#8243;]<div class=\"eut-element eut-box-icon eut-large eut-top-icon eut-align-center eut-animated-item eut-fade-in-right eut-duration-normal\" style=\"\" data-delay=\"200\"><div class=\"eut-wrapper-icon eut-no-shape eut-text-grey\"><i class=\"eut-text-primary-1 fa fa-solid fa-comment-dots\"><\/i><\/div><div class=\"eut-box-content\"><div class=\"eut-box-title-wrapper\"><h6 class=\"eut-box-title eut-h6\">Organizaciones que desean externalizar la gesti\u00f3n de su comunicaci\u00f3n para optimizar costes y recursos<\/h6><\/div><\/div><\/div><div class=\"eut-empty-space eut-height-1x\" style=\"\"><\/div>[\/vc_column_inner][vc_column_inner width=\u00bb1\/5&#8243;]<div class=\"eut-element eut-box-icon eut-large eut-top-icon eut-align-center eut-animated-item eut-fade-in-right eut-duration-normal\" style=\"\" data-delay=\"200\"><div class=\"eut-wrapper-icon eut-no-shape eut-text-grey\"><i class=\"eut-text-primary-1 fa fa-solid fa-location-dot\"><\/i><\/div><div class=\"eut-box-content\"><div class=\"eut-box-title-wrapper\"><h6 class=\"eut-box-title eut-h6\">Entidades que buscan un socio local para coordinar su comunicaci\u00f3n en Luxemburgo<\/h6><\/div><\/div><\/div><div class=\"eut-empty-space eut-height-1x\" style=\"\"><\/div>[\/vc_column_inner][\/vc_row_inner][\/vc_column][\/vc_row][vc_row padding_top_multiplier=\u00bb3x\u00bb padding_bottom_multiplier=\u00bb2x\u00bb columns_gap=\u00bb60&#8243;][vc_column width=\u00bb2\/3&#8243;]<div class=\"eut-element eut-title eut-align-left eut-animated-item eut-fade-in-up eut-duration-normal eut-h5\" style=\"\" data-delay=\"400\"><span>\u00bfQu\u00e9 incluye el servicio?<\/span><\/div>[vc_column_text css=\u00bb\u00bb animation=\u00bbeut-fade-in-up\u00bb animation_delay=\u00bb600&#8243;]<\/p>\n<ul>\n<li style=\"font-weight: 400;\">Diagn\u00f3stico inicial de la comunicaci\u00f3n de la empresa<\/li>\n<li style=\"font-weight: 400;\">Elaboraci\u00f3n de una estrategia de comunicaci\u00f3n adaptada al mercado luxemburgu\u00e9s<\/li>\n<li style=\"font-weight: 400;\">Planificaci\u00f3n y gesti\u00f3n de contenidos (noticias, redes sociales, newsletters, web, etc.)<\/li>\n<li style=\"font-weight: 400;\">Coordinaci\u00f3n con proveedores externos (dise\u00f1o, impresi\u00f3n, medios, etc.)<\/li>\n<li style=\"font-weight: 400;\">Relaciones p\u00fablicas y comunicaci\u00f3n institucional<\/li>\n<li style=\"font-weight: 400;\">Comunicaci\u00f3n interna y apoyo en la gesti\u00f3n del cambio<\/li>\n<li style=\"font-weight: 400;\">Monitorizaci\u00f3n de resultados y seguimiento peri\u00f3dico<\/li>\n<\/ul>\n<p>[\/vc_column_text][\/vc_column][vc_column width=\u00bb1\/3&#8243;]<div class=\"eut-element eut-title eut-align-left eut-animated-item eut-fade-in-up eut-duration-normal eut-h5\" style=\"\" data-delay=\"400\"><span>Beneficios clave<\/span><\/div>[vc_column_text css=\u00bb\u00bb animation=\u00bbeut-fade-in-up\u00bb animation_delay=\u00bb800&#8243;]<\/p>\n<ul>\n<li style=\"font-weight: 400;\">Reducci\u00f3n de costes frente a la contrataci\u00f3n de personal interno<\/li>\n<li style=\"font-weight: 400;\">Acceso a un equipo multidisciplinar con experiencia local e internacional<\/li>\n<li style=\"font-weight: 400;\">Coherencia y profesionalidad en todos los mensajes corporativos<\/li>\n<li style=\"font-weight: 400;\">Flexibilidad para adaptar el servicio seg\u00fan tus necesidades<\/li>\n<li style=\"font-weight: 400;\">Visibilidad y posicionamiento reforzados en el entorno luxemburgu\u00e9s<\/li>\n<\/ul>\n<p>[\/vc_column_text][\/vc_column][\/vc_row][vc_row padding_top_multiplier=\u00bb\u00bb padding_bottom_multiplier=\u00bb\u00bb][vc_column]<div class=\"eut-element eut-divider\" style=\"\"><div class=\"eut-line-divider eut-border\"><\/div><\/div>[\/vc_column][\/vc_row][vc_row][vc_column]<div class=\"eut-empty-space eut-height-1x\" style=\"\"><\/div>[\/vc_column][\/vc_row][vc_row padding_top_multiplier=\u00bb\u00bb padding_bottom_multiplier=\u00bb\u00bb][vc_column width=\u00bb1\/4&#8243;]<div class=\"eut-element eut-single-icon eut-align-center eut-extra-large\" style=\"\">  <div class=\"eut-wrapper-icon eut-no-shape eut-text-grey\"><i class=\"et-icon-target eut-text-primary-1\"><\/i><\/div><\/div>[\/vc_column][vc_column width=\u00bb3\/4&#8243;]<h3 class=\"eut-element eut-title eut-align-left eut-animated-item eut-fade-in-right eut-duration-normal eut-h5\" style=\"\" data-delay=\"200\"><span>Nuestra Metodolog\u00eda<\/span><\/h3>[vc_column_text css=\u00bb\u00bb animation=\u00bbeut-fade-in-right\u00bb animation_delay=\u00bb300&#8243;]<\/p>\n<p style=\"font-weight: 400;\">Comenzamos con una reuni\u00f3n de diagn\u00f3stico para comprender los objetivos y necesidades de tu empresa. A partir de ah\u00ed, definimos una <strong>estrategia de comunicaci\u00f3n personalizada<\/strong> y un <strong>plan de acci\u00f3n<\/strong> operativo. Nuestro equipo se encarga de la <strong>ejecuci\u00f3n y seguimiento<\/strong>, en coordinaci\u00f3n continua contigo, garantizando una comunicaci\u00f3n eficaz, alineada con tu marca y orientada a resultados.<\/p>\n<p>[\/vc_column_text][\/vc_column][\/vc_row][vc_row][vc_column]<div class=\"eut-empty-space eut-height-1x\" style=\"\"><\/div>[\/vc_column][\/vc_row][vc_row padding_top_multiplier=\u00bb\u00bb padding_bottom_multiplier=\u00bb\u00bb][vc_column]<div class=\"eut-element eut-divider\" style=\"\"><div class=\"eut-line-divider eut-border\"><\/div><\/div>[\/vc_column][\/vc_row][vc_row bg_type=\u00bbcolor\u00bb padding_top_multiplier=\u00bb\u00bb padding_bottom_multiplier=\u00bb\u00bb columns_gap=\u00bb40&#8243; bg_color=\u00bb#F8F8F8&#8243;][vc_column]<div class=\"eut-empty-space eut-height-2x\" style=\"\"><\/div><h3 class=\"eut-element eut-title eut-align-left eut-animated-item eut-fade-in-right eut-duration-normal eut-h5\" style=\"\" data-delay=\"200\"><span>Preguntas Frecuentes<\/span><\/h3>[vc_tta_accordion active_section=\u00bb\u00bb heading_tag=\u00bbh4&#8243; collapsible_all=\u00bbtrue\u00bb][vc_tta_section title=\u00bb\u00bfPodemos contratar solo una parte del servicio (por ejemplo, redes sociales o relaciones p\u00fablicas)?\u00bb tab_id=\u00bb1751467929930-7a9fa967-9157&#8243;][vc_column_text css=\u00bb\u00bb]S\u00ed. El servicio es totalmente modular. Puedes externalizar toda la comunicaci\u00f3n o \u00fanicamente las \u00e1reas que m\u00e1s necesites.[\/vc_column_text][\/vc_tta_section][vc_tta_section title=\u00bb\u00bfC\u00f3mo se coordina el trabajo con nuestro equipo interno o con la sede central de la empresa?\u00bb tab_id=\u00bb1751467929959-7ebd9ea4-3528&#8243;][vc_column_text css=\u00bb\u00bb]Nos adaptamos a la estructura de tu organizaci\u00f3n. <span lang=\"DE\">Podemos trabajar directamente con la direcci\u00f3n local o en coordinaci\u00f3n con el departamento de comunicaci\u00f3n o marketing del grupo, garantizando la coherencia entre la estrategia global y la comunicaci\u00f3n local.<\/span>[\/vc_column_text][\/vc_tta_section][vc_tta_section title=\u00bb\u00bfCu\u00e1l es la duraci\u00f3n m\u00ednima del servicio?\u00bb tab_id=\u00bb1751468020761-1d33c8bb-cff3&#8243;][vc_column_text css=\u00bb\u00bb]Proponemos contratos de colaboraci\u00f3n flexibles, desde proyectos puntuales hasta servicios continuos con seguimiento mensual o anual.[\/vc_column_text][\/vc_tta_section][\/vc_tta_accordion]<div class=\"eut-empty-space eut-height-3x\" style=\"\"><\/div>[\/vc_column][\/vc_row][vc_row heading_color=\u00bblight\u00bb bg_type=\u00bbcolor\u00bb padding_top_multiplier=\u00bb2x\u00bb padding_bottom_multiplier=\u00bb\u00bb columns_gap=\u00bb40&#8243; font_color=\u00bb#ffffff\u00bb bg_color=\u00bb#2ac187&#8243;][vc_column css=\u00bb.vc_custom_1751471192043{padding-top: 20px !important;padding-bottom: 40px !important;}\u00bb]<h3 class=\"eut-element eut-title eut-align-center eut-animated-item eut-fade-in-right eut-duration-normal eut-h5\" style=\"\" data-delay=\"200\"><span><br>\n<div>\u00bfQuieres delegar tu comunicaci\u00f3n en un equipo profesional?<\/div>\n<\/span><\/h3>[vc_column_text css=\u00bb\u00bb]<\/p>\n<p style=\"text-align: center;\">Cont\u00e1ctanos y te ayudaremos a dise\u00f1ar la soluci\u00f3n m\u00e1s adecuada para tu empresa en Luxemburgo.<\/p>\n<p>[\/vc_column_text]<div class=\"eut-empty-space eut-height-1x\" style=\"\"><\/div><div class=\"eut-element eut-align-center eut-animated-item eut-zoom-in eut-duration-normal\" data-delay=\"200\"><a href=\"https:\/\/planinlux.lu\/es\/contacte-con-nosotros\/\" title=\"Contacto\" rel=\"nofollow\" class=\"eut-btn eut-btn-large eut-round eut-bg-white eut-bg-hover-black\"><span>Solicita una consulta gratuita<\/span><\/a><\/div>[\/vc_column][\/vc_row][vc_row][vc_column]<h3 class=\"eut-element eut-title eut-align-center eut-animated-item eut-fade-in eut-duration-normal eut-h5\" style=\"\" data-delay=\"200\"><span><br>\n<h5 class=\"eut-element eut-title eut-align-center eut-animated-item eut-zoom-in eut-duration-normal eut-h4 eut-animated\" data-delay=\"200\">Descubre todas nuestras soluciones.<\/h5>\n<\/span><\/h3><div class=\"eut-empty-space eut-height-1x\" style=\"\"><\/div>[vc_raw_html css=\u00bb\u00bb]JTVCc2VydmljZWJveF9zYyUyMGlkJTNEOTQ5MyU1RA==[\/vc_raw_html][\/vc_column][\/vc_row]<\/p>\n<\/div>","protected":false},"excerpt":{"rendered":"<p>Prestamos servicios de consultor\u00eda, que incluyen la creaci\u00f3n de empresas, el desarrollo de negocios, soluciones de propiedad intelectual, asistencia en tr\u00e1mites administrativos, estrategia RSC e internacionalizaci\u00f3n, entre otros. <\/p>\n","protected":false},"author":3,"featured_media":9779,"parent":5685,"menu_order":0,"comment_status":"closed","ping_status":"closed","template":"","meta":{"footnotes":""},"class_list":["post-9826","page","type-page","status-publish","has-post-thumbnail","hentry"],"yoast_head":"<!-- This site is optimized with the Yoast SEO plugin v27.6 - https:\/\/yoast.com\/product\/yoast-seo-wordpress\/ -->\n<title>Externalizaci\u00f3n de servicios de comunicaci\u00f3n en Luxemburgo<\/title>\n<meta name=\"description\" content=\"Externalizaci\u00f3n de servicios de comunicaci\u00f3n para empresas en Luxemburgo. Apoyo estrat\u00e9gico, flexible y multiling\u00fce para la visibilidad de su empresa.\" \/>\n<meta name=\"robots\" content=\"index, follow, max-snippet:-1, max-image-preview:large, max-video-preview:-1\" \/>\n<link rel=\"canonical\" href=\"https:\/\/planinlux.lu\/es\/soluciones\/externalizacion-de-servicios-de-comunicacion\/\" \/>\n<meta property=\"og:locale\" content=\"es_ES\" \/>\n<meta property=\"og:type\" content=\"article\" \/>\n<meta property=\"og:title\" content=\"Externalizaci\u00f3n de servicios de comunicaci\u00f3n | PlaninLux | consultor\u00eda sostenible\" \/>\n<meta property=\"og:description\" content=\"Ofrecemos servicios de consultor\u00eda, incluyendo el asesoramiento, la definici\u00f3n de estrategias RSC, su implementaci\u00f3n, gesti\u00f3n del cambio, internacionalizaci\u00f3n y obtenci\u00f3n de certificaciones.\" \/>\n<meta property=\"og:url\" content=\"https:\/\/planinlux.lu\/es\/soluciones\/externalizacion-de-servicios-de-comunicacion\/\" \/>\n<meta property=\"og:site_name\" content=\"PlaninLux\" \/>\n<meta property=\"article:modified_time\" content=\"2025-11-13T17:30:27+00:00\" \/>\n<meta property=\"og:image\" content=\"https:\/\/planinlux.lu\/wp-content\/uploads\/2020\/10\/Planinlux-Sustainable-Consulting-TRANSPARENTE.png\" \/>\n<meta name=\"twitter:card\" content=\"summary_large_image\" \/>\n<meta name=\"twitter:title\" content=\"Externalizaci\u00f3n de servicios de comunicaci\u00f3n | PlaninLux | consultor\u00eda sostenible\" \/>\n<meta name=\"twitter:description\" content=\"Ofrecemos servicios de consultor\u00eda, incluyendo el asesoramiento, la definici\u00f3n de estrategias RSC, su implementaci\u00f3n, gesti\u00f3n del cambio, internacionalizaci\u00f3n y obtenci\u00f3n de certificaciones.\" \/>\n<meta name=\"twitter:image\" content=\"https:\/\/planinlux.lu\/wp-content\/uploads\/2020\/10\/Planinlux-Sustainable-Consulting-TRANSPARENTE.png\" \/>\n<meta name=\"twitter:label1\" content=\"Tiempo de lectura\" \/>\n\t<meta name=\"twitter:data1\" content=\"3 minutos\" \/>\n<script type=\"application\/ld+json\" class=\"yoast-schema-graph\">{\"@context\":\"https:\\\/\\\/schema.org\",\"@graph\":[{\"@type\":\"WebPage\",\"@id\":\"https:\\\/\\\/planinlux.lu\\\/es\\\/soluciones\\\/externalizacion-de-servicios-de-comunicacion\\\/\",\"url\":\"https:\\\/\\\/planinlux.lu\\\/es\\\/soluciones\\\/externalizacion-de-servicios-de-comunicacion\\\/\",\"name\":\"Externalizaci\u00f3n de servicios de comunicaci\u00f3n en Luxemburgo\",\"isPartOf\":{\"@id\":\"https:\\\/\\\/planinlux.lu\\\/es\\\/#website\"},\"primaryImageOfPage\":{\"@id\":\"https:\\\/\\\/planinlux.lu\\\/es\\\/soluciones\\\/externalizacion-de-servicios-de-comunicacion\\\/#primaryimage\"},\"image\":{\"@id\":\"https:\\\/\\\/planinlux.lu\\\/es\\\/soluciones\\\/externalizacion-de-servicios-de-comunicacion\\\/#primaryimage\"},\"thumbnailUrl\":\"https:\\\/\\\/planinlux.lu\\\/wp-content\\\/uploads\\\/2025\\\/11\\\/Externalizacion-de-servicios-de-comunicacion-scaled.png\",\"datePublished\":\"2025-11-11T20:41:51+00:00\",\"dateModified\":\"2025-11-13T17:30:27+00:00\",\"description\":\"Externalizaci\u00f3n de servicios de comunicaci\u00f3n para empresas en Luxemburgo. Apoyo estrat\u00e9gico, flexible y multiling\u00fce para la visibilidad de su empresa.\",\"breadcrumb\":{\"@id\":\"https:\\\/\\\/planinlux.lu\\\/es\\\/soluciones\\\/externalizacion-de-servicios-de-comunicacion\\\/#breadcrumb\"},\"inLanguage\":\"es\",\"potentialAction\":[{\"@type\":\"ReadAction\",\"target\":[\"https:\\\/\\\/planinlux.lu\\\/es\\\/soluciones\\\/externalizacion-de-servicios-de-comunicacion\\\/\"]}]},{\"@type\":\"ImageObject\",\"inLanguage\":\"es\",\"@id\":\"https:\\\/\\\/planinlux.lu\\\/es\\\/soluciones\\\/externalizacion-de-servicios-de-comunicacion\\\/#primaryimage\",\"url\":\"https:\\\/\\\/planinlux.lu\\\/wp-content\\\/uploads\\\/2025\\\/11\\\/Externalizacion-de-servicios-de-comunicacion-scaled.png\",\"contentUrl\":\"https:\\\/\\\/planinlux.lu\\\/wp-content\\\/uploads\\\/2025\\\/11\\\/Externalizacion-de-servicios-de-comunicacion-scaled.png\",\"width\":2560,\"height\":1707},{\"@type\":\"BreadcrumbList\",\"@id\":\"https:\\\/\\\/planinlux.lu\\\/es\\\/soluciones\\\/externalizacion-de-servicios-de-comunicacion\\\/#breadcrumb\",\"itemListElement\":[{\"@type\":\"ListItem\",\"position\":1,\"name\":\"Home\",\"item\":\"https:\\\/\\\/planinlux.lu\\\/es\\\/home-2\\\/\"},{\"@type\":\"ListItem\",\"position\":2,\"name\":\"Soluciones\",\"item\":\"https:\\\/\\\/planinlux.lu\\\/es\\\/soluciones\\\/\"},{\"@type\":\"ListItem\",\"position\":3,\"name\":\"Externalizaci\u00f3n de servicios de comunicaci\u00f3n\"}]},{\"@type\":\"WebSite\",\"@id\":\"https:\\\/\\\/planinlux.lu\\\/es\\\/#website\",\"url\":\"https:\\\/\\\/planinlux.lu\\\/es\\\/\",\"name\":\"PlaninLux\",\"description\":\"Business Solutions\",\"publisher\":{\"@id\":\"https:\\\/\\\/planinlux.lu\\\/es\\\/#organization\"},\"potentialAction\":[{\"@type\":\"SearchAction\",\"target\":{\"@type\":\"EntryPoint\",\"urlTemplate\":\"https:\\\/\\\/planinlux.lu\\\/es\\\/?s={search_term_string}\"},\"query-input\":{\"@type\":\"PropertyValueSpecification\",\"valueRequired\":true,\"valueName\":\"search_term_string\"}}],\"inLanguage\":\"es\"},{\"@type\":\"Organization\",\"@id\":\"https:\\\/\\\/planinlux.lu\\\/es\\\/#organization\",\"name\":\"PlaninLux\",\"url\":\"https:\\\/\\\/planinlux.lu\\\/es\\\/\",\"logo\":{\"@type\":\"ImageObject\",\"inLanguage\":\"es\",\"@id\":\"https:\\\/\\\/planinlux.lu\\\/es\\\/#\\\/schema\\\/logo\\\/image\\\/\",\"url\":\"\",\"contentUrl\":\"\",\"caption\":\"PlaninLux\"},\"image\":{\"@id\":\"https:\\\/\\\/planinlux.lu\\\/es\\\/#\\\/schema\\\/logo\\\/image\\\/\"},\"sameAs\":[\"https:\\\/\\\/www.linkedin.com\\\/company\\\/planinlux\\\/\"]}]}<\/script>\n<!-- \/ Yoast SEO plugin. -->","yoast_head_json":{"title":"Externalizaci\u00f3n de servicios de comunicaci\u00f3n en Luxemburgo","description":"Externalizaci\u00f3n de servicios de comunicaci\u00f3n para empresas en Luxemburgo. Apoyo estrat\u00e9gico, flexible y multiling\u00fce para la visibilidad de su empresa.","robots":{"index":"index","follow":"follow","max-snippet":"max-snippet:-1","max-image-preview":"max-image-preview:large","max-video-preview":"max-video-preview:-1"},"canonical":"https:\/\/planinlux.lu\/es\/soluciones\/externalizacion-de-servicios-de-comunicacion\/","og_locale":"es_ES","og_type":"article","og_title":"Externalizaci\u00f3n de servicios de comunicaci\u00f3n | PlaninLux | consultor\u00eda sostenible","og_description":"Ofrecemos servicios de consultor\u00eda, incluyendo el asesoramiento, la definici\u00f3n de estrategias RSC, su implementaci\u00f3n, gesti\u00f3n del cambio, internacionalizaci\u00f3n y obtenci\u00f3n de certificaciones.","og_url":"https:\/\/planinlux.lu\/es\/soluciones\/externalizacion-de-servicios-de-comunicacion\/","og_site_name":"PlaninLux","article_modified_time":"2025-11-13T17:30:27+00:00","og_image":[{"url":"https:\/\/planinlux.lu\/wp-content\/uploads\/2020\/10\/Planinlux-Sustainable-Consulting-TRANSPARENTE.png","type":"","width":"","height":""}],"twitter_card":"summary_large_image","twitter_title":"Externalizaci\u00f3n de servicios de comunicaci\u00f3n | PlaninLux | consultor\u00eda sostenible","twitter_description":"Ofrecemos servicios de consultor\u00eda, incluyendo el asesoramiento, la definici\u00f3n de estrategias RSC, su implementaci\u00f3n, gesti\u00f3n del cambio, internacionalizaci\u00f3n y obtenci\u00f3n de certificaciones.","twitter_image":"https:\/\/planinlux.lu\/wp-content\/uploads\/2020\/10\/Planinlux-Sustainable-Consulting-TRANSPARENTE.png","twitter_misc":{"Tiempo de lectura":"3 minutos"},"schema":{"@context":"https:\/\/schema.org","@graph":[{"@type":"WebPage","@id":"https:\/\/planinlux.lu\/es\/soluciones\/externalizacion-de-servicios-de-comunicacion\/","url":"https:\/\/planinlux.lu\/es\/soluciones\/externalizacion-de-servicios-de-comunicacion\/","name":"Externalizaci\u00f3n de servicios de comunicaci\u00f3n en Luxemburgo","isPartOf":{"@id":"https:\/\/planinlux.lu\/es\/#website"},"primaryImageOfPage":{"@id":"https:\/\/planinlux.lu\/es\/soluciones\/externalizacion-de-servicios-de-comunicacion\/#primaryimage"},"image":{"@id":"https:\/\/planinlux.lu\/es\/soluciones\/externalizacion-de-servicios-de-comunicacion\/#primaryimage"},"thumbnailUrl":"https:\/\/planinlux.lu\/wp-content\/uploads\/2025\/11\/Externalizacion-de-servicios-de-comunicacion-scaled.png","datePublished":"2025-11-11T20:41:51+00:00","dateModified":"2025-11-13T17:30:27+00:00","description":"Externalizaci\u00f3n de servicios de comunicaci\u00f3n para empresas en Luxemburgo. Apoyo estrat\u00e9gico, flexible y multiling\u00fce para la visibilidad de su empresa.","breadcrumb":{"@id":"https:\/\/planinlux.lu\/es\/soluciones\/externalizacion-de-servicios-de-comunicacion\/#breadcrumb"},"inLanguage":"es","potentialAction":[{"@type":"ReadAction","target":["https:\/\/planinlux.lu\/es\/soluciones\/externalizacion-de-servicios-de-comunicacion\/"]}]},{"@type":"ImageObject","inLanguage":"es","@id":"https:\/\/planinlux.lu\/es\/soluciones\/externalizacion-de-servicios-de-comunicacion\/#primaryimage","url":"https:\/\/planinlux.lu\/wp-content\/uploads\/2025\/11\/Externalizacion-de-servicios-de-comunicacion-scaled.png","contentUrl":"https:\/\/planinlux.lu\/wp-content\/uploads\/2025\/11\/Externalizacion-de-servicios-de-comunicacion-scaled.png","width":2560,"height":1707},{"@type":"BreadcrumbList","@id":"https:\/\/planinlux.lu\/es\/soluciones\/externalizacion-de-servicios-de-comunicacion\/#breadcrumb","itemListElement":[{"@type":"ListItem","position":1,"name":"Home","item":"https:\/\/planinlux.lu\/es\/home-2\/"},{"@type":"ListItem","position":2,"name":"Soluciones","item":"https:\/\/planinlux.lu\/es\/soluciones\/"},{"@type":"ListItem","position":3,"name":"Externalizaci\u00f3n de servicios de comunicaci\u00f3n"}]},{"@type":"WebSite","@id":"https:\/\/planinlux.lu\/es\/#website","url":"https:\/\/planinlux.lu\/es\/","name":"PlaninLux","description":"Business Solutions","publisher":{"@id":"https:\/\/planinlux.lu\/es\/#organization"},"potentialAction":[{"@type":"SearchAction","target":{"@type":"EntryPoint","urlTemplate":"https:\/\/planinlux.lu\/es\/?s={search_term_string}"},"query-input":{"@type":"PropertyValueSpecification","valueRequired":true,"valueName":"search_term_string"}}],"inLanguage":"es"},{"@type":"Organization","@id":"https:\/\/planinlux.lu\/es\/#organization","name":"PlaninLux","url":"https:\/\/planinlux.lu\/es\/","logo":{"@type":"ImageObject","inLanguage":"es","@id":"https:\/\/planinlux.lu\/es\/#\/schema\/logo\/image\/","url":"","contentUrl":"","caption":"PlaninLux"},"image":{"@id":"https:\/\/planinlux.lu\/es\/#\/schema\/logo\/image\/"},"sameAs":["https:\/\/www.linkedin.com\/company\/planinlux\/"]}]}},"_links":{"self":[{"href":"https:\/\/planinlux.lu\/es\/wp-json\/wp\/v2\/pages\/9826","targetHints":{"allow":["GET"]}}],"collection":[{"href":"https:\/\/planinlux.lu\/es\/wp-json\/wp\/v2\/pages"}],"about":[{"href":"https:\/\/planinlux.lu\/es\/wp-json\/wp\/v2\/types\/page"}],"author":[{"embeddable":true,"href":"https:\/\/planinlux.lu\/es\/wp-json\/wp\/v2\/users\/3"}],"replies":[{"embeddable":true,"href":"https:\/\/planinlux.lu\/es\/wp-json\/wp\/v2\/comments?post=9826"}],"version-history":[{"count":6,"href":"https:\/\/planinlux.lu\/es\/wp-json\/wp\/v2\/pages\/9826\/revisions"}],"predecessor-version":[{"id":9986,"href":"https:\/\/planinlux.lu\/es\/wp-json\/wp\/v2\/pages\/9826\/revisions\/9986"}],"up":[{"embeddable":true,"href":"https:\/\/planinlux.lu\/es\/wp-json\/wp\/v2\/pages\/5685"}],"wp:featuredmedia":[{"embeddable":true,"href":"https:\/\/planinlux.lu\/es\/wp-json\/wp\/v2\/media\/9779"}],"wp:attachment":[{"href":"https:\/\/planinlux.lu\/es\/wp-json\/wp\/v2\/media?parent=9826"}],"curies":[{"name":"wp","href":"https:\/\/api.w.org\/{rel}","templated":true}]}}