{"id":9650,"date":"2025-07-25T12:31:25","date_gmt":"2025-07-25T12:31:25","guid":{"rendered":"https:\/\/planinlux.lu\/?page_id=9650"},"modified":"2025-07-26T06:32:26","modified_gmt":"2025-07-26T06:32:26","slug":"servicios-de-consultoria","status":"publish","type":"page","link":"https:\/\/planinlux.lu\/es\/soluciones\/servicios-de-consultoria\/","title":{"rendered":"Servicios de Consultor\u00eda"},"content":{"rendered":"<div class=\"wpb-content-wrapper\"><p>[vc_row padding_top_multiplier=\u00bb6x\u00bb padding_bottom_multiplier=\u00bb3x\u00bb][vc_column width=\u00bb5\/12&#8243; tablet_sm_width=\u00bb1&#8243;]<h6 class=\"eut-element eut-title eut-align-left eut-animated-item eut-fade-in-left eut-duration-normal eut-h4\" style=\"\" data-delay=\"200\"><span>Servicios de consultor\u00eda<span style=\"color: #000000;\">.<\/span><\/span><\/h6><div class=\"eut-empty-space eut-height-2x\" style=\"\"><\/div>[\/vc_column][vc_column width=\u00bb7\/12&#8243; tablet_sm_width=\u00bb1&#8243;][vc_column_text css=\u00bb\u00bb text_style=\u00bbleader-text\u00bb animation=\u00bbeut-fade-in-right\u00bb]En Planinlux acompa\u00f1amos a emprendedores, aut\u00f3nomos, pymes y organizaciones en el desarrollo de sus proyectos profesionales en Luxemburgo<b>.<\/b> Conocemos los retos de comenzar o ampliar una actividad en un nuevo pa\u00eds y ofrecemos un acompa\u00f1amiento claro, personalizado y orientado a resultados.[\/vc_column_text]<div class=\"eut-element eut-divider eut-animated-item eut-fade-in-right eut-duration-normal eut-align-left\" style=\"padding-top: 30px;padding-bottom: 36px;\" data-delay=\"400\"><span class=\"eut-custom-divider eut-bg-primary-1\" style=\"width: 96px;height: 2px;\"><\/span><\/div>[vc_column_text css=\u00bb\u00bb animation=\u00bbeut-fade-in-right\u00bb animation_delay=\u00bb600&#8243;]Nuestra misi\u00f3n es facilitar el camino, evitar errores comunes y maximizar tus oportunidades, tanto si est\u00e1s dando los primeros pasos como si deseas consolidarte o crecer en el mercado luxemburgu\u00e9s o internacional.[\/vc_column_text][\/vc_column][\/vc_row][vc_row bg_type=\u00bbcolor\u00bb bg_color=\u00bb#f8f8f8&#8243;][vc_column]<div class=\"eut-empty-space eut-height-1x\" style=\"\"><\/div>[\/vc_column][\/vc_row][vc_row bg_type=\u00bbcolor\u00bb padding_top_multiplier=\u00bb\u00bb padding_bottom_multiplier=\u00bb\u00bb bg_color=\u00bb#f8f8f8&#8243;][vc_column css=\u00bb.vc_custom_1753447862951{padding-bottom: 30px !important;}\u00bb][vc_column_text css=\u00bb\u00bb animation=\u00bbeut-fade-in-right\u00bb animation_delay=\u00bb300&#8243;]Gracias a nuestra experiencia multidisciplinar y profundo conocimiento del contexto institucional y empresarial de Luxemburgo, te apoyamos en:<\/p>\n<ul>\n<li>La <strong>creaci\u00f3n de tu empresa<\/strong> o el <strong>alta como aut\u00f3nomo<\/strong><\/li>\n<li>Los<strong> tr\u00e1mites administrativos<\/strong> ante las autoridades locales<\/li>\n<li>La protecci\u00f3n de tu <strong>propiedad intelectual<\/strong><\/li>\n<li>La elaboraci\u00f3n de <strong>documentos estrat\u00e9gicos<\/strong> como el<strong> plan de negocio<\/strong><\/li>\n<li>La obtenci\u00f3n de <strong>certificaciones<\/strong> y el cumplimiento de normativas<\/li>\n<li>La <strong>prospecci\u00f3n de clientes<\/strong> y expansi\u00f3n a nuevos mercados<\/li>\n<\/ul>\n<p>[\/vc_column_text][\/vc_column][\/vc_row][vc_row padding_top_multiplier=\u00bb\u00bb padding_bottom_multiplier=\u00bb\u00bb][vc_column]<div class=\"eut-empty-space eut-height-1x\" style=\"\"><\/div><h6 class=\"eut-element eut-title eut-align-center eut-animated-item eut-fade-in eut-duration-normal eut-h4\" style=\"\" data-delay=\"200\"><span>Descubre nuestros servicios de consultor\u00eda<\/span><\/h6>[\/vc_column][vc_column css=\u00bb.vc_custom_1753448118488{padding-bottom: 75px !important;}\u00bb][vc_raw_html css=\u00bb\u00bb]W3NlcnZpY2Vib3hfc2MgaWQ9Ijk2NDYiXQ==[\/vc_raw_html][\/vc_column][\/vc_row]<\/p>\n<\/div>","protected":false},"excerpt":{"rendered":"<p>Prestamos servicios de consultor\u00eda, que incluyen la creaci\u00f3n de empresas, el desarrollo de negocios, soluciones de propiedad intelectual, asistencia en tr\u00e1mites administrativos, estrategia RSC e internacionalizaci\u00f3n, entre otros. <\/p>\n","protected":false},"author":3,"featured_media":8273,"parent":5685,"menu_order":0,"comment_status":"closed","ping_status":"closed","template":"","meta":{"footnotes":""},"class_list":["post-9650","page","type-page","status-publish","has-post-thumbnail","hentry"],"yoast_head":"<!-- This site is optimized with the Yoast SEO plugin v27.4 - https:\/\/yoast.com\/product\/yoast-seo-wordpress\/ -->\n<title>Servicios de Consultor\u00eda | Tu colaborador de confianza para desarrollar negocios<\/title>\n<meta name=\"description\" content=\"Constituci\u00f3n de empresas | Desarrollo de negocios | Propiedad intelectual | Autorizaci\u00f3n comercial | Asistencia RSE | Certificaciones | Tr\u00e1mites administrativos\" \/>\n<meta name=\"robots\" content=\"index, follow, max-snippet:-1, max-image-preview:large, max-video-preview:-1\" \/>\n<link rel=\"canonical\" href=\"https:\/\/planinlux.lu\/es\/soluciones\/servicios-de-consultoria\/\" \/>\n<meta property=\"og:locale\" content=\"es_ES\" \/>\n<meta property=\"og:type\" content=\"article\" \/>\n<meta property=\"og:title\" content=\"Servicios de Consultor\u00eda | PlaninLux | consultor\u00eda sostenible\" \/>\n<meta property=\"og:description\" content=\"Ofrecemos servicios de consultor\u00eda, incluyendo el asesoramiento, la definici\u00f3n de estrategias RSC, su implementaci\u00f3n, gesti\u00f3n del cambio, internacionalizaci\u00f3n y obtenci\u00f3n de certificaciones.\" \/>\n<meta property=\"og:url\" content=\"https:\/\/planinlux.lu\/es\/soluciones\/servicios-de-consultoria\/\" \/>\n<meta property=\"og:site_name\" content=\"PlaninLux\" \/>\n<meta property=\"article:modified_time\" content=\"2025-07-26T06:32:26+00:00\" \/>\n<meta property=\"og:image\" content=\"https:\/\/planinlux.lu\/wp-content\/uploads\/2020\/10\/Planinlux-Sustainable-Consulting-TRANSPARENTE.png\" \/>\n<meta name=\"twitter:card\" content=\"summary_large_image\" \/>\n<meta name=\"twitter:title\" content=\"Servicios de Consultor\u00eda | PlaninLux | consultor\u00eda sostenible\" \/>\n<meta name=\"twitter:description\" content=\"Ofrecemos servicios de consultor\u00eda, incluyendo el asesoramiento, la definici\u00f3n de estrategias RSC, su implementaci\u00f3n, gesti\u00f3n del cambio, internacionalizaci\u00f3n y obtenci\u00f3n de certificaciones.\" \/>\n<meta name=\"twitter:image\" content=\"https:\/\/planinlux.lu\/wp-content\/uploads\/2020\/10\/Planinlux-Sustainable-Consulting-TRANSPARENTE.png\" \/>\n<meta name=\"twitter:label1\" content=\"Tiempo de lectura\" \/>\n\t<meta name=\"twitter:data1\" content=\"2 minutos\" \/>\n<script type=\"application\/ld+json\" class=\"yoast-schema-graph\">{\"@context\":\"https:\\\/\\\/schema.org\",\"@graph\":[{\"@type\":\"WebPage\",\"@id\":\"https:\\\/\\\/planinlux.lu\\\/es\\\/soluciones\\\/servicios-de-consultoria\\\/\",\"url\":\"https:\\\/\\\/planinlux.lu\\\/es\\\/soluciones\\\/servicios-de-consultoria\\\/\",\"name\":\"Servicios de Consultor\u00eda | Tu colaborador de confianza para desarrollar negocios\",\"isPartOf\":{\"@id\":\"https:\\\/\\\/planinlux.lu\\\/es\\\/#website\"},\"primaryImageOfPage\":{\"@id\":\"https:\\\/\\\/planinlux.lu\\\/es\\\/soluciones\\\/servicios-de-consultoria\\\/#primaryimage\"},\"image\":{\"@id\":\"https:\\\/\\\/planinlux.lu\\\/es\\\/soluciones\\\/servicios-de-consultoria\\\/#primaryimage\"},\"thumbnailUrl\":\"https:\\\/\\\/planinlux.lu\\\/wp-content\\\/uploads\\\/2023\\\/08\\\/Business-Permit.png\",\"datePublished\":\"2025-07-25T12:31:25+00:00\",\"dateModified\":\"2025-07-26T06:32:26+00:00\",\"description\":\"Constituci\u00f3n de empresas | Desarrollo de negocios | Propiedad intelectual | Autorizaci\u00f3n comercial | Asistencia RSE | Certificaciones | Tr\u00e1mites administrativos\",\"breadcrumb\":{\"@id\":\"https:\\\/\\\/planinlux.lu\\\/es\\\/soluciones\\\/servicios-de-consultoria\\\/#breadcrumb\"},\"inLanguage\":\"es\",\"potentialAction\":[{\"@type\":\"ReadAction\",\"target\":[\"https:\\\/\\\/planinlux.lu\\\/es\\\/soluciones\\\/servicios-de-consultoria\\\/\"]}]},{\"@type\":\"ImageObject\",\"inLanguage\":\"es\",\"@id\":\"https:\\\/\\\/planinlux.lu\\\/es\\\/soluciones\\\/servicios-de-consultoria\\\/#primaryimage\",\"url\":\"https:\\\/\\\/planinlux.lu\\\/wp-content\\\/uploads\\\/2023\\\/08\\\/Business-Permit.png\",\"contentUrl\":\"https:\\\/\\\/planinlux.lu\\\/wp-content\\\/uploads\\\/2023\\\/08\\\/Business-Permit.png\",\"width\":1920,\"height\":1280},{\"@type\":\"BreadcrumbList\",\"@id\":\"https:\\\/\\\/planinlux.lu\\\/es\\\/soluciones\\\/servicios-de-consultoria\\\/#breadcrumb\",\"itemListElement\":[{\"@type\":\"ListItem\",\"position\":1,\"name\":\"Home\",\"item\":\"https:\\\/\\\/planinlux.lu\\\/es\\\/home-2\\\/\"},{\"@type\":\"ListItem\",\"position\":2,\"name\":\"Soluciones\",\"item\":\"https:\\\/\\\/planinlux.lu\\\/es\\\/soluciones\\\/\"},{\"@type\":\"ListItem\",\"position\":3,\"name\":\"Servicios de Consultor\u00eda\"}]},{\"@type\":\"WebSite\",\"@id\":\"https:\\\/\\\/planinlux.lu\\\/es\\\/#website\",\"url\":\"https:\\\/\\\/planinlux.lu\\\/es\\\/\",\"name\":\"PlaninLux\",\"description\":\"Business Solutions\",\"publisher\":{\"@id\":\"https:\\\/\\\/planinlux.lu\\\/es\\\/#organization\"},\"potentialAction\":[{\"@type\":\"SearchAction\",\"target\":{\"@type\":\"EntryPoint\",\"urlTemplate\":\"https:\\\/\\\/planinlux.lu\\\/es\\\/?s={search_term_string}\"},\"query-input\":{\"@type\":\"PropertyValueSpecification\",\"valueRequired\":true,\"valueName\":\"search_term_string\"}}],\"inLanguage\":\"es\"},{\"@type\":\"Organization\",\"@id\":\"https:\\\/\\\/planinlux.lu\\\/es\\\/#organization\",\"name\":\"PlaninLux\",\"url\":\"https:\\\/\\\/planinlux.lu\\\/es\\\/\",\"logo\":{\"@type\":\"ImageObject\",\"inLanguage\":\"es\",\"@id\":\"https:\\\/\\\/planinlux.lu\\\/es\\\/#\\\/schema\\\/logo\\\/image\\\/\",\"url\":\"\",\"contentUrl\":\"\",\"caption\":\"PlaninLux\"},\"image\":{\"@id\":\"https:\\\/\\\/planinlux.lu\\\/es\\\/#\\\/schema\\\/logo\\\/image\\\/\"},\"sameAs\":[\"https:\\\/\\\/www.linkedin.com\\\/company\\\/planinlux\\\/\"]}]}<\/script>\n<!-- \/ Yoast SEO plugin. -->","yoast_head_json":{"title":"Servicios de Consultor\u00eda | Tu colaborador de confianza para desarrollar negocios","description":"Constituci\u00f3n de empresas | Desarrollo de negocios | Propiedad intelectual | Autorizaci\u00f3n comercial | Asistencia RSE | Certificaciones | Tr\u00e1mites administrativos","robots":{"index":"index","follow":"follow","max-snippet":"max-snippet:-1","max-image-preview":"max-image-preview:large","max-video-preview":"max-video-preview:-1"},"canonical":"https:\/\/planinlux.lu\/es\/soluciones\/servicios-de-consultoria\/","og_locale":"es_ES","og_type":"article","og_title":"Servicios de Consultor\u00eda | PlaninLux | consultor\u00eda sostenible","og_description":"Ofrecemos servicios de consultor\u00eda, incluyendo el asesoramiento, la definici\u00f3n de estrategias RSC, su implementaci\u00f3n, gesti\u00f3n del cambio, internacionalizaci\u00f3n y obtenci\u00f3n de certificaciones.","og_url":"https:\/\/planinlux.lu\/es\/soluciones\/servicios-de-consultoria\/","og_site_name":"PlaninLux","article_modified_time":"2025-07-26T06:32:26+00:00","og_image":[{"url":"https:\/\/planinlux.lu\/wp-content\/uploads\/2020\/10\/Planinlux-Sustainable-Consulting-TRANSPARENTE.png","type":"","width":"","height":""}],"twitter_card":"summary_large_image","twitter_title":"Servicios de Consultor\u00eda | PlaninLux | consultor\u00eda sostenible","twitter_description":"Ofrecemos servicios de consultor\u00eda, incluyendo el asesoramiento, la definici\u00f3n de estrategias RSC, su implementaci\u00f3n, gesti\u00f3n del cambio, internacionalizaci\u00f3n y obtenci\u00f3n de certificaciones.","twitter_image":"https:\/\/planinlux.lu\/wp-content\/uploads\/2020\/10\/Planinlux-Sustainable-Consulting-TRANSPARENTE.png","twitter_misc":{"Tiempo de lectura":"2 minutos"},"schema":{"@context":"https:\/\/schema.org","@graph":[{"@type":"WebPage","@id":"https:\/\/planinlux.lu\/es\/soluciones\/servicios-de-consultoria\/","url":"https:\/\/planinlux.lu\/es\/soluciones\/servicios-de-consultoria\/","name":"Servicios de Consultor\u00eda | Tu colaborador de confianza para desarrollar negocios","isPartOf":{"@id":"https:\/\/planinlux.lu\/es\/#website"},"primaryImageOfPage":{"@id":"https:\/\/planinlux.lu\/es\/soluciones\/servicios-de-consultoria\/#primaryimage"},"image":{"@id":"https:\/\/planinlux.lu\/es\/soluciones\/servicios-de-consultoria\/#primaryimage"},"thumbnailUrl":"https:\/\/planinlux.lu\/wp-content\/uploads\/2023\/08\/Business-Permit.png","datePublished":"2025-07-25T12:31:25+00:00","dateModified":"2025-07-26T06:32:26+00:00","description":"Constituci\u00f3n de empresas | Desarrollo de negocios | Propiedad intelectual | Autorizaci\u00f3n comercial | Asistencia RSE | Certificaciones | Tr\u00e1mites administrativos","breadcrumb":{"@id":"https:\/\/planinlux.lu\/es\/soluciones\/servicios-de-consultoria\/#breadcrumb"},"inLanguage":"es","potentialAction":[{"@type":"ReadAction","target":["https:\/\/planinlux.lu\/es\/soluciones\/servicios-de-consultoria\/"]}]},{"@type":"ImageObject","inLanguage":"es","@id":"https:\/\/planinlux.lu\/es\/soluciones\/servicios-de-consultoria\/#primaryimage","url":"https:\/\/planinlux.lu\/wp-content\/uploads\/2023\/08\/Business-Permit.png","contentUrl":"https:\/\/planinlux.lu\/wp-content\/uploads\/2023\/08\/Business-Permit.png","width":1920,"height":1280},{"@type":"BreadcrumbList","@id":"https:\/\/planinlux.lu\/es\/soluciones\/servicios-de-consultoria\/#breadcrumb","itemListElement":[{"@type":"ListItem","position":1,"name":"Home","item":"https:\/\/planinlux.lu\/es\/home-2\/"},{"@type":"ListItem","position":2,"name":"Soluciones","item":"https:\/\/planinlux.lu\/es\/soluciones\/"},{"@type":"ListItem","position":3,"name":"Servicios de Consultor\u00eda"}]},{"@type":"WebSite","@id":"https:\/\/planinlux.lu\/es\/#website","url":"https:\/\/planinlux.lu\/es\/","name":"PlaninLux","description":"Business Solutions","publisher":{"@id":"https:\/\/planinlux.lu\/es\/#organization"},"potentialAction":[{"@type":"SearchAction","target":{"@type":"EntryPoint","urlTemplate":"https:\/\/planinlux.lu\/es\/?s={search_term_string}"},"query-input":{"@type":"PropertyValueSpecification","valueRequired":true,"valueName":"search_term_string"}}],"inLanguage":"es"},{"@type":"Organization","@id":"https:\/\/planinlux.lu\/es\/#organization","name":"PlaninLux","url":"https:\/\/planinlux.lu\/es\/","logo":{"@type":"ImageObject","inLanguage":"es","@id":"https:\/\/planinlux.lu\/es\/#\/schema\/logo\/image\/","url":"","contentUrl":"","caption":"PlaninLux"},"image":{"@id":"https:\/\/planinlux.lu\/es\/#\/schema\/logo\/image\/"},"sameAs":["https:\/\/www.linkedin.com\/company\/planinlux\/"]}]}},"_links":{"self":[{"href":"https:\/\/planinlux.lu\/es\/wp-json\/wp\/v2\/pages\/9650","targetHints":{"allow":["GET"]}}],"collection":[{"href":"https:\/\/planinlux.lu\/es\/wp-json\/wp\/v2\/pages"}],"about":[{"href":"https:\/\/planinlux.lu\/es\/wp-json\/wp\/v2\/types\/page"}],"author":[{"embeddable":true,"href":"https:\/\/planinlux.lu\/es\/wp-json\/wp\/v2\/users\/3"}],"replies":[{"embeddable":true,"href":"https:\/\/planinlux.lu\/es\/wp-json\/wp\/v2\/comments?post=9650"}],"version-history":[{"count":5,"href":"https:\/\/planinlux.lu\/es\/wp-json\/wp\/v2\/pages\/9650\/revisions"}],"predecessor-version":[{"id":9669,"href":"https:\/\/planinlux.lu\/es\/wp-json\/wp\/v2\/pages\/9650\/revisions\/9669"}],"up":[{"embeddable":true,"href":"https:\/\/planinlux.lu\/es\/wp-json\/wp\/v2\/pages\/5685"}],"wp:featuredmedia":[{"embeddable":true,"href":"https:\/\/planinlux.lu\/es\/wp-json\/wp\/v2\/media\/8273"}],"wp:attachment":[{"href":"https:\/\/planinlux.lu\/es\/wp-json\/wp\/v2\/media?parent=9650"}],"curies":[{"name":"wp","href":"https:\/\/api.w.org\/{rel}","templated":true}]}}