{"id":9449,"date":"2025-07-05T18:45:48","date_gmt":"2025-07-05T18:45:48","guid":{"rendered":"https:\/\/planinlux.lu\/?page_id=9449"},"modified":"2025-07-16T14:19:32","modified_gmt":"2025-07-16T14:19:32","slug":"otras-gestiones-administrativas","status":"publish","type":"page","link":"https:\/\/planinlux.lu\/es\/soluciones\/otras-gestiones-administrativas\/","title":{"rendered":"Otras gestiones administrativas"},"content":{"rendered":"<div class=\"wpb-content-wrapper\"><p>[vc_row padding_top_multiplier=\u00bb6x\u00bb padding_bottom_multiplier=\u00bb3x\u00bb][vc_column width=\u00bb5\/12&#8243; tablet_sm_width=\u00bb1&#8243;]<h2 class=\"eut-element eut-title eut-align-left eut-animated-item eut-fade-in-left eut-duration-normal eut-h4\" style=\"\" data-delay=\"200\"><span><br>\n<h4>Otras gestiones administrativas.<\/h4>\n<\/span><\/h2><div class=\"eut-empty-space eut-height-2x\" style=\"\"><\/div>[\/vc_column][vc_column width=\u00bb7\/12&#8243; tablet_sm_width=\u00bb1&#8243;][vc_column_text css=\u00bb\u00bb text_style=\u00bbleader-text\u00bb animation=\u00bbeut-fade-in-right\u00bb]<\/p>\n<p data-start=\"213\" data-end=\"548\">Adem\u00e1s de los tr\u00e1mites principales relacionados con la constituci\u00f3n y gesti\u00f3n fiscal de empresas en Luxemburgo, en Planinlux ofrecemos apoyo personalizado para otras gestiones administrativas que forman parte del d\u00eda a d\u00eda empresarial. Desde la elaboraci\u00f3n de informes hasta la preparaci\u00f3n de modelos corporativos, te ayudamos a mantener tu empresa organizada, profesional y en regla. <\/p>\n<p data-start=\"550\" data-end=\"745\">Este servicio est\u00e1 pensado para facilitarte tareas puntuales o recurrentes que no requieren una consultor\u00eda completa, pero s\u00ed una ejecuci\u00f3n profesional y adaptada al contexto legal y comercial luxemburgu\u00e9s.<\/p>\n<p>[\/vc_column_text][\/vc_column][\/vc_row][vc_row bg_type=\u00bbcolor\u00bb padding_top_multiplier=\u00bb3x\u00bb padding_bottom_multiplier=\u00bb3x\u00bb separator_top_size=\u00bb60px\u00bb separator_bottom_size=\u00bb60px\u00bb bg_color=\u00bb#F8F8F8&#8243;][vc_column]<div class=\"eut-element eut-title eut-align-center eut-animated-item eut-fade-in-right eut-duration-normal eut-subtitle-text\" style=\"margin-bottom: 6px;\" data-delay=\"200\"><span>\u00bfA qui\u00e9n va dirigido?<\/span><\/div><div class=\"eut-element eut-title eut-align-center eut-animated-item eut-fade-in-left eut-duration-normal eut-h5\" style=\"\" data-delay=\"200\"><span>Este servicio est\u00e1 principalmente dirigido a:<\/span><\/div><div class=\"eut-empty-space eut-height-1x\" style=\"\"><\/div>[vc_row_inner][vc_column_inner width=\u00bb1\/4&#8243;]<div class=\"eut-element eut-box-icon eut-large eut-top-icon eut-align-center eut-animated-item eut-fade-in-left eut-duration-normal\" style=\"\" data-delay=\"200\"><div class=\"eut-wrapper-icon eut-no-shape eut-text-grey\"><i class=\"eut-text-primary-1 fa fa-solid fa-people-robbery\"><\/i><\/div><div class=\"eut-box-content\"><div class=\"eut-box-title-wrapper\"><h4 class=\"eut-box-title eut-h6\">Emprendedores que buscan apoyo para tareas administrativas mientras desarrollan su actividad<\/h4><\/div><\/div><\/div><div class=\"eut-empty-space eut-height-1x\" style=\"\"><\/div>[\/vc_column_inner][vc_column_inner width=\u00bb1\/4&#8243;]<div class=\"eut-element eut-box-icon eut-large eut-top-icon eut-align-center eut-animated-item eut-fade-in-left eut-duration-normal\" style=\"\" data-delay=\"200\"><div class=\"eut-wrapper-icon eut-no-shape eut-text-grey\"><i class=\"eut-text-primary-1 fa fa-solid fa-building\"><\/i><\/div><div class=\"eut-box-content\"><div class=\"eut-box-title-wrapper\"><h6 class=\"eut-box-title eut-h6\">Empresas ya constituidas en Luxemburgo que requieren apoyo puntual<\/h6><\/div><\/div><\/div><div class=\"eut-empty-space eut-height-1x\" style=\"\"><\/div>[\/vc_column_inner][vc_column_inner width=\u00bb1\/4&#8243;]<div class=\"eut-element eut-box-icon eut-large eut-top-icon eut-align-center eut-animated-item eut-fade-in-right eut-duration-normal\" style=\"\" data-delay=\"200\"><div class=\"eut-wrapper-icon eut-no-shape eut-text-grey\"><i class=\"eut-text-primary-1 fa fa-solid fa-rocket\"><\/i><\/div><div class=\"eut-box-content\"><div class=\"eut-box-title-wrapper\"><h6 class=\"eut-box-title eut-h6\">Startups en crecimiento que a\u00fan no tienen un equipo administrativo interno<\/h6><\/div><\/div><\/div><div class=\"eut-empty-space eut-height-1x\" style=\"\"><\/div>[\/vc_column_inner][vc_column_inner width=\u00bb1\/4&#8243;]<div class=\"eut-element eut-box-icon eut-large eut-top-icon eut-align-center eut-animated-item eut-fade-in-right eut-duration-normal\" style=\"\" data-delay=\"200\"><div class=\"eut-wrapper-icon eut-no-shape eut-text-grey\"><i class=\"eut-text-primary-1 fa fa-solid fa-earth-africa\"><\/i><\/div><div class=\"eut-box-content\"><div class=\"eut-box-title-wrapper\"><h6 class=\"eut-box-title eut-h6\">Clientes extranjeros que necesitan cumplir con ciertos requisitos locales sin una estructura permanente<\/h6><\/div><\/div><\/div><div class=\"eut-empty-space eut-height-1x\" style=\"\"><\/div>[\/vc_column_inner][\/vc_row_inner][\/vc_column][\/vc_row][vc_row padding_top_multiplier=\u00bb3x\u00bb padding_bottom_multiplier=\u00bb2x\u00bb columns_gap=\u00bb60&#8243;][vc_column width=\u00bb2\/3&#8243;]<div class=\"eut-element eut-title eut-align-left eut-animated-item eut-fade-in-up eut-duration-normal eut-h5\" style=\"\" data-delay=\"400\"><span>\u00bfQu\u00e9 incluye el servicio?<\/span><\/div>[vc_column_text css=\u00bb\u00bb animation=\u00bbeut-fade-in-up\u00bb animation_delay=\u00bb600&#8243;]<\/p>\n<p data-start=\"1150\" data-end=\"1222\">Ofrecemos un conjunto flexible de gestiones, entre ellas:<\/p>\n<ul data-start=\"1224\" data-end=\"1776\">\n<li data-start=\"1224\" data-end=\"1328\">\n<p data-start=\"1226\" data-end=\"1328\">Elaboraci\u00f3n de <strong>contratos personalizados<\/strong> o adaptados (prestaci\u00f3n de servicios, confidencialidad, socios, etc.)<\/p>\n<\/li>\n<li data-start=\"1329\" data-end=\"1434\">\n<p data-start=\"1331\" data-end=\"1434\">Redacci\u00f3n y\/o revisi\u00f3n de<strong> minutas corporativas<\/strong> (actas, poderes, certificados) y modelos de documentos<\/p>\n<\/li>\n<li data-start=\"1435\" data-end=\"1507\">\n<p data-start=\"1437\" data-end=\"1507\">Preparaci\u00f3n de<strong> informes<\/strong> puntuales solicitados por bancos, proveedores o socios<\/p>\n<\/li>\n<li data-start=\"1508\" data-end=\"1575\">\n<p data-start=\"1510\" data-end=\"1575\">Creaci\u00f3n de <strong>modelos corporativos <\/strong>(facturas, presupuestos, comunicaciones)<\/p>\n<\/li>\n<li data-start=\"1576\" data-end=\"1655\">\n<p data-start=\"1578\" data-end=\"1655\">Asistencia con gestiones notariales o solicitudes administrativas espec\u00edficas<\/p>\n<\/li>\n<li data-start=\"1656\" data-end=\"1707\">\n<p data-start=\"1658\" data-end=\"1707\">Coordinaci\u00f3n de traducciones juradas o certificadas<\/p>\n<\/li>\n<li data-start=\"1708\" data-end=\"1776\">\n<p data-start=\"1710\" data-end=\"1776\">Solicitudes puntuales ante entidades locales (comunas, registros, etc)<\/p>\n<\/li>\n<\/ul>\n<p>[\/vc_column_text][\/vc_column][vc_column width=\u00bb1\/3&#8243;]<div class=\"eut-element eut-title eut-align-left eut-animated-item eut-fade-in-up eut-duration-normal eut-h5\" style=\"\" data-delay=\"400\"><span>Beneficios clave<\/span><\/div>[vc_column_text css=\u00bb\u00bb animation=\u00bbeut-fade-in-up\u00bb animation_delay=\u00bb800&#8243;]<\/p>\n<ul>\n<li data-start=\"1906\" data-end=\"2018\">\n<p data-start=\"1908\" data-end=\"2018\"><strong data-start=\"1908\" data-end=\"1936\">Ahorro de tiempo y recursos<\/strong>: nos encargamos de gestiones administrativas que te distraen del crecimiento de tu negocio.<\/p>\n<\/li>\n<li data-start=\"2019\" data-end=\"2153\">\n<p data-start=\"2021\" data-end=\"2153\"><strong data-start=\"2021\" data-end=\"2065\">Documentaci\u00f3n profesional y adaptada<\/strong>: redactamos y revisamos documentos conforme a las pr\u00e1cticas jur\u00eddicas y comerciales de Luxemburgo.<\/p>\n<\/li>\n<li data-start=\"2154\" data-end=\"2257\">\n<p data-start=\"2156\" data-end=\"2257\"><strong data-start=\"2156\" data-end=\"2178\">Flexibilidad total<\/strong>: solo pagas por lo que necesitas, sin compromisos ni paquetes cerrados.<\/p>\n<\/li>\n<li data-start=\"2258\" data-end=\"2360\">\n<p data-start=\"2260\" data-end=\"2360\"><strong data-start=\"2260\" data-end=\"2289\">Respuesta r\u00e1pida y directa<\/strong>: atenci\u00f3n \u00e1gil para gestiones puntuales, con plazos claros desde el primer contacto.<\/p>\n<\/li>\n<li data-start=\"2361\" data-end=\"2497\">\n<p data-start=\"2363\" data-end=\"2497\"><strong data-start=\"2363\" data-end=\"2388\">Soporte multiling\u00fce<\/strong>: nos comunicamos en franc\u00e9s, ingl\u00e9s y espa\u00f1ol, adaptando documentos a tus interlocutores.<\/p>\n<\/li>\n<li data-start=\"2498\" data-end=\"2600\">\n<p data-start=\"2500\" data-end=\"2600\"><strong data-start=\"2500\" data-end=\"2518\">Tranquilidad legal y operativa<\/strong>: cumples con requisitos locales sin preocuparte por los detalles t\u00e9cnicos o burocr\u00e1ticos.<\/p>\n<\/li>\n<\/ul>\n<p>[\/vc_column_text][\/vc_column][\/vc_row][vc_row padding_top_multiplier=\u00bb\u00bb padding_bottom_multiplier=\u00bb\u00bb][vc_column]<div class=\"eut-element eut-divider\" style=\"\"><div class=\"eut-line-divider eut-border\"><\/div><\/div>[\/vc_column][\/vc_row][vc_row][vc_column]<div class=\"eut-empty-space eut-height-1x\" style=\"\"><\/div>[\/vc_column][\/vc_row][vc_row padding_top_multiplier=\u00bb\u00bb padding_bottom_multiplier=\u00bb\u00bb][vc_column width=\u00bb1\/4&#8243;]<div class=\"eut-element eut-single-icon eut-align-center eut-extra-large\" style=\"\">  <div class=\"eut-wrapper-icon eut-no-shape eut-text-grey\"><i class=\"et-icon-target eut-text-primary-1\"><\/i><\/div><\/div>[\/vc_column][vc_column width=\u00bb3\/4&#8243;]<h3 class=\"eut-element eut-title eut-align-left eut-animated-item eut-fade-in-right eut-duration-normal eut-h5\" style=\"\" data-delay=\"200\"><span>Nuestra Metodolog\u00eda<\/span><\/h3>[vc_column_text css=\u00bb\u00bb animation=\u00bbeut-fade-in-right\u00bb animation_delay=\u00bb300&#8243;]En Planinlux aplicamos una metodolog\u00eda \u00e1gil y personalizada: comenzamos con una breve consulta para entender tu necesidad concreta, evaluamos r\u00e1pidamente la viabilidad y los requisitos del encargo, te presentamos una propuesta clara con plazos y costes definidos, y una vez aprobada, ejecutamos la gesti\u00f3n de forma eficiente y precisa. Mantenemos una comunicaci\u00f3n directa durante todo el proceso y, si lo necesitas, ofrecemos seguimiento o asistencia continua para futuras solicitudes similares.[\/vc_column_text][\/vc_column][\/vc_row][vc_row][vc_column]<div class=\"eut-empty-space eut-height-1x\" style=\"\"><\/div>[\/vc_column][\/vc_row][vc_row padding_top_multiplier=\u00bb\u00bb padding_bottom_multiplier=\u00bb\u00bb][vc_column]<div class=\"eut-element eut-divider\" style=\"\"><div class=\"eut-line-divider eut-border\"><\/div><\/div>[\/vc_column][\/vc_row][vc_row bg_type=\u00bbcolor\u00bb padding_top_multiplier=\u00bb\u00bb padding_bottom_multiplier=\u00bb\u00bb columns_gap=\u00bb40&#8243; bg_color=\u00bb#F8F8F8&#8243;][vc_column]<div class=\"eut-empty-space eut-height-2x\" style=\"\"><\/div><h3 class=\"eut-element eut-title eut-align-left eut-animated-item eut-fade-in-right eut-duration-normal eut-h5\" style=\"\" data-delay=\"200\"><span>Preguntas Frecuentes<\/span><\/h3>[vc_tta_accordion active_section=\u00bb\u00bb heading_tag=\u00bbh4&#8243; collapsible_all=\u00bbtrue\u00bb][vc_tta_section title=\u00bb\u00bfOfrecen tambi\u00e9n servicios de secretariado o gesti\u00f3n recurrente?\u00bb tab_id=\u00bb1751467929959-7ebd9ea4-3528&#8243;][vc_column_text css=\u00bb\u00bb]S\u00ed, aunque este servicio est\u00e1 enfocado en gestiones puntuales, tambi\u00e9n ofrecemos planes de apoyo recurrente bajo demanda.[\/vc_column_text][\/vc_tta_section][vc_tta_section title=\u00bb\u00bfEn cu\u00e1nto tiempo pueden entregar un documento o informe?\u00bb tab_id=\u00bb1751468020761-1d33c8bb-cff3&#8243;][vc_column_text css=\u00bb\u00bb]Depende de la complejidad, pero solemos entregarlo en un plazo de 2 a 5 d\u00edas laborables. Siempre proporcionamos un presupuesto claro desde el principio.[\/vc_column_text][\/vc_tta_section][vc_tta_section title=\u00bb\u00bfPueden redactar documentos en varios idiomas?\u00bb tab_id=\u00bb1751741634411-a105becd-930f\u00bb][vc_column_text css=\u00bb\u00bb]S\u00ed, podemos preparar documentos en franc\u00e9s, ingl\u00e9s y espa\u00f1ol. Tambi\u00e9n coordinamos traducciones juradas si es necesario.[\/vc_column_text][\/vc_tta_section][vc_tta_section title=\u00bb\u00bfOfrecen apoyo administrativo continuo?\u00bb tab_id=\u00bb1751741658645-4d984afa-9162&#8243;][vc_column_text css=\u00bb\u00bb]Este servicio est\u00e1 m\u00e1s focalizado en tareas ocasionales, pero si necesita asistencia peri\u00f3dica, podemos ofrecerle un plan personalizado.[\/vc_column_text][\/vc_tta_section][\/vc_tta_accordion]<div class=\"eut-empty-space eut-height-3x\" style=\"\"><\/div>[\/vc_column][\/vc_row][vc_row heading_color=\u00bblight\u00bb bg_type=\u00bbcolor\u00bb padding_top_multiplier=\u00bb2x\u00bb padding_bottom_multiplier=\u00bb\u00bb columns_gap=\u00bb40&#8243; font_color=\u00bb#ffffff\u00bb bg_color=\u00bb#2ac187&#8243;][vc_column css=\u00bb.vc_custom_1751471192043{padding-top: 20px !important;padding-bottom: 40px !important;}\u00bb]<h3 class=\"eut-element eut-title eut-align-center eut-animated-item eut-fade-in-right eut-duration-normal eut-h5\" style=\"\" data-delay=\"200\"><span>\u00bfListo para empezar?<\/span><\/h3>[vc_column_text css=\u00bb\u00bb]<\/p>\n<p style=\"text-align: center;\">Solicita tu gesti\u00f3n hoy y olv\u00eddate del papeleo. R\u00e1pido, claro y adaptado a Luxemburgo.<\/p>\n<p>[\/vc_column_text]<div class=\"eut-empty-space eut-height-1x\" style=\"\"><\/div><div class=\"eut-element eut-align-center eut-animated-item eut-zoom-in eut-duration-normal\" data-delay=\"200\"><a href=\"https:\/\/planinlux.lu\/es\/contacte-con-nosotros\/\" title=\"Contacto\" rel=\"nofollow\" class=\"eut-btn eut-btn-large eut-round eut-bg-white eut-bg-hover-black\"><span>Solicita una consulta gratuita<\/span><\/a><\/div>[\/vc_column][\/vc_row][vc_row][vc_column]<h3 class=\"eut-element eut-title eut-align-center eut-animated-item eut-fade-in eut-duration-normal eut-h5\" style=\"\" data-delay=\"200\"><span><br>\n<h5 class=\"eut-element eut-title eut-align-center eut-animated-item eut-zoom-in eut-duration-normal eut-h4 eut-animated\" data-delay=\"200\">Descubre todas nuestras soluciones.<\/h5>\n<\/span><\/h3><div class=\"eut-empty-space eut-height-1x\" style=\"\"><\/div>[vc_raw_html css=\u00bb\u00bb]W3NlcnZpY2Vib3hfc2MgaWQ9IjkzNDQiXQ==[\/vc_raw_html][\/vc_column][\/vc_row]<\/p>\n<\/div>","protected":false},"excerpt":{"rendered":"<p>Prestamos servicios de consultor\u00eda, que incluyen la creaci\u00f3n de empresas, el desarrollo de negocios, soluciones de propiedad intelectual, asistencia en tr\u00e1mites administrativos, estrategia RSC e internacionalizaci\u00f3n, entre otros. <\/p>\n","protected":false},"author":3,"featured_media":9489,"parent":5685,"menu_order":0,"comment_status":"closed","ping_status":"closed","template":"","meta":{"footnotes":""},"class_list":["post-9449","page","type-page","status-publish","has-post-thumbnail","hentry"],"yoast_head":"<!-- This site is optimized with the Yoast SEO plugin v27.4 - https:\/\/yoast.com\/product\/yoast-seo-wordpress\/ -->\n<title>Gestiones administrativas para empresas en Luxemburgo<\/title>\n<meta name=\"description\" content=\"Asistencia personalizada para documentaci\u00f3n empresarial, contratos, informes y procedimientos locales en Luxemburgo. Servicio r\u00e1pido, flexible y multiling\u00fce.\" \/>\n<meta name=\"robots\" content=\"index, follow, max-snippet:-1, max-image-preview:large, max-video-preview:-1\" \/>\n<link rel=\"canonical\" href=\"https:\/\/planinlux.lu\/es\/soluciones\/otras-gestiones-administrativas\/\" \/>\n<meta property=\"og:locale\" content=\"es_ES\" \/>\n<meta property=\"og:type\" content=\"article\" \/>\n<meta property=\"og:title\" content=\"Otras gestiones administrativas | PlaninLux | consultor\u00eda sostenible\" \/>\n<meta property=\"og:description\" content=\"Ofrecemos servicios de consultor\u00eda, incluyendo el asesoramiento, la definici\u00f3n de estrategias RSC, su implementaci\u00f3n, gesti\u00f3n del cambio, internacionalizaci\u00f3n y obtenci\u00f3n de certificaciones.\" \/>\n<meta property=\"og:url\" content=\"https:\/\/planinlux.lu\/es\/soluciones\/otras-gestiones-administrativas\/\" \/>\n<meta property=\"og:site_name\" content=\"PlaninLux\" \/>\n<meta property=\"article:modified_time\" content=\"2025-07-16T14:19:32+00:00\" \/>\n<meta property=\"og:image\" content=\"https:\/\/planinlux.lu\/wp-content\/uploads\/2020\/10\/Planinlux-Sustainable-Consulting-TRANSPARENTE.png\" \/>\n<meta name=\"twitter:card\" content=\"summary_large_image\" \/>\n<meta name=\"twitter:title\" content=\"Otras gestiones administrativas | PlaninLux | consultor\u00eda sostenible\" \/>\n<meta name=\"twitter:description\" content=\"Ofrecemos servicios de consultor\u00eda, incluyendo el asesoramiento, la definici\u00f3n de estrategias RSC, su implementaci\u00f3n, gesti\u00f3n del cambio, internacionalizaci\u00f3n y obtenci\u00f3n de certificaciones.\" \/>\n<meta name=\"twitter:image\" content=\"https:\/\/planinlux.lu\/wp-content\/uploads\/2020\/10\/Planinlux-Sustainable-Consulting-TRANSPARENTE.png\" \/>\n<meta name=\"twitter:label1\" content=\"Tiempo de lectura\" \/>\n\t<meta name=\"twitter:data1\" content=\"6 minutos\" \/>\n<script type=\"application\/ld+json\" class=\"yoast-schema-graph\">{\"@context\":\"https:\\\/\\\/schema.org\",\"@graph\":[{\"@type\":\"WebPage\",\"@id\":\"https:\\\/\\\/planinlux.lu\\\/es\\\/soluciones\\\/otras-gestiones-administrativas\\\/\",\"url\":\"https:\\\/\\\/planinlux.lu\\\/es\\\/soluciones\\\/otras-gestiones-administrativas\\\/\",\"name\":\"Gestiones administrativas para empresas en Luxemburgo\",\"isPartOf\":{\"@id\":\"https:\\\/\\\/planinlux.lu\\\/es\\\/#website\"},\"primaryImageOfPage\":{\"@id\":\"https:\\\/\\\/planinlux.lu\\\/es\\\/soluciones\\\/otras-gestiones-administrativas\\\/#primaryimage\"},\"image\":{\"@id\":\"https:\\\/\\\/planinlux.lu\\\/es\\\/soluciones\\\/otras-gestiones-administrativas\\\/#primaryimage\"},\"thumbnailUrl\":\"https:\\\/\\\/planinlux.lu\\\/wp-content\\\/uploads\\\/2025\\\/07\\\/Otras-gestiones-administrativas-Planinlux-1-scaled.png\",\"datePublished\":\"2025-07-05T18:45:48+00:00\",\"dateModified\":\"2025-07-16T14:19:32+00:00\",\"description\":\"Asistencia personalizada para documentaci\u00f3n empresarial, contratos, informes y procedimientos locales en Luxemburgo. Servicio r\u00e1pido, flexible y multiling\u00fce.\",\"breadcrumb\":{\"@id\":\"https:\\\/\\\/planinlux.lu\\\/es\\\/soluciones\\\/otras-gestiones-administrativas\\\/#breadcrumb\"},\"inLanguage\":\"es\",\"potentialAction\":[{\"@type\":\"ReadAction\",\"target\":[\"https:\\\/\\\/planinlux.lu\\\/es\\\/soluciones\\\/otras-gestiones-administrativas\\\/\"]}]},{\"@type\":\"ImageObject\",\"inLanguage\":\"es\",\"@id\":\"https:\\\/\\\/planinlux.lu\\\/es\\\/soluciones\\\/otras-gestiones-administrativas\\\/#primaryimage\",\"url\":\"https:\\\/\\\/planinlux.lu\\\/wp-content\\\/uploads\\\/2025\\\/07\\\/Otras-gestiones-administrativas-Planinlux-1-scaled.png\",\"contentUrl\":\"https:\\\/\\\/planinlux.lu\\\/wp-content\\\/uploads\\\/2025\\\/07\\\/Otras-gestiones-administrativas-Planinlux-1-scaled.png\",\"width\":2560,\"height\":1707},{\"@type\":\"BreadcrumbList\",\"@id\":\"https:\\\/\\\/planinlux.lu\\\/es\\\/soluciones\\\/otras-gestiones-administrativas\\\/#breadcrumb\",\"itemListElement\":[{\"@type\":\"ListItem\",\"position\":1,\"name\":\"Home\",\"item\":\"https:\\\/\\\/planinlux.lu\\\/es\\\/home-2\\\/\"},{\"@type\":\"ListItem\",\"position\":2,\"name\":\"Soluciones\",\"item\":\"https:\\\/\\\/planinlux.lu\\\/es\\\/soluciones\\\/\"},{\"@type\":\"ListItem\",\"position\":3,\"name\":\"Otras gestiones administrativas\"}]},{\"@type\":\"WebSite\",\"@id\":\"https:\\\/\\\/planinlux.lu\\\/es\\\/#website\",\"url\":\"https:\\\/\\\/planinlux.lu\\\/es\\\/\",\"name\":\"PlaninLux\",\"description\":\"Business Solutions\",\"publisher\":{\"@id\":\"https:\\\/\\\/planinlux.lu\\\/es\\\/#organization\"},\"potentialAction\":[{\"@type\":\"SearchAction\",\"target\":{\"@type\":\"EntryPoint\",\"urlTemplate\":\"https:\\\/\\\/planinlux.lu\\\/es\\\/?s={search_term_string}\"},\"query-input\":{\"@type\":\"PropertyValueSpecification\",\"valueRequired\":true,\"valueName\":\"search_term_string\"}}],\"inLanguage\":\"es\"},{\"@type\":\"Organization\",\"@id\":\"https:\\\/\\\/planinlux.lu\\\/es\\\/#organization\",\"name\":\"PlaninLux\",\"url\":\"https:\\\/\\\/planinlux.lu\\\/es\\\/\",\"logo\":{\"@type\":\"ImageObject\",\"inLanguage\":\"es\",\"@id\":\"https:\\\/\\\/planinlux.lu\\\/es\\\/#\\\/schema\\\/logo\\\/image\\\/\",\"url\":\"\",\"contentUrl\":\"\",\"caption\":\"PlaninLux\"},\"image\":{\"@id\":\"https:\\\/\\\/planinlux.lu\\\/es\\\/#\\\/schema\\\/logo\\\/image\\\/\"},\"sameAs\":[\"https:\\\/\\\/www.linkedin.com\\\/company\\\/planinlux\\\/\"]}]}<\/script>\n<!-- \/ Yoast SEO plugin. -->","yoast_head_json":{"title":"Gestiones administrativas para empresas en Luxemburgo","description":"Asistencia personalizada para documentaci\u00f3n empresarial, contratos, informes y procedimientos locales en Luxemburgo. Servicio r\u00e1pido, flexible y multiling\u00fce.","robots":{"index":"index","follow":"follow","max-snippet":"max-snippet:-1","max-image-preview":"max-image-preview:large","max-video-preview":"max-video-preview:-1"},"canonical":"https:\/\/planinlux.lu\/es\/soluciones\/otras-gestiones-administrativas\/","og_locale":"es_ES","og_type":"article","og_title":"Otras gestiones administrativas | PlaninLux | consultor\u00eda sostenible","og_description":"Ofrecemos servicios de consultor\u00eda, incluyendo el asesoramiento, la definici\u00f3n de estrategias RSC, su implementaci\u00f3n, gesti\u00f3n del cambio, internacionalizaci\u00f3n y obtenci\u00f3n de certificaciones.","og_url":"https:\/\/planinlux.lu\/es\/soluciones\/otras-gestiones-administrativas\/","og_site_name":"PlaninLux","article_modified_time":"2025-07-16T14:19:32+00:00","og_image":[{"url":"https:\/\/planinlux.lu\/wp-content\/uploads\/2020\/10\/Planinlux-Sustainable-Consulting-TRANSPARENTE.png","type":"","width":"","height":""}],"twitter_card":"summary_large_image","twitter_title":"Otras gestiones administrativas | PlaninLux | consultor\u00eda sostenible","twitter_description":"Ofrecemos servicios de consultor\u00eda, incluyendo el asesoramiento, la definici\u00f3n de estrategias RSC, su implementaci\u00f3n, gesti\u00f3n del cambio, internacionalizaci\u00f3n y obtenci\u00f3n de certificaciones.","twitter_image":"https:\/\/planinlux.lu\/wp-content\/uploads\/2020\/10\/Planinlux-Sustainable-Consulting-TRANSPARENTE.png","twitter_misc":{"Tiempo de lectura":"6 minutos"},"schema":{"@context":"https:\/\/schema.org","@graph":[{"@type":"WebPage","@id":"https:\/\/planinlux.lu\/es\/soluciones\/otras-gestiones-administrativas\/","url":"https:\/\/planinlux.lu\/es\/soluciones\/otras-gestiones-administrativas\/","name":"Gestiones administrativas para empresas en Luxemburgo","isPartOf":{"@id":"https:\/\/planinlux.lu\/es\/#website"},"primaryImageOfPage":{"@id":"https:\/\/planinlux.lu\/es\/soluciones\/otras-gestiones-administrativas\/#primaryimage"},"image":{"@id":"https:\/\/planinlux.lu\/es\/soluciones\/otras-gestiones-administrativas\/#primaryimage"},"thumbnailUrl":"https:\/\/planinlux.lu\/wp-content\/uploads\/2025\/07\/Otras-gestiones-administrativas-Planinlux-1-scaled.png","datePublished":"2025-07-05T18:45:48+00:00","dateModified":"2025-07-16T14:19:32+00:00","description":"Asistencia personalizada para documentaci\u00f3n empresarial, contratos, informes y procedimientos locales en Luxemburgo. Servicio r\u00e1pido, flexible y multiling\u00fce.","breadcrumb":{"@id":"https:\/\/planinlux.lu\/es\/soluciones\/otras-gestiones-administrativas\/#breadcrumb"},"inLanguage":"es","potentialAction":[{"@type":"ReadAction","target":["https:\/\/planinlux.lu\/es\/soluciones\/otras-gestiones-administrativas\/"]}]},{"@type":"ImageObject","inLanguage":"es","@id":"https:\/\/planinlux.lu\/es\/soluciones\/otras-gestiones-administrativas\/#primaryimage","url":"https:\/\/planinlux.lu\/wp-content\/uploads\/2025\/07\/Otras-gestiones-administrativas-Planinlux-1-scaled.png","contentUrl":"https:\/\/planinlux.lu\/wp-content\/uploads\/2025\/07\/Otras-gestiones-administrativas-Planinlux-1-scaled.png","width":2560,"height":1707},{"@type":"BreadcrumbList","@id":"https:\/\/planinlux.lu\/es\/soluciones\/otras-gestiones-administrativas\/#breadcrumb","itemListElement":[{"@type":"ListItem","position":1,"name":"Home","item":"https:\/\/planinlux.lu\/es\/home-2\/"},{"@type":"ListItem","position":2,"name":"Soluciones","item":"https:\/\/planinlux.lu\/es\/soluciones\/"},{"@type":"ListItem","position":3,"name":"Otras gestiones administrativas"}]},{"@type":"WebSite","@id":"https:\/\/planinlux.lu\/es\/#website","url":"https:\/\/planinlux.lu\/es\/","name":"PlaninLux","description":"Business Solutions","publisher":{"@id":"https:\/\/planinlux.lu\/es\/#organization"},"potentialAction":[{"@type":"SearchAction","target":{"@type":"EntryPoint","urlTemplate":"https:\/\/planinlux.lu\/es\/?s={search_term_string}"},"query-input":{"@type":"PropertyValueSpecification","valueRequired":true,"valueName":"search_term_string"}}],"inLanguage":"es"},{"@type":"Organization","@id":"https:\/\/planinlux.lu\/es\/#organization","name":"PlaninLux","url":"https:\/\/planinlux.lu\/es\/","logo":{"@type":"ImageObject","inLanguage":"es","@id":"https:\/\/planinlux.lu\/es\/#\/schema\/logo\/image\/","url":"","contentUrl":"","caption":"PlaninLux"},"image":{"@id":"https:\/\/planinlux.lu\/es\/#\/schema\/logo\/image\/"},"sameAs":["https:\/\/www.linkedin.com\/company\/planinlux\/"]}]}},"_links":{"self":[{"href":"https:\/\/planinlux.lu\/es\/wp-json\/wp\/v2\/pages\/9449","targetHints":{"allow":["GET"]}}],"collection":[{"href":"https:\/\/planinlux.lu\/es\/wp-json\/wp\/v2\/pages"}],"about":[{"href":"https:\/\/planinlux.lu\/es\/wp-json\/wp\/v2\/types\/page"}],"author":[{"embeddable":true,"href":"https:\/\/planinlux.lu\/es\/wp-json\/wp\/v2\/users\/3"}],"replies":[{"embeddable":true,"href":"https:\/\/planinlux.lu\/es\/wp-json\/wp\/v2\/comments?post=9449"}],"version-history":[{"count":11,"href":"https:\/\/planinlux.lu\/es\/wp-json\/wp\/v2\/pages\/9449\/revisions"}],"predecessor-version":[{"id":9573,"href":"https:\/\/planinlux.lu\/es\/wp-json\/wp\/v2\/pages\/9449\/revisions\/9573"}],"up":[{"embeddable":true,"href":"https:\/\/planinlux.lu\/es\/wp-json\/wp\/v2\/pages\/5685"}],"wp:featuredmedia":[{"embeddable":true,"href":"https:\/\/planinlux.lu\/es\/wp-json\/wp\/v2\/media\/9489"}],"wp:attachment":[{"href":"https:\/\/planinlux.lu\/es\/wp-json\/wp\/v2\/media?parent=9449"}],"curies":[{"name":"wp","href":"https:\/\/api.w.org\/{rel}","templated":true}]}}