{"id":9438,"date":"2025-07-05T18:25:18","date_gmt":"2025-07-05T18:25:18","guid":{"rendered":"https:\/\/planinlux.lu\/?page_id=9438"},"modified":"2025-07-16T14:19:23","modified_gmt":"2025-07-16T14:19:23","slug":"prospeccion-de-clientes-potenciales","status":"publish","type":"page","link":"https:\/\/planinlux.lu\/es\/soluciones\/prospeccion-de-clientes-potenciales\/","title":{"rendered":"Prospecci\u00f3n de clientes potenciales"},"content":{"rendered":"<div class=\"wpb-content-wrapper\"><p>[vc_row padding_top_multiplier=\u00bb6x\u00bb padding_bottom_multiplier=\u00bb3x\u00bb][vc_column width=\u00bb5\/12&#8243; tablet_sm_width=\u00bb1&#8243;]<h2 class=\"eut-element eut-title eut-align-left eut-animated-item eut-fade-in-left eut-duration-normal eut-h4\" style=\"\" data-delay=\"200\"><span><br>\n<h4>Prospecci\u00f3n de clientes potenciales.<\/h4>\n<\/span><\/h2><div class=\"eut-empty-space eut-height-2x\" style=\"\"><\/div>[\/vc_column][vc_column width=\u00bb7\/12&#8243; tablet_sm_width=\u00bb1&#8243;][vc_column_text css=\u00bb\u00bb text_style=\u00bbleader-text\u00bb animation=\u00bbeut-fade-in-right\u00bb]<\/p>\n<p data-start=\"344\" data-end=\"584\">Expandir tu negocio requiere algo m\u00e1s que una buena oferta: necesitas llegar a las personas adecuadas. En Planinlux te ayudamos a identificar, segmentar y contactar con clientes potenciales cualificados en mercados clave como Luxemburgo, B\u00e9lgica, Francia y Espa\u00f1a. <\/p>\n<p data-start=\"586\" data-end=\"686\">Utilizamos herramientas digitales avanzadas, t\u00e9cnicas de social selling, y estrategias personalizadas para cada sector.<\/p>\n<p>[\/vc_column_text][\/vc_column][\/vc_row][vc_row bg_type=\u00bbcolor\u00bb padding_top_multiplier=\u00bb3x\u00bb padding_bottom_multiplier=\u00bb3x\u00bb separator_top_size=\u00bb60px\u00bb separator_bottom_size=\u00bb60px\u00bb bg_color=\u00bb#F8F8F8&#8243;][vc_column]<div class=\"eut-element eut-title eut-align-center eut-animated-item eut-fade-in-right eut-duration-normal eut-subtitle-text\" style=\"margin-bottom: 6px;\" data-delay=\"200\"><span>\u00bfA qui\u00e9n va dirigido?<\/span><\/div><div class=\"eut-element eut-title eut-align-center eut-animated-item eut-fade-in-left eut-duration-normal eut-h5\" style=\"\" data-delay=\"200\"><span>Este servicio est\u00e1 principalmente dirigido a:<\/span><\/div><div class=\"eut-empty-space eut-height-1x\" style=\"\"><\/div>[vc_row_inner][vc_column_inner width=\u00bb1\/4&#8243;]<div class=\"eut-element eut-box-icon eut-large eut-top-icon eut-align-center eut-animated-item eut-fade-in-left eut-duration-normal\" style=\"\" data-delay=\"200\"><div class=\"eut-wrapper-icon eut-no-shape eut-text-grey\"><i class=\"eut-text-primary-1 fa fa-solid fa-people-robbery\"><\/i><\/div><div class=\"eut-box-content\"><div class=\"eut-box-title-wrapper\"><h4 class=\"eut-box-title eut-h6\">Consultores, agentes y profesionales independientes<\/h4><\/div><\/div><\/div><div class=\"eut-empty-space eut-height-1x\" style=\"\"><\/div>[\/vc_column_inner][vc_column_inner width=\u00bb1\/4&#8243;]<div class=\"eut-element eut-box-icon eut-large eut-top-icon eut-align-center eut-animated-item eut-fade-in-left eut-duration-normal\" style=\"\" data-delay=\"200\"><div class=\"eut-wrapper-icon eut-no-shape eut-text-grey\"><i class=\"eut-text-primary-1 fa fa-solid fa-building\"><\/i><\/div><div class=\"eut-box-content\"><div class=\"eut-box-title-wrapper\"><h6 class=\"eut-box-title eut-h6\">Empresas que desean validar nuevos mercados.<\/h6><\/div><\/div><\/div><div class=\"eut-empty-space eut-height-1x\" style=\"\"><\/div>[\/vc_column_inner][vc_column_inner width=\u00bb1\/4&#8243;]<div class=\"eut-element eut-box-icon eut-large eut-top-icon eut-align-center eut-animated-item eut-fade-in-right eut-duration-normal\" style=\"\" data-delay=\"200\"><div class=\"eut-wrapper-icon eut-no-shape eut-text-grey\"><i class=\"eut-text-primary-1 fa fa-solid fa-rocket\"><\/i><\/div><div class=\"eut-box-content\"><div class=\"eut-box-title-wrapper\"><h6 class=\"eut-box-title eut-h6\">Startups en fase de crecimiento comercial.<\/h6><\/div><\/div><\/div><div class=\"eut-empty-space eut-height-1x\" style=\"\"><\/div>[\/vc_column_inner][vc_column_inner width=\u00bb1\/4&#8243;]<div class=\"eut-element eut-box-icon eut-large eut-top-icon eut-align-center eut-animated-item eut-fade-in-right eut-duration-normal\" style=\"\" data-delay=\"200\"><div class=\"eut-wrapper-icon eut-no-shape eut-text-grey\"><i class=\"eut-text-primary-1 fa fa-solid fa-earth-africa\"><\/i><\/div><div class=\"eut-box-content\"><div class=\"eut-box-title-wrapper\"><h6 class=\"eut-box-title eut-h6\">Empresas B2B que buscan expandirse internacionalmente.<\/h6><\/div><\/div><\/div><div class=\"eut-empty-space eut-height-1x\" style=\"\"><\/div>[\/vc_column_inner][\/vc_row_inner][\/vc_column][\/vc_row][vc_row padding_top_multiplier=\u00bb3x\u00bb padding_bottom_multiplier=\u00bb2x\u00bb columns_gap=\u00bb60&#8243;][vc_column width=\u00bb2\/3&#8243;]<div class=\"eut-element eut-title eut-align-left eut-animated-item eut-fade-in-up eut-duration-normal eut-h5\" style=\"\" data-delay=\"400\"><span>\u00bfQu\u00e9 incluye el servicio?<\/span><\/div>[vc_column_text css=\u00bb\u00bb animation=\u00bbeut-fade-in-up\u00bb animation_delay=\u00bb600&#8243;]<\/p>\n<p data-start=\"1003\" data-end=\"1242\">Nuestro servicio de prospecci\u00f3n comercial est\u00e1 dise\u00f1ado para ofrecerte un flujo constante de oportunidades reales. Incluye todas las fases clave del proceso de generaci\u00f3n de leads, desde la identificaci\u00f3n hasta la entrega final, con total trazabilidad y enfoque estrat\u00e9gico: <\/p>\n<ul data-start=\"1244\" data-end=\"2098\">\n<li data-start=\"1244\" data-end=\"1387\">\n<p data-start=\"1246\" data-end=\"1387\">Estudiamos tu oferta y definimos el <strong>perfil de cliente ideal<\/strong> (buyer persona) para garantizar una prospecci\u00f3n alineada con tus objetivos.<\/p>\n<\/li>\n<li data-start=\"1388\" data-end=\"1521\">\n<p data-start=\"1390\" data-end=\"1521\">Identificamos <strong>sectores, empresas y contactos clave<\/strong> en los mercados en los que estamos especializados (Luxemburgo, B\u00e9lgica, Francia y Espa\u00f1a).<\/p>\n<\/li>\n<li data-start=\"1522\" data-end=\"1672\">\n<p data-start=\"1524\" data-end=\"1672\">Acceso a<strong> contactos cualificados <\/strong>con datos relevantes (nombre, cargo, empresa, sector, ubicaci\u00f3n, email, LinkedIn, etc.). Sin correos gen\u00e9ricos ni duplicados. <\/p>\n<\/li>\n<li data-start=\"1673\" data-end=\"1802\">\n<p data-start=\"1675\" data-end=\"1802\">Recibir\u00e1s semanal o quincenalmente un <strong>listado de prospectos contactados<\/strong>, con detalles y observaciones sobre el inter\u00e9s detectado.<\/p>\n<\/li>\n<li data-start=\"1803\" data-end=\"1952\">\n<p data-start=\"1805\" data-end=\"1952\">Te entregamos un <strong>informe<\/strong> con resultados cuantitativos y cualitativos, adem\u00e1s de sugerencias para convertir leads en clientes<\/p>\n<\/li>\n<li data-start=\"1953\" data-end=\"2098\">\n<p data-start=\"1955\" data-end=\"2098\">Estaremos disponibles durante todo el proceso para resolver dudas, adaptar enfoques y garantizar que cada contacto tenga sentido para tu negocio<\/p>\n<\/li>\n<\/ul>\n<p>[\/vc_column_text][\/vc_column][vc_column width=\u00bb1\/3&#8243;]<div class=\"eut-element eut-title eut-align-left eut-animated-item eut-fade-in-up eut-duration-normal eut-h5\" style=\"\" data-delay=\"400\"><span>Beneficios clave<\/span><\/div>[vc_column_text css=\u00bb\u00bb animation=\u00bbeut-fade-in-up\u00bb animation_delay=\u00bb800&#8243;]<\/p>\n<ul>\n<li data-start=\"2130\" data-end=\"2208\">\n<p data-start=\"2132\" data-end=\"2208\">Acceso a bases de datos actualizadas y segmentadas por sector, ubicaci\u00f3n e intereses.<\/p>\n<\/li>\n<li data-start=\"2209\" data-end=\"2253\">\n<p data-start=\"2211\" data-end=\"2253\">Ahorro de tiempo en la b\u00fasqueda de leads de calidad.<\/p>\n<\/li>\n<li data-start=\"2254\" data-end=\"2324\">\n<p data-start=\"2256\" data-end=\"2324\">Mayor tasa de conversi\u00f3n al contactar con prospectos realmente interesados.<\/p>\n<\/li>\n<li data-start=\"2325\" data-end=\"2383\">\n<p data-start=\"2327\" data-end=\"2383\">Prospecci\u00f3n multicanal: email, LinkedIn, tel\u00e9fono, etc.<\/p>\n<\/li>\n<li data-start=\"2384\" data-end=\"2429\">\n<p data-start=\"2386\" data-end=\"2429\">Informes detallados y seguimiento de resultados.<\/p>\n<\/li>\n<\/ul>\n<p>[\/vc_column_text][\/vc_column][\/vc_row][vc_row padding_top_multiplier=\u00bb\u00bb padding_bottom_multiplier=\u00bb\u00bb][vc_column]<div class=\"eut-element eut-divider\" style=\"\"><div class=\"eut-line-divider eut-border\"><\/div><\/div>[\/vc_column][\/vc_row][vc_row][vc_column]<div class=\"eut-empty-space eut-height-1x\" style=\"\"><\/div>[\/vc_column][\/vc_row][vc_row padding_top_multiplier=\u00bb\u00bb padding_bottom_multiplier=\u00bb\u00bb][vc_column width=\u00bb1\/4&#8243;]<div class=\"eut-element eut-single-icon eut-align-center eut-extra-large\" style=\"\">  <div class=\"eut-wrapper-icon eut-no-shape eut-text-grey\"><i class=\"et-icon-target eut-text-primary-1\"><\/i><\/div><\/div>[\/vc_column][vc_column width=\u00bb3\/4&#8243;]<h3 class=\"eut-element eut-title eut-align-left eut-animated-item eut-fade-in-right eut-duration-normal eut-h5\" style=\"\" data-delay=\"200\"><span>Nuestra Metodolog\u00eda<\/span><\/h3>[vc_column_text css=\u00bb\u00bb animation=\u00bbeut-fade-in-right\u00bb animation_delay=\u00bb300&#8243;]Aplicamos una metodolog\u00eda propia basada en precisi\u00f3n, segmentaci\u00f3n y contacto estrat\u00e9gico. Combinamos herramientas digitales de an\u00e1lisis de datos con un enfoque humano y personalizado, lo que nos permite identificar contactos clave y establecer v\u00ednculos comerciales reales en lugar de simples env\u00edos masivos. Nuestro objetivo no es solo encontrar leads, sino construir relaciones con potencial real de conversi\u00f3n.[\/vc_column_text][\/vc_column][\/vc_row][vc_row][vc_column]<div class=\"eut-empty-space eut-height-1x\" style=\"\"><\/div>[\/vc_column][\/vc_row][vc_row padding_top_multiplier=\u00bb\u00bb padding_bottom_multiplier=\u00bb\u00bb][vc_column]<div class=\"eut-element eut-divider\" style=\"\"><div class=\"eut-line-divider eut-border\"><\/div><\/div>[\/vc_column][\/vc_row][vc_row bg_type=\u00bbcolor\u00bb padding_top_multiplier=\u00bb\u00bb padding_bottom_multiplier=\u00bb\u00bb columns_gap=\u00bb40&#8243; bg_color=\u00bb#F8F8F8&#8243;][vc_column]<div class=\"eut-empty-space eut-height-2x\" style=\"\"><\/div><h3 class=\"eut-element eut-title eut-align-left eut-animated-item eut-fade-in-right eut-duration-normal eut-h5\" style=\"\" data-delay=\"200\"><span>Preguntas Frecuentes<\/span><\/h3>[vc_tta_accordion active_section=\u00bb\u00bb heading_tag=\u00bbh4&#8243; collapsible_all=\u00bbtrue\u00bb][vc_tta_section title=\u00bb\u00bfEn qu\u00e9 sectores ten\u00e9is experiencia para hacer prospecci\u00f3n?\u00bb tab_id=\u00bb1751467929930-7a9fa967-9157&#8243;][vc_column_text css=\u00bb\u00bb]Trabajamos con empresas de sectores como consultor\u00eda, tecnolog\u00eda, servicios financieros, formaci\u00f3n, industria, log\u00edstica y m\u00e1s. Adaptamos la estrategia seg\u00fan tu nicho y tipo de cliente.[\/vc_column_text][\/vc_tta_section][vc_tta_section title=\u00bb\u00bfTen\u00e9is experiencia en prospecci\u00f3n para empresas peque\u00f1as o startups?\u00bb tab_id=\u00bb1751467929959-7ebd9ea4-3528&#8243;][vc_column_text css=\u00bb\u00bb]S\u00ed. Muchas de nuestras colaboraciones son con empresas en fase de crecimiento que necesitan validar mercados y conseguir sus primeros clientes en nuevos pa\u00edses.[\/vc_column_text][\/vc_tta_section][vc_tta_section title=\u00bb\u00bfC\u00f3mo gestion\u00e1is la privacidad y el cumplimiento legal (RGPD)?\u00bb tab_id=\u00bb1751468020761-1d33c8bb-cff3&#8243;][vc_column_text css=\u00bb\u00bb]Todos los datos que trabajamos provienen de fuentes p\u00fablicas o accesibles legalmente para fines comerciales B2B. No gestionamos campa\u00f1as masivas ni compartimos datos sin consentimiento.[\/vc_column_text][\/vc_tta_section][\/vc_tta_accordion]<div class=\"eut-empty-space eut-height-3x\" style=\"\"><\/div>[\/vc_column][\/vc_row][vc_row heading_color=\u00bblight\u00bb bg_type=\u00bbcolor\u00bb padding_top_multiplier=\u00bb2x\u00bb padding_bottom_multiplier=\u00bb\u00bb columns_gap=\u00bb40&#8243; font_color=\u00bb#ffffff\u00bb bg_color=\u00bb#2ac187&#8243;][vc_column css=\u00bb.vc_custom_1751471192043{padding-top: 20px !important;padding-bottom: 40px !important;}\u00bb]<h3 class=\"eut-element eut-title eut-align-center eut-animated-item eut-fade-in-right eut-duration-normal eut-h5\" style=\"\" data-delay=\"200\"><span>\u00bfListo para explorar oportunidades reales?<\/span><\/h3>[vc_column_text css=\u00bb\u00bb]<\/p>\n<p style=\"text-align: center;\">No dejes tu crecimiento comercial en manos del azar. Ponte en contacto con nosotros.<\/p>\n<p>[\/vc_column_text]<div class=\"eut-empty-space eut-height-1x\" style=\"\"><\/div><div class=\"eut-element eut-align-center eut-animated-item eut-zoom-in eut-duration-normal\" data-delay=\"200\"><a href=\"https:\/\/planinlux.lu\/es\/contacte-con-nosotros\/\" title=\"Contacto\" rel=\"nofollow\" class=\"eut-btn eut-btn-large eut-round eut-bg-white eut-bg-hover-black\"><span>Solicita una consulta gratuita<\/span><\/a><\/div>[\/vc_column][\/vc_row][vc_row][vc_column]<h3 class=\"eut-element eut-title eut-align-center eut-animated-item eut-fade-in eut-duration-normal eut-h5\" style=\"\" data-delay=\"200\"><span><br>\n<h5 class=\"eut-element eut-title eut-align-center eut-animated-item eut-zoom-in eut-duration-normal eut-h4 eut-animated\" data-delay=\"200\">Descubre todas nuestras soluciones.<\/h5>\n<\/span><\/h3><div class=\"eut-empty-space eut-height-1x\" style=\"\"><\/div>[vc_raw_html css=\u00bb\u00bb]W3NlcnZpY2Vib3hfc2MgaWQ9IjkzNDQiXQ==[\/vc_raw_html][\/vc_column][\/vc_row]<\/p>\n<\/div>","protected":false},"excerpt":{"rendered":"<p>Prestamos servicios de consultor\u00eda, que incluyen la creaci\u00f3n de empresas, el desarrollo de negocios, soluciones de propiedad intelectual, asistencia en tr\u00e1mites administrativos, estrategia RSC e internacionalizaci\u00f3n, entre otros. <\/p>\n","protected":false},"author":3,"featured_media":8273,"parent":5685,"menu_order":0,"comment_status":"closed","ping_status":"closed","template":"","meta":{"footnotes":""},"class_list":["post-9438","page","type-page","status-publish","has-post-thumbnail","hentry"],"yoast_head":"<!-- This site is optimized with the Yoast SEO plugin v27.4 - https:\/\/yoast.com\/product\/yoast-seo-wordpress\/ -->\n<title>Prospeccion de clientes potenciales en Luxemburgo, B\u00e9lgica, Francia y Espa\u00f1a<\/title>\n<meta name=\"description\" content=\"Ayudamos a las empresas a contactar con clientes potenciales cualificados en Luxemburgo, B\u00e9lgica, Francia y Espa\u00f1a. Alcance estrat\u00e9gico, segmentaci\u00f3n precisa y oportunidades de negocio reales.\" \/>\n<meta name=\"robots\" content=\"index, follow, max-snippet:-1, max-image-preview:large, max-video-preview:-1\" \/>\n<link rel=\"canonical\" href=\"https:\/\/planinlux.lu\/es\/soluciones\/prospeccion-de-clientes-potenciales\/\" \/>\n<meta property=\"og:locale\" content=\"es_ES\" \/>\n<meta property=\"og:type\" content=\"article\" \/>\n<meta property=\"og:title\" content=\"Prospecci\u00f3n de clientes potenciales | PlaninLux | consultor\u00eda sostenible\" \/>\n<meta property=\"og:description\" content=\"Ofrecemos servicios de consultor\u00eda, incluyendo el asesoramiento, la definici\u00f3n de estrategias RSC, su implementaci\u00f3n, gesti\u00f3n del cambio, internacionalizaci\u00f3n y obtenci\u00f3n de certificaciones.\" \/>\n<meta property=\"og:url\" content=\"https:\/\/planinlux.lu\/es\/soluciones\/prospeccion-de-clientes-potenciales\/\" \/>\n<meta property=\"og:site_name\" content=\"PlaninLux\" \/>\n<meta property=\"article:modified_time\" content=\"2025-07-16T14:19:23+00:00\" \/>\n<meta property=\"og:image\" content=\"https:\/\/planinlux.lu\/wp-content\/uploads\/2020\/10\/Planinlux-Sustainable-Consulting-TRANSPARENTE.png\" \/>\n<meta name=\"twitter:card\" content=\"summary_large_image\" \/>\n<meta name=\"twitter:title\" content=\"Prospecci\u00f3n de clientes potenciales | PlaninLux | consultor\u00eda sostenible\" \/>\n<meta name=\"twitter:description\" content=\"Ofrecemos servicios de consultor\u00eda, incluyendo el asesoramiento, la definici\u00f3n de estrategias RSC, su implementaci\u00f3n, gesti\u00f3n del cambio, internacionalizaci\u00f3n y obtenci\u00f3n de certificaciones.\" \/>\n<meta name=\"twitter:image\" content=\"https:\/\/planinlux.lu\/wp-content\/uploads\/2020\/10\/Planinlux-Sustainable-Consulting-TRANSPARENTE.png\" \/>\n<meta name=\"twitter:label1\" content=\"Tiempo de lectura\" \/>\n\t<meta name=\"twitter:data1\" content=\"6 minutos\" \/>\n<script type=\"application\/ld+json\" class=\"yoast-schema-graph\">{\"@context\":\"https:\\\/\\\/schema.org\",\"@graph\":[{\"@type\":\"WebPage\",\"@id\":\"https:\\\/\\\/planinlux.lu\\\/es\\\/soluciones\\\/prospeccion-de-clientes-potenciales\\\/\",\"url\":\"https:\\\/\\\/planinlux.lu\\\/es\\\/soluciones\\\/prospeccion-de-clientes-potenciales\\\/\",\"name\":\"Prospeccion de clientes potenciales en Luxemburgo, B\u00e9lgica, Francia y Espa\u00f1a\",\"isPartOf\":{\"@id\":\"https:\\\/\\\/planinlux.lu\\\/es\\\/#website\"},\"primaryImageOfPage\":{\"@id\":\"https:\\\/\\\/planinlux.lu\\\/es\\\/soluciones\\\/prospeccion-de-clientes-potenciales\\\/#primaryimage\"},\"image\":{\"@id\":\"https:\\\/\\\/planinlux.lu\\\/es\\\/soluciones\\\/prospeccion-de-clientes-potenciales\\\/#primaryimage\"},\"thumbnailUrl\":\"https:\\\/\\\/planinlux.lu\\\/wp-content\\\/uploads\\\/2023\\\/08\\\/Business-Permit.png\",\"datePublished\":\"2025-07-05T18:25:18+00:00\",\"dateModified\":\"2025-07-16T14:19:23+00:00\",\"description\":\"Ayudamos a las empresas a contactar con clientes potenciales cualificados en Luxemburgo, B\u00e9lgica, Francia y Espa\u00f1a. Alcance estrat\u00e9gico, segmentaci\u00f3n precisa y oportunidades de negocio reales.\",\"breadcrumb\":{\"@id\":\"https:\\\/\\\/planinlux.lu\\\/es\\\/soluciones\\\/prospeccion-de-clientes-potenciales\\\/#breadcrumb\"},\"inLanguage\":\"es\",\"potentialAction\":[{\"@type\":\"ReadAction\",\"target\":[\"https:\\\/\\\/planinlux.lu\\\/es\\\/soluciones\\\/prospeccion-de-clientes-potenciales\\\/\"]}]},{\"@type\":\"ImageObject\",\"inLanguage\":\"es\",\"@id\":\"https:\\\/\\\/planinlux.lu\\\/es\\\/soluciones\\\/prospeccion-de-clientes-potenciales\\\/#primaryimage\",\"url\":\"https:\\\/\\\/planinlux.lu\\\/wp-content\\\/uploads\\\/2023\\\/08\\\/Business-Permit.png\",\"contentUrl\":\"https:\\\/\\\/planinlux.lu\\\/wp-content\\\/uploads\\\/2023\\\/08\\\/Business-Permit.png\",\"width\":1920,\"height\":1280},{\"@type\":\"BreadcrumbList\",\"@id\":\"https:\\\/\\\/planinlux.lu\\\/es\\\/soluciones\\\/prospeccion-de-clientes-potenciales\\\/#breadcrumb\",\"itemListElement\":[{\"@type\":\"ListItem\",\"position\":1,\"name\":\"Home\",\"item\":\"https:\\\/\\\/planinlux.lu\\\/es\\\/home-2\\\/\"},{\"@type\":\"ListItem\",\"position\":2,\"name\":\"Soluciones\",\"item\":\"https:\\\/\\\/planinlux.lu\\\/es\\\/soluciones\\\/\"},{\"@type\":\"ListItem\",\"position\":3,\"name\":\"Prospecci\u00f3n de clientes potenciales\"}]},{\"@type\":\"WebSite\",\"@id\":\"https:\\\/\\\/planinlux.lu\\\/es\\\/#website\",\"url\":\"https:\\\/\\\/planinlux.lu\\\/es\\\/\",\"name\":\"PlaninLux\",\"description\":\"Business Solutions\",\"publisher\":{\"@id\":\"https:\\\/\\\/planinlux.lu\\\/es\\\/#organization\"},\"potentialAction\":[{\"@type\":\"SearchAction\",\"target\":{\"@type\":\"EntryPoint\",\"urlTemplate\":\"https:\\\/\\\/planinlux.lu\\\/es\\\/?s={search_term_string}\"},\"query-input\":{\"@type\":\"PropertyValueSpecification\",\"valueRequired\":true,\"valueName\":\"search_term_string\"}}],\"inLanguage\":\"es\"},{\"@type\":\"Organization\",\"@id\":\"https:\\\/\\\/planinlux.lu\\\/es\\\/#organization\",\"name\":\"PlaninLux\",\"url\":\"https:\\\/\\\/planinlux.lu\\\/es\\\/\",\"logo\":{\"@type\":\"ImageObject\",\"inLanguage\":\"es\",\"@id\":\"https:\\\/\\\/planinlux.lu\\\/es\\\/#\\\/schema\\\/logo\\\/image\\\/\",\"url\":\"\",\"contentUrl\":\"\",\"caption\":\"PlaninLux\"},\"image\":{\"@id\":\"https:\\\/\\\/planinlux.lu\\\/es\\\/#\\\/schema\\\/logo\\\/image\\\/\"},\"sameAs\":[\"https:\\\/\\\/www.linkedin.com\\\/company\\\/planinlux\\\/\"]}]}<\/script>\n<!-- \/ Yoast SEO plugin. -->","yoast_head_json":{"title":"Prospeccion de clientes potenciales en Luxemburgo, B\u00e9lgica, Francia y Espa\u00f1a","description":"Ayudamos a las empresas a contactar con clientes potenciales cualificados en Luxemburgo, B\u00e9lgica, Francia y Espa\u00f1a. Alcance estrat\u00e9gico, segmentaci\u00f3n precisa y oportunidades de negocio reales.","robots":{"index":"index","follow":"follow","max-snippet":"max-snippet:-1","max-image-preview":"max-image-preview:large","max-video-preview":"max-video-preview:-1"},"canonical":"https:\/\/planinlux.lu\/es\/soluciones\/prospeccion-de-clientes-potenciales\/","og_locale":"es_ES","og_type":"article","og_title":"Prospecci\u00f3n de clientes potenciales | PlaninLux | consultor\u00eda sostenible","og_description":"Ofrecemos servicios de consultor\u00eda, incluyendo el asesoramiento, la definici\u00f3n de estrategias RSC, su implementaci\u00f3n, gesti\u00f3n del cambio, internacionalizaci\u00f3n y obtenci\u00f3n de certificaciones.","og_url":"https:\/\/planinlux.lu\/es\/soluciones\/prospeccion-de-clientes-potenciales\/","og_site_name":"PlaninLux","article_modified_time":"2025-07-16T14:19:23+00:00","og_image":[{"url":"https:\/\/planinlux.lu\/wp-content\/uploads\/2020\/10\/Planinlux-Sustainable-Consulting-TRANSPARENTE.png","type":"","width":"","height":""}],"twitter_card":"summary_large_image","twitter_title":"Prospecci\u00f3n de clientes potenciales | PlaninLux | consultor\u00eda sostenible","twitter_description":"Ofrecemos servicios de consultor\u00eda, incluyendo el asesoramiento, la definici\u00f3n de estrategias RSC, su implementaci\u00f3n, gesti\u00f3n del cambio, internacionalizaci\u00f3n y obtenci\u00f3n de certificaciones.","twitter_image":"https:\/\/planinlux.lu\/wp-content\/uploads\/2020\/10\/Planinlux-Sustainable-Consulting-TRANSPARENTE.png","twitter_misc":{"Tiempo de lectura":"6 minutos"},"schema":{"@context":"https:\/\/schema.org","@graph":[{"@type":"WebPage","@id":"https:\/\/planinlux.lu\/es\/soluciones\/prospeccion-de-clientes-potenciales\/","url":"https:\/\/planinlux.lu\/es\/soluciones\/prospeccion-de-clientes-potenciales\/","name":"Prospeccion de clientes potenciales en Luxemburgo, B\u00e9lgica, Francia y Espa\u00f1a","isPartOf":{"@id":"https:\/\/planinlux.lu\/es\/#website"},"primaryImageOfPage":{"@id":"https:\/\/planinlux.lu\/es\/soluciones\/prospeccion-de-clientes-potenciales\/#primaryimage"},"image":{"@id":"https:\/\/planinlux.lu\/es\/soluciones\/prospeccion-de-clientes-potenciales\/#primaryimage"},"thumbnailUrl":"https:\/\/planinlux.lu\/wp-content\/uploads\/2023\/08\/Business-Permit.png","datePublished":"2025-07-05T18:25:18+00:00","dateModified":"2025-07-16T14:19:23+00:00","description":"Ayudamos a las empresas a contactar con clientes potenciales cualificados en Luxemburgo, B\u00e9lgica, Francia y Espa\u00f1a. Alcance estrat\u00e9gico, segmentaci\u00f3n precisa y oportunidades de negocio reales.","breadcrumb":{"@id":"https:\/\/planinlux.lu\/es\/soluciones\/prospeccion-de-clientes-potenciales\/#breadcrumb"},"inLanguage":"es","potentialAction":[{"@type":"ReadAction","target":["https:\/\/planinlux.lu\/es\/soluciones\/prospeccion-de-clientes-potenciales\/"]}]},{"@type":"ImageObject","inLanguage":"es","@id":"https:\/\/planinlux.lu\/es\/soluciones\/prospeccion-de-clientes-potenciales\/#primaryimage","url":"https:\/\/planinlux.lu\/wp-content\/uploads\/2023\/08\/Business-Permit.png","contentUrl":"https:\/\/planinlux.lu\/wp-content\/uploads\/2023\/08\/Business-Permit.png","width":1920,"height":1280},{"@type":"BreadcrumbList","@id":"https:\/\/planinlux.lu\/es\/soluciones\/prospeccion-de-clientes-potenciales\/#breadcrumb","itemListElement":[{"@type":"ListItem","position":1,"name":"Home","item":"https:\/\/planinlux.lu\/es\/home-2\/"},{"@type":"ListItem","position":2,"name":"Soluciones","item":"https:\/\/planinlux.lu\/es\/soluciones\/"},{"@type":"ListItem","position":3,"name":"Prospecci\u00f3n de clientes potenciales"}]},{"@type":"WebSite","@id":"https:\/\/planinlux.lu\/es\/#website","url":"https:\/\/planinlux.lu\/es\/","name":"PlaninLux","description":"Business Solutions","publisher":{"@id":"https:\/\/planinlux.lu\/es\/#organization"},"potentialAction":[{"@type":"SearchAction","target":{"@type":"EntryPoint","urlTemplate":"https:\/\/planinlux.lu\/es\/?s={search_term_string}"},"query-input":{"@type":"PropertyValueSpecification","valueRequired":true,"valueName":"search_term_string"}}],"inLanguage":"es"},{"@type":"Organization","@id":"https:\/\/planinlux.lu\/es\/#organization","name":"PlaninLux","url":"https:\/\/planinlux.lu\/es\/","logo":{"@type":"ImageObject","inLanguage":"es","@id":"https:\/\/planinlux.lu\/es\/#\/schema\/logo\/image\/","url":"","contentUrl":"","caption":"PlaninLux"},"image":{"@id":"https:\/\/planinlux.lu\/es\/#\/schema\/logo\/image\/"},"sameAs":["https:\/\/www.linkedin.com\/company\/planinlux\/"]}]}},"_links":{"self":[{"href":"https:\/\/planinlux.lu\/es\/wp-json\/wp\/v2\/pages\/9438","targetHints":{"allow":["GET"]}}],"collection":[{"href":"https:\/\/planinlux.lu\/es\/wp-json\/wp\/v2\/pages"}],"about":[{"href":"https:\/\/planinlux.lu\/es\/wp-json\/wp\/v2\/types\/page"}],"author":[{"embeddable":true,"href":"https:\/\/planinlux.lu\/es\/wp-json\/wp\/v2\/users\/3"}],"replies":[{"embeddable":true,"href":"https:\/\/planinlux.lu\/es\/wp-json\/wp\/v2\/comments?post=9438"}],"version-history":[{"count":9,"href":"https:\/\/planinlux.lu\/es\/wp-json\/wp\/v2\/pages\/9438\/revisions"}],"predecessor-version":[{"id":9577,"href":"https:\/\/planinlux.lu\/es\/wp-json\/wp\/v2\/pages\/9438\/revisions\/9577"}],"up":[{"embeddable":true,"href":"https:\/\/planinlux.lu\/es\/wp-json\/wp\/v2\/pages\/5685"}],"wp:featuredmedia":[{"embeddable":true,"href":"https:\/\/planinlux.lu\/es\/wp-json\/wp\/v2\/media\/8273"}],"wp:attachment":[{"href":"https:\/\/planinlux.lu\/es\/wp-json\/wp\/v2\/media?parent=9438"}],"curies":[{"name":"wp","href":"https:\/\/api.w.org\/{rel}","templated":true}]}}