{"id":9308,"date":"2025-07-02T14:07:22","date_gmt":"2025-07-02T14:07:22","guid":{"rendered":"https:\/\/planinlux.lu\/?page_id=9308"},"modified":"2025-07-07T19:18:26","modified_gmt":"2025-07-07T19:18:26","slug":"constitucion-de-empresas-en-luxemburgo","status":"publish","type":"page","link":"https:\/\/planinlux.lu\/es\/soluciones\/constitucion-de-empresas-en-luxemburgo\/","title":{"rendered":"Constituci\u00f3n de empresas en Luxemburgo"},"content":{"rendered":"<div class=\"wpb-content-wrapper\"><p>[vc_row padding_top_multiplier=\u00bb6x\u00bb padding_bottom_multiplier=\u00bb3x\u00bb][vc_column width=\u00bb5\/12&#8243; tablet_sm_width=\u00bb1&#8243;]<h2 class=\"eut-element eut-title eut-align-left eut-animated-item eut-fade-in-left eut-duration-normal eut-h4\" style=\"\" data-delay=\"200\"><span><br>\n<h4>Constituci\u00f3n de empresas en Luxemburgo.<\/h4>\n<\/span><\/h2><div class=\"eut-empty-space eut-height-2x\" style=\"\"><\/div>[\/vc_column][vc_column width=\u00bb7\/12&#8243; tablet_sm_width=\u00bb1&#8243;][vc_column_text css=\u00bb\u00bb text_style=\u00bbleader-text\u00bb animation=\u00bbeut-fade-in-right\u00bb]Te ayudamos a convertir tu idea de negocio en una empresa registrada en Luxemburgo. Ofrecemos un acompa\u00f1amiento integral durante el proceso de constituci\u00f3n, actuando como asesores estrat\u00e9gicos y facilitadores entre t\u00fa y las fiduciarias, notarios, bancos y otros actores clave.[\/vc_column_text][\/vc_column][\/vc_row][vc_row bg_type=\u00bbcolor\u00bb padding_top_multiplier=\u00bb3x\u00bb padding_bottom_multiplier=\u00bb3x\u00bb separator_top_size=\u00bb60px\u00bb separator_bottom_size=\u00bb60px\u00bb bg_color=\u00bb#F8F8F8&#8243;][vc_column]<div class=\"eut-element eut-title eut-align-center eut-animated-item eut-fade-in-right eut-duration-normal eut-subtitle-text\" style=\"margin-bottom: 6px;\" data-delay=\"200\"><span>\u00bfA qui\u00e9n va dirigido?<\/span><\/div><div class=\"eut-element eut-title eut-align-center eut-animated-item eut-fade-in-left eut-duration-normal eut-h5\" style=\"\" data-delay=\"200\"><span>Este servicio est\u00e1 principalmente dirigido a:<\/span><\/div><div class=\"eut-empty-space eut-height-1x\" style=\"\"><\/div>[vc_row_inner][vc_column_inner width=\u00bb1\/3&#8243;]<div class=\"eut-element eut-box-icon eut-large eut-top-icon eut-align-center eut-animated-item eut-fade-in-left eut-duration-normal\" style=\"\" data-delay=\"200\"><div class=\"eut-wrapper-icon eut-no-shape eut-text-grey\"><i class=\"eut-text-primary-1 fa fa-solid fa-people-group\"><\/i><\/div><div class=\"eut-box-content\"><div class=\"eut-box-title-wrapper\"><h4 class=\"eut-box-title eut-h6\">Emprendedores que desean establecer su primera empresa en Luxemburgo.<\/h4><\/div><\/div><\/div><div class=\"eut-empty-space eut-height-1x\" style=\"\"><\/div>[\/vc_column_inner][vc_column_inner width=\u00bb1\/3&#8243;]<div class=\"eut-element eut-box-icon eut-large eut-top-icon eut-align-center eut-animated-item eut-fade-in-left eut-duration-normal\" style=\"\" data-delay=\"200\"><div class=\"eut-wrapper-icon eut-no-shape eut-text-grey\"><i class=\"eut-text-primary-1 fa fa-regular fa-building\"><\/i><\/div><div class=\"eut-box-content\"><div class=\"eut-box-title-wrapper\"><h6 class=\"eut-box-title eut-h6\">Inversores extranjeros que buscan expandirse al mercado luxemburgu\u00e9s.<\/h6><\/div><\/div><\/div><div class=\"eut-empty-space eut-height-1x\" style=\"\"><\/div>[\/vc_column_inner][vc_column_inner width=\u00bb1\/3&#8243;]<div class=\"eut-element eut-box-icon eut-large eut-top-icon eut-align-center eut-animated-item eut-fade-in-right eut-duration-normal\" style=\"\" data-delay=\"200\"><div class=\"eut-wrapper-icon eut-no-shape eut-text-grey\"><i class=\"eut-text-primary-1 fa fa-brands fa-space-awesome\"><\/i><\/div><div class=\"eut-box-content\"><div class=\"eut-box-title-wrapper\"><h6 class=\"eut-box-title eut-h6\">Startups o pymes que quieren asegurarse de cumplir con todos los requisitos legales y administrativos desde el inicio.<\/h6><\/div><\/div><\/div><div class=\"eut-empty-space eut-height-1x\" style=\"\"><\/div>[\/vc_column_inner][\/vc_row_inner][\/vc_column][\/vc_row][vc_row padding_top_multiplier=\u00bb3x\u00bb padding_bottom_multiplier=\u00bb2x\u00bb columns_gap=\u00bb60&#8243;][vc_column width=\u00bb2\/3&#8243;]<div class=\"eut-element eut-title eut-align-left eut-animated-item eut-fade-in-up eut-duration-normal eut-h5\" style=\"\" data-delay=\"400\"><span>\u00bfQu\u00e9 incluye el servicio?<\/span><\/div>[vc_column_text css=\u00bb\u00bb animation=\u00bbeut-fade-in-up\u00bb animation_delay=\u00bb600&#8243;]<\/p>\n<p data-start=\"844\" data-end=\"902\">Te acompa\u00f1amos en cada etapa del proceso, incluyendo:<\/p>\n<ul data-start=\"904\" data-end=\"1911\">\n<li data-start=\"904\" data-end=\"1076\">\n<p data-start=\"906\" data-end=\"1076\"><strong data-start=\"906\" data-end=\"943\">Asesoramiento inicial personalizado<\/strong>: an\u00e1lisis del proyecto, definici\u00f3n del tipo de sociedad m\u00e1s adecuado (SARL, SA, etc.), y revisi\u00f3n de requisitos.<\/p>\n<\/li>\n<li data-start=\"1077\" data-end=\"1193\">\n<p data-start=\"1079\" data-end=\"1193\"><strong data-start=\"1079\" data-end=\"1128\">Asistencia en la solicitud de la autorizaci\u00f3n de establecimiento<\/strong> (<em data-start=\"1130\" data-end=\"1160\">autorisation d\u2019\u00e9tablissement<\/em>) ante el Ministerio de Econom\u00eda.<\/p>\n<\/li>\n<li data-start=\"1194\" data-end=\"1353\">\n<p data-start=\"1196\" data-end=\"1353\"><strong data-start=\"1196\" data-end=\"1234\">Identificaci\u00f3n de ayudas financieras y subvenciones<\/strong>: identificaci\u00f3n de programas p\u00fablicos o privados de apoyo al emprendimiento en funci\u00f3n de tu perfil y sector.<\/p>\n<\/li>\n<li data-start=\"1354\" data-end=\"1507\">\n<p data-start=\"1356\" data-end=\"1507\"><strong data-start=\"1356\" data-end=\"1392\">Intermediaci\u00f3n con fiduciarias de confianza<\/strong>: coordinaci\u00f3n con profesionales acreditados para la redacci\u00f3n de estatutos, tr\u00e1mites notariales y dem\u00e1s gestiones legales.<\/p>\n<\/li>\n<li data-start=\"1508\" data-end=\"1621\">\n<p data-start=\"1510\" data-end=\"1621\"><strong data-start=\"1510\" data-end=\"1534\">Acompa\u00f1amiento en la apertura de cuentas bancarias<\/strong>: asistencia en la preparaci\u00f3n de documentaci\u00f3n y contacto con bancos para facilitar la creaci\u00f3n de la cuenta empresarial.<\/p>\n<\/li>\n<li data-start=\"1622\" data-end=\"1703\">\n<p data-start=\"1624\" data-end=\"1703\"><strong data-start=\"1624\" data-end=\"1651\">Traducci\u00f3n y asistencia multiling\u00fce<\/strong>: apoyo en franc\u00e9s, espa\u00f1ol, portugu\u00e9s o ingl\u00e9s.<\/p>\n<\/li>\n<li data-start=\"1704\" data-end=\"1796\">\n<p data-start=\"1706\" data-end=\"1796\"><strong data-start=\"1706\" data-end=\"1747\">Coordinaci\u00f3n del proceso de constituci\u00f3n<\/strong>: seguimiento de cada paso y aseguramiento de plazos y documentaci\u00f3n.<\/p>\n<\/li>\n<li data-start=\"1797\" data-end=\"1911\">\n<p data-start=\"1799\" data-end=\"1911\"><strong data-start=\"1799\" data-end=\"1825\">Soporte administrativo<\/strong>: ayuda con formularios, registros y comunicaci\u00f3n con autoridades si es necesario.<\/p>\n<\/li>\n<\/ul>\n<p>[\/vc_column_text][\/vc_column][vc_column width=\u00bb1\/3&#8243;]<div class=\"eut-element eut-title eut-align-left eut-animated-item eut-fade-in-up eut-duration-normal eut-h5\" style=\"\" data-delay=\"400\"><span>Beneficios clave<\/span><\/div>[vc_column_text css=\u00bb\u00bb animation=\u00bbeut-fade-in-up\u00bb animation_delay=\u00bb800&#8243;]<\/p>\n<ul>\n<li data-start=\"1941\" data-end=\"1975\">\n<p data-start=\"1943\" data-end=\"1975\">Evitas errores costosos o retrasos en el proceso.<\/p>\n<\/li>\n<li data-start=\"1941\" data-end=\"1975\">\n<p data-start=\"1943\" data-end=\"1975\">Ahorro de tiempo gracias a nuestra red de colaboradores ya verificada.<\/p>\n<\/li>\n<li data-start=\"2033\" data-end=\"2102\">\n<p data-start=\"2035\" data-end=\"2102\">Comunicaci\u00f3n clara y en tu idioma durante todo el proceso.<\/p>\n<\/li>\n<li data-start=\"2103\" data-end=\"2175\">\n<p data-start=\"2105\" data-end=\"2175\">Visi\u00f3n estrat\u00e9gica para asegurar que el tipo de empresa se adapte a tus objetivos.<\/p>\n<\/li>\n<li data-start=\"2176\" data-end=\"2231\">\n<p data-start=\"2178\" data-end=\"2231\">Acompa\u00f1amiento humano y profesional, sin letra peque\u00f1a.<\/p>\n<\/li>\n<\/ul>\n<p>[\/vc_column_text][\/vc_column][\/vc_row][vc_row padding_top_multiplier=\u00bb\u00bb padding_bottom_multiplier=\u00bb\u00bb][vc_column]<div class=\"eut-element eut-divider\" style=\"\"><div class=\"eut-line-divider eut-border\"><\/div><\/div>[\/vc_column][\/vc_row][vc_row][vc_column]<div class=\"eut-empty-space eut-height-1x\" style=\"\"><\/div>[\/vc_column][\/vc_row][vc_row padding_top_multiplier=\u00bb\u00bb padding_bottom_multiplier=\u00bb\u00bb][vc_column width=\u00bb1\/4&#8243;]<div class=\"eut-element eut-single-icon eut-align-center eut-extra-large\" style=\"\">  <div class=\"eut-wrapper-icon eut-no-shape eut-text-grey\"><i class=\"et-icon-target eut-text-primary-1\"><\/i><\/div><\/div>[\/vc_column][vc_column width=\u00bb3\/4&#8243;]<h3 class=\"eut-element eut-title eut-align-left eut-animated-item eut-fade-in-right eut-duration-normal eut-h5\" style=\"\" data-delay=\"200\"><span>Nuestra Metodolog\u00eda<\/span><\/h3>[vc_column_text css=\u00bb\u00bb animation=\u00bbeut-fade-in-right\u00bb animation_delay=\u00bb300&#8243;]Nos enfocamos en una <strong data-start=\"2273\" data-end=\"2313\">consultor\u00eda pr\u00e1ctica y accesible<\/strong>, orientada a personas que tal vez no conocen bien el entorno administrativo de Luxemburgo. Actuamos como punto de contacto \u00fanico para simplificar el proceso, sin sustituir a los actores oficiales, pero asegur\u00e1ndonos de que t\u00fa est\u00e9s bien informado y representado en cada paso..[\/vc_column_text][\/vc_column][\/vc_row][vc_row][vc_column]<div class=\"eut-empty-space eut-height-1x\" style=\"\"><\/div>[\/vc_column][\/vc_row][vc_row padding_top_multiplier=\u00bb\u00bb padding_bottom_multiplier=\u00bb\u00bb][vc_column]<div class=\"eut-element eut-divider\" style=\"\"><div class=\"eut-line-divider eut-border\"><\/div><\/div>[\/vc_column][\/vc_row][vc_row bg_type=\u00bbcolor\u00bb padding_top_multiplier=\u00bb\u00bb padding_bottom_multiplier=\u00bb\u00bb columns_gap=\u00bb40&#8243; bg_color=\u00bb#F8F8F8&#8243;][vc_column]<div class=\"eut-empty-space eut-height-2x\" style=\"\"><\/div><h3 class=\"eut-element eut-title eut-align-left eut-animated-item eut-fade-in-right eut-duration-normal eut-h5\" style=\"\" data-delay=\"200\"><span>Preguntas Frecuentes<\/span><\/h3>[vc_tta_accordion active_section=\u00bb\u00bb heading_tag=\u00bbh4&#8243; collapsible_all=\u00bbtrue\u00bb][vc_tta_section title=\u00bb\u00bfEs obligatorio colaborar con una fiduciaria para crear una empresa en Luxemburgo?\u00bb tab_id=\u00bb1751467929930-7a9fa967-9157&#8243;][vc_column_text css=\u00bb\u00bb]S\u00ed, para ciertos tipos de sociedad como la SARL o la SA, es necesario pasar por una fiduciaria y un notario. Nosotros te ponemos en contacto con los m\u00e1s adecuados para tu caso.[\/vc_column_text][\/vc_tta_section][vc_tta_section title=\u00bb\u00bfPuedo hacer todo el proceso desde el extranjero?\u00bb tab_id=\u00bb1751467929959-7ebd9ea4-3528&#8243;][vc_column_text css=\u00bb\u00bb]En muchos casos s\u00ed, pero depender\u00e1 de tu nacionalidad y del tipo de empresa. Te ayudamos a evaluar tus opciones.[\/vc_column_text][\/vc_tta_section][vc_tta_section title=\u00bb\u00bfCu\u00e1nto cuesta el servicio de Planinlux?\u00bb tab_id=\u00bb1751468020761-1d33c8bb-cff3&#8243;][vc_column_text css=\u00bb\u00bb]Nuestro coste depende del nivel de acompa\u00f1amiento necesario. Solicita una llamada gratuita y te enviaremos un presupuesto personalizado.[\/vc_column_text][\/vc_tta_section][\/vc_tta_accordion]<div class=\"eut-empty-space eut-height-3x\" style=\"\"><\/div>[\/vc_column][\/vc_row][vc_row heading_color=\u00bblight\u00bb bg_type=\u00bbcolor\u00bb padding_top_multiplier=\u00bb2x\u00bb padding_bottom_multiplier=\u00bb\u00bb columns_gap=\u00bb40&#8243; font_color=\u00bb#ffffff\u00bb bg_color=\u00bb#2ac187&#8243;][vc_column css=\u00bb.vc_custom_1751471192043{padding-top: 20px !important;padding-bottom: 40px !important;}\u00bb]<h3 class=\"eut-element eut-title eut-align-center eut-animated-item eut-fade-in-right eut-duration-normal eut-h5\" style=\"\" data-delay=\"200\"><span>\u00bfListo para empezar?<\/span><\/h3>[vc_column_text css=\u00bb\u00bb]<\/p>\n<p style=\"text-align: center;\">Te ayudamos a dar el primer paso hacia tu nueva empresa en Luxemburgo.<\/p>\n<p>[\/vc_column_text]<div class=\"eut-empty-space eut-height-1x\" style=\"\"><\/div><div class=\"eut-element eut-align-center eut-animated-item eut-zoom-in eut-duration-normal\" data-delay=\"200\"><a href=\"https:\/\/planinlux.lu\/es\/contacte-con-nosotros\/\" title=\"Contacto\" rel=\"nofollow\" class=\"eut-btn eut-btn-large eut-round eut-bg-white eut-bg-hover-black\"><span>Solicita una consulta gratuita<\/span><\/a><\/div>[\/vc_column][\/vc_row][vc_row][vc_column]<h3 class=\"eut-element eut-title eut-align-center eut-animated-item eut-fade-in eut-duration-normal eut-h5\" style=\"\" data-delay=\"200\"><span><br>\n<h5 class=\"eut-element eut-title eut-align-center eut-animated-item eut-zoom-in eut-duration-normal eut-h4 eut-animated\" data-delay=\"200\">Descubre todas nuestras soluciones.<\/h5>\n<\/span><\/h3><div class=\"eut-empty-space eut-height-1x\" style=\"\"><\/div>[vc_raw_html css=\u00bb\u00bb]W3NlcnZpY2Vib3hfc2MgaWQ9IjkzNDQiXQ==[\/vc_raw_html][\/vc_column][\/vc_row]<\/p>\n<\/div>","protected":false},"excerpt":{"rendered":"<p>Prestamos servicios de consultor\u00eda, que incluyen la creaci\u00f3n de empresas, el desarrollo de negocios, soluciones de propiedad intelectual, asistencia en tr\u00e1mites administrativos, estrategia RSC e internacionalizaci\u00f3n, entre otros. <\/p>\n","protected":false},"author":3,"featured_media":9475,"parent":5685,"menu_order":0,"comment_status":"closed","ping_status":"closed","template":"","meta":{"footnotes":""},"class_list":["post-9308","page","type-page","status-publish","has-post-thumbnail","hentry"],"yoast_head":"<!-- This site is optimized with the Yoast SEO plugin v27.4 - https:\/\/yoast.com\/product\/yoast-seo-wordpress\/ -->\n<title>Constituci\u00f3n de empresas en Luxemburgo | Soporte estrategico &amp; personalizado<\/title>\n<meta name=\"description\" content=\"Pon en marcha tu empresa en Luxemburgo con la orientaci\u00f3n de expertos. Te ayudamos con la concesi\u00f3n de licencias, la banca, las fiduciarias y las ayudas p\u00fablicas. Reserva ahora una consulta gratuita.\" \/>\n<meta name=\"robots\" content=\"index, follow, max-snippet:-1, max-image-preview:large, max-video-preview:-1\" \/>\n<link rel=\"canonical\" href=\"https:\/\/planinlux.lu\/es\/soluciones\/constitucion-de-empresas-en-luxemburgo\/\" \/>\n<meta property=\"og:locale\" content=\"es_ES\" \/>\n<meta property=\"og:type\" content=\"article\" \/>\n<meta property=\"og:title\" content=\"Constituci\u00f3n de empresas en Luxemburgo | PlaninLux | consultor\u00eda sostenible\" \/>\n<meta property=\"og:description\" content=\"Ofrecemos servicios de consultor\u00eda, incluyendo el asesoramiento, la definici\u00f3n de estrategias RSC, su implementaci\u00f3n, gesti\u00f3n del cambio, internacionalizaci\u00f3n y obtenci\u00f3n de certificaciones.\" \/>\n<meta property=\"og:url\" content=\"https:\/\/planinlux.lu\/es\/soluciones\/constitucion-de-empresas-en-luxemburgo\/\" \/>\n<meta property=\"og:site_name\" content=\"PlaninLux\" \/>\n<meta property=\"article:modified_time\" content=\"2025-07-07T19:18:26+00:00\" \/>\n<meta property=\"og:image\" content=\"https:\/\/planinlux.lu\/wp-content\/uploads\/2020\/10\/Planinlux-Sustainable-Consulting-TRANSPARENTE.png\" \/>\n<meta name=\"twitter:card\" content=\"summary_large_image\" \/>\n<meta name=\"twitter:title\" content=\"Constituci\u00f3n de empresas en Luxemburgo | PlaninLux | consultor\u00eda sostenible\" \/>\n<meta name=\"twitter:description\" content=\"Ofrecemos servicios de consultor\u00eda, incluyendo el asesoramiento, la definici\u00f3n de estrategias RSC, su implementaci\u00f3n, gesti\u00f3n del cambio, internacionalizaci\u00f3n y obtenci\u00f3n de certificaciones.\" \/>\n<meta name=\"twitter:image\" content=\"https:\/\/planinlux.lu\/wp-content\/uploads\/2020\/10\/Planinlux-Sustainable-Consulting-TRANSPARENTE.png\" \/>\n<meta name=\"twitter:label1\" content=\"Tiempo de lectura\" \/>\n\t<meta name=\"twitter:data1\" content=\"6 minutos\" \/>\n<script type=\"application\/ld+json\" class=\"yoast-schema-graph\">{\"@context\":\"https:\\\/\\\/schema.org\",\"@graph\":[{\"@type\":\"WebPage\",\"@id\":\"https:\\\/\\\/planinlux.lu\\\/es\\\/soluciones\\\/constitucion-de-empresas-en-luxemburgo\\\/\",\"url\":\"https:\\\/\\\/planinlux.lu\\\/es\\\/soluciones\\\/constitucion-de-empresas-en-luxemburgo\\\/\",\"name\":\"Constituci\u00f3n de empresas en Luxemburgo | Soporte estrategico & personalizado\",\"isPartOf\":{\"@id\":\"https:\\\/\\\/planinlux.lu\\\/es\\\/#website\"},\"primaryImageOfPage\":{\"@id\":\"https:\\\/\\\/planinlux.lu\\\/es\\\/soluciones\\\/constitucion-de-empresas-en-luxemburgo\\\/#primaryimage\"},\"image\":{\"@id\":\"https:\\\/\\\/planinlux.lu\\\/es\\\/soluciones\\\/constitucion-de-empresas-en-luxemburgo\\\/#primaryimage\"},\"thumbnailUrl\":\"https:\\\/\\\/planinlux.lu\\\/wp-content\\\/uploads\\\/2025\\\/07\\\/Constitucion-de-empresas-en-Luxemburgo-Planinlux-1-scaled.png\",\"datePublished\":\"2025-07-02T14:07:22+00:00\",\"dateModified\":\"2025-07-07T19:18:26+00:00\",\"description\":\"Pon en marcha tu empresa en Luxemburgo con la orientaci\u00f3n de expertos. Te ayudamos con la concesi\u00f3n de licencias, la banca, las fiduciarias y las ayudas p\u00fablicas. Reserva ahora una consulta gratuita.\",\"breadcrumb\":{\"@id\":\"https:\\\/\\\/planinlux.lu\\\/es\\\/soluciones\\\/constitucion-de-empresas-en-luxemburgo\\\/#breadcrumb\"},\"inLanguage\":\"es\",\"potentialAction\":[{\"@type\":\"ReadAction\",\"target\":[\"https:\\\/\\\/planinlux.lu\\\/es\\\/soluciones\\\/constitucion-de-empresas-en-luxemburgo\\\/\"]}]},{\"@type\":\"ImageObject\",\"inLanguage\":\"es\",\"@id\":\"https:\\\/\\\/planinlux.lu\\\/es\\\/soluciones\\\/constitucion-de-empresas-en-luxemburgo\\\/#primaryimage\",\"url\":\"https:\\\/\\\/planinlux.lu\\\/wp-content\\\/uploads\\\/2025\\\/07\\\/Constitucion-de-empresas-en-Luxemburgo-Planinlux-1-scaled.png\",\"contentUrl\":\"https:\\\/\\\/planinlux.lu\\\/wp-content\\\/uploads\\\/2025\\\/07\\\/Constitucion-de-empresas-en-Luxemburgo-Planinlux-1-scaled.png\",\"width\":2560,\"height\":1708},{\"@type\":\"BreadcrumbList\",\"@id\":\"https:\\\/\\\/planinlux.lu\\\/es\\\/soluciones\\\/constitucion-de-empresas-en-luxemburgo\\\/#breadcrumb\",\"itemListElement\":[{\"@type\":\"ListItem\",\"position\":1,\"name\":\"Home\",\"item\":\"https:\\\/\\\/planinlux.lu\\\/es\\\/home-2\\\/\"},{\"@type\":\"ListItem\",\"position\":2,\"name\":\"Soluciones\",\"item\":\"https:\\\/\\\/planinlux.lu\\\/es\\\/soluciones\\\/\"},{\"@type\":\"ListItem\",\"position\":3,\"name\":\"Constituci\u00f3n de empresas en Luxemburgo\"}]},{\"@type\":\"WebSite\",\"@id\":\"https:\\\/\\\/planinlux.lu\\\/es\\\/#website\",\"url\":\"https:\\\/\\\/planinlux.lu\\\/es\\\/\",\"name\":\"PlaninLux\",\"description\":\"Business Solutions\",\"publisher\":{\"@id\":\"https:\\\/\\\/planinlux.lu\\\/es\\\/#organization\"},\"potentialAction\":[{\"@type\":\"SearchAction\",\"target\":{\"@type\":\"EntryPoint\",\"urlTemplate\":\"https:\\\/\\\/planinlux.lu\\\/es\\\/?s={search_term_string}\"},\"query-input\":{\"@type\":\"PropertyValueSpecification\",\"valueRequired\":true,\"valueName\":\"search_term_string\"}}],\"inLanguage\":\"es\"},{\"@type\":\"Organization\",\"@id\":\"https:\\\/\\\/planinlux.lu\\\/es\\\/#organization\",\"name\":\"PlaninLux\",\"url\":\"https:\\\/\\\/planinlux.lu\\\/es\\\/\",\"logo\":{\"@type\":\"ImageObject\",\"inLanguage\":\"es\",\"@id\":\"https:\\\/\\\/planinlux.lu\\\/es\\\/#\\\/schema\\\/logo\\\/image\\\/\",\"url\":\"\",\"contentUrl\":\"\",\"caption\":\"PlaninLux\"},\"image\":{\"@id\":\"https:\\\/\\\/planinlux.lu\\\/es\\\/#\\\/schema\\\/logo\\\/image\\\/\"},\"sameAs\":[\"https:\\\/\\\/www.linkedin.com\\\/company\\\/planinlux\\\/\"]}]}<\/script>\n<!-- \/ Yoast SEO plugin. -->","yoast_head_json":{"title":"Constituci\u00f3n de empresas en Luxemburgo | Soporte estrategico & personalizado","description":"Pon en marcha tu empresa en Luxemburgo con la orientaci\u00f3n de expertos. Te ayudamos con la concesi\u00f3n de licencias, la banca, las fiduciarias y las ayudas p\u00fablicas. Reserva ahora una consulta gratuita.","robots":{"index":"index","follow":"follow","max-snippet":"max-snippet:-1","max-image-preview":"max-image-preview:large","max-video-preview":"max-video-preview:-1"},"canonical":"https:\/\/planinlux.lu\/es\/soluciones\/constitucion-de-empresas-en-luxemburgo\/","og_locale":"es_ES","og_type":"article","og_title":"Constituci\u00f3n de empresas en Luxemburgo | PlaninLux | consultor\u00eda sostenible","og_description":"Ofrecemos servicios de consultor\u00eda, incluyendo el asesoramiento, la definici\u00f3n de estrategias RSC, su implementaci\u00f3n, gesti\u00f3n del cambio, internacionalizaci\u00f3n y obtenci\u00f3n de certificaciones.","og_url":"https:\/\/planinlux.lu\/es\/soluciones\/constitucion-de-empresas-en-luxemburgo\/","og_site_name":"PlaninLux","article_modified_time":"2025-07-07T19:18:26+00:00","og_image":[{"url":"https:\/\/planinlux.lu\/wp-content\/uploads\/2020\/10\/Planinlux-Sustainable-Consulting-TRANSPARENTE.png","type":"","width":"","height":""}],"twitter_card":"summary_large_image","twitter_title":"Constituci\u00f3n de empresas en Luxemburgo | PlaninLux | consultor\u00eda sostenible","twitter_description":"Ofrecemos servicios de consultor\u00eda, incluyendo el asesoramiento, la definici\u00f3n de estrategias RSC, su implementaci\u00f3n, gesti\u00f3n del cambio, internacionalizaci\u00f3n y obtenci\u00f3n de certificaciones.","twitter_image":"https:\/\/planinlux.lu\/wp-content\/uploads\/2020\/10\/Planinlux-Sustainable-Consulting-TRANSPARENTE.png","twitter_misc":{"Tiempo de lectura":"6 minutos"},"schema":{"@context":"https:\/\/schema.org","@graph":[{"@type":"WebPage","@id":"https:\/\/planinlux.lu\/es\/soluciones\/constitucion-de-empresas-en-luxemburgo\/","url":"https:\/\/planinlux.lu\/es\/soluciones\/constitucion-de-empresas-en-luxemburgo\/","name":"Constituci\u00f3n de empresas en Luxemburgo | Soporte estrategico & personalizado","isPartOf":{"@id":"https:\/\/planinlux.lu\/es\/#website"},"primaryImageOfPage":{"@id":"https:\/\/planinlux.lu\/es\/soluciones\/constitucion-de-empresas-en-luxemburgo\/#primaryimage"},"image":{"@id":"https:\/\/planinlux.lu\/es\/soluciones\/constitucion-de-empresas-en-luxemburgo\/#primaryimage"},"thumbnailUrl":"https:\/\/planinlux.lu\/wp-content\/uploads\/2025\/07\/Constitucion-de-empresas-en-Luxemburgo-Planinlux-1-scaled.png","datePublished":"2025-07-02T14:07:22+00:00","dateModified":"2025-07-07T19:18:26+00:00","description":"Pon en marcha tu empresa en Luxemburgo con la orientaci\u00f3n de expertos. Te ayudamos con la concesi\u00f3n de licencias, la banca, las fiduciarias y las ayudas p\u00fablicas. Reserva ahora una consulta gratuita.","breadcrumb":{"@id":"https:\/\/planinlux.lu\/es\/soluciones\/constitucion-de-empresas-en-luxemburgo\/#breadcrumb"},"inLanguage":"es","potentialAction":[{"@type":"ReadAction","target":["https:\/\/planinlux.lu\/es\/soluciones\/constitucion-de-empresas-en-luxemburgo\/"]}]},{"@type":"ImageObject","inLanguage":"es","@id":"https:\/\/planinlux.lu\/es\/soluciones\/constitucion-de-empresas-en-luxemburgo\/#primaryimage","url":"https:\/\/planinlux.lu\/wp-content\/uploads\/2025\/07\/Constitucion-de-empresas-en-Luxemburgo-Planinlux-1-scaled.png","contentUrl":"https:\/\/planinlux.lu\/wp-content\/uploads\/2025\/07\/Constitucion-de-empresas-en-Luxemburgo-Planinlux-1-scaled.png","width":2560,"height":1708},{"@type":"BreadcrumbList","@id":"https:\/\/planinlux.lu\/es\/soluciones\/constitucion-de-empresas-en-luxemburgo\/#breadcrumb","itemListElement":[{"@type":"ListItem","position":1,"name":"Home","item":"https:\/\/planinlux.lu\/es\/home-2\/"},{"@type":"ListItem","position":2,"name":"Soluciones","item":"https:\/\/planinlux.lu\/es\/soluciones\/"},{"@type":"ListItem","position":3,"name":"Constituci\u00f3n de empresas en Luxemburgo"}]},{"@type":"WebSite","@id":"https:\/\/planinlux.lu\/es\/#website","url":"https:\/\/planinlux.lu\/es\/","name":"PlaninLux","description":"Business Solutions","publisher":{"@id":"https:\/\/planinlux.lu\/es\/#organization"},"potentialAction":[{"@type":"SearchAction","target":{"@type":"EntryPoint","urlTemplate":"https:\/\/planinlux.lu\/es\/?s={search_term_string}"},"query-input":{"@type":"PropertyValueSpecification","valueRequired":true,"valueName":"search_term_string"}}],"inLanguage":"es"},{"@type":"Organization","@id":"https:\/\/planinlux.lu\/es\/#organization","name":"PlaninLux","url":"https:\/\/planinlux.lu\/es\/","logo":{"@type":"ImageObject","inLanguage":"es","@id":"https:\/\/planinlux.lu\/es\/#\/schema\/logo\/image\/","url":"","contentUrl":"","caption":"PlaninLux"},"image":{"@id":"https:\/\/planinlux.lu\/es\/#\/schema\/logo\/image\/"},"sameAs":["https:\/\/www.linkedin.com\/company\/planinlux\/"]}]}},"_links":{"self":[{"href":"https:\/\/planinlux.lu\/es\/wp-json\/wp\/v2\/pages\/9308","targetHints":{"allow":["GET"]}}],"collection":[{"href":"https:\/\/planinlux.lu\/es\/wp-json\/wp\/v2\/pages"}],"about":[{"href":"https:\/\/planinlux.lu\/es\/wp-json\/wp\/v2\/types\/page"}],"author":[{"embeddable":true,"href":"https:\/\/planinlux.lu\/es\/wp-json\/wp\/v2\/users\/3"}],"replies":[{"embeddable":true,"href":"https:\/\/planinlux.lu\/es\/wp-json\/wp\/v2\/comments?post=9308"}],"version-history":[{"count":4,"href":"https:\/\/planinlux.lu\/es\/wp-json\/wp\/v2\/pages\/9308\/revisions"}],"predecessor-version":[{"id":9528,"href":"https:\/\/planinlux.lu\/es\/wp-json\/wp\/v2\/pages\/9308\/revisions\/9528"}],"up":[{"embeddable":true,"href":"https:\/\/planinlux.lu\/es\/wp-json\/wp\/v2\/pages\/5685"}],"wp:featuredmedia":[{"embeddable":true,"href":"https:\/\/planinlux.lu\/es\/wp-json\/wp\/v2\/media\/9475"}],"wp:attachment":[{"href":"https:\/\/planinlux.lu\/es\/wp-json\/wp\/v2\/media?parent=9308"}],"curies":[{"name":"wp","href":"https:\/\/api.w.org\/{rel}","templated":true}]}}