{"id":6067,"date":"2021-05-22T15:48:03","date_gmt":"2021-05-22T15:48:03","guid":{"rendered":"https:\/\/planinlux.lu\/recursos\/guia-de-compromisos-rsc-en-luxemburgo\/"},"modified":"2024-02-13T18:23:07","modified_gmt":"2024-02-13T18:23:07","slug":"guia-de-compromisos-rsc-en-luxemburgo","status":"publish","type":"page","link":"https:\/\/planinlux.lu\/es\/recursos\/guia-de-compromisos-rsc-en-luxemburgo\/","title":{"rendered":"Gu\u00eda de compromisos RSC en Luxemburgo"},"content":{"rendered":"<div class=\"wpb-content-wrapper\"><p>[vc_row padding_top_multiplier=\u00bb6x\u00bb padding_bottom_multiplier=\u00bb3x\u00bb][vc_column width=\u00bb5\/12&#8243; tablet_sm_width=\u00bb1&#8243;]<h5 class=\"eut-element eut-title eut-align-left eut-animated-item eut-fade-in-left eut-duration-normal eut-h4\" style=\"\" data-delay=\"200\"><span>Gu\u00eda de compromisos RSC en Luxemburgo<\/span><\/h5>[vc_column_text](Disponible exclusivamente en franc\u00e9s)[\/vc_column_text]<div class=\"eut-empty-space eut-height-2x\" style=\"\"><\/div>[\/vc_column][vc_column width=\u00bb7\/12&#8243; tablet_sm_width=\u00bb1&#8243;][vc_column_text text_style=\u00bbleader-text\u00bb animation=\u00bbeut-fade-in-right\u00bb]Esta gu\u00eda ha sido elaborada para ayudar a las organizaciones a comprender mejor los certificados, compromisos y reglamentos existentes en Luxemburgo para evaluar y potenciar sus iniciativas en materia de RSC.[\/vc_column_text]<div class=\"eut-element eut-divider eut-animated-item eut-fade-in-right eut-duration-normal eut-align-left\" style=\"padding-top: 30px;padding-bottom: 36px;\" data-delay=\"400\"><span class=\"eut-custom-divider eut-bg-primary-1\" style=\"width: 96px;height: 2px;\"><\/span><\/div>[vc_column_text animation=\u00bbeut-fade-in-right\u00bb animation_delay=\u00bb600&#8243;]Los principales objetivos de la gu\u00eda son:<\/p>\n<ul>\n<li>Proporcionar una visi\u00f3n general de la funci\u00f3n de las certificaciones, compromisos y reglamentos nacionales, as\u00ed como de todas las cuestiones relacionadas con su desarrollo.<\/li>\n<li>Promover las iniciativas locales en materia de RSC.<\/li>\n<li>Permitir a las organizaciones formalizar y mejorar sus iniciativas de RSC a lo largo del tiempo.<\/li>\n<li>Evitar el greenwashing y promover la transparencia.<\/li>\n<\/ul>\n<p>Est\u00e1 dirigida a:<\/p>\n<ul>\n<li>Tanto a principiantes como a profesionales con experiencia en materia de RSC,<\/li>\n<li>y a todas aquellas personas que deseen conocer los compromisos que implican cada una de las certificaciones, y as\u00ed aplicar criterios de RSC en su proceso de selecci\u00f3n de productos, servicios y proveedores.<\/li>\n<\/ul>\n<p>[\/vc_column_text][\/vc_column][\/vc_row][vc_row padding_bottom_multiplier=\u00bb\u00bb][vc_column]<div class=\"eut-empty-space eut-height-1x\" style=\"\"><\/div>[\/vc_column][\/vc_row][vc_row padding_top_multiplier=\u00bb\u00bb padding_bottom_multiplier=\u00bb3x\u00bb columns_gap=\u00bb20&#8243; separator_top=\u00bbtilt-left-separator\u00bb font_color=\u00bb#000000&#8243;][vc_column width=\u00bb5\/12&#8243;]<div class=\"eut-element eut-image eut-align-center\" style=\"\">  <div class=\"eut-image-wrapper\"><img loading=\"lazy\" decoding=\"async\" width=\"560\" height=\"560\" src=\"https:\/\/planinlux.lu\/wp-content\/uploads\/2021\/08\/Guide-RSE-1-560x560.png\" class=\"attachment-fildisi-eutf-small-square size-fildisi-eutf-small-square\" alt=\"\" srcset=\"https:\/\/planinlux.lu\/wp-content\/uploads\/2021\/08\/Guide-RSE-1-560x560.png 560w, https:\/\/planinlux.lu\/wp-content\/uploads\/2021\/08\/Guide-RSE-1-150x150.png 150w, https:\/\/planinlux.lu\/wp-content\/uploads\/2021\/08\/Guide-RSE-1-900x900.png 900w, https:\/\/planinlux.lu\/wp-content\/uploads\/2021\/08\/Guide-RSE-1-300x300.png 300w, https:\/\/planinlux.lu\/wp-content\/uploads\/2021\/08\/Guide-RSE-1-100x100.png 100w\" sizes=\"auto, (max-width: 560px) 100vw, 560px\" \/>   <\/div><\/div>[\/vc_column][vc_column width=\u00bb7\/12&#8243;][vc_column_text animation=\u00bbeut-fade-in-right\u00bb animation_delay=\u00bb600&#8243;]<strong>Descarga la gu\u00eda<\/strong><\/p>\n<p>Completa el siguiente formulario y le enviaremos la publicaci\u00f3n por correo electr\u00f3nico[\/vc_column_text]<div class=\"eut-empty-space eut-height-1x\" style=\"\"><\/div><style id=\"wpforms-css-vars-7830\">\n\t\t\t\t#wpforms-7830 {\n\t\t\t\t\n\t\t\t}\n\t\t\t<\/style><div class=\"wpforms-container wpforms-container-full wpforms-render-modern\" id=\"wpforms-7830\"><form id=\"wpforms-form-7830\" class=\"wpforms-validate wpforms-form wpforms-ajax-form\" data-formid=\"7830\" method=\"post\" enctype=\"multipart\/form-data\" action=\"\/es\/wp-json\/wp\/v2\/pages\/6067\" data-token=\"cf5818688cb98ad89491f3fdf0d42627\" data-token-time=\"1776489650\"><noscript class=\"wpforms-error-noscript\">Por favor, activa JavaScript en tu navegador para completar este formulario.<\/noscript><div id=\"wpforms-error-noscript\" style=\"display: none;\">Por favor, activa JavaScript en tu navegador para completar este formulario.<\/div><div class=\"wpforms-field-container\"><div id=\"wpforms-7830-field_0-container\" class=\"wpforms-field wpforms-field-name\" data-field-id=\"0\"><fieldset><legend class=\"wpforms-field-label\">Nombre y apellidos <span class=\"wpforms-required-label\" aria-hidden=\"true\">*<\/span><\/legend><div class=\"wpforms-field-row wpforms-field-large\"><div class=\"wpforms-field-row-block wpforms-first wpforms-one-half\"><input type=\"text\" id=\"wpforms-7830-field_0\" class=\"wpforms-field-name-first wpforms-field-required\" name=\"wpforms[fields][0][first]\" aria-errormessage=\"wpforms-7830-field_0-error\" required><label for=\"wpforms-7830-field_0\" class=\"wpforms-field-sublabel after\">Nombre<\/label><\/div><div class=\"wpforms-field-row-block wpforms-one-half\"><input type=\"text\" id=\"wpforms-7830-field_0-last\" class=\"wpforms-field-name-last wpforms-field-required\" name=\"wpforms[fields][0][last]\" aria-errormessage=\"wpforms-7830-field_0-last-error\" required><label for=\"wpforms-7830-field_0-last\" class=\"wpforms-field-sublabel after\">Apellido\/s<\/label><\/div><\/div><\/fieldset><\/div><div id=\"wpforms-7830-field_1-container\" class=\"wpforms-field wpforms-field-email\" data-field-id=\"1\"><fieldset><legend class=\"wpforms-field-label\">Email <span class=\"wpforms-required-label\" aria-hidden=\"true\">*<\/span><\/legend><div class=\"wpforms-field-row wpforms-field-large\"><div class=\"wpforms-field-row-block wpforms-one-half wpforms-first\"><input type=\"email\" id=\"wpforms-7830-field_1\" class=\"wpforms-field-required wpforms-field-email-primary\" name=\"wpforms[fields][1][primary]\" spellcheck=\"false\" aria-errormessage=\"wpforms-7830-field_1-error\" required><label for=\"wpforms-7830-field_1\" class=\"wpforms-field-sublabel after\">Correo electr\u00f3nico<\/label><\/div><div class=\"wpforms-field-row-block wpforms-one-half\"><input type=\"email\" id=\"wpforms-7830-field_1-secondary\" class=\"wpforms-field-email-secondary wpforms-field-required\" data-rule-confirm=\"#wpforms-7830-field_1\" name=\"wpforms[fields][1][secondary]\" spellcheck=\"false\" aria-errormessage=\"wpforms-7830-field_1-secondary-error\" required><label for=\"wpforms-7830-field_1-secondary\" class=\"wpforms-field-sublabel after\">Confirmar el correo electr\u00f3nico<\/label><\/div><\/div><\/fieldset><\/div><div id=\"wpforms-7830-field_6-container\" class=\"wpforms-field wpforms-field-text\" data-field-id=\"6\"><label class=\"wpforms-field-label\" for=\"wpforms-7830-field_6\">Empresa<\/label><input type=\"text\" id=\"wpforms-7830-field_6\" class=\"wpforms-field-large\" name=\"wpforms[fields][6]\" aria-errormessage=\"wpforms-7830-field_6-error\" ><\/div><div id=\"wpforms-7830-field_7-container\" class=\"wpforms-field wpforms-field-text\" data-field-id=\"7\"><label class=\"wpforms-field-label\" for=\"wpforms-7830-field_7\">Pa\u00eds <span class=\"wpforms-required-label\" aria-hidden=\"true\">*<\/span><\/label><input type=\"text\" id=\"wpforms-7830-field_7\" class=\"wpforms-field-large wpforms-field-required\" name=\"wpforms[fields][7]\" aria-errormessage=\"wpforms-7830-field_7-error\" required><\/div><div id=\"wpforms-7830-field_4-container\" class=\"wpforms-field wpforms-field-checkbox\" data-field-id=\"4\"><fieldset><legend class=\"wpforms-field-label wpforms-label-hide\" aria-hidden=\"false\">Checkboxes <span class=\"wpforms-required-label\" aria-hidden=\"true\">*<\/span><\/legend><ul id=\"wpforms-7830-field_4\" class=\"wpforms-field-required\"><li class=\"choice-1 depth-1\"><input type=\"checkbox\" id=\"wpforms-7830-field_4_1\" name=\"wpforms[fields][4][]\" value=\"He le\u00eddo la pol\u00edtica de privacidad y acepto el tratamiento de los datos personales de acuerdo con la misma\" aria-errormessage=\"wpforms-7830-field_4_1-error\" required ><label class=\"wpforms-field-label-inline\" for=\"wpforms-7830-field_4_1\">He le\u00eddo la pol\u00edtica de privacidad y acepto el tratamiento de los datos personales de acuerdo con la misma<\/label><\/li><\/ul><\/fieldset><\/div><\/div><!-- .wpforms-field-container --><div class=\"wpforms-recaptcha-container wpforms-is-recaptcha wpforms-is-recaptcha-type-v3\" ><input type=\"hidden\" name=\"wpforms[recaptcha]\" value=\"\"><\/div><div class=\"wpforms-submit-container\" ><input type=\"hidden\" name=\"wpforms[id]\" value=\"7830\"><input type=\"hidden\" name=\"page_title\" value=\"\"><input type=\"hidden\" name=\"page_url\" value=\"https:\/\/planinlux.lu\/es\/wp-json\/wp\/v2\/pages\/6067\"><input type=\"hidden\" name=\"url_referer\" value=\"\"><button type=\"submit\" name=\"wpforms[submit]\" id=\"wpforms-submit-7830\" class=\"wpforms-submit\" data-alt-text=\"Enviando...\" data-submit-text=\"Descargue la gu\u00eda\" aria-live=\"assertive\" value=\"wpforms-submit\">Descargue la gu\u00eda<\/button><img loading=\"lazy\" decoding=\"async\" src=\"https:\/\/planinlux.lu\/wp-content\/plugins\/wpforms\/assets\/images\/submit-spin.svg\" class=\"wpforms-submit-spinner\" style=\"display: none;\" width=\"26\" height=\"26\" alt=\"Cargando\"><\/div><\/form><\/div>  <!-- .wpforms-container -->[\/vc_column][\/vc_row][vc_row padding_top_multiplier=\u00bb\u00bb padding_bottom_multiplier=\u00bb\u00bb][vc_column]<div class=\"eut-empty-space eut-height-4x\" style=\"\"><\/div>[\/vc_column][\/vc_row][vc_row bg_type=\u00bbcolor\u00bb padding_top_multiplier=\u00bb2x\u00bb padding_bottom_multiplier=\u00bb\u00bb columns_gap=\u00bb40&#8243; font_color=\u00bb#ffffff\u00bb bg_color=\u00bb#2ac187&#8243;][vc_column css=\u00bb.vc_custom_1631974279754{padding-top: 40px !important;padding-bottom: 60px !important;}\u00bb][vc_column_text text_style=\u00bbleader-text\u00bb]<\/p>\n<p style=\"text-align: center;\">S\u00edguenos en LinkedIn para estar informado del lanzamiento de nuevas publicaciones<\/p>\n<p>[\/vc_column_text]<div class=\"eut-empty-space eut-height-1x\" style=\"\"><\/div>\t\t\t<div class=\"eut-element eut-social eut-align-center\" style=\"\">\r\n\t\t\t\t<ul>\r\n\t\t\t\t\t\t\t\t\t\t\t<li>\r\n\t\t\t\t\t\t\t\t<a href=\"https:\/\/www.linkedin.com\/company\/planinlux\/\" class=\"eut-medium eut-circle eut-with-shape eut-simple eut-bg-white\" target=\"_blank\" rel=\"noopener noreferrer\">\r\n\t\t\t\t\t\t\t\t\t<i class=\"eut-text-primary-1 fab fa-linkedin-in\"><\/i>\r\n\t\t\t\t\t\t\t\t<\/a>\r\n\t\t\t\t\t\t\t<\/li>\r\n\t\t\t\t\t\t\t\t<\/ul>\r\n\t\t\t<\/div>\r\n\t\t[\/vc_column][\/vc_row]<\/p>\n<\/div>","protected":false},"excerpt":{"rendered":"<p>La mejor gu\u00eda sobre compromisos en materia de RSE en Luxemburgo<\/p>\n","protected":false},"author":3,"featured_media":5901,"parent":6061,"menu_order":0,"comment_status":"closed","ping_status":"closed","template":"","meta":{"footnotes":""},"class_list":["post-6067","page","type-page","status-publish","has-post-thumbnail","hentry"],"yoast_head":"<!-- This site is optimized with the Yoast SEO plugin v27.4 - https:\/\/yoast.com\/product\/yoast-seo-wordpress\/ -->\n<title>La mejor gu\u00eda sobre compromisos en materia de RSE en Luxemburgo<\/title>\n<meta name=\"description\" content=\"Esta gu\u00eda ha sido elaborada para ayudar a las organizaciones a comprender mejor los certificados, compromisos y reglamentos existentes en Luxemburgo para evaluar y potenciar sus iniciativas en materia de RSC.\" \/>\n<meta name=\"robots\" content=\"index, follow, max-snippet:-1, max-image-preview:large, max-video-preview:-1\" \/>\n<link rel=\"canonical\" href=\"https:\/\/planinlux.lu\/es\/recursos\/guia-de-compromisos-rsc-en-luxemburgo\/\" \/>\n<meta property=\"og:locale\" content=\"es_ES\" \/>\n<meta property=\"og:type\" content=\"article\" \/>\n<meta property=\"og:title\" content=\"Gu\u00eda de compromisos RSC en Luxemburgo | PlaninLux | Soluciones Sostenibles\" \/>\n<meta property=\"og:description\" content=\"Esta gu\u00eda ha sido elaborada para ayudar a las organizaciones a comprender mejor los certificados, compromisos y reglamentos existentes en Luxemburgo para evaluar y potenciar sus iniciativas en materia de RSC.\" \/>\n<meta property=\"og:url\" content=\"https:\/\/planinlux.lu\/es\/recursos\/guia-de-compromisos-rsc-en-luxemburgo\/\" \/>\n<meta property=\"og:site_name\" content=\"PlaninLux\" \/>\n<meta property=\"article:modified_time\" content=\"2024-02-13T18:23:07+00:00\" \/>\n<meta property=\"og:image\" content=\"https:\/\/planinlux.lu\/wp-content\/uploads\/2020\/10\/Planinlux-Sustainable-Consulting-TRANSPARENTE.png\" \/>\n<meta name=\"twitter:card\" content=\"summary_large_image\" \/>\n<meta name=\"twitter:title\" content=\"Gu\u00eda de compromisos RSC en Luxemburgo | PlaninLux | Soluciones Sostenibles\" \/>\n<meta name=\"twitter:description\" content=\"Esta gu\u00eda ha sido elaborada para ayudar a las organizaciones a comprender mejor los certificados, compromisos y reglamentos existentes en Luxemburgo para evaluar y potenciar sus iniciativas en materia de RSC.\" \/>\n<meta name=\"twitter:image\" content=\"https:\/\/planinlux.lu\/wp-content\/uploads\/2020\/10\/Planinlux-Sustainable-Consulting-TRANSPARENTE.png\" \/>\n<meta name=\"twitter:label1\" content=\"Tiempo de lectura\" \/>\n\t<meta name=\"twitter:data1\" content=\"2 minutos\" \/>\n<script type=\"application\/ld+json\" class=\"yoast-schema-graph\">{\"@context\":\"https:\\\/\\\/schema.org\",\"@graph\":[{\"@type\":\"WebPage\",\"@id\":\"https:\\\/\\\/planinlux.lu\\\/es\\\/recursos\\\/guia-de-compromisos-rsc-en-luxemburgo\\\/\",\"url\":\"https:\\\/\\\/planinlux.lu\\\/es\\\/recursos\\\/guia-de-compromisos-rsc-en-luxemburgo\\\/\",\"name\":\"La mejor gu\u00eda sobre compromisos en materia de RSE en Luxemburgo\",\"isPartOf\":{\"@id\":\"https:\\\/\\\/planinlux.lu\\\/es\\\/#website\"},\"primaryImageOfPage\":{\"@id\":\"https:\\\/\\\/planinlux.lu\\\/es\\\/recursos\\\/guia-de-compromisos-rsc-en-luxemburgo\\\/#primaryimage\"},\"image\":{\"@id\":\"https:\\\/\\\/planinlux.lu\\\/es\\\/recursos\\\/guia-de-compromisos-rsc-en-luxemburgo\\\/#primaryimage\"},\"thumbnailUrl\":\"https:\\\/\\\/planinlux.lu\\\/wp-content\\\/uploads\\\/2021\\\/08\\\/Guide-RSE-1.png\",\"datePublished\":\"2021-05-22T15:48:03+00:00\",\"dateModified\":\"2024-02-13T18:23:07+00:00\",\"description\":\"Esta gu\u00eda ha sido elaborada para ayudar a las organizaciones a comprender mejor los certificados, compromisos y reglamentos existentes en Luxemburgo para evaluar y potenciar sus iniciativas en materia de RSC.\",\"breadcrumb\":{\"@id\":\"https:\\\/\\\/planinlux.lu\\\/es\\\/recursos\\\/guia-de-compromisos-rsc-en-luxemburgo\\\/#breadcrumb\"},\"inLanguage\":\"es\",\"potentialAction\":[{\"@type\":\"ReadAction\",\"target\":[\"https:\\\/\\\/planinlux.lu\\\/es\\\/recursos\\\/guia-de-compromisos-rsc-en-luxemburgo\\\/\"]}]},{\"@type\":\"ImageObject\",\"inLanguage\":\"es\",\"@id\":\"https:\\\/\\\/planinlux.lu\\\/es\\\/recursos\\\/guia-de-compromisos-rsc-en-luxemburgo\\\/#primaryimage\",\"url\":\"https:\\\/\\\/planinlux.lu\\\/wp-content\\\/uploads\\\/2021\\\/08\\\/Guide-RSE-1.png\",\"contentUrl\":\"https:\\\/\\\/planinlux.lu\\\/wp-content\\\/uploads\\\/2021\\\/08\\\/Guide-RSE-1.png\",\"width\":4000,\"height\":4583},{\"@type\":\"BreadcrumbList\",\"@id\":\"https:\\\/\\\/planinlux.lu\\\/es\\\/recursos\\\/guia-de-compromisos-rsc-en-luxemburgo\\\/#breadcrumb\",\"itemListElement\":[{\"@type\":\"ListItem\",\"position\":1,\"name\":\"Home\",\"item\":\"https:\\\/\\\/planinlux.lu\\\/es\\\/home-2\\\/\"},{\"@type\":\"ListItem\",\"position\":2,\"name\":\"Recursos\",\"item\":\"https:\\\/\\\/planinlux.lu\\\/es\\\/recursos\\\/\"},{\"@type\":\"ListItem\",\"position\":3,\"name\":\"Gu\u00eda de compromisos RSC en Luxemburgo\"}]},{\"@type\":\"WebSite\",\"@id\":\"https:\\\/\\\/planinlux.lu\\\/es\\\/#website\",\"url\":\"https:\\\/\\\/planinlux.lu\\\/es\\\/\",\"name\":\"PlaninLux\",\"description\":\"Business Solutions\",\"publisher\":{\"@id\":\"https:\\\/\\\/planinlux.lu\\\/es\\\/#organization\"},\"potentialAction\":[{\"@type\":\"SearchAction\",\"target\":{\"@type\":\"EntryPoint\",\"urlTemplate\":\"https:\\\/\\\/planinlux.lu\\\/es\\\/?s={search_term_string}\"},\"query-input\":{\"@type\":\"PropertyValueSpecification\",\"valueRequired\":true,\"valueName\":\"search_term_string\"}}],\"inLanguage\":\"es\"},{\"@type\":\"Organization\",\"@id\":\"https:\\\/\\\/planinlux.lu\\\/es\\\/#organization\",\"name\":\"PlaninLux\",\"url\":\"https:\\\/\\\/planinlux.lu\\\/es\\\/\",\"logo\":{\"@type\":\"ImageObject\",\"inLanguage\":\"es\",\"@id\":\"https:\\\/\\\/planinlux.lu\\\/es\\\/#\\\/schema\\\/logo\\\/image\\\/\",\"url\":\"\",\"contentUrl\":\"\",\"caption\":\"PlaninLux\"},\"image\":{\"@id\":\"https:\\\/\\\/planinlux.lu\\\/es\\\/#\\\/schema\\\/logo\\\/image\\\/\"},\"sameAs\":[\"https:\\\/\\\/www.linkedin.com\\\/company\\\/planinlux\\\/\"]}]}<\/script>\n<!-- \/ Yoast SEO plugin. -->","yoast_head_json":{"title":"La mejor gu\u00eda sobre compromisos en materia de RSE en Luxemburgo","description":"Esta gu\u00eda ha sido elaborada para ayudar a las organizaciones a comprender mejor los certificados, compromisos y reglamentos existentes en Luxemburgo para evaluar y potenciar sus iniciativas en materia de RSC.","robots":{"index":"index","follow":"follow","max-snippet":"max-snippet:-1","max-image-preview":"max-image-preview:large","max-video-preview":"max-video-preview:-1"},"canonical":"https:\/\/planinlux.lu\/es\/recursos\/guia-de-compromisos-rsc-en-luxemburgo\/","og_locale":"es_ES","og_type":"article","og_title":"Gu\u00eda de compromisos RSC en Luxemburgo | PlaninLux | Soluciones Sostenibles","og_description":"Esta gu\u00eda ha sido elaborada para ayudar a las organizaciones a comprender mejor los certificados, compromisos y reglamentos existentes en Luxemburgo para evaluar y potenciar sus iniciativas en materia de RSC.","og_url":"https:\/\/planinlux.lu\/es\/recursos\/guia-de-compromisos-rsc-en-luxemburgo\/","og_site_name":"PlaninLux","article_modified_time":"2024-02-13T18:23:07+00:00","og_image":[{"url":"https:\/\/planinlux.lu\/wp-content\/uploads\/2020\/10\/Planinlux-Sustainable-Consulting-TRANSPARENTE.png","type":"","width":"","height":""}],"twitter_card":"summary_large_image","twitter_title":"Gu\u00eda de compromisos RSC en Luxemburgo | PlaninLux | Soluciones Sostenibles","twitter_description":"Esta gu\u00eda ha sido elaborada para ayudar a las organizaciones a comprender mejor los certificados, compromisos y reglamentos existentes en Luxemburgo para evaluar y potenciar sus iniciativas en materia de RSC.","twitter_image":"https:\/\/planinlux.lu\/wp-content\/uploads\/2020\/10\/Planinlux-Sustainable-Consulting-TRANSPARENTE.png","twitter_misc":{"Tiempo de lectura":"2 minutos"},"schema":{"@context":"https:\/\/schema.org","@graph":[{"@type":"WebPage","@id":"https:\/\/planinlux.lu\/es\/recursos\/guia-de-compromisos-rsc-en-luxemburgo\/","url":"https:\/\/planinlux.lu\/es\/recursos\/guia-de-compromisos-rsc-en-luxemburgo\/","name":"La mejor gu\u00eda sobre compromisos en materia de RSE en Luxemburgo","isPartOf":{"@id":"https:\/\/planinlux.lu\/es\/#website"},"primaryImageOfPage":{"@id":"https:\/\/planinlux.lu\/es\/recursos\/guia-de-compromisos-rsc-en-luxemburgo\/#primaryimage"},"image":{"@id":"https:\/\/planinlux.lu\/es\/recursos\/guia-de-compromisos-rsc-en-luxemburgo\/#primaryimage"},"thumbnailUrl":"https:\/\/planinlux.lu\/wp-content\/uploads\/2021\/08\/Guide-RSE-1.png","datePublished":"2021-05-22T15:48:03+00:00","dateModified":"2024-02-13T18:23:07+00:00","description":"Esta gu\u00eda ha sido elaborada para ayudar a las organizaciones a comprender mejor los certificados, compromisos y reglamentos existentes en Luxemburgo para evaluar y potenciar sus iniciativas en materia de RSC.","breadcrumb":{"@id":"https:\/\/planinlux.lu\/es\/recursos\/guia-de-compromisos-rsc-en-luxemburgo\/#breadcrumb"},"inLanguage":"es","potentialAction":[{"@type":"ReadAction","target":["https:\/\/planinlux.lu\/es\/recursos\/guia-de-compromisos-rsc-en-luxemburgo\/"]}]},{"@type":"ImageObject","inLanguage":"es","@id":"https:\/\/planinlux.lu\/es\/recursos\/guia-de-compromisos-rsc-en-luxemburgo\/#primaryimage","url":"https:\/\/planinlux.lu\/wp-content\/uploads\/2021\/08\/Guide-RSE-1.png","contentUrl":"https:\/\/planinlux.lu\/wp-content\/uploads\/2021\/08\/Guide-RSE-1.png","width":4000,"height":4583},{"@type":"BreadcrumbList","@id":"https:\/\/planinlux.lu\/es\/recursos\/guia-de-compromisos-rsc-en-luxemburgo\/#breadcrumb","itemListElement":[{"@type":"ListItem","position":1,"name":"Home","item":"https:\/\/planinlux.lu\/es\/home-2\/"},{"@type":"ListItem","position":2,"name":"Recursos","item":"https:\/\/planinlux.lu\/es\/recursos\/"},{"@type":"ListItem","position":3,"name":"Gu\u00eda de compromisos RSC en Luxemburgo"}]},{"@type":"WebSite","@id":"https:\/\/planinlux.lu\/es\/#website","url":"https:\/\/planinlux.lu\/es\/","name":"PlaninLux","description":"Business Solutions","publisher":{"@id":"https:\/\/planinlux.lu\/es\/#organization"},"potentialAction":[{"@type":"SearchAction","target":{"@type":"EntryPoint","urlTemplate":"https:\/\/planinlux.lu\/es\/?s={search_term_string}"},"query-input":{"@type":"PropertyValueSpecification","valueRequired":true,"valueName":"search_term_string"}}],"inLanguage":"es"},{"@type":"Organization","@id":"https:\/\/planinlux.lu\/es\/#organization","name":"PlaninLux","url":"https:\/\/planinlux.lu\/es\/","logo":{"@type":"ImageObject","inLanguage":"es","@id":"https:\/\/planinlux.lu\/es\/#\/schema\/logo\/image\/","url":"","contentUrl":"","caption":"PlaninLux"},"image":{"@id":"https:\/\/planinlux.lu\/es\/#\/schema\/logo\/image\/"},"sameAs":["https:\/\/www.linkedin.com\/company\/planinlux\/"]}]}},"_links":{"self":[{"href":"https:\/\/planinlux.lu\/es\/wp-json\/wp\/v2\/pages\/6067","targetHints":{"allow":["GET"]}}],"collection":[{"href":"https:\/\/planinlux.lu\/es\/wp-json\/wp\/v2\/pages"}],"about":[{"href":"https:\/\/planinlux.lu\/es\/wp-json\/wp\/v2\/types\/page"}],"author":[{"embeddable":true,"href":"https:\/\/planinlux.lu\/es\/wp-json\/wp\/v2\/users\/3"}],"replies":[{"embeddable":true,"href":"https:\/\/planinlux.lu\/es\/wp-json\/wp\/v2\/comments?post=6067"}],"version-history":[{"count":20,"href":"https:\/\/planinlux.lu\/es\/wp-json\/wp\/v2\/pages\/6067\/revisions"}],"predecessor-version":[{"id":8873,"href":"https:\/\/planinlux.lu\/es\/wp-json\/wp\/v2\/pages\/6067\/revisions\/8873"}],"up":[{"embeddable":true,"href":"https:\/\/planinlux.lu\/es\/wp-json\/wp\/v2\/pages\/6061"}],"wp:featuredmedia":[{"embeddable":true,"href":"https:\/\/planinlux.lu\/es\/wp-json\/wp\/v2\/media\/5901"}],"wp:attachment":[{"href":"https:\/\/planinlux.lu\/es\/wp-json\/wp\/v2\/media?parent=6067"}],"curies":[{"name":"wp","href":"https:\/\/api.w.org\/{rel}","templated":true}]}}