{"id":6061,"date":"2021-08-16T21:57:59","date_gmt":"2021-08-16T21:57:59","guid":{"rendered":"https:\/\/planinlux.lu\/recursos\/"},"modified":"2024-02-13T18:23:07","modified_gmt":"2024-02-13T18:23:07","slug":"recursos","status":"publish","type":"page","link":"https:\/\/planinlux.lu\/es\/recursos\/","title":{"rendered":"Recursos"},"content":{"rendered":"<div class=\"wpb-content-wrapper\"><p>[vc_row][vc_column]<div class=\"eut-empty-space eut-height-6x\" style=\"\"><\/div>[\/vc_column][\/vc_row][vc_row desktop_visibility=\u00bbhide\u00bb tablet_visibility=\u00bbhide\u00bb tablet_sm_visibility=\u00bbhide\u00bb][vc_column]<div class=\"eut-empty-space eut-height-4x\" style=\"\"><\/div>[\/vc_column][\/vc_row][vc_row bg_type=\u00bbcolor\u00bb padding_top_multiplier=\u00bb6x\u00bb padding_bottom_multiplier=\u00bb3x\u00bb columns_gap=\u00bb60&#8243; separator_top=\u00bbtilt-left-separator\u00bb separator_bottom=\u00bbtilt-right-separator\u00bb font_color=\u00bb#000000&#8243; bg_color=\u00bb#eaeaea\u00bb][vc_column width=\u00bb1\/2&#8243; css=\u00bb.vc_custom_1621697072473{margin-top: -300px !important;border-top-width: -40px !important;padding-top: -40px !important;}\u00bb]<div class=\"eut-element eut-flexible-carousel eut-carousel eut-layout-1 eut-with-gap\" style=\"\"><div class=\"eut-carousel-wrapper\"><div class=\"eut-carousel-navigation eut-dark eut-navigation-1 eut-navigation-carousel\">\t<div class=\"eut-carousel-buttons\">\t\t<div class=\"eut-carousel-prev\">\t\t\t<i class=\"eut-icon-nav-left-small\"><\/i>\t\t<\/div>\t\t<div class=\"eut-carousel-next\">\t\t\t<i class=\"eut-icon-nav-right-small\"><\/i>\t\t<\/div>\t<\/div><\/div>\t<div class=\"eut-flexible-carousel-element \" data-items=\"1\" data-items-tablet-landscape=\"1\" data-items-tablet-portrait=\"1\" data-items-mobile=\"1\" data-slider-speed=\"3000\" data-pagination-speed=\"400\" data-pagination=\"no\" data-slider-autoheight=\"no\" data-slider-pause=\"no\" data-slider-autoplay=\"yes\"><div class=\"eut-element eut-image eut-align-center\" style=\"\">  <div class=\"eut-image-wrapper\"><img loading=\"lazy\" decoding=\"async\" width=\"4000\" height=\"4583\" src=\"https:\/\/planinlux.lu\/wp-content\/uploads\/2021\/08\/Guide-RSE-1.png\" class=\"attachment-full size-full\" alt=\"\" srcset=\"https:\/\/planinlux.lu\/wp-content\/uploads\/2021\/08\/Guide-RSE-1.png 1x,https:\/\/planinlux.lu\/wp-content\/uploads\/2021\/08\/Guide-RSE-1.png 2x\" \/>   <\/div><\/div><div class=\"eut-element eut-image eut-align-center\" style=\"\">  <div class=\"eut-image-wrapper\"><img loading=\"lazy\" decoding=\"async\" width=\"4000\" height=\"4583\" src=\"https:\/\/planinlux.lu\/wp-content\/uploads\/2021\/09\/Liste-des-engagements-RSE-1.png\" class=\"attachment-full size-full\" alt=\"\" srcset=\"https:\/\/planinlux.lu\/wp-content\/uploads\/2021\/09\/Liste-des-engagements-RSE-1.png 1x,https:\/\/planinlux.lu\/wp-content\/uploads\/2021\/09\/Liste-des-engagements-RSE-1.png 2x\" \/>   <\/div><\/div><div class=\"eut-element eut-image eut-align-center\" style=\"\">  <div class=\"eut-image-wrapper\"><img loading=\"lazy\" decoding=\"async\" width=\"4000\" height=\"4583\" src=\"https:\/\/planinlux.lu\/wp-content\/uploads\/2021\/09\/Label-Entreprise-Responsable-1.png\" class=\"attachment-full size-full\" alt=\"\" srcset=\"https:\/\/planinlux.lu\/wp-content\/uploads\/2021\/09\/Label-Entreprise-Responsable-1.png 1x,https:\/\/planinlux.lu\/wp-content\/uploads\/2021\/09\/Label-Entreprise-Responsable-1.png 2x\" \/>   <\/div><\/div><div class=\"eut-element eut-image eut-align-center\" style=\"\">  <div class=\"eut-image-wrapper\"><img loading=\"lazy\" decoding=\"async\" width=\"4000\" height=\"4583\" src=\"https:\/\/planinlux.lu\/wp-content\/uploads\/2021\/09\/La-charte-de-la-diversite.png\" class=\"attachment-full size-full\" alt=\"\" srcset=\"https:\/\/planinlux.lu\/wp-content\/uploads\/2021\/09\/La-charte-de-la-diversite.png 1x,https:\/\/planinlux.lu\/wp-content\/uploads\/2021\/09\/La-charte-de-la-diversite.png 2x\" \/>   <\/div><\/div><div class=\"eut-element eut-image eut-align-center\" style=\"\">  <div class=\"eut-image-wrapper\"><img loading=\"lazy\" decoding=\"async\" width=\"4000\" height=\"4583\" src=\"https:\/\/planinlux.lu\/wp-content\/uploads\/2021\/08\/Guide-RSE-6.png\" class=\"attachment-full size-full\" alt=\"\" srcset=\"https:\/\/planinlux.lu\/wp-content\/uploads\/2021\/08\/Guide-RSE-6.png 1x,https:\/\/planinlux.lu\/wp-content\/uploads\/2021\/08\/Guide-RSE-6.png 2x\" \/>   <\/div><\/div>\t<\/div>  <\/div><\/div>[\/vc_column][vc_column width=\u00bb1\/2&#8243; css=\u00bb.vc_custom_1631973576465{margin-top: -40px !important;}\u00bb][vc_column_text text_style=\u00bbleader-text\u00bb animation=\u00bbeut-fade-in-right\u00bb]Gu\u00eda de compromisos RSC en Luxemburgo[\/vc_column_text][vc_column_text](Disponible exclusivamente en franc\u00e9s)[\/vc_column_text]<div class=\"eut-empty-space eut-height-1x\" style=\"\"><\/div>[vc_column_text]Esta gu\u00eda ha sido elaborada para ayudar a las organizaciones a comprender mejor los certificados, compromisos y reglamentos existentes en Luxemburgo para evaluar y potenciar sus iniciativas en materia de RSC.<\/p>\n<p>Los principales objetivos de la gu\u00eda son:<\/p>\n<ul>\n<li>Proporcionar una visi\u00f3n general de la funci\u00f3n de las certificaciones, compromisos y reglamentos nacionales, as\u00ed como de todas as cuestiones relacionadas con su desarrollo.<\/li>\n<li>Promover las iniciativas locales en materia de RSC.<\/li>\n<li>Permitir a las organizaciones formalizar y mejorar sus iniciativas de RSC a lo largo del tiempo.<\/li>\n<li>Evitar el greenwashing y promover la transparencia.<\/li>\n<\/ul>\n<p>[\/vc_column_text]<div class=\"eut-empty-space eut-height-1x\" style=\"\"><\/div><div class=\"eut-element eut-align-left eut-animated-item eut-zoom-in eut-duration-normal\" data-delay=\"200\"><a href=\"https:\/\/planinlux.lu\/es\/recursos\/guia-de-compromisos-rsc-en-luxemburgo\/\" title=\"Gu\u00eda de compromisos RSC en Luxemburgo\" class=\"eut-btn eut-btn-medium eut-round eut-bg-black eut-bg-hover-primary-1\"><span>Descarga la gu\u00eda<\/span><\/a><\/div>[\/vc_column][\/vc_row][vc_row padding_top_multiplier=\u00bb\u00bb padding_bottom_multiplier=\u00bb\u00bb][vc_column]<div class=\"eut-empty-space eut-height-6x\" style=\"\"><\/div>[\/vc_column][\/vc_row][vc_row bg_type=\u00bbcolor\u00bb padding_top_multiplier=\u00bb2x\u00bb padding_bottom_multiplier=\u00bb\u00bb columns_gap=\u00bb40&#8243; font_color=\u00bb#ffffff\u00bb bg_color=\u00bb#2ac187&#8243;][vc_column css=\u00bb.vc_custom_1631658509820{padding-top: 40px !important;padding-bottom: 60px !important;}\u00bb][vc_column_text text_style=\u00bbleader-text\u00bb]<\/p>\n<p style=\"text-align: center;\">S\u00edguenos en LinkedIn para estar informado del lanzamiento de nuevas publicaciones<\/p>\n<p>[\/vc_column_text]<div class=\"eut-empty-space eut-height-1x\" style=\"\"><\/div>\t\t\t<div class=\"eut-element eut-social eut-align-center\" style=\"\">\r\n\t\t\t\t<ul>\r\n\t\t\t\t\t\t\t\t\t\t\t<li>\r\n\t\t\t\t\t\t\t\t<a href=\"https:\/\/www.linkedin.com\/company\/planinlux\/\" class=\"eut-medium eut-circle eut-with-shape eut-simple eut-bg-white\" target=\"_blank\" rel=\"noopener noreferrer\">\r\n\t\t\t\t\t\t\t\t\t<i class=\"eut-text-primary-1 fab fa-linkedin-in\"><\/i>\r\n\t\t\t\t\t\t\t\t<\/a>\r\n\t\t\t\t\t\t\t<\/li>\r\n\t\t\t\t\t\t\t\t<\/ul>\r\n\t\t\t<\/div>\r\n\t\t[\/vc_column][\/vc_row]<\/p>\n<\/div>","protected":false},"excerpt":{"rendered":"<p>Descarga nuestras gu\u00edas y documentos para conocer a fondo las noticias, pol\u00edticas y tendencias de actualidad<\/p>\n","protected":false},"author":3,"featured_media":5494,"parent":0,"menu_order":0,"comment_status":"closed","ping_status":"closed","template":"","meta":{"footnotes":""},"class_list":["post-6061","page","type-page","status-publish","has-post-thumbnail","hentry"],"yoast_head":"<!-- This site is optimized with the Yoast SEO plugin v27.3 - https:\/\/yoast.com\/product\/yoast-seo-wordpress\/ -->\n<title>Recursos | Informaci\u00f3n de actualidad relacionada con los negocios<\/title>\n<meta name=\"description\" content=\"Descarga nuestras gu\u00edas y documentos para conocer a fondo las noticias, pol\u00edticas y tendencias de actualidad\" \/>\n<meta name=\"robots\" content=\"index, follow, max-snippet:-1, max-image-preview:large, max-video-preview:-1\" \/>\n<link rel=\"canonical\" href=\"https:\/\/planinlux.lu\/es\/recursos\/\" \/>\n<meta property=\"og:locale\" content=\"es_ES\" \/>\n<meta property=\"og:type\" content=\"article\" \/>\n<meta property=\"og:title\" content=\"Recursos | PlaninLux | Soluciones Sostenibles\" \/>\n<meta property=\"og:description\" content=\"Descargue nuestras gu\u00edas y documentos para conocer a fondo las noticias, pol\u00edticas y tendencias en materia de sostenibilidad\" \/>\n<meta property=\"og:url\" content=\"https:\/\/planinlux.lu\/es\/recursos\/\" \/>\n<meta property=\"og:site_name\" content=\"PlaninLux\" \/>\n<meta property=\"article:modified_time\" content=\"2024-02-13T18:23:07+00:00\" \/>\n<meta property=\"og:image\" content=\"https:\/\/planinlux.lu\/wp-content\/uploads\/2020\/10\/Planinlux-Sustainable-Consulting-TRANSPARENTE.png\" \/>\n<meta name=\"twitter:card\" content=\"summary_large_image\" \/>\n<meta name=\"twitter:title\" content=\"Recursos | PlaninLux | Soluciones Sostenibles\" \/>\n<meta name=\"twitter:description\" content=\"Descargue nuestras gu\u00edas y documentos para conocer a fondo las noticias, pol\u00edticas y tendencias en materia de sostenibilidad\" \/>\n<meta name=\"twitter:image\" content=\"https:\/\/planinlux.lu\/wp-content\/uploads\/2020\/10\/Planinlux-Sustainable-Consulting-TRANSPARENTE.png\" \/>\n<meta name=\"twitter:label1\" content=\"Tiempo de lectura\" \/>\n\t<meta name=\"twitter:data1\" content=\"2 minutos\" \/>\n<script type=\"application\/ld+json\" class=\"yoast-schema-graph\">{\"@context\":\"https:\\\/\\\/schema.org\",\"@graph\":[{\"@type\":\"WebPage\",\"@id\":\"https:\\\/\\\/planinlux.lu\\\/es\\\/recursos\\\/\",\"url\":\"https:\\\/\\\/planinlux.lu\\\/es\\\/recursos\\\/\",\"name\":\"Recursos | Informaci\u00f3n de actualidad relacionada con los negocios\",\"isPartOf\":{\"@id\":\"https:\\\/\\\/planinlux.lu\\\/es\\\/#website\"},\"primaryImageOfPage\":{\"@id\":\"https:\\\/\\\/planinlux.lu\\\/es\\\/recursos\\\/#primaryimage\"},\"image\":{\"@id\":\"https:\\\/\\\/planinlux.lu\\\/es\\\/recursos\\\/#primaryimage\"},\"thumbnailUrl\":\"https:\\\/\\\/planinlux.lu\\\/wp-content\\\/uploads\\\/2021\\\/05\\\/Resources-scaled.jpg\",\"datePublished\":\"2021-08-16T21:57:59+00:00\",\"dateModified\":\"2024-02-13T18:23:07+00:00\",\"description\":\"Descarga nuestras gu\u00edas y documentos para conocer a fondo las noticias, pol\u00edticas y tendencias de actualidad\",\"breadcrumb\":{\"@id\":\"https:\\\/\\\/planinlux.lu\\\/es\\\/recursos\\\/#breadcrumb\"},\"inLanguage\":\"es\",\"potentialAction\":[{\"@type\":\"ReadAction\",\"target\":[\"https:\\\/\\\/planinlux.lu\\\/es\\\/recursos\\\/\"]}]},{\"@type\":\"ImageObject\",\"inLanguage\":\"es\",\"@id\":\"https:\\\/\\\/planinlux.lu\\\/es\\\/recursos\\\/#primaryimage\",\"url\":\"https:\\\/\\\/planinlux.lu\\\/wp-content\\\/uploads\\\/2021\\\/05\\\/Resources-scaled.jpg\",\"contentUrl\":\"https:\\\/\\\/planinlux.lu\\\/wp-content\\\/uploads\\\/2021\\\/05\\\/Resources-scaled.jpg\",\"width\":2560,\"height\":1391},{\"@type\":\"BreadcrumbList\",\"@id\":\"https:\\\/\\\/planinlux.lu\\\/es\\\/recursos\\\/#breadcrumb\",\"itemListElement\":[{\"@type\":\"ListItem\",\"position\":1,\"name\":\"Home\",\"item\":\"https:\\\/\\\/planinlux.lu\\\/es\\\/home-2\\\/\"},{\"@type\":\"ListItem\",\"position\":2,\"name\":\"Recursos\"}]},{\"@type\":\"WebSite\",\"@id\":\"https:\\\/\\\/planinlux.lu\\\/es\\\/#website\",\"url\":\"https:\\\/\\\/planinlux.lu\\\/es\\\/\",\"name\":\"PlaninLux\",\"description\":\"Business Solutions\",\"publisher\":{\"@id\":\"https:\\\/\\\/planinlux.lu\\\/es\\\/#organization\"},\"potentialAction\":[{\"@type\":\"SearchAction\",\"target\":{\"@type\":\"EntryPoint\",\"urlTemplate\":\"https:\\\/\\\/planinlux.lu\\\/es\\\/?s={search_term_string}\"},\"query-input\":{\"@type\":\"PropertyValueSpecification\",\"valueRequired\":true,\"valueName\":\"search_term_string\"}}],\"inLanguage\":\"es\"},{\"@type\":\"Organization\",\"@id\":\"https:\\\/\\\/planinlux.lu\\\/es\\\/#organization\",\"name\":\"PlaninLux\",\"url\":\"https:\\\/\\\/planinlux.lu\\\/es\\\/\",\"logo\":{\"@type\":\"ImageObject\",\"inLanguage\":\"es\",\"@id\":\"https:\\\/\\\/planinlux.lu\\\/es\\\/#\\\/schema\\\/logo\\\/image\\\/\",\"url\":\"\",\"contentUrl\":\"\",\"caption\":\"PlaninLux\"},\"image\":{\"@id\":\"https:\\\/\\\/planinlux.lu\\\/es\\\/#\\\/schema\\\/logo\\\/image\\\/\"},\"sameAs\":[\"https:\\\/\\\/www.linkedin.com\\\/company\\\/planinlux\\\/\"]}]}<\/script>\n<!-- \/ Yoast SEO plugin. -->","yoast_head_json":{"title":"Recursos | Informaci\u00f3n de actualidad relacionada con los negocios","description":"Descarga nuestras gu\u00edas y documentos para conocer a fondo las noticias, pol\u00edticas y tendencias de actualidad","robots":{"index":"index","follow":"follow","max-snippet":"max-snippet:-1","max-image-preview":"max-image-preview:large","max-video-preview":"max-video-preview:-1"},"canonical":"https:\/\/planinlux.lu\/es\/recursos\/","og_locale":"es_ES","og_type":"article","og_title":"Recursos | PlaninLux | Soluciones Sostenibles","og_description":"Descargue nuestras gu\u00edas y documentos para conocer a fondo las noticias, pol\u00edticas y tendencias en materia de sostenibilidad","og_url":"https:\/\/planinlux.lu\/es\/recursos\/","og_site_name":"PlaninLux","article_modified_time":"2024-02-13T18:23:07+00:00","og_image":[{"url":"https:\/\/planinlux.lu\/wp-content\/uploads\/2020\/10\/Planinlux-Sustainable-Consulting-TRANSPARENTE.png","type":"","width":"","height":""}],"twitter_card":"summary_large_image","twitter_title":"Recursos | PlaninLux | Soluciones Sostenibles","twitter_description":"Descargue nuestras gu\u00edas y documentos para conocer a fondo las noticias, pol\u00edticas y tendencias en materia de sostenibilidad","twitter_image":"https:\/\/planinlux.lu\/wp-content\/uploads\/2020\/10\/Planinlux-Sustainable-Consulting-TRANSPARENTE.png","twitter_misc":{"Tiempo de lectura":"2 minutos"},"schema":{"@context":"https:\/\/schema.org","@graph":[{"@type":"WebPage","@id":"https:\/\/planinlux.lu\/es\/recursos\/","url":"https:\/\/planinlux.lu\/es\/recursos\/","name":"Recursos | Informaci\u00f3n de actualidad relacionada con los negocios","isPartOf":{"@id":"https:\/\/planinlux.lu\/es\/#website"},"primaryImageOfPage":{"@id":"https:\/\/planinlux.lu\/es\/recursos\/#primaryimage"},"image":{"@id":"https:\/\/planinlux.lu\/es\/recursos\/#primaryimage"},"thumbnailUrl":"https:\/\/planinlux.lu\/wp-content\/uploads\/2021\/05\/Resources-scaled.jpg","datePublished":"2021-08-16T21:57:59+00:00","dateModified":"2024-02-13T18:23:07+00:00","description":"Descarga nuestras gu\u00edas y documentos para conocer a fondo las noticias, pol\u00edticas y tendencias de actualidad","breadcrumb":{"@id":"https:\/\/planinlux.lu\/es\/recursos\/#breadcrumb"},"inLanguage":"es","potentialAction":[{"@type":"ReadAction","target":["https:\/\/planinlux.lu\/es\/recursos\/"]}]},{"@type":"ImageObject","inLanguage":"es","@id":"https:\/\/planinlux.lu\/es\/recursos\/#primaryimage","url":"https:\/\/planinlux.lu\/wp-content\/uploads\/2021\/05\/Resources-scaled.jpg","contentUrl":"https:\/\/planinlux.lu\/wp-content\/uploads\/2021\/05\/Resources-scaled.jpg","width":2560,"height":1391},{"@type":"BreadcrumbList","@id":"https:\/\/planinlux.lu\/es\/recursos\/#breadcrumb","itemListElement":[{"@type":"ListItem","position":1,"name":"Home","item":"https:\/\/planinlux.lu\/es\/home-2\/"},{"@type":"ListItem","position":2,"name":"Recursos"}]},{"@type":"WebSite","@id":"https:\/\/planinlux.lu\/es\/#website","url":"https:\/\/planinlux.lu\/es\/","name":"PlaninLux","description":"Business Solutions","publisher":{"@id":"https:\/\/planinlux.lu\/es\/#organization"},"potentialAction":[{"@type":"SearchAction","target":{"@type":"EntryPoint","urlTemplate":"https:\/\/planinlux.lu\/es\/?s={search_term_string}"},"query-input":{"@type":"PropertyValueSpecification","valueRequired":true,"valueName":"search_term_string"}}],"inLanguage":"es"},{"@type":"Organization","@id":"https:\/\/planinlux.lu\/es\/#organization","name":"PlaninLux","url":"https:\/\/planinlux.lu\/es\/","logo":{"@type":"ImageObject","inLanguage":"es","@id":"https:\/\/planinlux.lu\/es\/#\/schema\/logo\/image\/","url":"","contentUrl":"","caption":"PlaninLux"},"image":{"@id":"https:\/\/planinlux.lu\/es\/#\/schema\/logo\/image\/"},"sameAs":["https:\/\/www.linkedin.com\/company\/planinlux\/"]}]}},"_links":{"self":[{"href":"https:\/\/planinlux.lu\/es\/wp-json\/wp\/v2\/pages\/6061","targetHints":{"allow":["GET"]}}],"collection":[{"href":"https:\/\/planinlux.lu\/es\/wp-json\/wp\/v2\/pages"}],"about":[{"href":"https:\/\/planinlux.lu\/es\/wp-json\/wp\/v2\/types\/page"}],"author":[{"embeddable":true,"href":"https:\/\/planinlux.lu\/es\/wp-json\/wp\/v2\/users\/3"}],"replies":[{"embeddable":true,"href":"https:\/\/planinlux.lu\/es\/wp-json\/wp\/v2\/comments?post=6061"}],"version-history":[{"count":30,"href":"https:\/\/planinlux.lu\/es\/wp-json\/wp\/v2\/pages\/6061\/revisions"}],"predecessor-version":[{"id":8725,"href":"https:\/\/planinlux.lu\/es\/wp-json\/wp\/v2\/pages\/6061\/revisions\/8725"}],"wp:featuredmedia":[{"embeddable":true,"href":"https:\/\/planinlux.lu\/es\/wp-json\/wp\/v2\/media\/5494"}],"wp:attachment":[{"href":"https:\/\/planinlux.lu\/es\/wp-json\/wp\/v2\/media?parent=6061"}],"curies":[{"name":"wp","href":"https:\/\/api.w.org\/{rel}","templated":true}]}}