{"id":5644,"date":"2021-05-13T16:09:54","date_gmt":"2021-05-13T16:09:54","guid":{"rendered":"https:\/\/planinlux.lu\/responsabilidad-social-corporativa\/"},"modified":"2024-02-13T18:23:05","modified_gmt":"2024-02-13T18:23:05","slug":"responsabilidad-social-corporativa","status":"publish","type":"page","link":"https:\/\/planinlux.lu\/es\/responsabilidad-social-corporativa\/","title":{"rendered":"Responsabilidad Social Corporativa"},"content":{"rendered":"<div class=\"wpb-content-wrapper\"><p>[vc_row padding_top_multiplier=\u00bb2x\u00bb padding_bottom_multiplier=\u00bb2x\u00bb][vc_column width=\u00bb2\/3&#8243;]<h5 class=\"eut-element eut-title eut-align-left eut-animated-item eut-fade-in-left eut-duration-normal eut-h4\" style=\"margin-bottom: 0px;\" data-delay=\"200\"><span>Tenemos en cuenta los aspectos ambientales, sociales y de buen gobierno (ASG) en el proceso de toma de decisiones de la empresa.<\/span><\/h5>[\/vc_column][vc_column width=\u00bb1\/3&#8243;][\/vc_column][\/vc_row][vc_row bg_type=\u00bbcolor\u00bb padding_top_multiplier=\u00bb5x\u00bb padding_bottom_multiplier=\u00bb5x\u00bb separator_top=\u00bbtilt-left-separator\u00bb separator_bottom=\u00bbtilt-right-separator\u00bb font_color=\u00bb#ffffff\u00bb bg_color=\u00bb#eaeaea\u00bb][vc_column width=\u00bb1\/4&#8243;][\/vc_column][vc_column width=\u00bb3\/4&#8243; text_align=\u00bbright\u00bb]<h5 class=\"eut-element eut-title eut-align-right eut-animated-item eut-fade-in-right eut-duration-normal eut-h4\" style=\"margin-bottom: 0px;\" data-delay=\"200\"><span>Nuestro compromiso en la Responsabilidad Social Corporativa est\u00e1 desarrollado a trav\u00e9s de las principales l\u00edneas de acci\u00f3n de nuestra estrategia global que incluye las estrategias y nuevos retos en sostenibilidad basados en seis l\u00edneas de acci\u00f3n:<\/span><\/h5>[\/vc_column][\/vc_row][vc_row padding_top_multiplier=\u00bb5x\u00bb padding_bottom_multiplier=\u00bb3x\u00bb tablet_sm_visibility=\u00bbhide\u00bb][vc_column width=\u00bb1\/3&#8243; text_align=\u00bbcenter\u00bb z_index=\u00bb3&#8243;]<div class=\"eut-element eut-box-icon eut-extra-large eut-top-icon eut-align-center\" style=\"\"><div class=\"eut-wrapper-icon eut-no-shape eut-text-grey\"><i class=\"eut-text-primary-1 fab fa-envira\"><\/i><\/div><div class=\"eut-box-content\"><div class=\"eut-box-title-wrapper\"><h3 class=\"eut-box-title eut-h5\">Medio ambientales<\/h3><\/div><\/div><\/div>[\/vc_column][vc_column width=\u00bb1\/3&#8243;]<div class=\"eut-element eut-box-icon eut-extra-large eut-top-icon eut-align-center\" style=\"\"><div class=\"eut-wrapper-icon eut-no-shape eut-text-grey\"><i class=\"eut-text-black fas fa-user-check\"><\/i><\/div><div class=\"eut-box-content\"><div class=\"eut-box-title-wrapper\"><h5 class=\"eut-box-title eut-h5\">Sociales<\/h5><\/div><\/div><\/div>[\/vc_column][vc_column width=\u00bb1\/3&#8243;]<div class=\"eut-element eut-box-icon eut-extra-large eut-top-icon eut-align-center\" style=\"\"><div class=\"eut-wrapper-icon eut-no-shape eut-text-grey\"><i class=\"eut-text-primary-1 fas fa-user-friends\"><\/i><\/div><div class=\"eut-box-content\"><div class=\"eut-box-title-wrapper\"><h5 class=\"eut-box-title eut-h5\">Gobernanza<\/h5><\/div><\/div><\/div>[\/vc_column][vc_column]<div class=\"eut-empty-space eut-height-2x\" style=\"\"><\/div>[\/vc_column][vc_column width=\u00bb1\/3&#8243;]<div class=\"eut-element eut-box-icon eut-extra-large eut-top-icon eut-align-center\" style=\"\"><div class=\"eut-wrapper-icon eut-no-shape eut-text-grey\"><i class=\"eut-text-primary-1 fas fa-balance-scale-left\"><\/i><\/div><div class=\"eut-box-content\"><div class=\"eut-box-title-wrapper\"><h5 class=\"eut-box-title eut-h5\">Econom\u00eda<\/h5><\/div><\/div><\/div>[\/vc_column][vc_column width=\u00bb1\/3&#8243;]<div class=\"eut-element eut-box-icon eut-extra-large eut-top-icon eut-align-center\" style=\"\"><div class=\"eut-wrapper-icon eut-no-shape eut-text-grey\"><i class=\"eut-text-black fas fa-check-square\"><\/i><\/div><div class=\"eut-box-content\"><div class=\"eut-box-title-wrapper\"><h5 class=\"eut-box-title eut-h5\">Calidad<\/h5><\/div><\/div><\/div>[\/vc_column][vc_column width=\u00bb1\/3&#8243;]<div class=\"eut-element eut-box-icon eut-extra-large eut-top-icon eut-align-center\" style=\"\"><div class=\"eut-wrapper-icon eut-no-shape eut-text-grey\"><i class=\"eut-text-primary-1 fas fa-people-carry\"><\/i><\/div><div class=\"eut-box-content\"><div class=\"eut-box-title-wrapper\"><h5 class=\"eut-box-title eut-h5\">Sociedad<\/h5><\/div><\/div><\/div>[\/vc_column][\/vc_row][vc_row padding_bottom_multiplier=\u00bb3x\u00bb][vc_column]<div class=\"eut-element eut-align-center\"><a href=\"https:\/\/planinlux.lu\/wp-content\/uploads\/2023\/08\/Charte-dengagement-RSE-2023-2024.pdf\" class=\"eut-btn eut-btn-extralarge eut-round eut-bg-primary-1 eut-bg-hover-black eut-btn-line\"><span>Descargue nuestro compromiso con la RSC<\/span><\/a><\/div>[\/vc_column][\/vc_row]<\/p>\n<\/div>","protected":false},"excerpt":{"rendered":"<p>Nuestro compromiso en la Responsabilidad Social Corporativa est\u00e1 desarrollado a trav\u00e9s de las principales l\u00edneas de acci\u00f3n de nuestra estrategia global, que incluye las estrategias y nuevos retos en sostenibilidad basados en seis l\u00edneas de acci\u00f3n. <\/p>\n","protected":false},"author":3,"featured_media":5545,"parent":0,"menu_order":0,"comment_status":"closed","ping_status":"closed","template":"","meta":{"footnotes":""},"class_list":["post-5644","page","type-page","status-publish","has-post-thumbnail","hentry"],"yoast_head":"<!-- This site is optimized with the Yoast SEO plugin v27.4 - https:\/\/yoast.com\/product\/yoast-seo-wordpress\/ -->\n<title>Responsabilidad Social Corporativa | Nuestros compromisos en materia de RSE<\/title>\n<meta name=\"description\" content=\"Principales l\u00edneas de acci\u00f3n: Medio ambiente, Social, Gobernanza, Econom\u00eda, Calidad y Sociedad\" \/>\n<meta name=\"robots\" content=\"index, follow, max-snippet:-1, max-image-preview:large, max-video-preview:-1\" \/>\n<link rel=\"canonical\" href=\"https:\/\/planinlux.lu\/es\/responsabilidad-social-corporativa\/\" \/>\n<meta property=\"og:locale\" content=\"es_ES\" \/>\n<meta property=\"og:type\" content=\"article\" \/>\n<meta property=\"og:title\" content=\"Responsabilidad Social Corporativa | PlaninLux | Consultor\u00eda Sostenible\" \/>\n<meta property=\"og:description\" content=\"Responsabilidad Social Corporativa\" \/>\n<meta property=\"og:url\" content=\"https:\/\/planinlux.lu\/es\/responsabilidad-social-corporativa\/\" \/>\n<meta property=\"og:site_name\" content=\"PlaninLux\" \/>\n<meta property=\"article:modified_time\" content=\"2024-02-13T18:23:05+00:00\" \/>\n<meta property=\"og:image\" content=\"https:\/\/planinlux.lu\/wp-content\/uploads\/2020\/10\/Planinlux-Sustainable-Consulting-TRANSPARENTE.png\" \/>\n<meta name=\"twitter:card\" content=\"summary_large_image\" \/>\n<meta name=\"twitter:title\" content=\"Responsabilidad Social Corporativa | PlaninLux | Consultor\u00eda Sostenible\" \/>\n<meta name=\"twitter:description\" content=\"Responsabilidad Social Corporativa\" \/>\n<meta name=\"twitter:image\" content=\"https:\/\/planinlux.lu\/wp-content\/uploads\/2020\/10\/Planinlux-Sustainable-Consulting-TRANSPARENTE.png\" \/>\n<meta name=\"twitter:label1\" content=\"Tiempo de lectura\" \/>\n\t<meta name=\"twitter:data1\" content=\"2 minutos\" \/>\n<script type=\"application\/ld+json\" class=\"yoast-schema-graph\">{\"@context\":\"https:\\\/\\\/schema.org\",\"@graph\":[{\"@type\":\"WebPage\",\"@id\":\"https:\\\/\\\/planinlux.lu\\\/es\\\/responsabilidad-social-corporativa\\\/\",\"url\":\"https:\\\/\\\/planinlux.lu\\\/es\\\/responsabilidad-social-corporativa\\\/\",\"name\":\"Responsabilidad Social Corporativa | Nuestros compromisos en materia de RSE\",\"isPartOf\":{\"@id\":\"https:\\\/\\\/planinlux.lu\\\/es\\\/#website\"},\"primaryImageOfPage\":{\"@id\":\"https:\\\/\\\/planinlux.lu\\\/es\\\/responsabilidad-social-corporativa\\\/#primaryimage\"},\"image\":{\"@id\":\"https:\\\/\\\/planinlux.lu\\\/es\\\/responsabilidad-social-corporativa\\\/#primaryimage\"},\"thumbnailUrl\":\"https:\\\/\\\/planinlux.lu\\\/wp-content\\\/uploads\\\/2021\\\/01\\\/2030-Agenda-sustainable-development-1.jpeg\",\"datePublished\":\"2021-05-13T16:09:54+00:00\",\"dateModified\":\"2024-02-13T18:23:05+00:00\",\"description\":\"Principales l\u00edneas de acci\u00f3n: Medio ambiente, Social, Gobernanza, Econom\u00eda, Calidad y Sociedad\",\"breadcrumb\":{\"@id\":\"https:\\\/\\\/planinlux.lu\\\/es\\\/responsabilidad-social-corporativa\\\/#breadcrumb\"},\"inLanguage\":\"es\",\"potentialAction\":[{\"@type\":\"ReadAction\",\"target\":[\"https:\\\/\\\/planinlux.lu\\\/es\\\/responsabilidad-social-corporativa\\\/\"]}]},{\"@type\":\"ImageObject\",\"inLanguage\":\"es\",\"@id\":\"https:\\\/\\\/planinlux.lu\\\/es\\\/responsabilidad-social-corporativa\\\/#primaryimage\",\"url\":\"https:\\\/\\\/planinlux.lu\\\/wp-content\\\/uploads\\\/2021\\\/01\\\/2030-Agenda-sustainable-development-1.jpeg\",\"contentUrl\":\"https:\\\/\\\/planinlux.lu\\\/wp-content\\\/uploads\\\/2021\\\/01\\\/2030-Agenda-sustainable-development-1.jpeg\",\"width\":2000,\"height\":1200},{\"@type\":\"BreadcrumbList\",\"@id\":\"https:\\\/\\\/planinlux.lu\\\/es\\\/responsabilidad-social-corporativa\\\/#breadcrumb\",\"itemListElement\":[{\"@type\":\"ListItem\",\"position\":1,\"name\":\"Home\",\"item\":\"https:\\\/\\\/planinlux.lu\\\/es\\\/home-2\\\/\"},{\"@type\":\"ListItem\",\"position\":2,\"name\":\"Responsabilidad Social Corporativa\"}]},{\"@type\":\"WebSite\",\"@id\":\"https:\\\/\\\/planinlux.lu\\\/es\\\/#website\",\"url\":\"https:\\\/\\\/planinlux.lu\\\/es\\\/\",\"name\":\"PlaninLux\",\"description\":\"Business Solutions\",\"publisher\":{\"@id\":\"https:\\\/\\\/planinlux.lu\\\/es\\\/#organization\"},\"potentialAction\":[{\"@type\":\"SearchAction\",\"target\":{\"@type\":\"EntryPoint\",\"urlTemplate\":\"https:\\\/\\\/planinlux.lu\\\/es\\\/?s={search_term_string}\"},\"query-input\":{\"@type\":\"PropertyValueSpecification\",\"valueRequired\":true,\"valueName\":\"search_term_string\"}}],\"inLanguage\":\"es\"},{\"@type\":\"Organization\",\"@id\":\"https:\\\/\\\/planinlux.lu\\\/es\\\/#organization\",\"name\":\"PlaninLux\",\"url\":\"https:\\\/\\\/planinlux.lu\\\/es\\\/\",\"logo\":{\"@type\":\"ImageObject\",\"inLanguage\":\"es\",\"@id\":\"https:\\\/\\\/planinlux.lu\\\/es\\\/#\\\/schema\\\/logo\\\/image\\\/\",\"url\":\"\",\"contentUrl\":\"\",\"caption\":\"PlaninLux\"},\"image\":{\"@id\":\"https:\\\/\\\/planinlux.lu\\\/es\\\/#\\\/schema\\\/logo\\\/image\\\/\"},\"sameAs\":[\"https:\\\/\\\/www.linkedin.com\\\/company\\\/planinlux\\\/\"]}]}<\/script>\n<!-- \/ Yoast SEO plugin. -->","yoast_head_json":{"title":"Responsabilidad Social Corporativa | Nuestros compromisos en materia de RSE","description":"Principales l\u00edneas de acci\u00f3n: Medio ambiente, Social, Gobernanza, Econom\u00eda, Calidad y Sociedad","robots":{"index":"index","follow":"follow","max-snippet":"max-snippet:-1","max-image-preview":"max-image-preview:large","max-video-preview":"max-video-preview:-1"},"canonical":"https:\/\/planinlux.lu\/es\/responsabilidad-social-corporativa\/","og_locale":"es_ES","og_type":"article","og_title":"Responsabilidad Social Corporativa | PlaninLux | Consultor\u00eda Sostenible","og_description":"Responsabilidad Social Corporativa","og_url":"https:\/\/planinlux.lu\/es\/responsabilidad-social-corporativa\/","og_site_name":"PlaninLux","article_modified_time":"2024-02-13T18:23:05+00:00","og_image":[{"url":"https:\/\/planinlux.lu\/wp-content\/uploads\/2020\/10\/Planinlux-Sustainable-Consulting-TRANSPARENTE.png","type":"","width":"","height":""}],"twitter_card":"summary_large_image","twitter_title":"Responsabilidad Social Corporativa | PlaninLux | Consultor\u00eda Sostenible","twitter_description":"Responsabilidad Social Corporativa","twitter_image":"https:\/\/planinlux.lu\/wp-content\/uploads\/2020\/10\/Planinlux-Sustainable-Consulting-TRANSPARENTE.png","twitter_misc":{"Tiempo de lectura":"2 minutos"},"schema":{"@context":"https:\/\/schema.org","@graph":[{"@type":"WebPage","@id":"https:\/\/planinlux.lu\/es\/responsabilidad-social-corporativa\/","url":"https:\/\/planinlux.lu\/es\/responsabilidad-social-corporativa\/","name":"Responsabilidad Social Corporativa | Nuestros compromisos en materia de RSE","isPartOf":{"@id":"https:\/\/planinlux.lu\/es\/#website"},"primaryImageOfPage":{"@id":"https:\/\/planinlux.lu\/es\/responsabilidad-social-corporativa\/#primaryimage"},"image":{"@id":"https:\/\/planinlux.lu\/es\/responsabilidad-social-corporativa\/#primaryimage"},"thumbnailUrl":"https:\/\/planinlux.lu\/wp-content\/uploads\/2021\/01\/2030-Agenda-sustainable-development-1.jpeg","datePublished":"2021-05-13T16:09:54+00:00","dateModified":"2024-02-13T18:23:05+00:00","description":"Principales l\u00edneas de acci\u00f3n: Medio ambiente, Social, Gobernanza, Econom\u00eda, Calidad y Sociedad","breadcrumb":{"@id":"https:\/\/planinlux.lu\/es\/responsabilidad-social-corporativa\/#breadcrumb"},"inLanguage":"es","potentialAction":[{"@type":"ReadAction","target":["https:\/\/planinlux.lu\/es\/responsabilidad-social-corporativa\/"]}]},{"@type":"ImageObject","inLanguage":"es","@id":"https:\/\/planinlux.lu\/es\/responsabilidad-social-corporativa\/#primaryimage","url":"https:\/\/planinlux.lu\/wp-content\/uploads\/2021\/01\/2030-Agenda-sustainable-development-1.jpeg","contentUrl":"https:\/\/planinlux.lu\/wp-content\/uploads\/2021\/01\/2030-Agenda-sustainable-development-1.jpeg","width":2000,"height":1200},{"@type":"BreadcrumbList","@id":"https:\/\/planinlux.lu\/es\/responsabilidad-social-corporativa\/#breadcrumb","itemListElement":[{"@type":"ListItem","position":1,"name":"Home","item":"https:\/\/planinlux.lu\/es\/home-2\/"},{"@type":"ListItem","position":2,"name":"Responsabilidad Social Corporativa"}]},{"@type":"WebSite","@id":"https:\/\/planinlux.lu\/es\/#website","url":"https:\/\/planinlux.lu\/es\/","name":"PlaninLux","description":"Business Solutions","publisher":{"@id":"https:\/\/planinlux.lu\/es\/#organization"},"potentialAction":[{"@type":"SearchAction","target":{"@type":"EntryPoint","urlTemplate":"https:\/\/planinlux.lu\/es\/?s={search_term_string}"},"query-input":{"@type":"PropertyValueSpecification","valueRequired":true,"valueName":"search_term_string"}}],"inLanguage":"es"},{"@type":"Organization","@id":"https:\/\/planinlux.lu\/es\/#organization","name":"PlaninLux","url":"https:\/\/planinlux.lu\/es\/","logo":{"@type":"ImageObject","inLanguage":"es","@id":"https:\/\/planinlux.lu\/es\/#\/schema\/logo\/image\/","url":"","contentUrl":"","caption":"PlaninLux"},"image":{"@id":"https:\/\/planinlux.lu\/es\/#\/schema\/logo\/image\/"},"sameAs":["https:\/\/www.linkedin.com\/company\/planinlux\/"]}]}},"_links":{"self":[{"href":"https:\/\/planinlux.lu\/es\/wp-json\/wp\/v2\/pages\/5644","targetHints":{"allow":["GET"]}}],"collection":[{"href":"https:\/\/planinlux.lu\/es\/wp-json\/wp\/v2\/pages"}],"about":[{"href":"https:\/\/planinlux.lu\/es\/wp-json\/wp\/v2\/types\/page"}],"author":[{"embeddable":true,"href":"https:\/\/planinlux.lu\/es\/wp-json\/wp\/v2\/users\/3"}],"replies":[{"embeddable":true,"href":"https:\/\/planinlux.lu\/es\/wp-json\/wp\/v2\/comments?post=5644"}],"version-history":[{"count":15,"href":"https:\/\/planinlux.lu\/es\/wp-json\/wp\/v2\/pages\/5644\/revisions"}],"predecessor-version":[{"id":8719,"href":"https:\/\/planinlux.lu\/es\/wp-json\/wp\/v2\/pages\/5644\/revisions\/8719"}],"wp:featuredmedia":[{"embeddable":true,"href":"https:\/\/planinlux.lu\/es\/wp-json\/wp\/v2\/media\/5545"}],"wp:attachment":[{"href":"https:\/\/planinlux.lu\/es\/wp-json\/wp\/v2\/media?parent=5644"}],"curies":[{"name":"wp","href":"https:\/\/api.w.org\/{rel}","templated":true}]}}