{"id":5617,"date":"2016-12-10T10:21:40","date_gmt":"2016-12-10T10:21:40","guid":{"rendered":"https:\/\/planinlux.lu\/contacte-con-nosotros\/"},"modified":"2026-02-02T21:21:13","modified_gmt":"2026-02-02T21:21:13","slug":"contacte-con-nosotros","status":"publish","type":"page","link":"https:\/\/planinlux.lu\/es\/contacte-con-nosotros\/","title":{"rendered":"Contacto"},"content":{"rendered":"<div class=\"wpb-content-wrapper\"><p>[vc_row padding_top_multiplier=\u00bb3x\u00bb][vc_column width=\u00bb1\/6&#8243;][\/vc_column][vc_column width=\u00bb2\/3&#8243;]<div class=\"eut-element eut-title eut-align-center eut-h4\" style=\"\"><span>Estamos aqu\u00ed para ayudarte a alcanzar tus objetivos<\/span><\/div>[\/vc_column][vc_column width=\u00bb1\/6&#8243;][\/vc_column][vc_column mobile_width=\u00bbhide\u00bb]<div class=\"eut-empty-space eut-height-2x\" style=\"\"><\/div>[\/vc_column][vc_column desktop_hide=\u00bbhide\u00bb tablet_width=\u00bbhide\u00bb tablet_sm_width=\u00bbhide\u00bb]\t\t\t<div class=\"eut-element eut-social eut-align-center\" style=\"\">\r\n\t\t\t\t<ul>\r\n\t\t\t\t\t\t\t\t\t\t\t<li>\r\n\t\t\t\t\t\t\t\t<a href=\"https:\/\/www.linkedin.com\/company\/planinlux\/\" class=\"eut-medium eut-circle eut-with-shape eut-simple eut-bg-white\" target=\"_blank\" rel=\"noopener noreferrer\">\r\n\t\t\t\t\t\t\t\t\t<i class=\"eut-text-primary-1 fab fa-linkedin-in\"><\/i>\r\n\t\t\t\t\t\t\t\t<\/a>\r\n\t\t\t\t\t\t\t<\/li>\r\n\t\t\t\t\t\t\t\t<\/ul>\r\n\t\t\t<\/div>\r\n\t\t[\/vc_column][vc_column width=\u00bb1\/5&#8243; tablet_sm_width=\u00bb1-2&#8243;]<div class=\"eut-element eut-box-icon eut-medium eut-top-icon eut-align-center eut-animated-item eut-fade-in-left-big eut-duration-normal\" style=\"\" data-delay=\"200\"><div class=\"eut-wrapper-icon eut-no-shape eut-text-grey\"><i class=\"eut-text-primary-1 smp-icon-location-pin\"><\/i><\/div><div class=\"eut-box-content\"><div class=\"eut-box-title-wrapper\"><div class=\"eut-box-title eut-h5\">Direcci\u00f3n<\/div><\/div>  <p class=\"\">24 rue de Wiltz<br \/>\nL-2734 Luxemburgo<\/p><\/div><\/div>[\/vc_column][vc_column width=\u00bb1\/5&#8243; tablet_sm_width=\u00bb1-2&#8243;]<div class=\"eut-element eut-box-icon eut-medium eut-top-icon eut-align-center eut-animated-item eut-fade-in-left-big eut-duration-normal\" style=\"\" data-delay=\"200\"><div class=\"eut-wrapper-icon eut-no-shape eut-text-grey\"><i class=\"eut-text-primary-1 smp-icon-clock\"><\/i><\/div><div class=\"eut-box-content\"><div class=\"eut-box-title-wrapper\"><div class=\"eut-box-title eut-h5\">Horario<\/div><\/div>  <p class=\"\">Lunes-Viernes<br \/>\n9am \u2013 6pm<\/p><\/div><\/div>[\/vc_column][vc_column width=\u00bb1\/5&#8243; tablet_sm_width=\u00bb1&#8243; mobile_width=\u00bbhide\u00bb]\t\t\t<div class=\"eut-element eut-social eut-align-center\" style=\"\">\r\n\t\t\t\t<ul>\r\n\t\t\t\t\t\t\t\t\t\t\t<li>\r\n\t\t\t\t\t\t\t\t<a href=\"https:\/\/www.linkedin.com\/company\/planinlux\/\" class=\"eut-medium eut-circle eut-with-shape eut-simple eut-bg-primary-1\" target=\"_blank\" rel=\"noopener noreferrer\">\r\n\t\t\t\t\t\t\t\t\t<i class=\"eut-text-white fab fa-linkedin-in\"><\/i>\r\n\t\t\t\t\t\t\t\t<\/a>\r\n\t\t\t\t\t\t\t<\/li>\r\n\t\t\t\t\t\t\t\t<\/ul>\r\n\t\t\t<\/div>\r\n\t\t[\/vc_column][vc_column width=\u00bb1\/5&#8243; tablet_sm_width=\u00bb1-2&#8243;]<div class=\"eut-element eut-box-icon eut-medium eut-top-icon eut-align-center eut-animated-item eut-fade-in-right-big eut-duration-normal\" style=\"\" data-delay=\"200\"><div class=\"eut-wrapper-icon eut-no-shape eut-text-grey\"><i class=\"eut-text-primary-1 smp-icon-envelope-open\"><\/i><\/div><div class=\"eut-box-content\"><div class=\"eut-box-title-wrapper\"><div class=\"eut-box-title eut-h5\">Email<\/div><\/div>  <p class=\"\">info@planinlux.lu<\/p><\/div><\/div>[\/vc_column][vc_column width=\u00bb1\/5&#8243; tablet_sm_width=\u00bb1-2&#8243;]<div class=\"eut-element eut-box-icon eut-medium eut-top-icon eut-align-center eut-animated-item eut-fade-in-right-big eut-duration-normal\" style=\"\" data-delay=\"200\"><div class=\"eut-wrapper-icon eut-no-shape eut-text-grey\"><i class=\"eut-text-primary-1 smp-icon-phone\"><\/i><\/div><div class=\"eut-box-content\"><div class=\"eut-box-title-wrapper\"><div class=\"eut-box-title eut-h5\">Tel\u00e9fono<\/div><\/div>  <p class=\"\">(+352) 661 556 691<br \/>\nWhatsapp Business<\/p><\/div><\/div>[\/vc_column][vc_column]<div class=\"eut-empty-space eut-height-2x\" style=\"\"><\/div>[\/vc_column][\/vc_row][vc_row][vc_column width=\u00bb3\/5&#8243; css=\u00bb.vc_custom_1692995209570{padding-top: 30px !important;padding-right: 30px !important;padding-bottom: 30px !important;padding-left: 30px !important;background-color: #f8f8f8 !important;}\u00bb]<div class=\"eut-element eut-title eut-align-center eut-h4\" style=\"\"><span>Contacto<\/span><\/div>[vc_column_text text_style=\u00bbsubtitle\u00bb]<\/p>\n<p style=\"text-align: center;\">Nuestro equipo te asesora sobre cualquier cuesti\u00f3n, cons\u00faltanos sin ning\u00fan compromiso<\/p>\n<p>[\/vc_column_text]<style id=\"wpforms-css-vars-7812\">\n\t\t\t\t#wpforms-7812 {\n\t\t\t\t--wpforms-field-border-color: #9ea3a3;\n--wpforms-field-border-color-spare: #9ea3a3;\n--wpforms-field-text-color: #181c1c;\n--wpforms-label-color: #181c1c;\n--wpforms-label-sublabel-color: #636c6c;\n--wpforms-label-error-color: #d63636;\n--wpforms-button-background-color: #348180;\n--wpforms-button-border-color: #348180;\n--wpforms-button-text-color: #ebf2f2;\n--wpforms-container-border-radius: 0px;\n--wpforms-page-break-color: #348180;\n--wpforms-field-size-input-height: 43px;\n--wpforms-field-size-input-spacing: 15px;\n--wpforms-field-size-font-size: 16px;\n--wpforms-field-size-line-height: 19px;\n--wpforms-field-size-padding-h: 14px;\n--wpforms-field-size-checkbox-size: 16px;\n--wpforms-field-size-sublabel-spacing: 5px;\n--wpforms-field-size-icon-size: 1;\n--wpforms-label-size-font-size: 16px;\n--wpforms-label-size-line-height: 19px;\n--wpforms-label-size-sublabel-font-size: 14px;\n--wpforms-label-size-sublabel-line-height: 17px;\n--wpforms-button-size-font-size: 17px;\n--wpforms-button-size-height: 41px;\n--wpforms-button-size-padding-h: 15px;\n--wpforms-button-size-margin-top: 10px;\n--wpforms-container-shadow-size-box-shadow: none;\n\t\t\t}\n\t\t\t<\/style><div class=\"wpforms-container wpforms-container-full wpforms-render-modern\" id=\"wpforms-7812\"><form id=\"wpforms-form-7812\" class=\"wpforms-validate wpforms-form wpforms-ajax-form\" data-formid=\"7812\" method=\"post\" enctype=\"multipart\/form-data\" action=\"\/es\/wp-json\/wp\/v2\/pages\/5617\" data-token=\"ab6283a38e2b0807210be2b6083c86a6\" data-token-time=\"1776489689\"><noscript class=\"wpforms-error-noscript\">Por favor, activa JavaScript en tu navegador para completar este formulario.<\/noscript><div id=\"wpforms-error-noscript\" style=\"display: none;\">Por favor, activa JavaScript en tu navegador para completar este formulario.<\/div><div class=\"wpforms-field-container\"><div id=\"wpforms-7812-field_0-container\" class=\"wpforms-field wpforms-field-name\" data-field-id=\"0\"><fieldset><legend class=\"wpforms-field-label\">Nombre y apellidos <span class=\"wpforms-required-label\" aria-hidden=\"true\">*<\/span><\/legend><div class=\"wpforms-field-row wpforms-field-large\"><div class=\"wpforms-field-row-block wpforms-first wpforms-one-half\"><input type=\"text\" id=\"wpforms-7812-field_0\" class=\"wpforms-field-name-first wpforms-field-required\" name=\"wpforms[fields][0][first]\" aria-errormessage=\"wpforms-7812-field_0-error\" required><label for=\"wpforms-7812-field_0\" class=\"wpforms-field-sublabel after\">Nombre<\/label><\/div><div class=\"wpforms-field-row-block wpforms-one-half\"><input type=\"text\" id=\"wpforms-7812-field_0-last\" class=\"wpforms-field-name-last wpforms-field-required\" name=\"wpforms[fields][0][last]\" aria-errormessage=\"wpforms-7812-field_0-last-error\" required><label for=\"wpforms-7812-field_0-last\" class=\"wpforms-field-sublabel after\">Apellido\/s<\/label><\/div><\/div><\/fieldset><\/div><div id=\"wpforms-7812-field_1-container\" class=\"wpforms-field wpforms-field-email\" data-field-id=\"1\"><fieldset><legend class=\"wpforms-field-label\">Email <span class=\"wpforms-required-label\" aria-hidden=\"true\">*<\/span><\/legend><div class=\"wpforms-field-row wpforms-field-large\"><div class=\"wpforms-field-row-block wpforms-one-half wpforms-first\"><input type=\"email\" id=\"wpforms-7812-field_1\" class=\"wpforms-field-required wpforms-field-email-primary\" data-rule-restricted-email=\"1\" name=\"wpforms[fields][1][primary]\" spellcheck=\"false\" aria-errormessage=\"wpforms-7812-field_1-error\" required><label for=\"wpforms-7812-field_1\" class=\"wpforms-field-sublabel after\">Correo electr\u00f3nico<\/label><\/div><div class=\"wpforms-field-row-block wpforms-one-half\"><input type=\"email\" id=\"wpforms-7812-field_1-secondary\" class=\"wpforms-field-email-secondary wpforms-field-required\" data-rule-confirm=\"#wpforms-7812-field_1\" name=\"wpforms[fields][1][secondary]\" spellcheck=\"false\" aria-errormessage=\"wpforms-7812-field_1-secondary-error\" required><label for=\"wpforms-7812-field_1-secondary\" class=\"wpforms-field-sublabel after\">Confirmar el correo electr\u00f3nico<\/label><\/div><\/div><\/fieldset><\/div><div id=\"wpforms-7812-field_7-container\" class=\"wpforms-field wpforms-field-text\" data-field-id=\"7\"><label class=\"wpforms-field-label\" for=\"wpforms-7812-field_7\">Tel\u00e9fono <span class=\"wpforms-required-label\" aria-hidden=\"true\">*<\/span><\/label><input type=\"text\" id=\"wpforms-7812-field_7\" class=\"wpforms-field-large wpforms-field-required\" name=\"wpforms[fields][7]\" aria-errormessage=\"wpforms-7812-field_7-error\" required><\/div><div id=\"wpforms-7812-field_5-container\" class=\"wpforms-field wpforms-field-text\" data-field-id=\"5\"><label class=\"wpforms-field-label\" for=\"wpforms-7812-field_5\">Asunto<\/label><input type=\"text\" id=\"wpforms-7812-field_5\" class=\"wpforms-field-large\" name=\"wpforms[fields][5]\" aria-errormessage=\"wpforms-7812-field_5-error\" ><\/div><div id=\"wpforms-7812-field_2-container\" class=\"wpforms-field wpforms-field-textarea\" data-field-id=\"2\"><label class=\"wpforms-field-label\" for=\"wpforms-7812-field_2\">Comentarios o mensaje <span class=\"wpforms-required-label\" aria-hidden=\"true\">*<\/span><\/label><textarea id=\"wpforms-7812-field_2\" class=\"wpforms-field-medium wpforms-field-required\" name=\"wpforms[fields][2]\" aria-errormessage=\"wpforms-7812-field_2-error\" required><\/textarea><\/div><div id=\"wpforms-7812-field_4-container\" class=\"wpforms-field wpforms-field-checkbox\" data-field-id=\"4\"><fieldset><legend class=\"wpforms-field-label wpforms-label-hide\" aria-hidden=\"false\"> <span class=\"wpforms-required-label\" aria-hidden=\"true\">*<\/span><\/legend><ul id=\"wpforms-7812-field_4\" class=\"wpforms-field-required\"><li class=\"choice-1 depth-1\"><input type=\"checkbox\" id=\"wpforms-7812-field_4_1\" name=\"wpforms[fields][4][]\" value=\"He le\u00eddo la pol\u00edtica de privacidad y acepto el tratamiento de los datos personales de acuerdo con la misma\" aria-errormessage=\"wpforms-7812-field_4_1-error\" required ><label class=\"wpforms-field-label-inline\" for=\"wpforms-7812-field_4_1\">He le\u00eddo la pol\u00edtica de privacidad y acepto el tratamiento de los datos personales de acuerdo con la misma<\/label><\/li><\/ul><\/fieldset><\/div><\/div><!-- .wpforms-field-container --><div class=\"wpforms-recaptcha-container wpforms-is-recaptcha wpforms-is-recaptcha-type-v3\" ><input type=\"hidden\" name=\"wpforms[recaptcha]\" value=\"\"><\/div><div class=\"wpforms-submit-container\" ><input type=\"hidden\" name=\"wpforms[id]\" value=\"7812\"><input type=\"hidden\" name=\"page_title\" value=\"\"><input type=\"hidden\" name=\"page_url\" value=\"https:\/\/planinlux.lu\/es\/wp-json\/wp\/v2\/pages\/5617\"><input type=\"hidden\" name=\"url_referer\" value=\"\"><button type=\"submit\" name=\"wpforms[submit]\" id=\"wpforms-submit-7812\" class=\"wpforms-submit\" data-alt-text=\"Enviando...\" data-submit-text=\"Enviar\" aria-live=\"assertive\" value=\"wpforms-submit\">Enviar<\/button><img loading=\"lazy\" decoding=\"async\" src=\"https:\/\/planinlux.lu\/wp-content\/plugins\/wpforms\/assets\/images\/submit-spin.svg\" class=\"wpforms-submit-spinner\" style=\"display: none;\" width=\"26\" height=\"26\" alt=\"Cargando\"><\/div><\/form><\/div>  <!-- .wpforms-container -->[\/vc_column][vc_column width=\u00bb2\/5&#8243;]<div class=\"eut-empty-space eut-height-1x\" style=\"\"><\/div>[\/vc_column][\/vc_row][vc_row][vc_column]<div class=\"eut-empty-space eut-height-2x\" style=\"\"><\/div>[\/vc_column][\/vc_row]<\/p>\n<\/div>","protected":false},"excerpt":{"rendered":"<p>Nuestro equipo te asesora sobre cualquier cuesti\u00f3n, cons\u00faltanos sin compromiso: info@planinlux.lu<\/p>\n","protected":false},"author":3,"featured_media":7865,"parent":0,"menu_order":0,"comment_status":"closed","ping_status":"closed","template":"","meta":{"footnotes":""},"class_list":["post-5617","page","type-page","status-publish","has-post-thumbnail","hentry"],"yoast_head":"<!-- This site is optimized with the Yoast SEO plugin v27.4 - https:\/\/yoast.com\/product\/yoast-seo-wordpress\/ -->\n<title>Contacto | Te ayudamos a alcanzar tus objetivos<\/title>\n<meta name=\"description\" content=\"Nuestro equipo te asesora sobre cualquier cuesti\u00f3n, cons\u00faltanos sin compromiso: info@planinlux.lu\" \/>\n<meta name=\"robots\" content=\"index, follow, max-snippet:-1, max-image-preview:large, max-video-preview:-1\" \/>\n<link rel=\"canonical\" href=\"https:\/\/planinlux.lu\/es\/contacte-con-nosotros\/\" \/>\n<meta property=\"og:locale\" content=\"es_ES\" \/>\n<meta property=\"og:type\" content=\"article\" \/>\n<meta property=\"og:title\" content=\"Contacto | PlaninLux | Soluciones Sostenibles\" \/>\n<meta property=\"og:description\" content=\"Cons\u00faltanos sin compromiso. Nuestro equipo te asesora sobre cualquier cuesti\u00f3n Contacto\" \/>\n<meta property=\"og:url\" content=\"https:\/\/planinlux.lu\/es\/contacte-con-nosotros\/\" \/>\n<meta property=\"og:site_name\" content=\"PlaninLux\" \/>\n<meta property=\"article:modified_time\" content=\"2026-02-02T21:21:13+00:00\" \/>\n<meta property=\"og:image\" content=\"https:\/\/planinlux.lu\/wp-content\/uploads\/2020\/10\/Planinlux-Sustainable-Consulting-TRANSPARENTE.png\" \/>\n<meta name=\"twitter:card\" content=\"summary_large_image\" \/>\n<meta name=\"twitter:title\" content=\"Contacto | PlaninLux | Soluciones Sostenibles\" \/>\n<meta name=\"twitter:description\" content=\"Cons\u00faltanos sin compromiso. Nuestro equipo te asesora sobre cualquier cuesti\u00f3n Contacto\" \/>\n<meta name=\"twitter:image\" content=\"https:\/\/planinlux.lu\/wp-content\/uploads\/2020\/10\/Planinlux-Sustainable-Consulting-TRANSPARENTE.png\" \/>\n<meta name=\"twitter:label1\" content=\"Tiempo de lectura\" \/>\n\t<meta name=\"twitter:data1\" content=\"2 minutos\" \/>\n<script type=\"application\/ld+json\" class=\"yoast-schema-graph\">{\"@context\":\"https:\\\/\\\/schema.org\",\"@graph\":[{\"@type\":\"WebPage\",\"@id\":\"https:\\\/\\\/planinlux.lu\\\/es\\\/contacte-con-nosotros\\\/\",\"url\":\"https:\\\/\\\/planinlux.lu\\\/es\\\/contacte-con-nosotros\\\/\",\"name\":\"Contacto | Te ayudamos a alcanzar tus objetivos\",\"isPartOf\":{\"@id\":\"https:\\\/\\\/planinlux.lu\\\/es\\\/#website\"},\"primaryImageOfPage\":{\"@id\":\"https:\\\/\\\/planinlux.lu\\\/es\\\/contacte-con-nosotros\\\/#primaryimage\"},\"image\":{\"@id\":\"https:\\\/\\\/planinlux.lu\\\/es\\\/contacte-con-nosotros\\\/#primaryimage\"},\"thumbnailUrl\":\"https:\\\/\\\/planinlux.lu\\\/wp-content\\\/uploads\\\/2023\\\/08\\\/il-vagabiondo-Y_kNtEogvsM-unsplash-scaled.jpg\",\"datePublished\":\"2016-12-10T10:21:40+00:00\",\"dateModified\":\"2026-02-02T21:21:13+00:00\",\"description\":\"Nuestro equipo te asesora sobre cualquier cuesti\u00f3n, cons\u00faltanos sin compromiso: info@planinlux.lu\",\"breadcrumb\":{\"@id\":\"https:\\\/\\\/planinlux.lu\\\/es\\\/contacte-con-nosotros\\\/#breadcrumb\"},\"inLanguage\":\"es\",\"potentialAction\":[{\"@type\":\"ReadAction\",\"target\":[\"https:\\\/\\\/planinlux.lu\\\/es\\\/contacte-con-nosotros\\\/\"]}]},{\"@type\":\"ImageObject\",\"inLanguage\":\"es\",\"@id\":\"https:\\\/\\\/planinlux.lu\\\/es\\\/contacte-con-nosotros\\\/#primaryimage\",\"url\":\"https:\\\/\\\/planinlux.lu\\\/wp-content\\\/uploads\\\/2023\\\/08\\\/il-vagabiondo-Y_kNtEogvsM-unsplash-scaled.jpg\",\"contentUrl\":\"https:\\\/\\\/planinlux.lu\\\/wp-content\\\/uploads\\\/2023\\\/08\\\/il-vagabiondo-Y_kNtEogvsM-unsplash-scaled.jpg\",\"width\":2560,\"height\":1707},{\"@type\":\"BreadcrumbList\",\"@id\":\"https:\\\/\\\/planinlux.lu\\\/es\\\/contacte-con-nosotros\\\/#breadcrumb\",\"itemListElement\":[{\"@type\":\"ListItem\",\"position\":1,\"name\":\"Home\",\"item\":\"https:\\\/\\\/planinlux.lu\\\/es\\\/home-2\\\/\"},{\"@type\":\"ListItem\",\"position\":2,\"name\":\"Contacto\"}]},{\"@type\":\"WebSite\",\"@id\":\"https:\\\/\\\/planinlux.lu\\\/es\\\/#website\",\"url\":\"https:\\\/\\\/planinlux.lu\\\/es\\\/\",\"name\":\"PlaninLux\",\"description\":\"Business Solutions\",\"publisher\":{\"@id\":\"https:\\\/\\\/planinlux.lu\\\/es\\\/#organization\"},\"potentialAction\":[{\"@type\":\"SearchAction\",\"target\":{\"@type\":\"EntryPoint\",\"urlTemplate\":\"https:\\\/\\\/planinlux.lu\\\/es\\\/?s={search_term_string}\"},\"query-input\":{\"@type\":\"PropertyValueSpecification\",\"valueRequired\":true,\"valueName\":\"search_term_string\"}}],\"inLanguage\":\"es\"},{\"@type\":\"Organization\",\"@id\":\"https:\\\/\\\/planinlux.lu\\\/es\\\/#organization\",\"name\":\"PlaninLux\",\"url\":\"https:\\\/\\\/planinlux.lu\\\/es\\\/\",\"logo\":{\"@type\":\"ImageObject\",\"inLanguage\":\"es\",\"@id\":\"https:\\\/\\\/planinlux.lu\\\/es\\\/#\\\/schema\\\/logo\\\/image\\\/\",\"url\":\"\",\"contentUrl\":\"\",\"caption\":\"PlaninLux\"},\"image\":{\"@id\":\"https:\\\/\\\/planinlux.lu\\\/es\\\/#\\\/schema\\\/logo\\\/image\\\/\"},\"sameAs\":[\"https:\\\/\\\/www.linkedin.com\\\/company\\\/planinlux\\\/\"]}]}<\/script>\n<!-- \/ Yoast SEO plugin. -->","yoast_head_json":{"title":"Contacto | Te ayudamos a alcanzar tus objetivos","description":"Nuestro equipo te asesora sobre cualquier cuesti\u00f3n, cons\u00faltanos sin compromiso: info@planinlux.lu","robots":{"index":"index","follow":"follow","max-snippet":"max-snippet:-1","max-image-preview":"max-image-preview:large","max-video-preview":"max-video-preview:-1"},"canonical":"https:\/\/planinlux.lu\/es\/contacte-con-nosotros\/","og_locale":"es_ES","og_type":"article","og_title":"Contacto | PlaninLux | Soluciones Sostenibles","og_description":"Cons\u00faltanos sin compromiso. Nuestro equipo te asesora sobre cualquier cuesti\u00f3n Contacto","og_url":"https:\/\/planinlux.lu\/es\/contacte-con-nosotros\/","og_site_name":"PlaninLux","article_modified_time":"2026-02-02T21:21:13+00:00","og_image":[{"url":"https:\/\/planinlux.lu\/wp-content\/uploads\/2020\/10\/Planinlux-Sustainable-Consulting-TRANSPARENTE.png","type":"","width":"","height":""}],"twitter_card":"summary_large_image","twitter_title":"Contacto | PlaninLux | Soluciones Sostenibles","twitter_description":"Cons\u00faltanos sin compromiso. Nuestro equipo te asesora sobre cualquier cuesti\u00f3n Contacto","twitter_image":"https:\/\/planinlux.lu\/wp-content\/uploads\/2020\/10\/Planinlux-Sustainable-Consulting-TRANSPARENTE.png","twitter_misc":{"Tiempo de lectura":"2 minutos"},"schema":{"@context":"https:\/\/schema.org","@graph":[{"@type":"WebPage","@id":"https:\/\/planinlux.lu\/es\/contacte-con-nosotros\/","url":"https:\/\/planinlux.lu\/es\/contacte-con-nosotros\/","name":"Contacto | Te ayudamos a alcanzar tus objetivos","isPartOf":{"@id":"https:\/\/planinlux.lu\/es\/#website"},"primaryImageOfPage":{"@id":"https:\/\/planinlux.lu\/es\/contacte-con-nosotros\/#primaryimage"},"image":{"@id":"https:\/\/planinlux.lu\/es\/contacte-con-nosotros\/#primaryimage"},"thumbnailUrl":"https:\/\/planinlux.lu\/wp-content\/uploads\/2023\/08\/il-vagabiondo-Y_kNtEogvsM-unsplash-scaled.jpg","datePublished":"2016-12-10T10:21:40+00:00","dateModified":"2026-02-02T21:21:13+00:00","description":"Nuestro equipo te asesora sobre cualquier cuesti\u00f3n, cons\u00faltanos sin compromiso: info@planinlux.lu","breadcrumb":{"@id":"https:\/\/planinlux.lu\/es\/contacte-con-nosotros\/#breadcrumb"},"inLanguage":"es","potentialAction":[{"@type":"ReadAction","target":["https:\/\/planinlux.lu\/es\/contacte-con-nosotros\/"]}]},{"@type":"ImageObject","inLanguage":"es","@id":"https:\/\/planinlux.lu\/es\/contacte-con-nosotros\/#primaryimage","url":"https:\/\/planinlux.lu\/wp-content\/uploads\/2023\/08\/il-vagabiondo-Y_kNtEogvsM-unsplash-scaled.jpg","contentUrl":"https:\/\/planinlux.lu\/wp-content\/uploads\/2023\/08\/il-vagabiondo-Y_kNtEogvsM-unsplash-scaled.jpg","width":2560,"height":1707},{"@type":"BreadcrumbList","@id":"https:\/\/planinlux.lu\/es\/contacte-con-nosotros\/#breadcrumb","itemListElement":[{"@type":"ListItem","position":1,"name":"Home","item":"https:\/\/planinlux.lu\/es\/home-2\/"},{"@type":"ListItem","position":2,"name":"Contacto"}]},{"@type":"WebSite","@id":"https:\/\/planinlux.lu\/es\/#website","url":"https:\/\/planinlux.lu\/es\/","name":"PlaninLux","description":"Business Solutions","publisher":{"@id":"https:\/\/planinlux.lu\/es\/#organization"},"potentialAction":[{"@type":"SearchAction","target":{"@type":"EntryPoint","urlTemplate":"https:\/\/planinlux.lu\/es\/?s={search_term_string}"},"query-input":{"@type":"PropertyValueSpecification","valueRequired":true,"valueName":"search_term_string"}}],"inLanguage":"es"},{"@type":"Organization","@id":"https:\/\/planinlux.lu\/es\/#organization","name":"PlaninLux","url":"https:\/\/planinlux.lu\/es\/","logo":{"@type":"ImageObject","inLanguage":"es","@id":"https:\/\/planinlux.lu\/es\/#\/schema\/logo\/image\/","url":"","contentUrl":"","caption":"PlaninLux"},"image":{"@id":"https:\/\/planinlux.lu\/es\/#\/schema\/logo\/image\/"},"sameAs":["https:\/\/www.linkedin.com\/company\/planinlux\/"]}]}},"_links":{"self":[{"href":"https:\/\/planinlux.lu\/es\/wp-json\/wp\/v2\/pages\/5617","targetHints":{"allow":["GET"]}}],"collection":[{"href":"https:\/\/planinlux.lu\/es\/wp-json\/wp\/v2\/pages"}],"about":[{"href":"https:\/\/planinlux.lu\/es\/wp-json\/wp\/v2\/types\/page"}],"author":[{"embeddable":true,"href":"https:\/\/planinlux.lu\/es\/wp-json\/wp\/v2\/users\/3"}],"replies":[{"embeddable":true,"href":"https:\/\/planinlux.lu\/es\/wp-json\/wp\/v2\/comments?post=5617"}],"version-history":[{"count":68,"href":"https:\/\/planinlux.lu\/es\/wp-json\/wp\/v2\/pages\/5617\/revisions"}],"predecessor-version":[{"id":10194,"href":"https:\/\/planinlux.lu\/es\/wp-json\/wp\/v2\/pages\/5617\/revisions\/10194"}],"wp:featuredmedia":[{"embeddable":true,"href":"https:\/\/planinlux.lu\/es\/wp-json\/wp\/v2\/media\/7865"}],"wp:attachment":[{"href":"https:\/\/planinlux.lu\/es\/wp-json\/wp\/v2\/media?parent=5617"}],"curies":[{"name":"wp","href":"https:\/\/api.w.org\/{rel}","templated":true}]}}